{"id":17104,"date":"2026-03-02T13:29:02","date_gmt":"2026-03-02T13:29:02","guid":{"rendered":"https:\/\/mapospheres.eu\/product\/poster-of-montreal-quebec\/"},"modified":"2026-03-06T10:36:18","modified_gmt":"2026-03-06T10:36:18","slug":"poster-of-montreal-quebec","status":"publish","type":"product","link":"https:\/\/mapospheres.eu\/es\/product\/poster-de-montreal-quebec-canada\/","title":{"rendered":"Poster de Montreal | Quebec, Canad\u00e1"},"content":{"rendered":"<p><strong>Poster City map de Montreal, Canad\u00e1: esta ciudad es una isla que no act\u00faa como tal \u2014 bulle, construye y vibra como la prima m\u00e1s animada del continente \u2014 mitad europea, mitad norteamericana, y completamente ella misma. <\/strong><\/p>\n<p>Este mapa de la ciudad captura la curiosa mezcla de geograf\u00eda y esp\u00edritu de Montreal, mostrando c\u00f3mo la propia tierra dio forma a un lugar donde la poutine es un pasatiempo y el franc\u00e9s se habla con un encogimiento de hombros y una sonrisa. En el coraz\u00f3n de la isla se alza el Monte Real, la monta\u00f1a que dio nombre a la ciudad. No es muy alta, pero tiene encanto \u2014 y una tendencia a aparecer en casi todas las fotos del horizonte. El mapa la muestra claramente, rodeada de calles serpenteantes y un denso parque, como si alguien hubiera derramado un bosque en medio de la ciudad y nunca lo hubiera recogido. Aqu\u00ed es donde los montrealenses corren, esqu\u00edan y, a veces, se besan bajo los \u00e1rboles, seg\u00fan la temporada o la suerte.<\/p>\n<p>La isla, acunada por el r\u00edo San Lorenzo, se extiende larga y ancha, moldeada m\u00e1s por las corrientes que por la raz\u00f3n. El r\u00edo se curva y se estrecha en algunos puntos, como si se detuviera a contemplar las fachadas de piedra y las calles antiguas del Viejo Montreal. Esa parte de la ciudad es un tapiz de historia, donde las torres de las iglesias se elevan entre bloques modernos y todav\u00eda se pueden escuchar ecos de los comerciantes de pieles \u2014 si se presta atenci\u00f3n, o tal vez solo leyendo las placas.<\/p>\n<p>El mapa tambi\u00e9n traza las venas verdes de Montreal \u2014 parques, jardines y caminos junto al r\u00edo que atraviesan la expansi\u00f3n urbana. El parque La Fontaine se abre como un gesto frondoso, mientras que Jean-Drapeau se encuentra en su peque\u00f1a isla, hogar de la Expo 67 y hoy de festivales de fin de semana, el ruido de la F\u00f3rmula 1 y patos curiosos.<\/p>\n<p>Desde arriba, se pueden seguir los antiguos barrios, cada uno con su propio pulso y patr\u00f3n de calles: algunas rectas y serias, otras torcidas como si hubieran sido dibujadas por un poeta distra\u00eddo. Los puentes \u2014anchos, arqueados y siempre concurridos\u2014 unen la isla con el continente, como si la ciudad necesitara recordarse a s\u00ed misma que no flotaba completamente libre.<\/p>\n","protected":false},"excerpt":{"rendered":"<p>Consigue un City Map (mapa mural de ciudad) impreso de Montreal, Quebec, Canad\u00e1. \u00a1Elige el tama\u00f1o, el color y el dise\u00f1o de tu mapa a continuaci\u00f3n!<\/p>\n","protected":false},"featured_media":18392,"template":"","meta":{"_uag_custom_page_level_css":"","_monsterinsights_skip_tracking":false,"_monsterinsights_sitenote_active":false,"_monsterinsights_sitenote_note":"","_monsterinsights_sitenote_category":0,"site-sidebar-layout":"default","site-content-layout":"","ast-site-content-layout":"default","site-content-style":"default","site-sidebar-style":"default","ast-global-header-display":"","ast-banner-title-visibility":"","ast-main-header-display":"","ast-hfb-above-header-display":"","ast-hfb-below-header-display":"","ast-hfb-mobile-header-display":"","site-post-title":"","ast-breadcrumbs-content":"","ast-featured-img":"","footer-sml-layout":"","ast-disable-related-posts":"","theme-transparent-header-meta":"default","adv-header-id-meta":"","stick-header-meta":"","header-above-stick-meta":"","header-main-stick-meta":"","header-below-stick-meta":"","astra-migrate-meta-layouts":"set","ast-page-background-enabled":"default","ast-page-background-meta":{"desktop":{"background-color":"","background-image":"","background-repeat":"repeat","background-position":"center center","background-size":"auto","background-attachment":"scroll","background-type":"","background-media":"","overlay-type":"","overlay-color":"","overlay-opacity":"","overlay-gradient":""},"tablet":{"background-color":"","background-image":"","background-repeat":"repeat","background-position":"center center","background-size":"auto","background-attachment":"scroll","background-type":"","background-media":"","overlay-type":"","overlay-color":"","overlay-opacity":"","overlay-gradient":""},"mobile":{"background-color":"","background-image":"","background-repeat":"repeat","background-position":"center center","background-size":"auto","background-attachment":"scroll","background-type":"","background-media":"","overlay-type":"","overlay-color":"","overlay-opacity":"","overlay-gradient":""}},"ast-content-background-meta":{"desktop":{"background-color":"var(--ast-global-color-5)","background-image":"","background-repeat":"repeat","background-position":"center center","background-size":"auto","background-attachment":"scroll","background-type":"","background-media":"","overlay-type":"","overlay-color":"","overlay-opacity":"","overlay-gradient":""},"tablet":{"background-color":"var(--ast-global-color-5)","background-image":"","background-repeat":"repeat","background-position":"center center","background-size":"auto","background-attachment":"scroll","background-type":"","background-media":"","overlay-type":"","overlay-color":"","overlay-opacity":"","overlay-gradient":""},"mobile":{"background-color":"var(--ast-global-color-5)","background-image":"","background-repeat":"repeat","background-position":"center center","background-size":"auto","background-attachment":"scroll","background-type":"","background-media":"","overlay-type":"","overlay-color":"","overlay-opacity":"","overlay-gradient":""}}},"product_brand":[],"product_cat":[18,464],"product_tag":[34,35,36,374,39,40,768,323,766],"class_list":{"0":"post-17104","1":"product","2":"type-product","3":"status-publish","4":"has-post-thumbnail","6":"product_cat-city-maps","7":"product_cat-featured_fr","8":"product_tag-30x40","9":"product_tag-40x50","10":"product_tag-50x70","11":"product_tag-canada","12":"product_tag-canvas","13":"product_tag-city-map","14":"product_tag-montreal","15":"product_tag-north-america","16":"product_tag-quebec","17":"desktop-align-left","18":"tablet-align-left","19":"mobile-align-left","21":"first","22":"instock","23":"shipping-taxable","24":"purchasable","25":"product-type-variable"},"aioseo_notices":[],"uagb_featured_image_src":{"full":["https:\/\/mapospheres.eu\/wp-content\/uploads\/2026\/03\/CANVAS_NIGHTROUND_MONTREAL.jpg",1000,1000,false],"thumbnail":["https:\/\/mapospheres.eu\/wp-content\/uploads\/2026\/03\/CANVAS_NIGHTROUND_MONTREAL-150x150.jpg",150,150,true],"medium":["https:\/\/mapospheres.eu\/wp-content\/uploads\/2026\/03\/CANVAS_NIGHTROUND_MONTREAL-300x300.jpg",300,300,true],"medium_large":["https:\/\/mapospheres.eu\/wp-content\/uploads\/2026\/03\/CANVAS_NIGHTROUND_MONTREAL-768x768.jpg",768,768,true],"large":["https:\/\/mapospheres.eu\/wp-content\/uploads\/2026\/03\/CANVAS_NIGHTROUND_MONTREAL.jpg",1000,1000,false],"1536x1536":["https:\/\/mapospheres.eu\/wp-content\/uploads\/2026\/03\/CANVAS_NIGHTROUND_MONTREAL.jpg",1000,1000,false],"2048x2048":["https:\/\/mapospheres.eu\/wp-content\/uploads\/2026\/03\/CANVAS_NIGHTROUND_MONTREAL.jpg",1000,1000,false],"woocommerce_thumbnail":["https:\/\/mapospheres.eu\/wp-content\/uploads\/2026\/03\/CANVAS_NIGHTROUND_MONTREAL-300x300.jpg",300,300,true],"woocommerce_single":["https:\/\/mapospheres.eu\/wp-content\/uploads\/2026\/03\/CANVAS_NIGHTROUND_MONTREAL-600x600.jpg",600,600,true],"woocommerce_gallery_thumbnail":["https:\/\/mapospheres.eu\/wp-content\/uploads\/2026\/03\/CANVAS_NIGHTROUND_MONTREAL-100x100.jpg",100,100,true]},"uagb_author_info":{"display_name":"sgainot04@gmail.com","author_link":"https:\/\/mapospheres.eu\/es\/author\/"},"uagb_comment_info":0,"uagb_excerpt":"Consigue un City Map (mapa mural de ciudad) impreso de Montreal, Quebec, Canad\u00e1. \u00a1Elige el tama\u00f1o, el color y el dise\u00f1o de tu mapa a continuaci\u00f3n!","_links":{"self":[{"href":"https:\/\/mapospheres.eu\/es\/wp-json\/wp\/v2\/product\/17104","targetHints":{"allow":["GET"]}}],"collection":[{"href":"https:\/\/mapospheres.eu\/es\/wp-json\/wp\/v2\/product"}],"about":[{"href":"https:\/\/mapospheres.eu\/es\/wp-json\/wp\/v2\/types\/product"}],"wp:featuredmedia":[{"embeddable":true,"href":"https:\/\/mapospheres.eu\/es\/wp-json\/wp\/v2\/media\/18392"}],"wp:attachment":[{"href":"https:\/\/mapospheres.eu\/es\/wp-json\/wp\/v2\/media?parent=17104"}],"wp:term":[{"taxonomy":"product_brand","embeddable":true,"href":"https:\/\/mapospheres.eu\/es\/wp-json\/wp\/v2\/product_brand?post=17104"},{"taxonomy":"product_cat","embeddable":true,"href":"https:\/\/mapospheres.eu\/es\/wp-json\/wp\/v2\/product_cat?post=17104"},{"taxonomy":"product_tag","embeddable":true,"href":"https:\/\/mapospheres.eu\/es\/wp-json\/wp\/v2\/product_tag?post=17104"}],"curies":[{"name":"wp","href":"https:\/\/api.w.org\/{rel}","templated":true}]}}