{"id":17105,"date":"2026-03-02T13:29:06","date_gmt":"2026-03-02T13:29:06","guid":{"rendered":"https:\/\/mapospheres.eu\/product\/poster-of-quebec-city-quebec\/"},"modified":"2026-03-06T10:36:34","modified_gmt":"2026-03-06T10:36:34","slug":"poster-of-quebec-city-quebec","status":"publish","type":"product","link":"https:\/\/mapospheres.eu\/es\/product\/poster-de-ciudad-de-quebec-canada\/","title":{"rendered":"Poster de Ciudad de Quebec | Canad\u00e1"},"content":{"rendered":"<p><strong>Poster City map de Ciudad de Quebec, Canad\u00e1: Este mapa hace m\u00e1s que trazar calles y pendientes. Te sumerge en el car\u00e1cter \u00fanico de la ciudad \u2014 sus empinadas escaleras, paseos junto al r\u00edo y vistas desde lo alto de las colinas. Es geograf\u00eda hecha poes\u00eda, con la topograf\u00eda justa para mantenerla con los pies en la tierra.<\/strong><\/p>\n<p>Este mapa de pared captura esa esencia, mezclando el dram\u00e1tico terreno de la ciudad con una elegante tranquilidad que merece estar en cualquier pared con buen gusto y un poco de esp\u00edritu viajero. Aqu\u00ed, el poderoso r\u00edo San Lorenzo se desliza como un alma antigua, constante y ancho, bordeando el l\u00edmite sur de la ciudad. Los acantilados de Cap Diamant se elevan audazmente sobre el agua, como tallados por alguien que quer\u00eda asegurarse de que la ciudad nunca pasara desapercibida \u2014 literalmente. En la cima de este promontorio se encuentra el Ch\u00e2teau Frontenac, ese hotel de cuento de hadas, dominando la ciudad vieja como un monarca benevolente en cobre y piedra.<\/p>\n<p>Sigue las l\u00edneas hacia el interior, y ver\u00e1s c\u00f3mo la ciudad se despliega sobre sus crestas y valles naturales. Los espacios verdes salpican el mapa como suspiros estrat\u00e9gicamente colocados \u2014 est\u00e1n las hist\u00f3ricas llanuras de Abraham, anta\u00f1o campo de batalla, ahora un gran parque donde los locales hacen picnics y pasean con raquetas de nieve como si los imperios nunca hubieran peleado all\u00ed. Encontrar\u00e1s el ondulante Bois-de-Coulonge, elegante y un poco secreto, y la extensa planicie del Parc Victoria, que insiste en ser \u00fatil y abierta al mismo tiempo.<\/p>\n<p>La ciudad vieja en s\u00ed es un encaje de calles estrechas que parecen enrollarse como humo, rodeadas de muros de piedra m\u00e1s antiguos que la mayor\u00eda de los pa\u00edses. Y s\u00ed, a\u00fan se mantienen, no por terquedad, sino tal vez porque nadie se atrevi\u00f3 a decirles lo contrario. Cu\u00e9lgalo en tu pared, y no solo ver\u00e1s Quebec \u2014 casi podr\u00e1s escuchar los cascos de los caballos sobre los adoquines y oler el lejano aroma a arce y nieve.<\/p>\n","protected":false},"excerpt":{"rendered":"<p>Consigue un City Map (mapa mural de ciudad) impreso de Ciudad de Quebec, Canad\u00e1. \u00a1Elige el tama\u00f1o, el color y el dise\u00f1o de tu mapa a continuaci\u00f3n!<\/p>\n","protected":false},"featured_media":18379,"template":"","meta":{"_uag_custom_page_level_css":"","_monsterinsights_skip_tracking":false,"_monsterinsights_sitenote_active":false,"_monsterinsights_sitenote_note":"","_monsterinsights_sitenote_category":0,"site-sidebar-layout":"default","site-content-layout":"","ast-site-content-layout":"default","site-content-style":"default","site-sidebar-style":"default","ast-global-header-display":"","ast-banner-title-visibility":"","ast-main-header-display":"","ast-hfb-above-header-display":"","ast-hfb-below-header-display":"","ast-hfb-mobile-header-display":"","site-post-title":"","ast-breadcrumbs-content":"","ast-featured-img":"","footer-sml-layout":"","ast-disable-related-posts":"","theme-transparent-header-meta":"default","adv-header-id-meta":"","stick-header-meta":"","header-above-stick-meta":"","header-main-stick-meta":"","header-below-stick-meta":"","astra-migrate-meta-layouts":"set","ast-page-background-enabled":"default","ast-page-background-meta":{"desktop":{"background-color":"","background-image":"","background-repeat":"repeat","background-position":"center center","background-size":"auto","background-attachment":"scroll","background-type":"","background-media":"","overlay-type":"","overlay-color":"","overlay-opacity":"","overlay-gradient":""},"tablet":{"background-color":"","background-image":"","background-repeat":"repeat","background-position":"center center","background-size":"auto","background-attachment":"scroll","background-type":"","background-media":"","overlay-type":"","overlay-color":"","overlay-opacity":"","overlay-gradient":""},"mobile":{"background-color":"","background-image":"","background-repeat":"repeat","background-position":"center center","background-size":"auto","background-attachment":"scroll","background-type":"","background-media":"","overlay-type":"","overlay-color":"","overlay-opacity":"","overlay-gradient":""}},"ast-content-background-meta":{"desktop":{"background-color":"var(--ast-global-color-5)","background-image":"","background-repeat":"repeat","background-position":"center center","background-size":"auto","background-attachment":"scroll","background-type":"","background-media":"","overlay-type":"","overlay-color":"","overlay-opacity":"","overlay-gradient":""},"tablet":{"background-color":"var(--ast-global-color-5)","background-image":"","background-repeat":"repeat","background-position":"center center","background-size":"auto","background-attachment":"scroll","background-type":"","background-media":"","overlay-type":"","overlay-color":"","overlay-opacity":"","overlay-gradient":""},"mobile":{"background-color":"var(--ast-global-color-5)","background-image":"","background-repeat":"repeat","background-position":"center center","background-size":"auto","background-attachment":"scroll","background-type":"","background-media":"","overlay-type":"","overlay-color":"","overlay-opacity":"","overlay-gradient":""}}},"product_brand":[],"product_cat":[18,464],"product_tag":[34,35,36,374,39,40,323,766,767],"class_list":{"0":"post-17105","1":"product","2":"type-product","3":"status-publish","4":"has-post-thumbnail","6":"product_cat-city-maps","7":"product_cat-featured_fr","8":"product_tag-30x40","9":"product_tag-40x50","10":"product_tag-50x70","11":"product_tag-canada","12":"product_tag-canvas","13":"product_tag-city-map","14":"product_tag-north-america","15":"product_tag-quebec","16":"product_tag-quebec-city","17":"desktop-align-left","18":"tablet-align-left","19":"mobile-align-left","21":"first","22":"instock","23":"shipping-taxable","24":"purchasable","25":"product-type-variable"},"aioseo_notices":[],"uagb_featured_image_src":{"full":["https:\/\/mapospheres.eu\/wp-content\/uploads\/2026\/03\/CANVAS_16_BW_2ND_QUEBEC.jpg",1000,1000,false],"thumbnail":["https:\/\/mapospheres.eu\/wp-content\/uploads\/2026\/03\/CANVAS_16_BW_2ND_QUEBEC-150x150.jpg",150,150,true],"medium":["https:\/\/mapospheres.eu\/wp-content\/uploads\/2026\/03\/CANVAS_16_BW_2ND_QUEBEC-300x300.jpg",300,300,true],"medium_large":["https:\/\/mapospheres.eu\/wp-content\/uploads\/2026\/03\/CANVAS_16_BW_2ND_QUEBEC-768x768.jpg",768,768,true],"large":["https:\/\/mapospheres.eu\/wp-content\/uploads\/2026\/03\/CANVAS_16_BW_2ND_QUEBEC.jpg",1000,1000,false],"1536x1536":["https:\/\/mapospheres.eu\/wp-content\/uploads\/2026\/03\/CANVAS_16_BW_2ND_QUEBEC.jpg",1000,1000,false],"2048x2048":["https:\/\/mapospheres.eu\/wp-content\/uploads\/2026\/03\/CANVAS_16_BW_2ND_QUEBEC.jpg",1000,1000,false],"woocommerce_thumbnail":["https:\/\/mapospheres.eu\/wp-content\/uploads\/2026\/03\/CANVAS_16_BW_2ND_QUEBEC-300x300.jpg",300,300,true],"woocommerce_single":["https:\/\/mapospheres.eu\/wp-content\/uploads\/2026\/03\/CANVAS_16_BW_2ND_QUEBEC-600x600.jpg",600,600,true],"woocommerce_gallery_thumbnail":["https:\/\/mapospheres.eu\/wp-content\/uploads\/2026\/03\/CANVAS_16_BW_2ND_QUEBEC-100x100.jpg",100,100,true]},"uagb_author_info":{"display_name":"sgainot04@gmail.com","author_link":"https:\/\/mapospheres.eu\/es\/author\/"},"uagb_comment_info":0,"uagb_excerpt":"Consigue un City Map (mapa mural de ciudad) impreso de Ciudad de Quebec, Canad\u00e1. \u00a1Elige el tama\u00f1o, el color y el dise\u00f1o de tu mapa a continuaci\u00f3n!","_links":{"self":[{"href":"https:\/\/mapospheres.eu\/es\/wp-json\/wp\/v2\/product\/17105","targetHints":{"allow":["GET"]}}],"collection":[{"href":"https:\/\/mapospheres.eu\/es\/wp-json\/wp\/v2\/product"}],"about":[{"href":"https:\/\/mapospheres.eu\/es\/wp-json\/wp\/v2\/types\/product"}],"wp:featuredmedia":[{"embeddable":true,"href":"https:\/\/mapospheres.eu\/es\/wp-json\/wp\/v2\/media\/18379"}],"wp:attachment":[{"href":"https:\/\/mapospheres.eu\/es\/wp-json\/wp\/v2\/media?parent=17105"}],"wp:term":[{"taxonomy":"product_brand","embeddable":true,"href":"https:\/\/mapospheres.eu\/es\/wp-json\/wp\/v2\/product_brand?post=17105"},{"taxonomy":"product_cat","embeddable":true,"href":"https:\/\/mapospheres.eu\/es\/wp-json\/wp\/v2\/product_cat?post=17105"},{"taxonomy":"product_tag","embeddable":true,"href":"https:\/\/mapospheres.eu\/es\/wp-json\/wp\/v2\/product_tag?post=17105"}],"curies":[{"name":"wp","href":"https:\/\/api.w.org\/{rel}","templated":true}]}}