{"id":17106,"date":"2026-03-02T13:29:10","date_gmt":"2026-03-02T13:29:10","guid":{"rendered":"https:\/\/mapospheres.eu\/product\/poster-of-barcelona-spain\/"},"modified":"2026-03-06T10:36:04","modified_gmt":"2026-03-06T10:36:04","slug":"poster-of-barcelona-spain","status":"publish","type":"product","link":"https:\/\/mapospheres.eu\/es\/product\/poster-de-barcelona-espana\/","title":{"rendered":"Poster de Barcelona | Espa\u00f1a"},"content":{"rendered":"<p><strong>Poster City map de Barcelona, Espa\u00f1a: Situada entre el mar y las colinas, Barcelona se extiende como un lienzo pintado tanto por la naturaleza como por arquitectos muy ambiciosos.<\/strong><\/p>\n<p>Este mapa de la ciudad captura ese equilibrio con tranquila precisi\u00f3n \u2014 la barrida azul del Mediterr\u00e1neo abrazando el borde de la ciudad, y los hombros verdes de Montju\u00efc y Tibidabo elev\u00e1ndose suavemente detr\u00e1s, como si la propia tierra se inclinara para obtener una mejor vista. Desde arriba, la famosa cuadr\u00edcula de la ciudad en el distrito del Eixample parece obra de alguien con regla, comp\u00e1s y un toque de obsesi\u00f3n. Cada manzana est\u00e1 tallada con esquinas achaflanadas \u2014 cortadas cuidadosamente, no solo para el tr\u00e1fico, sino para la luz del sol y la elegancia. Y justo en el medio de este rompecabezas geom\u00e9trico, la Sagrada Familia asciende hacia el cielo como una catedral que olvid\u00f3 detenerse. Incluso en un mapa plano, parece vibrar con historias incompletas.<\/p>\n<p>Los espacios verdes fragmentan la ciudad como pausas en una larga conversaci\u00f3n. El Parque G\u00fcell se enrosca en una ladera, lleno de mosaicos, lagartijas y la sensaci\u00f3n de que tal vez Gaud\u00ed solo intentaba hacer que la naturaleza se pusiera celosa. Tambi\u00e9n est\u00e1 el largo tramo del Parque de la Ciutadella, con sus fuentes, museos y el ocasional m\u00fasico fingiendo no importar qui\u00e9n lo escucha. Incluso las avenidas arboladas parecen respirar.<\/p>\n<p>La costa dibuja una l\u00ednea suave y constante, con playas que comienzan donde termina la ciudad. Desde los animados paseos de la Barceloneta hasta las arenas m\u00e1s tranquilas al norte, el borde del mapa invita la mirada hacia el mar abierto, como siempre lo ha hecho para marineros, comerciantes y so\u00f1adores. Este mapa de Barcelona no solo marca calles y pendientes \u2014 dibuja una ciudad construida para ser vista y sentida. Cu\u00e9lgalo en tu pared, y podr\u00edas empezar a planear una siesta, un paseo o una revoluci\u00f3n \u2014 tal como han hecho los locales durante siglos.<\/p>\n","protected":false},"excerpt":{"rendered":"<p>Consigue un City Map (mapa mural de ciudad) impreso de Barcelona, Espa\u00f1a. \u00a1Elige el tama\u00f1o, el color y el dise\u00f1o de tu mapa a continuaci\u00f3n!<\/p>\n","protected":false},"featured_media":18367,"template":"","meta":{"_uag_custom_page_level_css":"","_monsterinsights_skip_tracking":false,"_monsterinsights_sitenote_active":false,"_monsterinsights_sitenote_note":"","_monsterinsights_sitenote_category":0,"site-sidebar-layout":"default","site-content-layout":"","ast-site-content-layout":"default","site-content-style":"default","site-sidebar-style":"default","ast-global-header-display":"","ast-banner-title-visibility":"","ast-main-header-display":"","ast-hfb-above-header-display":"","ast-hfb-below-header-display":"","ast-hfb-mobile-header-display":"","site-post-title":"","ast-breadcrumbs-content":"","ast-featured-img":"","footer-sml-layout":"","ast-disable-related-posts":"","theme-transparent-header-meta":"default","adv-header-id-meta":"","stick-header-meta":"","header-above-stick-meta":"","header-main-stick-meta":"","header-below-stick-meta":"","astra-migrate-meta-layouts":"set","ast-page-background-enabled":"default","ast-page-background-meta":{"desktop":{"background-color":"","background-image":"","background-repeat":"repeat","background-position":"center center","background-size":"auto","background-attachment":"scroll","background-type":"","background-media":"","overlay-type":"","overlay-color":"","overlay-opacity":"","overlay-gradient":""},"tablet":{"background-color":"","background-image":"","background-repeat":"repeat","background-position":"center center","background-size":"auto","background-attachment":"scroll","background-type":"","background-media":"","overlay-type":"","overlay-color":"","overlay-opacity":"","overlay-gradient":""},"mobile":{"background-color":"","background-image":"","background-repeat":"repeat","background-position":"center center","background-size":"auto","background-attachment":"scroll","background-type":"","background-media":"","overlay-type":"","overlay-color":"","overlay-opacity":"","overlay-gradient":""}},"ast-content-background-meta":{"desktop":{"background-color":"var(--ast-global-color-5)","background-image":"","background-repeat":"repeat","background-position":"center center","background-size":"auto","background-attachment":"scroll","background-type":"","background-media":"","overlay-type":"","overlay-color":"","overlay-opacity":"","overlay-gradient":""},"tablet":{"background-color":"var(--ast-global-color-5)","background-image":"","background-repeat":"repeat","background-position":"center center","background-size":"auto","background-attachment":"scroll","background-type":"","background-media":"","overlay-type":"","overlay-color":"","overlay-opacity":"","overlay-gradient":""},"mobile":{"background-color":"var(--ast-global-color-5)","background-image":"","background-repeat":"repeat","background-position":"center center","background-size":"auto","background-attachment":"scroll","background-type":"","background-media":"","overlay-type":"","overlay-color":"","overlay-opacity":"","overlay-gradient":""}}},"product_brand":[],"product_cat":[18,464,465],"product_tag":[34,35,36,37,763,39,764,765,40,318,319,93,99],"class_list":{"0":"post-17106","1":"product","2":"type-product","3":"status-publish","4":"has-post-thumbnail","6":"product_cat-city-maps","7":"product_cat-featured_fr","8":"product_cat-featured_esp","9":"product_tag-30x40","10":"product_tag-40x50","11":"product_tag-50x70","12":"product_tag-70x100","13":"product_tag-barcelona","14":"product_tag-canvas","15":"product_tag-catalonia","16":"product_tag-catalunya","17":"product_tag-city-map","18":"product_tag-espagne","19":"product_tag-espana","20":"product_tag-europe","21":"product_tag-spain","22":"desktop-align-left","23":"tablet-align-left","24":"mobile-align-left","26":"first","27":"instock","28":"shipping-taxable","29":"purchasable","30":"product-type-variable"},"aioseo_notices":[],"uagb_featured_image_src":{"full":["https:\/\/mapospheres.eu\/wp-content\/uploads\/2026\/03\/CANVAS_13_BW_MP_3_BARCELONA.jpg",1000,1000,false],"thumbnail":["https:\/\/mapospheres.eu\/wp-content\/uploads\/2026\/03\/CANVAS_13_BW_MP_3_BARCELONA-150x150.jpg",150,150,true],"medium":["https:\/\/mapospheres.eu\/wp-content\/uploads\/2026\/03\/CANVAS_13_BW_MP_3_BARCELONA-300x300.jpg",300,300,true],"medium_large":["https:\/\/mapospheres.eu\/wp-content\/uploads\/2026\/03\/CANVAS_13_BW_MP_3_BARCELONA-768x768.jpg",768,768,true],"large":["https:\/\/mapospheres.eu\/wp-content\/uploads\/2026\/03\/CANVAS_13_BW_MP_3_BARCELONA.jpg",1000,1000,false],"1536x1536":["https:\/\/mapospheres.eu\/wp-content\/uploads\/2026\/03\/CANVAS_13_BW_MP_3_BARCELONA.jpg",1000,1000,false],"2048x2048":["https:\/\/mapospheres.eu\/wp-content\/uploads\/2026\/03\/CANVAS_13_BW_MP_3_BARCELONA.jpg",1000,1000,false],"woocommerce_thumbnail":["https:\/\/mapospheres.eu\/wp-content\/uploads\/2026\/03\/CANVAS_13_BW_MP_3_BARCELONA-300x300.jpg",300,300,true],"woocommerce_single":["https:\/\/mapospheres.eu\/wp-content\/uploads\/2026\/03\/CANVAS_13_BW_MP_3_BARCELONA-600x600.jpg",600,600,true],"woocommerce_gallery_thumbnail":["https:\/\/mapospheres.eu\/wp-content\/uploads\/2026\/03\/CANVAS_13_BW_MP_3_BARCELONA-100x100.jpg",100,100,true]},"uagb_author_info":{"display_name":"sgainot04@gmail.com","author_link":"https:\/\/mapospheres.eu\/es\/author\/"},"uagb_comment_info":0,"uagb_excerpt":"Consigue un City Map (mapa mural de ciudad) impreso de Barcelona, Espa\u00f1a. \u00a1Elige el tama\u00f1o, el color y el dise\u00f1o de tu mapa a continuaci\u00f3n!","_links":{"self":[{"href":"https:\/\/mapospheres.eu\/es\/wp-json\/wp\/v2\/product\/17106","targetHints":{"allow":["GET"]}}],"collection":[{"href":"https:\/\/mapospheres.eu\/es\/wp-json\/wp\/v2\/product"}],"about":[{"href":"https:\/\/mapospheres.eu\/es\/wp-json\/wp\/v2\/types\/product"}],"wp:featuredmedia":[{"embeddable":true,"href":"https:\/\/mapospheres.eu\/es\/wp-json\/wp\/v2\/media\/18367"}],"wp:attachment":[{"href":"https:\/\/mapospheres.eu\/es\/wp-json\/wp\/v2\/media?parent=17106"}],"wp:term":[{"taxonomy":"product_brand","embeddable":true,"href":"https:\/\/mapospheres.eu\/es\/wp-json\/wp\/v2\/product_brand?post=17106"},{"taxonomy":"product_cat","embeddable":true,"href":"https:\/\/mapospheres.eu\/es\/wp-json\/wp\/v2\/product_cat?post=17106"},{"taxonomy":"product_tag","embeddable":true,"href":"https:\/\/mapospheres.eu\/es\/wp-json\/wp\/v2\/product_tag?post=17106"}],"curies":[{"name":"wp","href":"https:\/\/api.w.org\/{rel}","templated":true}]}}