{"id":17109,"date":"2026-03-02T13:29:22","date_gmt":"2026-03-02T13:29:22","guid":{"rendered":"https:\/\/mapospheres.eu\/product\/poster-of-nantes-france\/"},"modified":"2026-03-05T09:44:05","modified_gmt":"2026-03-05T09:44:05","slug":"poster-of-nantes-france","status":"publish","type":"product","link":"https:\/\/mapospheres.eu\/es\/product\/poster-de-nantes-francia\/","title":{"rendered":"Poster de Nantes | Francia"},"content":{"rendered":"<p><strong>Poster City map de Nantes, Francia: Este mapa de Nantes revela una ciudad moldeada por el agua, construida sobre islas y gobernada en distintos momentos por duques, so\u00f1adores e ingenieros con grandes ideas.<\/strong><\/p>\n<p>El Loira, ancho y lento, fluye por el coraz\u00f3n del mapa como un narrador silencioso, dividi\u00e9ndose y serpenteando como si no pudiera decidir hacia d\u00f3nde ir. A su alrededor, el terreno se eleva suavemente, salpicado de restos de antiguos pantanos y los contornos de canales perdidos hace mucho tiempo. En el centro de la ciudad se alza el Ch\u00e2teau des Ducs de Bretagne, cuyos s\u00f3lidos muros todav\u00eda vigilan \u2014aunque hoy, sobre todo a los que hacen picnic. Cerca, las calles medievales del barrio de Bouffay se entrelazan en un patr\u00f3n que parece m\u00e1s inspirado por el instinto que por la planificaci\u00f3n, perfecto para perderse agradablemente. Hacia el oeste, el mapa muestra d\u00f3nde prosperaban los astilleros, ahora hogar de bestias mec\u00e1nicas y elefantes gigantes que, de alguna manera, parecen completamente naturales en una ciudad como Nantes. En la \u00cele de Nantes, ver\u00e1s c\u00f3mo toma forma la mezcla de industria antigua y dise\u00f1o audaz \u2014gr\u00faas, galer\u00edas, espacios verdes y quiz\u00e1 un toque de la imaginaci\u00f3n de Julio Verne col\u00e1ndose en el trazado. Los espacios verdes se esparcen como pensamientos tranquilos por todo el mapa: el Jardin des Plantes, frondoso y ordenado, y m\u00e1s all\u00e1, el Parc de Proc\u00e9, siguiendo el contorno del terreno como si la propia naturaleza lo hubiera dibujado con mano cuidadosa. El terreno se inclina y pliega en suaves capas, nunca empinadas pero nunca mon\u00f3tonas \u2014un paisaje apacible para una ciudad con un discreto sentido de la travesura.<\/p>\n","protected":false},"excerpt":{"rendered":"<p>Consigue un City Map (mapa mural de ciudad) impreso de Nantes, Francia. \u00a1Elige el tama\u00f1o, el color y el dise\u00f1o de tu mapa a continuaci\u00f3n!<\/p>\n","protected":false},"featured_media":18226,"template":"","meta":{"_uag_custom_page_level_css":"","_monsterinsights_skip_tracking":false,"_monsterinsights_sitenote_active":false,"_monsterinsights_sitenote_note":"","_monsterinsights_sitenote_category":0,"site-sidebar-layout":"default","site-content-layout":"","ast-site-content-layout":"default","site-content-style":"default","site-sidebar-style":"default","ast-global-header-display":"","ast-banner-title-visibility":"","ast-main-header-display":"","ast-hfb-above-header-display":"","ast-hfb-below-header-display":"","ast-hfb-mobile-header-display":"","site-post-title":"","ast-breadcrumbs-content":"","ast-featured-img":"","footer-sml-layout":"","ast-disable-related-posts":"","theme-transparent-header-meta":"default","adv-header-id-meta":"","stick-header-meta":"","header-above-stick-meta":"","header-main-stick-meta":"","header-below-stick-meta":"","astra-migrate-meta-layouts":"set","ast-page-background-enabled":"default","ast-page-background-meta":{"desktop":{"background-color":"","background-image":"","background-repeat":"repeat","background-position":"center center","background-size":"auto","background-attachment":"scroll","background-type":"","background-media":"","overlay-type":"","overlay-color":"","overlay-opacity":"","overlay-gradient":""},"tablet":{"background-color":"","background-image":"","background-repeat":"repeat","background-position":"center center","background-size":"auto","background-attachment":"scroll","background-type":"","background-media":"","overlay-type":"","overlay-color":"","overlay-opacity":"","overlay-gradient":""},"mobile":{"background-color":"","background-image":"","background-repeat":"repeat","background-position":"center center","background-size":"auto","background-attachment":"scroll","background-type":"","background-media":"","overlay-type":"","overlay-color":"","overlay-opacity":"","overlay-gradient":""}},"ast-content-background-meta":{"desktop":{"background-color":"var(--ast-global-color-5)","background-image":"","background-repeat":"repeat","background-position":"center center","background-size":"auto","background-attachment":"scroll","background-type":"","background-media":"","overlay-type":"","overlay-color":"","overlay-opacity":"","overlay-gradient":""},"tablet":{"background-color":"var(--ast-global-color-5)","background-image":"","background-repeat":"repeat","background-position":"center center","background-size":"auto","background-attachment":"scroll","background-type":"","background-media":"","overlay-type":"","overlay-color":"","overlay-opacity":"","overlay-gradient":""},"mobile":{"background-color":"var(--ast-global-color-5)","background-image":"","background-repeat":"repeat","background-position":"center center","background-size":"auto","background-attachment":"scroll","background-type":"","background-media":"","overlay-type":"","overlay-color":"","overlay-opacity":"","overlay-gradient":""}}},"product_brand":[],"product_cat":[18,464],"product_tag":[34,35,36,39,40,93,100,759],"class_list":{"0":"post-17109","1":"product","2":"type-product","3":"status-publish","4":"has-post-thumbnail","6":"product_cat-city-maps","7":"product_cat-featured_fr","8":"product_tag-30x40","9":"product_tag-40x50","10":"product_tag-50x70","11":"product_tag-canvas","12":"product_tag-city-map","13":"product_tag-europe","14":"product_tag-france","15":"product_tag-nantes","16":"desktop-align-left","17":"tablet-align-left","18":"mobile-align-left","20":"first","21":"instock","22":"shipping-taxable","23":"purchasable","24":"product-type-variable"},"aioseo_notices":[],"uagb_featured_image_src":{"full":["https:\/\/mapospheres.eu\/wp-content\/uploads\/2026\/03\/Z2_BW_ROUND__NANTES.jpg",1000,1000,false],"thumbnail":["https:\/\/mapospheres.eu\/wp-content\/uploads\/2026\/03\/Z2_BW_ROUND__NANTES-150x150.jpg",150,150,true],"medium":["https:\/\/mapospheres.eu\/wp-content\/uploads\/2026\/03\/Z2_BW_ROUND__NANTES-300x300.jpg",300,300,true],"medium_large":["https:\/\/mapospheres.eu\/wp-content\/uploads\/2026\/03\/Z2_BW_ROUND__NANTES-768x768.jpg",768,768,true],"large":["https:\/\/mapospheres.eu\/wp-content\/uploads\/2026\/03\/Z2_BW_ROUND__NANTES.jpg",1000,1000,false],"1536x1536":["https:\/\/mapospheres.eu\/wp-content\/uploads\/2026\/03\/Z2_BW_ROUND__NANTES.jpg",1000,1000,false],"2048x2048":["https:\/\/mapospheres.eu\/wp-content\/uploads\/2026\/03\/Z2_BW_ROUND__NANTES.jpg",1000,1000,false],"woocommerce_thumbnail":["https:\/\/mapospheres.eu\/wp-content\/uploads\/2026\/03\/Z2_BW_ROUND__NANTES-300x300.jpg",300,300,true],"woocommerce_single":["https:\/\/mapospheres.eu\/wp-content\/uploads\/2026\/03\/Z2_BW_ROUND__NANTES-600x600.jpg",600,600,true],"woocommerce_gallery_thumbnail":["https:\/\/mapospheres.eu\/wp-content\/uploads\/2026\/03\/Z2_BW_ROUND__NANTES-100x100.jpg",100,100,true]},"uagb_author_info":{"display_name":"sgainot04@gmail.com","author_link":"https:\/\/mapospheres.eu\/es\/author\/"},"uagb_comment_info":0,"uagb_excerpt":"Consigue un City Map (mapa mural de ciudad) impreso de Nantes, Francia. \u00a1Elige el tama\u00f1o, el color y el dise\u00f1o de tu mapa a continuaci\u00f3n!","_links":{"self":[{"href":"https:\/\/mapospheres.eu\/es\/wp-json\/wp\/v2\/product\/17109","targetHints":{"allow":["GET"]}}],"collection":[{"href":"https:\/\/mapospheres.eu\/es\/wp-json\/wp\/v2\/product"}],"about":[{"href":"https:\/\/mapospheres.eu\/es\/wp-json\/wp\/v2\/types\/product"}],"wp:featuredmedia":[{"embeddable":true,"href":"https:\/\/mapospheres.eu\/es\/wp-json\/wp\/v2\/media\/18226"}],"wp:attachment":[{"href":"https:\/\/mapospheres.eu\/es\/wp-json\/wp\/v2\/media?parent=17109"}],"wp:term":[{"taxonomy":"product_brand","embeddable":true,"href":"https:\/\/mapospheres.eu\/es\/wp-json\/wp\/v2\/product_brand?post=17109"},{"taxonomy":"product_cat","embeddable":true,"href":"https:\/\/mapospheres.eu\/es\/wp-json\/wp\/v2\/product_cat?post=17109"},{"taxonomy":"product_tag","embeddable":true,"href":"https:\/\/mapospheres.eu\/es\/wp-json\/wp\/v2\/product_tag?post=17109"}],"curies":[{"name":"wp","href":"https:\/\/api.w.org\/{rel}","templated":true}]}}