{"id":17114,"date":"2026-03-02T13:29:42","date_gmt":"2026-03-02T13:29:42","guid":{"rendered":"https:\/\/mapospheres.eu\/product\/poster-of-cape-town-south-africa\/"},"modified":"2026-03-05T09:43:40","modified_gmt":"2026-03-05T09:43:40","slug":"poster-of-cape-town-south-africa","status":"publish","type":"product","link":"https:\/\/mapospheres.eu\/es\/product\/poster-de-ciudad-del-cabo-sudafrica\/","title":{"rendered":"Poster de Ciudad del Cabo | Sud\u00e1frica"},"content":{"rendered":"<p><strong>Poster City map of Ciudad del Cabo, Sud\u00e1frica: Situada bajo los vigilantes acantilados de Table Mountain, Ciudad del Cabo se despliega como una historia tranquila susurrada por el mar y la piedra.<\/strong><\/p>\n<p>Este mapa de la ciudad da vida a su terreno dram\u00e1tico, donde el oc\u00e9ano Atl\u00e1ntico abraza una costa escarpada y la tierra se eleva de repente en pliegues y picos, como si la propia naturaleza tuviera gusto por el teatro. Seguir\u00e1s la cinta verde del Parque Nacional de Table Mountain que se extiende a lo largo de la columna vertebral de la pen\u00ednsula, flanqueada por Devil\u2019s Peak y Lion\u2019s Head \u2014dos hermanos traviesos, si hay que creer las historias locales, siempre atrapados en alguna antigua discusi\u00f3n sobre qui\u00e9n es m\u00e1s alto. El mapa no solo sigue las carreteras; respira con los ritmos naturales de la ciudad. Desde las amplias avenidas arboladas del Company\u2019s Garden \u2014plantado por primera vez por colonos neerlandeses en el siglo XVII\u2014 hasta el ordenado cuenco del centro de la ciudad m\u00e1s abajo, el trazado revela c\u00f3mo Ciudad del Cabo fue construida no solo por las personas, sino tambi\u00e9n por el viento, el clima y las olas. Signal Hill se curva hacia el oc\u00e9ano como un narrador que se\u00f1ala hacia Robben Island, un peque\u00f1o punto en el mar que una vez guard\u00f3 grandes secretos tras sus rejas. Los espacios verdes recorren el mapa como lugares de descanso entre el bullicio y la playa. El Jard\u00edn Bot\u00e1nico de Kirstenbosch aparece al pie de la monta\u00f1a, donde el fynbos y las antiguas c\u00edcadas crecen como si salieran de una leyenda olvidada.<\/p>\n","protected":false},"excerpt":{"rendered":"<p>Consigue un City Map (mapa mural de ciudad) impreso de Ciudad del Cabo, Sud\u00e1frica. \u00a1Elige el tama\u00f1o, el color y el dise\u00f1o de tu mapa a continuaci\u00f3n!<\/p>\n","protected":false},"featured_media":18035,"template":"","meta":{"_uag_custom_page_level_css":"","_monsterinsights_skip_tracking":false,"_monsterinsights_sitenote_active":false,"_monsterinsights_sitenote_note":"","_monsterinsights_sitenote_category":0,"site-sidebar-layout":"default","site-content-layout":"","ast-site-content-layout":"default","site-content-style":"default","site-sidebar-style":"default","ast-global-header-display":"","ast-banner-title-visibility":"","ast-main-header-display":"","ast-hfb-above-header-display":"","ast-hfb-below-header-display":"","ast-hfb-mobile-header-display":"","site-post-title":"","ast-breadcrumbs-content":"","ast-featured-img":"","footer-sml-layout":"","ast-disable-related-posts":"","theme-transparent-header-meta":"default","adv-header-id-meta":"","stick-header-meta":"","header-above-stick-meta":"","header-main-stick-meta":"","header-below-stick-meta":"","astra-migrate-meta-layouts":"set","ast-page-background-enabled":"default","ast-page-background-meta":{"desktop":{"background-color":"","background-image":"","background-repeat":"repeat","background-position":"center center","background-size":"auto","background-attachment":"scroll","background-type":"","background-media":"","overlay-type":"","overlay-color":"","overlay-opacity":"","overlay-gradient":""},"tablet":{"background-color":"","background-image":"","background-repeat":"repeat","background-position":"center center","background-size":"auto","background-attachment":"scroll","background-type":"","background-media":"","overlay-type":"","overlay-color":"","overlay-opacity":"","overlay-gradient":""},"mobile":{"background-color":"","background-image":"","background-repeat":"repeat","background-position":"center center","background-size":"auto","background-attachment":"scroll","background-type":"","background-media":"","overlay-type":"","overlay-color":"","overlay-opacity":"","overlay-gradient":""}},"ast-content-background-meta":{"desktop":{"background-color":"var(--ast-global-color-5)","background-image":"","background-repeat":"repeat","background-position":"center center","background-size":"auto","background-attachment":"scroll","background-type":"","background-media":"","overlay-type":"","overlay-color":"","overlay-opacity":"","overlay-gradient":""},"tablet":{"background-color":"var(--ast-global-color-5)","background-image":"","background-repeat":"repeat","background-position":"center center","background-size":"auto","background-attachment":"scroll","background-type":"","background-media":"","overlay-type":"","overlay-color":"","overlay-opacity":"","overlay-gradient":""},"mobile":{"background-color":"var(--ast-global-color-5)","background-image":"","background-repeat":"repeat","background-position":"center center","background-size":"auto","background-attachment":"scroll","background-type":"","background-media":"","overlay-type":"","overlay-color":"","overlay-opacity":"","overlay-gradient":""}}},"product_brand":[],"product_cat":[18,338],"product_tag":[34,35,36,97,39,670,40,671],"class_list":{"0":"post-17114","1":"product","2":"type-product","3":"status-publish","4":"has-post-thumbnail","6":"product_cat-city-maps","7":"product_cat-featured_eng","8":"product_tag-30x40","9":"product_tag-40x50","10":"product_tag-50x70","11":"product_tag-africa","12":"product_tag-canvas","13":"product_tag-cape-town","14":"product_tag-city-map","15":"product_tag-south-africa","16":"desktop-align-left","17":"tablet-align-left","18":"mobile-align-left","20":"first","21":"instock","22":"shipping-taxable","23":"purchasable","24":"product-type-variable"},"aioseo_notices":[],"uagb_featured_image_src":{"full":["https:\/\/mapospheres.eu\/wp-content\/uploads\/2026\/03\/Z2_NIGHT_FULL__CAPETOWN.jpg",1000,1000,false],"thumbnail":["https:\/\/mapospheres.eu\/wp-content\/uploads\/2026\/03\/Z2_NIGHT_FULL__CAPETOWN-150x150.jpg",150,150,true],"medium":["https:\/\/mapospheres.eu\/wp-content\/uploads\/2026\/03\/Z2_NIGHT_FULL__CAPETOWN-300x300.jpg",300,300,true],"medium_large":["https:\/\/mapospheres.eu\/wp-content\/uploads\/2026\/03\/Z2_NIGHT_FULL__CAPETOWN-768x768.jpg",768,768,true],"large":["https:\/\/mapospheres.eu\/wp-content\/uploads\/2026\/03\/Z2_NIGHT_FULL__CAPETOWN.jpg",1000,1000,false],"1536x1536":["https:\/\/mapospheres.eu\/wp-content\/uploads\/2026\/03\/Z2_NIGHT_FULL__CAPETOWN.jpg",1000,1000,false],"2048x2048":["https:\/\/mapospheres.eu\/wp-content\/uploads\/2026\/03\/Z2_NIGHT_FULL__CAPETOWN.jpg",1000,1000,false],"woocommerce_thumbnail":["https:\/\/mapospheres.eu\/wp-content\/uploads\/2026\/03\/Z2_NIGHT_FULL__CAPETOWN-300x300.jpg",300,300,true],"woocommerce_single":["https:\/\/mapospheres.eu\/wp-content\/uploads\/2026\/03\/Z2_NIGHT_FULL__CAPETOWN-600x600.jpg",600,600,true],"woocommerce_gallery_thumbnail":["https:\/\/mapospheres.eu\/wp-content\/uploads\/2026\/03\/Z2_NIGHT_FULL__CAPETOWN-100x100.jpg",100,100,true]},"uagb_author_info":{"display_name":"sgainot04@gmail.com","author_link":"https:\/\/mapospheres.eu\/es\/author\/"},"uagb_comment_info":0,"uagb_excerpt":"Consigue un City Map (mapa mural de ciudad) impreso de Ciudad del Cabo, Sud\u00e1frica. \u00a1Elige el tama\u00f1o, el color y el dise\u00f1o de tu mapa a continuaci\u00f3n!","_links":{"self":[{"href":"https:\/\/mapospheres.eu\/es\/wp-json\/wp\/v2\/product\/17114","targetHints":{"allow":["GET"]}}],"collection":[{"href":"https:\/\/mapospheres.eu\/es\/wp-json\/wp\/v2\/product"}],"about":[{"href":"https:\/\/mapospheres.eu\/es\/wp-json\/wp\/v2\/types\/product"}],"wp:featuredmedia":[{"embeddable":true,"href":"https:\/\/mapospheres.eu\/es\/wp-json\/wp\/v2\/media\/18035"}],"wp:attachment":[{"href":"https:\/\/mapospheres.eu\/es\/wp-json\/wp\/v2\/media?parent=17114"}],"wp:term":[{"taxonomy":"product_brand","embeddable":true,"href":"https:\/\/mapospheres.eu\/es\/wp-json\/wp\/v2\/product_brand?post=17114"},{"taxonomy":"product_cat","embeddable":true,"href":"https:\/\/mapospheres.eu\/es\/wp-json\/wp\/v2\/product_cat?post=17114"},{"taxonomy":"product_tag","embeddable":true,"href":"https:\/\/mapospheres.eu\/es\/wp-json\/wp\/v2\/product_tag?post=17114"}],"curies":[{"name":"wp","href":"https:\/\/api.w.org\/{rel}","templated":true}]}}