{"id":17115,"date":"2026-03-02T13:29:46","date_gmt":"2026-03-02T13:29:46","guid":{"rendered":"https:\/\/mapospheres.eu\/product\/poster-of-bergen-norway\/"},"modified":"2026-03-04T14:39:17","modified_gmt":"2026-03-04T14:39:17","slug":"poster-of-bergen-norway","status":"publish","type":"product","link":"https:\/\/mapospheres.eu\/es\/product\/poster-de-bergen-noruega\/","title":{"rendered":"Poster de Bergen | Noruega"},"content":{"rendered":"<p><strong>Poster City map de Bergen, Noruega: Ubicada entre siete colinas y apoy\u00e1ndose suavemente en el fiordo, es una ciudad que parece haber sido dibujada primero por la naturaleza y medida por los humanos despu\u00e9s.<\/strong><\/p>\n<p>Este mapa captura ese equilibrio cuidadoso \u2014 la manera en que las monta\u00f1as se elevan como centinelas silenciosos alrededor de la ciudad, y c\u00f3mo las calles se retuercen y giran como si educadamente sortearan antiguos senderos vikingos y \u00e1rboles particularmente obstinados. La l\u00ednea costera aqu\u00ed no es uniforme. Se curva, sobresale y se pliega alrededor del puerto como una mano sosteniendo algo valioso \u2014 que, de alguna manera, lo es. Bryggen, el antiguo muelle hanse\u00e1tico, se presenta como una fila de casas de madera coloridas que han sobrevivido incendios, tratos comerciales y probablemente un buen n\u00famero de historias del mar. En el mapa, su ubicaci\u00f3n es inconfundible, no lejos del borde del puerto donde las gaviotas se re\u00fanen y los ferris van y vienen. Subiendo ligeramente hacia el interior, el terreno se eleva. Ver\u00e1s el monte Fl\u00f8yen y sus caminos serpenteantes \u2014 donde los telef\u00e9ricos llevan a quienes son demasiado curiosos para quedarse abajo. Aqu\u00ed comienzan los bosques, extendiendo su verde sobre las laderas como un viejo abrigo suave, acogiendo a los caminantes, trolls (si crees en los locales) y al ocasional esquiador de fondo que se perdi\u00f3 en julio. Arroyos fluyen a trav\u00e9s de la ciudad, los parques rompen los tejados y los lagos descansan en los pliegues del terreno como pausas silenciosas. Este mapa muestra Bergen no solo como una ciudad, sino como un lugar moldeado por el agua, la madera y el clima \u2014 donde la niebla se posa sobre los tejados como una manta de lana y la luz del sol, cuando aparece, se siente como una peque\u00f1a celebraci\u00f3n. En la pared, es m\u00e1s que un mapa. Es un vistazo al alma de la costa oeste de Noruega \u2014 un poco \u00e1spera, un poco po\u00e9tica y siempre lista para la lluvia.<\/p>\n","protected":false},"excerpt":{"rendered":"<p>Consigue un City Map (mapa mural de ciudad) impreso de Bergen, Noruega. \u00a1Elige el tama\u00f1o, el color y el dise\u00f1o de tu mapa a continuaci\u00f3n!<\/p>\n","protected":false},"featured_media":17979,"template":"","meta":{"_uag_custom_page_level_css":"","_monsterinsights_skip_tracking":false,"_monsterinsights_sitenote_active":false,"_monsterinsights_sitenote_note":"","_monsterinsights_sitenote_category":0,"site-sidebar-layout":"default","site-content-layout":"","ast-site-content-layout":"default","site-content-style":"default","site-sidebar-style":"default","ast-global-header-display":"","ast-banner-title-visibility":"","ast-main-header-display":"","ast-hfb-above-header-display":"","ast-hfb-below-header-display":"","ast-hfb-mobile-header-display":"","site-post-title":"","ast-breadcrumbs-content":"","ast-featured-img":"","footer-sml-layout":"","ast-disable-related-posts":"","theme-transparent-header-meta":"default","adv-header-id-meta":"","stick-header-meta":"","header-above-stick-meta":"","header-main-stick-meta":"","header-below-stick-meta":"","astra-migrate-meta-layouts":"set","ast-page-background-enabled":"default","ast-page-background-meta":{"desktop":{"background-color":"","background-image":"","background-repeat":"repeat","background-position":"center center","background-size":"auto","background-attachment":"scroll","background-type":"","background-media":"","overlay-type":"","overlay-color":"","overlay-opacity":"","overlay-gradient":""},"tablet":{"background-color":"","background-image":"","background-repeat":"repeat","background-position":"center center","background-size":"auto","background-attachment":"scroll","background-type":"","background-media":"","overlay-type":"","overlay-color":"","overlay-opacity":"","overlay-gradient":""},"mobile":{"background-color":"","background-image":"","background-repeat":"repeat","background-position":"center center","background-size":"auto","background-attachment":"scroll","background-type":"","background-media":"","overlay-type":"","overlay-color":"","overlay-opacity":"","overlay-gradient":""}},"ast-content-background-meta":{"desktop":{"background-color":"var(--ast-global-color-5)","background-image":"","background-repeat":"repeat","background-position":"center center","background-size":"auto","background-attachment":"scroll","background-type":"","background-media":"","overlay-type":"","overlay-color":"","overlay-opacity":"","overlay-gradient":""},"tablet":{"background-color":"var(--ast-global-color-5)","background-image":"","background-repeat":"repeat","background-position":"center center","background-size":"auto","background-attachment":"scroll","background-type":"","background-media":"","overlay-type":"","overlay-color":"","overlay-opacity":"","overlay-gradient":""},"mobile":{"background-color":"var(--ast-global-color-5)","background-image":"","background-repeat":"repeat","background-position":"center center","background-size":"auto","background-attachment":"scroll","background-type":"","background-media":"","overlay-type":"","overlay-color":"","overlay-opacity":"","overlay-gradient":""}}},"product_brand":[],"product_cat":[18],"product_tag":[34,35,36,744,39,40,93,473],"class_list":{"0":"post-17115","1":"product","2":"type-product","3":"status-publish","4":"has-post-thumbnail","6":"product_cat-city-maps","7":"product_tag-30x40","8":"product_tag-40x50","9":"product_tag-50x70","10":"product_tag-bergen","11":"product_tag-canvas","12":"product_tag-city-map","13":"product_tag-europe","14":"product_tag-norway","15":"desktop-align-left","16":"tablet-align-left","17":"mobile-align-left","19":"first","20":"instock","21":"shipping-taxable","22":"purchasable","23":"product-type-variable"},"aioseo_notices":[],"uagb_featured_image_src":{"full":["https:\/\/mapospheres.eu\/wp-content\/uploads\/2026\/03\/CANVAS_3_NIGHT_BERGEN.jpg",1000,1000,false],"thumbnail":["https:\/\/mapospheres.eu\/wp-content\/uploads\/2026\/03\/CANVAS_3_NIGHT_BERGEN-150x150.jpg",150,150,true],"medium":["https:\/\/mapospheres.eu\/wp-content\/uploads\/2026\/03\/CANVAS_3_NIGHT_BERGEN-300x300.jpg",300,300,true],"medium_large":["https:\/\/mapospheres.eu\/wp-content\/uploads\/2026\/03\/CANVAS_3_NIGHT_BERGEN-768x768.jpg",768,768,true],"large":["https:\/\/mapospheres.eu\/wp-content\/uploads\/2026\/03\/CANVAS_3_NIGHT_BERGEN.jpg",1000,1000,false],"1536x1536":["https:\/\/mapospheres.eu\/wp-content\/uploads\/2026\/03\/CANVAS_3_NIGHT_BERGEN.jpg",1000,1000,false],"2048x2048":["https:\/\/mapospheres.eu\/wp-content\/uploads\/2026\/03\/CANVAS_3_NIGHT_BERGEN.jpg",1000,1000,false],"woocommerce_thumbnail":["https:\/\/mapospheres.eu\/wp-content\/uploads\/2026\/03\/CANVAS_3_NIGHT_BERGEN-300x300.jpg",300,300,true],"woocommerce_single":["https:\/\/mapospheres.eu\/wp-content\/uploads\/2026\/03\/CANVAS_3_NIGHT_BERGEN-600x600.jpg",600,600,true],"woocommerce_gallery_thumbnail":["https:\/\/mapospheres.eu\/wp-content\/uploads\/2026\/03\/CANVAS_3_NIGHT_BERGEN-100x100.jpg",100,100,true]},"uagb_author_info":{"display_name":"sgainot04@gmail.com","author_link":"https:\/\/mapospheres.eu\/es\/author\/"},"uagb_comment_info":0,"uagb_excerpt":"Consigue un City Map (mapa mural de ciudad) impreso de Bergen, Noruega. \u00a1Elige el tama\u00f1o, el color y el dise\u00f1o de tu mapa a continuaci\u00f3n!","_links":{"self":[{"href":"https:\/\/mapospheres.eu\/es\/wp-json\/wp\/v2\/product\/17115","targetHints":{"allow":["GET"]}}],"collection":[{"href":"https:\/\/mapospheres.eu\/es\/wp-json\/wp\/v2\/product"}],"about":[{"href":"https:\/\/mapospheres.eu\/es\/wp-json\/wp\/v2\/types\/product"}],"wp:featuredmedia":[{"embeddable":true,"href":"https:\/\/mapospheres.eu\/es\/wp-json\/wp\/v2\/media\/17979"}],"wp:attachment":[{"href":"https:\/\/mapospheres.eu\/es\/wp-json\/wp\/v2\/media?parent=17115"}],"wp:term":[{"taxonomy":"product_brand","embeddable":true,"href":"https:\/\/mapospheres.eu\/es\/wp-json\/wp\/v2\/product_brand?post=17115"},{"taxonomy":"product_cat","embeddable":true,"href":"https:\/\/mapospheres.eu\/es\/wp-json\/wp\/v2\/product_cat?post=17115"},{"taxonomy":"product_tag","embeddable":true,"href":"https:\/\/mapospheres.eu\/es\/wp-json\/wp\/v2\/product_tag?post=17115"}],"curies":[{"name":"wp","href":"https:\/\/api.w.org\/{rel}","templated":true}]}}