{"id":17116,"date":"2026-03-02T13:29:52","date_gmt":"2026-03-02T13:29:52","guid":{"rendered":"https:\/\/mapospheres.eu\/product\/poster-of-casablanca-morocco\/"},"modified":"2026-03-04T14:39:21","modified_gmt":"2026-03-04T14:39:21","slug":"poster-of-casablanca-morocco","status":"publish","type":"product","link":"https:\/\/mapospheres.eu\/es\/product\/poster-de-casablanca-marruecos\/","title":{"rendered":"Poster de Casablanca | Marruecos"},"content":{"rendered":"<p><strong>Poster City map de Casablanca, Marruecos: Extendida a lo largo de la costa atl\u00e1ntica, Casablanca es una ciudad que mira hacia el exterior \u2014 hacia el mar, hacia el futuro y, de vez en cuando, hacia el caf\u00e9 m\u00e1s cercano para un caf\u00e9 fuerte.<\/strong><\/p>\n<p>Este mapa dibuja un retrato tranquilo pero impactante de la ciudad m\u00e1s grande de Marruecos, donde la plana llanura costera se encuentra con una arquitectura audaz y la tranquila ondulaci\u00f3n de la vida urbana. En el coraz\u00f3n de todo, la Mezquita Hassan II se alza orgullosa junto al oc\u00e9ano, su minarete como un faro tanto para las plegarias como para las gaviotas. Un poco m\u00e1s tierra adentro, las amplias avenidas de la ciudad se extienden sobre un terreno suavemente inclinado, trazadas en una cuadr\u00edcula de influencia francesa que pretende estar organizada \u2014 hasta que los antiguos barrios y los zocos deciden lo contrario. Los espacios verdes salpican el paisaje: el Parc de la Ligue Arabe se extiende como un largo suspiro de alivio entre los edificios, mientras que las calles bordeadas de palmeras suavizan los rincones m\u00e1s serios de la ciudad. Desde el distrito portuario hasta las colinas de Anfa, el mapa traza una ciudad moldeada tanto por los vientos comerciales como por las rutas comerciales, donde el terreno se mantiene bajo y cercano al mar, salvo por las ligeras pendientes que una vez tentaron a los primeros pobladores a construir un poco m\u00e1s alto y seco. El mapa de Casablanca habla menos de relatos sinuosos y m\u00e1s de movimientos audaces \u2014 una ciudad que creci\u00f3 r\u00e1pidamente y no hizo demasiadas preguntas. Sin embargo, bajo las l\u00edneas y formas, todav\u00eda se escucha un susurro de su antiguo nombre, Anfa, y el suave murmullo de los siglos pasando bajo la cuadr\u00edcula.<\/p>\n","protected":false},"excerpt":{"rendered":"<p>Consigue un City Map (mapa mural de ciudad) impreso de Casablanca, Marruecos. \u00a1Elige el tama\u00f1o, el color y el dise\u00f1o de tu mapa a continuaci\u00f3n!<\/p>\n","protected":false},"featured_media":17886,"template":"","meta":{"_uag_custom_page_level_css":"","_monsterinsights_skip_tracking":false,"_monsterinsights_sitenote_active":false,"_monsterinsights_sitenote_note":"","_monsterinsights_sitenote_category":0,"site-sidebar-layout":"default","site-content-layout":"","ast-site-content-layout":"default","site-content-style":"default","site-sidebar-style":"default","ast-global-header-display":"","ast-banner-title-visibility":"","ast-main-header-display":"","ast-hfb-above-header-display":"","ast-hfb-below-header-display":"","ast-hfb-mobile-header-display":"","site-post-title":"","ast-breadcrumbs-content":"","ast-featured-img":"","footer-sml-layout":"","ast-disable-related-posts":"","theme-transparent-header-meta":"default","adv-header-id-meta":"","stick-header-meta":"","header-above-stick-meta":"","header-main-stick-meta":"","header-below-stick-meta":"","astra-migrate-meta-layouts":"set","ast-page-background-enabled":"default","ast-page-background-meta":{"desktop":{"background-color":"","background-image":"","background-repeat":"repeat","background-position":"center center","background-size":"auto","background-attachment":"scroll","background-type":"","background-media":"","overlay-type":"","overlay-color":"","overlay-opacity":"","overlay-gradient":""},"tablet":{"background-color":"","background-image":"","background-repeat":"repeat","background-position":"center center","background-size":"auto","background-attachment":"scroll","background-type":"","background-media":"","overlay-type":"","overlay-color":"","overlay-opacity":"","overlay-gradient":""},"mobile":{"background-color":"","background-image":"","background-repeat":"repeat","background-position":"center center","background-size":"auto","background-attachment":"scroll","background-type":"","background-media":"","overlay-type":"","overlay-color":"","overlay-opacity":"","overlay-gradient":""}},"ast-content-background-meta":{"desktop":{"background-color":"var(--ast-global-color-5)","background-image":"","background-repeat":"repeat","background-position":"center center","background-size":"auto","background-attachment":"scroll","background-type":"","background-media":"","overlay-type":"","overlay-color":"","overlay-opacity":"","overlay-gradient":""},"tablet":{"background-color":"var(--ast-global-color-5)","background-image":"","background-repeat":"repeat","background-position":"center center","background-size":"auto","background-attachment":"scroll","background-type":"","background-media":"","overlay-type":"","overlay-color":"","overlay-opacity":"","overlay-gradient":""},"mobile":{"background-color":"var(--ast-global-color-5)","background-image":"","background-repeat":"repeat","background-position":"center center","background-size":"auto","background-attachment":"scroll","background-type":"","background-media":"","overlay-type":"","overlay-color":"","overlay-opacity":"","overlay-gradient":""}}},"product_brand":[],"product_cat":[18,464,465],"product_tag":[34,35,36,97,39,743,40,742],"class_list":{"0":"post-17116","1":"product","2":"type-product","3":"status-publish","4":"has-post-thumbnail","6":"product_cat-city-maps","7":"product_cat-featured_fr","8":"product_cat-featured_esp","9":"product_tag-30x40","10":"product_tag-40x50","11":"product_tag-50x70","12":"product_tag-africa","13":"product_tag-canvas","14":"product_tag-casablanca","15":"product_tag-city-map","16":"product_tag-morocco","17":"desktop-align-left","18":"tablet-align-left","19":"mobile-align-left","21":"first","22":"instock","23":"shipping-taxable","24":"purchasable","25":"product-type-variable"},"aioseo_notices":[],"uagb_featured_image_src":{"full":["https:\/\/mapospheres.eu\/wp-content\/uploads\/2026\/03\/Z2_BW_ROUND__CASABLANCA.jpg",1000,1000,false],"thumbnail":["https:\/\/mapospheres.eu\/wp-content\/uploads\/2026\/03\/Z2_BW_ROUND__CASABLANCA-150x150.jpg",150,150,true],"medium":["https:\/\/mapospheres.eu\/wp-content\/uploads\/2026\/03\/Z2_BW_ROUND__CASABLANCA-300x300.jpg",300,300,true],"medium_large":["https:\/\/mapospheres.eu\/wp-content\/uploads\/2026\/03\/Z2_BW_ROUND__CASABLANCA-768x768.jpg",768,768,true],"large":["https:\/\/mapospheres.eu\/wp-content\/uploads\/2026\/03\/Z2_BW_ROUND__CASABLANCA.jpg",1000,1000,false],"1536x1536":["https:\/\/mapospheres.eu\/wp-content\/uploads\/2026\/03\/Z2_BW_ROUND__CASABLANCA.jpg",1000,1000,false],"2048x2048":["https:\/\/mapospheres.eu\/wp-content\/uploads\/2026\/03\/Z2_BW_ROUND__CASABLANCA.jpg",1000,1000,false],"woocommerce_thumbnail":["https:\/\/mapospheres.eu\/wp-content\/uploads\/2026\/03\/Z2_BW_ROUND__CASABLANCA-300x300.jpg",300,300,true],"woocommerce_single":["https:\/\/mapospheres.eu\/wp-content\/uploads\/2026\/03\/Z2_BW_ROUND__CASABLANCA-600x600.jpg",600,600,true],"woocommerce_gallery_thumbnail":["https:\/\/mapospheres.eu\/wp-content\/uploads\/2026\/03\/Z2_BW_ROUND__CASABLANCA-100x100.jpg",100,100,true]},"uagb_author_info":{"display_name":"sgainot04@gmail.com","author_link":"https:\/\/mapospheres.eu\/es\/author\/"},"uagb_comment_info":0,"uagb_excerpt":"Consigue un City Map (mapa mural de ciudad) impreso de Casablanca, Marruecos. \u00a1Elige el tama\u00f1o, el color y el dise\u00f1o de tu mapa a continuaci\u00f3n!","_links":{"self":[{"href":"https:\/\/mapospheres.eu\/es\/wp-json\/wp\/v2\/product\/17116","targetHints":{"allow":["GET"]}}],"collection":[{"href":"https:\/\/mapospheres.eu\/es\/wp-json\/wp\/v2\/product"}],"about":[{"href":"https:\/\/mapospheres.eu\/es\/wp-json\/wp\/v2\/types\/product"}],"wp:featuredmedia":[{"embeddable":true,"href":"https:\/\/mapospheres.eu\/es\/wp-json\/wp\/v2\/media\/17886"}],"wp:attachment":[{"href":"https:\/\/mapospheres.eu\/es\/wp-json\/wp\/v2\/media?parent=17116"}],"wp:term":[{"taxonomy":"product_brand","embeddable":true,"href":"https:\/\/mapospheres.eu\/es\/wp-json\/wp\/v2\/product_brand?post=17116"},{"taxonomy":"product_cat","embeddable":true,"href":"https:\/\/mapospheres.eu\/es\/wp-json\/wp\/v2\/product_cat?post=17116"},{"taxonomy":"product_tag","embeddable":true,"href":"https:\/\/mapospheres.eu\/es\/wp-json\/wp\/v2\/product_tag?post=17116"}],"curies":[{"name":"wp","href":"https:\/\/api.w.org\/{rel}","templated":true}]}}