{"id":17117,"date":"2026-03-02T13:29:55","date_gmt":"2026-03-02T13:29:55","guid":{"rendered":"https:\/\/mapospheres.eu\/product\/poster-of-marrakesh-morocco\/"},"modified":"2026-03-03T16:42:52","modified_gmt":"2026-03-03T16:42:52","slug":"poster-of-marrakesh-morocco","status":"publish","type":"product","link":"https:\/\/mapospheres.eu\/es\/product\/poster-de-marrakech-marruecos\/","title":{"rendered":"Poster de Marrakech | Marruecos"},"content":{"rendered":"<p><strong>Poster City map de Marrakech, Marruecos: Ideal para cualquier pared, este mapa lleva el rico relieve y la elegante calma de Marrakech a la habitaci\u00f3n \u2014 un excelente compa\u00f1ero para so\u00f1adores, narradores o cualquiera que disfrute de los mapas con un poco de alma. <\/strong><\/p>\n<p>Ubicada entre las estribaciones de las monta\u00f1as del Atlas y las vastas llanuras marroqu\u00edes, la ciudad de Marrakech se despliega como un relato bien conocido grabado en la tierra. Este mapa mural captura el encanto topogr\u00e1fico de la ciudad \u2014 desde la suave elevaci\u00f3n del terreno en el sur hasta los tramos m\u00e1s verdes cerca de los jardines hist\u00f3ricos. Ver\u00e1s la antigua medina envuelta en sus muros rojizos, donde la Mezquita Koutoubia se eleva como un guardi\u00e1n del tiempo que olvid\u00f3 retirarse. No muy lejos, el Jard\u00edn Majorelle a\u00f1ade un toque de azul y verde, un rinc\u00f3n tranquilo donde los cactus y las palmeras susurran secretos de antiguos viajeros. La ciudad se extiende hacia afuera, con barrios m\u00e1s nuevos suavemente integr\u00e1ndose en el terreno circundante, sus l\u00edneas modernas todav\u00eda rindiendo homenaje a las ra\u00edces laber\u00ednticas de Marrakech. El mapa tambi\u00e9n insin\u00faa el dramatismo del terreno \u2014 llanuras planas que se extienden como un lienzo, ocasionalmente salpicadas de palmeras, campos cultivados o alguna roca obstinada. Y a lo lejos, las monta\u00f1as del Atlas se alzan como gigantes dormidos vigilando la Ciudad Roja. Esto no es solo un plano de la ciudad; es un vistazo a un lugar donde el desierto se encuentra con el jard\u00edn, donde cada camino probablemente ha escuchado mil pasos y quiz\u00e1s uno o dos camellos quej\u00e1ndose del calor.<\/p>\n","protected":false},"excerpt":{"rendered":"<p>Consigue un City Map (mapa mural de ciudad) impreso de Marrakech, Marruecos. \u00a1Elige el tama\u00f1o, el color y el dise\u00f1o de tu mapa a continuaci\u00f3n!<\/p>\n","protected":false},"featured_media":17824,"template":"","meta":{"_uag_custom_page_level_css":"","_monsterinsights_skip_tracking":false,"_monsterinsights_sitenote_active":false,"_monsterinsights_sitenote_note":"","_monsterinsights_sitenote_category":0,"site-sidebar-layout":"default","site-content-layout":"","ast-site-content-layout":"default","site-content-style":"default","site-sidebar-style":"default","ast-global-header-display":"","ast-banner-title-visibility":"","ast-main-header-display":"","ast-hfb-above-header-display":"","ast-hfb-below-header-display":"","ast-hfb-mobile-header-display":"","site-post-title":"","ast-breadcrumbs-content":"","ast-featured-img":"","footer-sml-layout":"","ast-disable-related-posts":"","theme-transparent-header-meta":"default","adv-header-id-meta":"","stick-header-meta":"","header-above-stick-meta":"","header-main-stick-meta":"","header-below-stick-meta":"","astra-migrate-meta-layouts":"set","ast-page-background-enabled":"default","ast-page-background-meta":{"desktop":{"background-color":"","background-image":"","background-repeat":"repeat","background-position":"center center","background-size":"auto","background-attachment":"scroll","background-type":"","background-media":"","overlay-type":"","overlay-color":"","overlay-opacity":"","overlay-gradient":""},"tablet":{"background-color":"","background-image":"","background-repeat":"repeat","background-position":"center center","background-size":"auto","background-attachment":"scroll","background-type":"","background-media":"","overlay-type":"","overlay-color":"","overlay-opacity":"","overlay-gradient":""},"mobile":{"background-color":"","background-image":"","background-repeat":"repeat","background-position":"center center","background-size":"auto","background-attachment":"scroll","background-type":"","background-media":"","overlay-type":"","overlay-color":"","overlay-opacity":"","overlay-gradient":""}},"ast-content-background-meta":{"desktop":{"background-color":"var(--ast-global-color-5)","background-image":"","background-repeat":"repeat","background-position":"center center","background-size":"auto","background-attachment":"scroll","background-type":"","background-media":"","overlay-type":"","overlay-color":"","overlay-opacity":"","overlay-gradient":""},"tablet":{"background-color":"var(--ast-global-color-5)","background-image":"","background-repeat":"repeat","background-position":"center center","background-size":"auto","background-attachment":"scroll","background-type":"","background-media":"","overlay-type":"","overlay-color":"","overlay-opacity":"","overlay-gradient":""},"mobile":{"background-color":"var(--ast-global-color-5)","background-image":"","background-repeat":"repeat","background-position":"center center","background-size":"auto","background-attachment":"scroll","background-type":"","background-media":"","overlay-type":"","overlay-color":"","overlay-opacity":"","overlay-gradient":""}}},"product_brand":[],"product_cat":[18,464],"product_tag":[34,35,36,97,39,40,741,742],"class_list":{"0":"post-17117","1":"product","2":"type-product","3":"status-publish","4":"has-post-thumbnail","6":"product_cat-city-maps","7":"product_cat-featured_fr","8":"product_tag-30x40","9":"product_tag-40x50","10":"product_tag-50x70","11":"product_tag-africa","12":"product_tag-canvas","13":"product_tag-city-map","14":"product_tag-marrakesh","15":"product_tag-morocco","16":"desktop-align-left","17":"tablet-align-left","18":"mobile-align-left","20":"first","21":"instock","22":"shipping-taxable","23":"purchasable","24":"product-type-variable"},"aioseo_notices":[],"uagb_featured_image_src":{"full":["https:\/\/mapospheres.eu\/wp-content\/uploads\/2026\/03\/CANVAS_RED_MARRAKESH.jpg",1000,1000,false],"thumbnail":["https:\/\/mapospheres.eu\/wp-content\/uploads\/2026\/03\/CANVAS_RED_MARRAKESH-150x150.jpg",150,150,true],"medium":["https:\/\/mapospheres.eu\/wp-content\/uploads\/2026\/03\/CANVAS_RED_MARRAKESH-300x300.jpg",300,300,true],"medium_large":["https:\/\/mapospheres.eu\/wp-content\/uploads\/2026\/03\/CANVAS_RED_MARRAKESH-768x768.jpg",768,768,true],"large":["https:\/\/mapospheres.eu\/wp-content\/uploads\/2026\/03\/CANVAS_RED_MARRAKESH.jpg",1000,1000,false],"1536x1536":["https:\/\/mapospheres.eu\/wp-content\/uploads\/2026\/03\/CANVAS_RED_MARRAKESH.jpg",1000,1000,false],"2048x2048":["https:\/\/mapospheres.eu\/wp-content\/uploads\/2026\/03\/CANVAS_RED_MARRAKESH.jpg",1000,1000,false],"woocommerce_thumbnail":["https:\/\/mapospheres.eu\/wp-content\/uploads\/2026\/03\/CANVAS_RED_MARRAKESH-300x300.jpg",300,300,true],"woocommerce_single":["https:\/\/mapospheres.eu\/wp-content\/uploads\/2026\/03\/CANVAS_RED_MARRAKESH-600x600.jpg",600,600,true],"woocommerce_gallery_thumbnail":["https:\/\/mapospheres.eu\/wp-content\/uploads\/2026\/03\/CANVAS_RED_MARRAKESH-100x100.jpg",100,100,true]},"uagb_author_info":{"display_name":"sgainot04@gmail.com","author_link":"https:\/\/mapospheres.eu\/es\/author\/"},"uagb_comment_info":0,"uagb_excerpt":"Consigue un City Map (mapa mural de ciudad) impreso de Marrakech, Marruecos. \u00a1Elige el tama\u00f1o, el color y el dise\u00f1o de tu mapa a continuaci\u00f3n!","_links":{"self":[{"href":"https:\/\/mapospheres.eu\/es\/wp-json\/wp\/v2\/product\/17117","targetHints":{"allow":["GET"]}}],"collection":[{"href":"https:\/\/mapospheres.eu\/es\/wp-json\/wp\/v2\/product"}],"about":[{"href":"https:\/\/mapospheres.eu\/es\/wp-json\/wp\/v2\/types\/product"}],"wp:featuredmedia":[{"embeddable":true,"href":"https:\/\/mapospheres.eu\/es\/wp-json\/wp\/v2\/media\/17824"}],"wp:attachment":[{"href":"https:\/\/mapospheres.eu\/es\/wp-json\/wp\/v2\/media?parent=17117"}],"wp:term":[{"taxonomy":"product_brand","embeddable":true,"href":"https:\/\/mapospheres.eu\/es\/wp-json\/wp\/v2\/product_brand?post=17117"},{"taxonomy":"product_cat","embeddable":true,"href":"https:\/\/mapospheres.eu\/es\/wp-json\/wp\/v2\/product_cat?post=17117"},{"taxonomy":"product_tag","embeddable":true,"href":"https:\/\/mapospheres.eu\/es\/wp-json\/wp\/v2\/product_tag?post=17117"}],"curies":[{"name":"wp","href":"https:\/\/api.w.org\/{rel}","templated":true}]}}