{"id":19305,"date":"2026-03-10T14:34:05","date_gmt":"2026-03-10T14:34:05","guid":{"rendered":"https:\/\/mapospheres.eu\/product\/poster-of-taranto-italy\/"},"modified":"2026-03-16T14:42:48","modified_gmt":"2026-03-16T14:42:48","slug":"poster-of-taranto-italy","status":"publish","type":"product","link":"https:\/\/mapospheres.eu\/es\/product\/poster-de-tarento-italia\/","title":{"rendered":"Poster de Tarento | Italia"},"content":{"rendered":"<p><strong>Poster City map de Tarento, Italia: definida por sus dos bellos mares\u2014el Golfo de Tarento al oeste y el m\u00e1s amplio Mar J\u00f3nico al este. All\u00ed se encuentra el famoso Ponte Girevole, el ic\u00f3nico puente basculante que separa los dos mares y permite el paso de los barcos hacia el coraz\u00f3n de Tarento.<\/strong><\/p>\n<p>Te presentamos el mapa de Tarento, una ciudad donde el pulso de la historia late en perfecta armon\u00eda con los tranquilos ritmos del mar. Situada en el tal\u00f3n de la bota italiana, en la costa j\u00f3nica, Tarento es un lugar donde el pasado antiguo y la belleza natural se entrelazan de manera cautivadora. El mapa traza con precisi\u00f3n estas aguas, resaltando la posici\u00f3n \u00fanica de la ciudad sobre la delgada franja de tierra entre el Mar Piccolo y el Mar Grande, dos grandes puertos que han servido de puerta al Mediterr\u00e1neo desde la antig\u00fcedad. La extensa l\u00ednea costera est\u00e1 salpicada de islas, calas y playas de arena, enmarcadas por las aguas azul brillante que han convertido a Tarento en un para\u00edso para los navegantes. El terreno guarda una rica historia: bajo su suelo f\u00e9rtil yace el legado griego de Tarento, cuando la ciudad era conocida como Taras y fue una poderosa colonia fundada por espartanos. Hoy, la tierra a\u00fan resuena con las historias de aquel pasado, mientras la ciudad moderna prospera con su industria mar\u00edtima y su vibrante cultura. El Parco Archeologico di Saturo ofrece un remanso de tranquilidad, mientras que el Orto Botanico, un jard\u00edn bot\u00e1nico escondido en la ciudad, proporciona un refugio sereno con su variedad de plantas y caminos apacibles. El majestuoso Castillo Aragon\u00e9s, erguido con orgullo en el borde del antiguo puerto, domina el mapa. Esta imponente fortaleza, con sus altas torres y gruesos muros de piedra, ha protegido Tarento durante siglos, desde la \u00e9poca del Imperio Bizantino hasta su papel como puerto militar estrat\u00e9gico en tiempos posteriores. Cerca, la Cattedrale di San Cataldo, con su distintivo estilo rom\u00e1nico, se alza sobre el casco antiguo, recordando la profunda herencia religiosa de la ciudad.<\/p>\n","protected":false},"excerpt":{"rendered":"<p>Consigue un City Map (mapa mural de ciudad) impreso de Tarento, Italia. \u00a1Elige el tama\u00f1o, el color y el dise\u00f1o de tu mapa a continuaci\u00f3n!<\/p>\n","protected":false},"featured_media":21161,"template":"","meta":{"_uag_custom_page_level_css":"","_monsterinsights_skip_tracking":false,"_monsterinsights_sitenote_active":false,"_monsterinsights_sitenote_note":"","_monsterinsights_sitenote_category":0,"site-sidebar-layout":"default","site-content-layout":"","ast-site-content-layout":"default","site-content-style":"default","site-sidebar-style":"default","ast-global-header-display":"","ast-banner-title-visibility":"","ast-main-header-display":"","ast-hfb-above-header-display":"","ast-hfb-below-header-display":"","ast-hfb-mobile-header-display":"","site-post-title":"","ast-breadcrumbs-content":"","ast-featured-img":"","footer-sml-layout":"","ast-disable-related-posts":"","theme-transparent-header-meta":"default","adv-header-id-meta":"","stick-header-meta":"","header-above-stick-meta":"","header-main-stick-meta":"","header-below-stick-meta":"","astra-migrate-meta-layouts":"set","ast-page-background-enabled":"default","ast-page-background-meta":{"desktop":{"background-color":"","background-image":"","background-repeat":"repeat","background-position":"center center","background-size":"auto","background-attachment":"scroll","background-type":"","background-media":"","overlay-type":"","overlay-color":"","overlay-opacity":"","overlay-gradient":""},"tablet":{"background-color":"","background-image":"","background-repeat":"repeat","background-position":"center center","background-size":"auto","background-attachment":"scroll","background-type":"","background-media":"","overlay-type":"","overlay-color":"","overlay-opacity":"","overlay-gradient":""},"mobile":{"background-color":"","background-image":"","background-repeat":"repeat","background-position":"center center","background-size":"auto","background-attachment":"scroll","background-type":"","background-media":"","overlay-type":"","overlay-color":"","overlay-opacity":"","overlay-gradient":""}},"ast-content-background-meta":{"desktop":{"background-color":"var(--ast-global-color-5)","background-image":"","background-repeat":"repeat","background-position":"center center","background-size":"auto","background-attachment":"scroll","background-type":"","background-media":"","overlay-type":"","overlay-color":"","overlay-opacity":"","overlay-gradient":""},"tablet":{"background-color":"var(--ast-global-color-5)","background-image":"","background-repeat":"repeat","background-position":"center center","background-size":"auto","background-attachment":"scroll","background-type":"","background-media":"","overlay-type":"","overlay-color":"","overlay-opacity":"","overlay-gradient":""},"mobile":{"background-color":"var(--ast-global-color-5)","background-image":"","background-repeat":"repeat","background-position":"center center","background-size":"auto","background-attachment":"scroll","background-type":"","background-media":"","overlay-type":"","overlay-color":"","overlay-opacity":"","overlay-gradient":""}}},"product_brand":[],"product_cat":[18],"product_tag":[793],"class_list":{"0":"post-19305","1":"product","2":"type-product","3":"status-publish","4":"has-post-thumbnail","6":"product_cat-city-maps","7":"product_tag-30x40-40x50-50x70-70x100-canvas-city-map-europe-italia-italie-italy-taranto","8":"desktop-align-left","9":"tablet-align-left","10":"mobile-align-left","12":"first","13":"instock","14":"shipping-taxable","15":"purchasable","16":"product-type-variable"},"aioseo_notices":[],"uagb_featured_image_src":{"full":["https:\/\/mapospheres.eu\/wp-content\/uploads\/2026\/03\/Z27_BW_ROUND__TARANTO.jpg",1000,1000,false],"thumbnail":["https:\/\/mapospheres.eu\/wp-content\/uploads\/2026\/03\/Z27_BW_ROUND__TARANTO-150x150.jpg",150,150,true],"medium":["https:\/\/mapospheres.eu\/wp-content\/uploads\/2026\/03\/Z27_BW_ROUND__TARANTO-300x300.jpg",300,300,true],"medium_large":["https:\/\/mapospheres.eu\/wp-content\/uploads\/2026\/03\/Z27_BW_ROUND__TARANTO-768x768.jpg",768,768,true],"large":["https:\/\/mapospheres.eu\/wp-content\/uploads\/2026\/03\/Z27_BW_ROUND__TARANTO.jpg",1000,1000,false],"1536x1536":["https:\/\/mapospheres.eu\/wp-content\/uploads\/2026\/03\/Z27_BW_ROUND__TARANTO.jpg",1000,1000,false],"2048x2048":["https:\/\/mapospheres.eu\/wp-content\/uploads\/2026\/03\/Z27_BW_ROUND__TARANTO.jpg",1000,1000,false],"woocommerce_thumbnail":["https:\/\/mapospheres.eu\/wp-content\/uploads\/2026\/03\/Z27_BW_ROUND__TARANTO-300x300.jpg",300,300,true],"woocommerce_single":["https:\/\/mapospheres.eu\/wp-content\/uploads\/2026\/03\/Z27_BW_ROUND__TARANTO-600x600.jpg",600,600,true],"woocommerce_gallery_thumbnail":["https:\/\/mapospheres.eu\/wp-content\/uploads\/2026\/03\/Z27_BW_ROUND__TARANTO-100x100.jpg",100,100,true]},"uagb_author_info":{"display_name":"sgainot04@gmail.com","author_link":"https:\/\/mapospheres.eu\/es\/author\/"},"uagb_comment_info":0,"uagb_excerpt":"Consigue un City Map (mapa mural de ciudad) impreso de Tarento, Italia. \u00a1Elige el tama\u00f1o, el color y el dise\u00f1o de tu mapa a continuaci\u00f3n!","_links":{"self":[{"href":"https:\/\/mapospheres.eu\/es\/wp-json\/wp\/v2\/product\/19305","targetHints":{"allow":["GET"]}}],"collection":[{"href":"https:\/\/mapospheres.eu\/es\/wp-json\/wp\/v2\/product"}],"about":[{"href":"https:\/\/mapospheres.eu\/es\/wp-json\/wp\/v2\/types\/product"}],"wp:featuredmedia":[{"embeddable":true,"href":"https:\/\/mapospheres.eu\/es\/wp-json\/wp\/v2\/media\/21161"}],"wp:attachment":[{"href":"https:\/\/mapospheres.eu\/es\/wp-json\/wp\/v2\/media?parent=19305"}],"wp:term":[{"taxonomy":"product_brand","embeddable":true,"href":"https:\/\/mapospheres.eu\/es\/wp-json\/wp\/v2\/product_brand?post=19305"},{"taxonomy":"product_cat","embeddable":true,"href":"https:\/\/mapospheres.eu\/es\/wp-json\/wp\/v2\/product_cat?post=19305"},{"taxonomy":"product_tag","embeddable":true,"href":"https:\/\/mapospheres.eu\/es\/wp-json\/wp\/v2\/product_tag?post=19305"}],"curies":[{"name":"wp","href":"https:\/\/api.w.org\/{rel}","templated":true}]}}