{"id":19306,"date":"2026-03-10T14:34:10","date_gmt":"2026-03-10T14:34:10","guid":{"rendered":"https:\/\/mapospheres.eu\/product\/poster-of-trieste-italy\/"},"modified":"2026-03-16T14:43:05","modified_gmt":"2026-03-16T14:43:05","slug":"poster-of-trieste-italy","status":"publish","type":"product","link":"https:\/\/mapospheres.eu\/es\/product\/poster-de-trieste-italia\/","title":{"rendered":"Poster de Trieste | Italia"},"content":{"rendered":"<p><strong>Poster City map de Trieste, Italia: un crisol de culturas italianas, eslavas, austr\u00edacas y jud\u00edas. La ciudad guarda un misterio silencioso que se revela lentamente, como una buena novela.<\/strong><\/p>\n<p>Situada en el extremo noreste de Italia, donde el Mediterr\u00e1neo se encuentra con los Alpes, Trieste ofrece un impresionante contraste entre el encanto costero y la grandeza alpina, una mezcla inspiradora que este mapa captura con cada detalle. La geograf\u00eda de Trieste es tan dram\u00e1tica como hermosa. El mapa muestra c\u00f3mo la ciudad se encuentra en la cabecera del Golfo de Trieste, con su costa marcada por promontorios rocosos y calas protegidas, abri\u00e9ndose al resplandeciente mar Adri\u00e1tico. Los acantilados escarpados y las laderas que rodean la ciudad aportan un aire de majestuosidad, con la meseta del Carso al norte, cuyas pendientes empinadas se salpican de cuevas y vi\u00f1edos. La posici\u00f3n elevada de la ciudad ofrece vistas impresionantes, y el mapa refleja elegantemente c\u00f3mo Trieste asciende desde el mar, haciendo que el territorio se sienta expansivo e \u00edntimo a la vez, como si cada rinc\u00f3n guardara un nuevo descubrimiento. Los jardines en terrazas de la Villa Revoltella y la serena extensi\u00f3n verde del Parco di San Giovanni ofrecen un refrescante contraste con las animadas plazas y las hist\u00f3ricas calles de la ciudad. El cercano Parque Miramare, rodeando el castillo de cuento de hadas Miramare, es otro punto destacado: sus caminos vibrantes serpentean a lo largo del acantilado, ofreciendo panor\u00e1micas del mar, convirti\u00e9ndolo en un lugar favorito de locales y visitantes que buscan naturaleza e historia al mismo tiempo. Hist\u00f3ricamente, Trieste siempre ha sido un cruce de caminos, y el mapa pone en valor los hitos que reflejan esta rica herencia. La imponente Piazza Unit\u00e0 d\u2019Italia, una de las plazas frente al mar m\u00e1s grandes de Europa, marca el coraz\u00f3n de la ciudad. La grandeza neocl\u00e1sica de los edificios que la rodean recuerda el pasado austroh\u00fangaro de Trieste, \u00e9poca en la que la ciudad fue un pr\u00f3spero puerto y centro cultural. A pocos pasos, la Catedral de San Giusto se alza orgullosa sobre la colina, con sus antiguos mosaicos y vistas panor\u00e1micas que evocan la historia legendaria de la ciudad.<\/p>\n","protected":false},"excerpt":{"rendered":"<p>Consigue un City Map (mapa mural de ciudad) impreso de Trieste, Italia. \u00a1Elige el tama\u00f1o, el color y el dise\u00f1o de tu mapa a continuaci\u00f3n!<\/p>\n","protected":false},"featured_media":21134,"template":"","meta":{"_uag_custom_page_level_css":"","_monsterinsights_skip_tracking":false,"_monsterinsights_sitenote_active":false,"_monsterinsights_sitenote_note":"","_monsterinsights_sitenote_category":0,"site-sidebar-layout":"default","site-content-layout":"","ast-site-content-layout":"default","site-content-style":"default","site-sidebar-style":"default","ast-global-header-display":"","ast-banner-title-visibility":"","ast-main-header-display":"","ast-hfb-above-header-display":"","ast-hfb-below-header-display":"","ast-hfb-mobile-header-display":"","site-post-title":"","ast-breadcrumbs-content":"","ast-featured-img":"","footer-sml-layout":"","ast-disable-related-posts":"","theme-transparent-header-meta":"default","adv-header-id-meta":"","stick-header-meta":"","header-above-stick-meta":"","header-main-stick-meta":"","header-below-stick-meta":"","astra-migrate-meta-layouts":"set","ast-page-background-enabled":"default","ast-page-background-meta":{"desktop":{"background-color":"","background-image":"","background-repeat":"repeat","background-position":"center center","background-size":"auto","background-attachment":"scroll","background-type":"","background-media":"","overlay-type":"","overlay-color":"","overlay-opacity":"","overlay-gradient":""},"tablet":{"background-color":"","background-image":"","background-repeat":"repeat","background-position":"center center","background-size":"auto","background-attachment":"scroll","background-type":"","background-media":"","overlay-type":"","overlay-color":"","overlay-opacity":"","overlay-gradient":""},"mobile":{"background-color":"","background-image":"","background-repeat":"repeat","background-position":"center center","background-size":"auto","background-attachment":"scroll","background-type":"","background-media":"","overlay-type":"","overlay-color":"","overlay-opacity":"","overlay-gradient":""}},"ast-content-background-meta":{"desktop":{"background-color":"var(--ast-global-color-5)","background-image":"","background-repeat":"repeat","background-position":"center center","background-size":"auto","background-attachment":"scroll","background-type":"","background-media":"","overlay-type":"","overlay-color":"","overlay-opacity":"","overlay-gradient":""},"tablet":{"background-color":"var(--ast-global-color-5)","background-image":"","background-repeat":"repeat","background-position":"center center","background-size":"auto","background-attachment":"scroll","background-type":"","background-media":"","overlay-type":"","overlay-color":"","overlay-opacity":"","overlay-gradient":""},"mobile":{"background-color":"var(--ast-global-color-5)","background-image":"","background-repeat":"repeat","background-position":"center center","background-size":"auto","background-attachment":"scroll","background-type":"","background-media":"","overlay-type":"","overlay-color":"","overlay-opacity":"","overlay-gradient":""}}},"product_brand":[],"product_cat":[18],"product_tag":[794],"class_list":{"0":"post-19306","1":"product","2":"type-product","3":"status-publish","4":"has-post-thumbnail","6":"product_cat-city-maps","7":"product_tag-30x40-40x50-50x70-70x100-canvas-city-map-europe-italia-italie-italy-trieste","8":"desktop-align-left","9":"tablet-align-left","10":"mobile-align-left","12":"first","13":"instock","14":"shipping-taxable","15":"purchasable","16":"product-type-variable"},"aioseo_notices":[],"uagb_featured_image_src":{"full":["https:\/\/mapospheres.eu\/wp-content\/uploads\/2026\/03\/CANVAS_11_NIGHT_3RD_1_TRIESTE.jpg",1000,1000,false],"thumbnail":["https:\/\/mapospheres.eu\/wp-content\/uploads\/2026\/03\/CANVAS_11_NIGHT_3RD_1_TRIESTE-150x150.jpg",150,150,true],"medium":["https:\/\/mapospheres.eu\/wp-content\/uploads\/2026\/03\/CANVAS_11_NIGHT_3RD_1_TRIESTE-300x300.jpg",300,300,true],"medium_large":["https:\/\/mapospheres.eu\/wp-content\/uploads\/2026\/03\/CANVAS_11_NIGHT_3RD_1_TRIESTE-768x768.jpg",768,768,true],"large":["https:\/\/mapospheres.eu\/wp-content\/uploads\/2026\/03\/CANVAS_11_NIGHT_3RD_1_TRIESTE.jpg",1000,1000,false],"1536x1536":["https:\/\/mapospheres.eu\/wp-content\/uploads\/2026\/03\/CANVAS_11_NIGHT_3RD_1_TRIESTE.jpg",1000,1000,false],"2048x2048":["https:\/\/mapospheres.eu\/wp-content\/uploads\/2026\/03\/CANVAS_11_NIGHT_3RD_1_TRIESTE.jpg",1000,1000,false],"woocommerce_thumbnail":["https:\/\/mapospheres.eu\/wp-content\/uploads\/2026\/03\/CANVAS_11_NIGHT_3RD_1_TRIESTE-300x300.jpg",300,300,true],"woocommerce_single":["https:\/\/mapospheres.eu\/wp-content\/uploads\/2026\/03\/CANVAS_11_NIGHT_3RD_1_TRIESTE-600x600.jpg",600,600,true],"woocommerce_gallery_thumbnail":["https:\/\/mapospheres.eu\/wp-content\/uploads\/2026\/03\/CANVAS_11_NIGHT_3RD_1_TRIESTE-100x100.jpg",100,100,true]},"uagb_author_info":{"display_name":"sgainot04@gmail.com","author_link":"https:\/\/mapospheres.eu\/es\/author\/"},"uagb_comment_info":0,"uagb_excerpt":"Consigue un City Map (mapa mural de ciudad) impreso de Trieste, Italia. \u00a1Elige el tama\u00f1o, el color y el dise\u00f1o de tu mapa a continuaci\u00f3n!","_links":{"self":[{"href":"https:\/\/mapospheres.eu\/es\/wp-json\/wp\/v2\/product\/19306","targetHints":{"allow":["GET"]}}],"collection":[{"href":"https:\/\/mapospheres.eu\/es\/wp-json\/wp\/v2\/product"}],"about":[{"href":"https:\/\/mapospheres.eu\/es\/wp-json\/wp\/v2\/types\/product"}],"wp:featuredmedia":[{"embeddable":true,"href":"https:\/\/mapospheres.eu\/es\/wp-json\/wp\/v2\/media\/21134"}],"wp:attachment":[{"href":"https:\/\/mapospheres.eu\/es\/wp-json\/wp\/v2\/media?parent=19306"}],"wp:term":[{"taxonomy":"product_brand","embeddable":true,"href":"https:\/\/mapospheres.eu\/es\/wp-json\/wp\/v2\/product_brand?post=19306"},{"taxonomy":"product_cat","embeddable":true,"href":"https:\/\/mapospheres.eu\/es\/wp-json\/wp\/v2\/product_cat?post=19306"},{"taxonomy":"product_tag","embeddable":true,"href":"https:\/\/mapospheres.eu\/es\/wp-json\/wp\/v2\/product_tag?post=19306"}],"curies":[{"name":"wp","href":"https:\/\/api.w.org\/{rel}","templated":true}]}}