{"id":19307,"date":"2026-03-10T14:34:14","date_gmt":"2026-03-10T14:34:14","guid":{"rendered":"https:\/\/mapospheres.eu\/product\/poster-of-turin-italy\/"},"modified":"2026-03-16T14:43:12","modified_gmt":"2026-03-16T14:43:12","slug":"poster-of-turin-italy","status":"publish","type":"product","link":"https:\/\/mapospheres.eu\/es\/product\/poster-de-turin-italia\/","title":{"rendered":"Poster de Tur\u00edn | Italia"},"content":{"rendered":"<p><strong>Poster City map de Tur\u00edn, Italia: este mapa insin\u00faa la intrigante conexi\u00f3n de la ciudad con lo misterioso y lo m\u00edstico. Tur\u00edn es a menudo considerada una de las ciudades \u00abm\u00e1gicas\u00bb del mundo, debido a su relaci\u00f3n con tradiciones esot\u00e9ricas y su posici\u00f3n en el legendario \u00abTri\u00e1ngulo de Luz\u00bb.<\/strong><\/p>\n<p>Ad\u00e9ntrate en el coraz\u00f3n de la regi\u00f3n del Piamonte con este mapa cuidadosamente elaborado de Tur\u00edn, una ciudad donde la historia rica, la arquitectura impresionante y la belleza natural se entrelazan a la perfecci\u00f3n. Entre los Alpes nevados al noroeste y las ondulantes colinas del Monferrato al sureste, el paisaje de Tur\u00edn ofrece una mezcla dram\u00e1tica de sofisticaci\u00f3n urbana y maravilla esc\u00e9nica, capturada magistralmente en este mapa. Lo primero que llama la atenci\u00f3n es el r\u00edo Po, que serpentea con gracia por la ciudad, su fluir suave dando vida a las calles y parques de Tur\u00edn. Las riberas se adornan con paseos sombreados por \u00e1rboles, ofreciendo un refugio tranquilo del bullicio urbano. Hacia el sur, el terreno se eleva hacia las estribaciones de los Alpes, proporcionando un tel\u00f3n de fondo majestuoso y una divisi\u00f3n natural entre el coraz\u00f3n urbano y las regiones m\u00e1s r\u00fasticas. Los picos escarpados de las monta\u00f1as parecen palpitar en el mapa, sus contornos marcados y reconfortantes, como un guardi\u00e1n siempre presente que vela por la ciudad. Los espacios verdes de Tur\u00edn son abundantes y armoniosamente distribuidos, brindando serenidad en medio de la vibrante vida urbana. El famoso Parque Valentino, con sus majestuosos \u00e1rboles, senderos bordeados de flores y lagos id\u00edlicos, es un punto central, al igual que los Giardini Reali, donde setos y fuentes evocan el pasado aristocr\u00e1tico de la ciudad. Estas zonas verdes ofrecen un contraste sereno con la grandeza de la arquitectura circundante, haciendo que el mapa celebre tanto la naturaleza como la vida urbana.<\/p>\n","protected":false},"excerpt":{"rendered":"<p>Consigue un City Map (mapa mural de ciudad) impreso de Tur\u00edn, Italia. \u00a1Elige el tama\u00f1o, el color y el dise\u00f1o de tu mapa a continuaci\u00f3n!<\/p>\n","protected":false},"featured_media":21127,"template":"","meta":{"_uag_custom_page_level_css":"","_monsterinsights_skip_tracking":false,"_monsterinsights_sitenote_active":false,"_monsterinsights_sitenote_note":"","_monsterinsights_sitenote_category":0,"site-sidebar-layout":"default","site-content-layout":"","ast-site-content-layout":"default","site-content-style":"default","site-sidebar-style":"default","ast-global-header-display":"","ast-banner-title-visibility":"","ast-main-header-display":"","ast-hfb-above-header-display":"","ast-hfb-below-header-display":"","ast-hfb-mobile-header-display":"","site-post-title":"","ast-breadcrumbs-content":"","ast-featured-img":"","footer-sml-layout":"","ast-disable-related-posts":"","theme-transparent-header-meta":"default","adv-header-id-meta":"","stick-header-meta":"","header-above-stick-meta":"","header-main-stick-meta":"","header-below-stick-meta":"","astra-migrate-meta-layouts":"set","ast-page-background-enabled":"default","ast-page-background-meta":{"desktop":{"background-color":"","background-image":"","background-repeat":"repeat","background-position":"center center","background-size":"auto","background-attachment":"scroll","background-type":"","background-media":"","overlay-type":"","overlay-color":"","overlay-opacity":"","overlay-gradient":""},"tablet":{"background-color":"","background-image":"","background-repeat":"repeat","background-position":"center center","background-size":"auto","background-attachment":"scroll","background-type":"","background-media":"","overlay-type":"","overlay-color":"","overlay-opacity":"","overlay-gradient":""},"mobile":{"background-color":"","background-image":"","background-repeat":"repeat","background-position":"center center","background-size":"auto","background-attachment":"scroll","background-type":"","background-media":"","overlay-type":"","overlay-color":"","overlay-opacity":"","overlay-gradient":""}},"ast-content-background-meta":{"desktop":{"background-color":"var(--ast-global-color-5)","background-image":"","background-repeat":"repeat","background-position":"center center","background-size":"auto","background-attachment":"scroll","background-type":"","background-media":"","overlay-type":"","overlay-color":"","overlay-opacity":"","overlay-gradient":""},"tablet":{"background-color":"var(--ast-global-color-5)","background-image":"","background-repeat":"repeat","background-position":"center center","background-size":"auto","background-attachment":"scroll","background-type":"","background-media":"","overlay-type":"","overlay-color":"","overlay-opacity":"","overlay-gradient":""},"mobile":{"background-color":"var(--ast-global-color-5)","background-image":"","background-repeat":"repeat","background-position":"center center","background-size":"auto","background-attachment":"scroll","background-type":"","background-media":"","overlay-type":"","overlay-color":"","overlay-opacity":"","overlay-gradient":""}}},"product_brand":[],"product_cat":[18],"product_tag":[34,35,36,37,39,40,93,180,913,181,914,915],"class_list":{"0":"post-19307","1":"product","2":"type-product","3":"status-publish","4":"has-post-thumbnail","6":"product_cat-city-maps","7":"product_tag-30x40","8":"product_tag-40x50","9":"product_tag-50x70","10":"product_tag-70x100","11":"product_tag-canvas","12":"product_tag-city-map","13":"product_tag-europe","14":"product_tag-italia","15":"product_tag-italie","16":"product_tag-italy","17":"product_tag-torino","18":"product_tag-turin","19":"desktop-align-left","20":"tablet-align-left","21":"mobile-align-left","23":"first","24":"instock","25":"shipping-taxable","26":"purchasable","27":"product-type-variable"},"aioseo_notices":[],"uagb_featured_image_src":{"full":["https:\/\/mapospheres.eu\/wp-content\/uploads\/2026\/03\/CANVAS_16_NIGHT_2ND_TURIN.jpg",1000,1000,false],"thumbnail":["https:\/\/mapospheres.eu\/wp-content\/uploads\/2026\/03\/CANVAS_16_NIGHT_2ND_TURIN-150x150.jpg",150,150,true],"medium":["https:\/\/mapospheres.eu\/wp-content\/uploads\/2026\/03\/CANVAS_16_NIGHT_2ND_TURIN-300x300.jpg",300,300,true],"medium_large":["https:\/\/mapospheres.eu\/wp-content\/uploads\/2026\/03\/CANVAS_16_NIGHT_2ND_TURIN-768x768.jpg",768,768,true],"large":["https:\/\/mapospheres.eu\/wp-content\/uploads\/2026\/03\/CANVAS_16_NIGHT_2ND_TURIN.jpg",1000,1000,false],"1536x1536":["https:\/\/mapospheres.eu\/wp-content\/uploads\/2026\/03\/CANVAS_16_NIGHT_2ND_TURIN.jpg",1000,1000,false],"2048x2048":["https:\/\/mapospheres.eu\/wp-content\/uploads\/2026\/03\/CANVAS_16_NIGHT_2ND_TURIN.jpg",1000,1000,false],"woocommerce_thumbnail":["https:\/\/mapospheres.eu\/wp-content\/uploads\/2026\/03\/CANVAS_16_NIGHT_2ND_TURIN-300x300.jpg",300,300,true],"woocommerce_single":["https:\/\/mapospheres.eu\/wp-content\/uploads\/2026\/03\/CANVAS_16_NIGHT_2ND_TURIN-600x600.jpg",600,600,true],"woocommerce_gallery_thumbnail":["https:\/\/mapospheres.eu\/wp-content\/uploads\/2026\/03\/CANVAS_16_NIGHT_2ND_TURIN-100x100.jpg",100,100,true]},"uagb_author_info":{"display_name":"sgainot04@gmail.com","author_link":"https:\/\/mapospheres.eu\/es\/author\/"},"uagb_comment_info":0,"uagb_excerpt":"Consigue un City Map (mapa mural de ciudad) impreso de Tur\u00edn, Italia. \u00a1Elige el tama\u00f1o, el color y el dise\u00f1o de tu mapa a continuaci\u00f3n!","_links":{"self":[{"href":"https:\/\/mapospheres.eu\/es\/wp-json\/wp\/v2\/product\/19307","targetHints":{"allow":["GET"]}}],"collection":[{"href":"https:\/\/mapospheres.eu\/es\/wp-json\/wp\/v2\/product"}],"about":[{"href":"https:\/\/mapospheres.eu\/es\/wp-json\/wp\/v2\/types\/product"}],"wp:featuredmedia":[{"embeddable":true,"href":"https:\/\/mapospheres.eu\/es\/wp-json\/wp\/v2\/media\/21127"}],"wp:attachment":[{"href":"https:\/\/mapospheres.eu\/es\/wp-json\/wp\/v2\/media?parent=19307"}],"wp:term":[{"taxonomy":"product_brand","embeddable":true,"href":"https:\/\/mapospheres.eu\/es\/wp-json\/wp\/v2\/product_brand?post=19307"},{"taxonomy":"product_cat","embeddable":true,"href":"https:\/\/mapospheres.eu\/es\/wp-json\/wp\/v2\/product_cat?post=19307"},{"taxonomy":"product_tag","embeddable":true,"href":"https:\/\/mapospheres.eu\/es\/wp-json\/wp\/v2\/product_tag?post=19307"}],"curies":[{"name":"wp","href":"https:\/\/api.w.org\/{rel}","templated":true}]}}