{"id":19313,"date":"2026-03-10T14:34:47","date_gmt":"2026-03-10T14:34:47","guid":{"rendered":"https:\/\/mapospheres.eu\/product\/poster-of-ilha-terceira-azores-elevation-map\/"},"modified":"2026-03-16T14:41:59","modified_gmt":"2026-03-16T14:41:59","slug":"poster-of-ilha-terceira-azores-elevation-map","status":"publish","type":"product","link":"https:\/\/mapospheres.eu\/es\/product\/poster-de-la-isla-terceira-azores-mapa-de-altitud\/","title":{"rendered":"Poster de la Isla Terceira, Azores | Mapa de altitud"},"content":{"rendered":"<p><strong>Poster Mapa de altitud de la Isla Terceira, Azores: un cruce de caminos para exploradores, comerciantes y potencias militares a lo largo de los siglos.<\/strong><\/p>\n<p>La Isla Terceira, una de las joyas m\u00e1s cautivadoras de las Azores, es un lugar donde la naturaleza y la historia danzan en perfecta armon\u00eda, y este mapa lo refleja con un detalle deslumbrante. Desde el paisaje volc\u00e1nico escarpado hasta las encantadoras calles de sus ciudades hist\u00f3ricas, la geograf\u00eda de Terceira es tan variada y colorida como su cultura. En el coraz\u00f3n de la isla se alza el macizo volc\u00e1nico de la Serra do Cume, donde colinas suaves y un mosaico de campos verdes crean un contraste pac\u00edfico y casi po\u00e9tico frente a los rasgos m\u00e1s abruptos del terreno. Las l\u00edneas topogr\u00e1ficas del mapa revelan las crestas, cr\u00e1teres y valles que definen su car\u00e1cter volc\u00e1nico, ofreciendo una visi\u00f3n clara del origen de la tierra. Los vibrantes campos verdes, salpicados de peque\u00f1as fincas y huertos, se combinan con cr\u00e1teres volc\u00e1nicos pronunciados, como la imponente Caldeira de Guilherme Moniz, recordatorio del pasado ardiente de la isla. El mapa destaca estas formaciones naturales, cada una como un trazo sobre un lienzo, generando profundidad y maravilla, invitando al espectador a explorar cada rinc\u00f3n de la topograf\u00eda de Terceira. La isla tambi\u00e9n atesora numerosos hitos hist\u00f3ricos que convierten este mapa en un fest\u00edn visual. La ciudad de Angra do Hero\u00edsmo, capital de la isla, se distingue por su centro declarado Patrimonio de la Humanidad por la UNESCO, donde calles empedradas serpentean entre coloridos edificios coloniales. Las legendarias Furnas do Enxofre, \u00e1rea geot\u00e9rmica en el centro de la isla, evocan las ra\u00edces volc\u00e1nicas de Terceira, con sus fumarolas humeantes y respiraderos sulfurosos que han fascinado durante siglos.<\/p>\n","protected":false},"excerpt":{"rendered":"<p>Consigue este P\u00f3ster impreso del Mapa de Altitud de la Isla Terceira, Azores, como un mapa de pared. \u00a1Puedes seleccionar el tama\u00f1o o el dise\u00f1o de tu mapa!<\/p>\n","protected":false},"featured_media":20967,"template":"","meta":{"_uag_custom_page_level_css":"","_monsterinsights_skip_tracking":false,"_monsterinsights_sitenote_active":false,"_monsterinsights_sitenote_note":"","_monsterinsights_sitenote_category":0,"site-sidebar-layout":"default","site-content-layout":"","ast-site-content-layout":"default","site-content-style":"default","site-sidebar-style":"default","ast-global-header-display":"","ast-banner-title-visibility":"","ast-main-header-display":"","ast-hfb-above-header-display":"","ast-hfb-below-header-display":"","ast-hfb-mobile-header-display":"","site-post-title":"","ast-breadcrumbs-content":"","ast-featured-img":"","footer-sml-layout":"","ast-disable-related-posts":"","theme-transparent-header-meta":"default","adv-header-id-meta":"","stick-header-meta":"","header-above-stick-meta":"","header-main-stick-meta":"","header-below-stick-meta":"","astra-migrate-meta-layouts":"set","ast-page-background-enabled":"default","ast-page-background-meta":{"desktop":{"background-color":"","background-image":"","background-repeat":"repeat","background-position":"center center","background-size":"auto","background-attachment":"scroll","background-type":"","background-media":"","overlay-type":"","overlay-color":"","overlay-opacity":"","overlay-gradient":""},"tablet":{"background-color":"","background-image":"","background-repeat":"repeat","background-position":"center center","background-size":"auto","background-attachment":"scroll","background-type":"","background-media":"","overlay-type":"","overlay-color":"","overlay-opacity":"","overlay-gradient":""},"mobile":{"background-color":"","background-image":"","background-repeat":"repeat","background-position":"center center","background-size":"auto","background-attachment":"scroll","background-type":"","background-media":"","overlay-type":"","overlay-color":"","overlay-opacity":"","overlay-gradient":""}},"ast-content-background-meta":{"desktop":{"background-color":"var(--ast-global-color-5)","background-image":"","background-repeat":"repeat","background-position":"center center","background-size":"auto","background-attachment":"scroll","background-type":"","background-media":"","overlay-type":"","overlay-color":"","overlay-opacity":"","overlay-gradient":""},"tablet":{"background-color":"var(--ast-global-color-5)","background-image":"","background-repeat":"repeat","background-position":"center center","background-size":"auto","background-attachment":"scroll","background-type":"","background-media":"","overlay-type":"","overlay-color":"","overlay-opacity":"","overlay-gradient":""},"mobile":{"background-color":"var(--ast-global-color-5)","background-image":"","background-repeat":"repeat","background-position":"center center","background-size":"auto","background-attachment":"scroll","background-type":"","background-media":"","overlay-type":"","overlay-color":"","overlay-opacity":"","overlay-gradient":""}}},"product_brand":[],"product_cat":[90],"product_tag":[34,35,36,895,896,39,92,93,902,479,903],"class_list":{"0":"post-19313","1":"product","2":"type-product","3":"status-publish","4":"has-post-thumbnail","6":"product_cat-elevation-maps","7":"product_tag-30x40","8":"product_tag-40x50","9":"product_tag-50x70","10":"product_tag-acores","11":"product_tag-azores","12":"product_tag-canvas","13":"product_tag-elevation-map","14":"product_tag-europe","15":"product_tag-ilha-terceira","16":"product_tag-portugal","17":"product_tag-terceira","18":"desktop-align-left","19":"tablet-align-left","20":"mobile-align-left","22":"first","23":"instock","24":"shipping-taxable","25":"purchasable","26":"product-type-variable"},"aioseo_notices":[],"uagb_featured_image_src":{"full":["https:\/\/mapospheres.eu\/wp-content\/uploads\/2026\/03\/ELEV_CANVAS_1FULLPAGE2_ILHATERCEIRA.jpg",1000,1000,false],"thumbnail":["https:\/\/mapospheres.eu\/wp-content\/uploads\/2026\/03\/ELEV_CANVAS_1FULLPAGE2_ILHATERCEIRA-150x150.jpg",150,150,true],"medium":["https:\/\/mapospheres.eu\/wp-content\/uploads\/2026\/03\/ELEV_CANVAS_1FULLPAGE2_ILHATERCEIRA-300x300.jpg",300,300,true],"medium_large":["https:\/\/mapospheres.eu\/wp-content\/uploads\/2026\/03\/ELEV_CANVAS_1FULLPAGE2_ILHATERCEIRA-768x768.jpg",768,768,true],"large":["https:\/\/mapospheres.eu\/wp-content\/uploads\/2026\/03\/ELEV_CANVAS_1FULLPAGE2_ILHATERCEIRA.jpg",1000,1000,false],"1536x1536":["https:\/\/mapospheres.eu\/wp-content\/uploads\/2026\/03\/ELEV_CANVAS_1FULLPAGE2_ILHATERCEIRA.jpg",1000,1000,false],"2048x2048":["https:\/\/mapospheres.eu\/wp-content\/uploads\/2026\/03\/ELEV_CANVAS_1FULLPAGE2_ILHATERCEIRA.jpg",1000,1000,false],"woocommerce_thumbnail":["https:\/\/mapospheres.eu\/wp-content\/uploads\/2026\/03\/ELEV_CANVAS_1FULLPAGE2_ILHATERCEIRA-300x300.jpg",300,300,true],"woocommerce_single":["https:\/\/mapospheres.eu\/wp-content\/uploads\/2026\/03\/ELEV_CANVAS_1FULLPAGE2_ILHATERCEIRA-600x600.jpg",600,600,true],"woocommerce_gallery_thumbnail":["https:\/\/mapospheres.eu\/wp-content\/uploads\/2026\/03\/ELEV_CANVAS_1FULLPAGE2_ILHATERCEIRA-100x100.jpg",100,100,true]},"uagb_author_info":{"display_name":"sgainot04@gmail.com","author_link":"https:\/\/mapospheres.eu\/es\/author\/"},"uagb_comment_info":0,"uagb_excerpt":"Consigue este P\u00f3ster impreso del Mapa de Altitud de la Isla Terceira, Azores, como un mapa de pared. \u00a1Puedes seleccionar el tama\u00f1o o el dise\u00f1o de tu mapa!","_links":{"self":[{"href":"https:\/\/mapospheres.eu\/es\/wp-json\/wp\/v2\/product\/19313","targetHints":{"allow":["GET"]}}],"collection":[{"href":"https:\/\/mapospheres.eu\/es\/wp-json\/wp\/v2\/product"}],"about":[{"href":"https:\/\/mapospheres.eu\/es\/wp-json\/wp\/v2\/types\/product"}],"wp:featuredmedia":[{"embeddable":true,"href":"https:\/\/mapospheres.eu\/es\/wp-json\/wp\/v2\/media\/20967"}],"wp:attachment":[{"href":"https:\/\/mapospheres.eu\/es\/wp-json\/wp\/v2\/media?parent=19313"}],"wp:term":[{"taxonomy":"product_brand","embeddable":true,"href":"https:\/\/mapospheres.eu\/es\/wp-json\/wp\/v2\/product_brand?post=19313"},{"taxonomy":"product_cat","embeddable":true,"href":"https:\/\/mapospheres.eu\/es\/wp-json\/wp\/v2\/product_cat?post=19313"},{"taxonomy":"product_tag","embeddable":true,"href":"https:\/\/mapospheres.eu\/es\/wp-json\/wp\/v2\/product_tag?post=19313"}],"curies":[{"name":"wp","href":"https:\/\/api.w.org\/{rel}","templated":true}]}}