{"id":19314,"date":"2026-03-10T14:34:50","date_gmt":"2026-03-10T14:34:50","guid":{"rendered":"https:\/\/mapospheres.eu\/product\/poster-of-ilha-do-pico-azores-elevation-map\/"},"modified":"2026-03-16T14:41:59","modified_gmt":"2026-03-16T14:41:59","slug":"poster-of-ilha-do-pico-azores-elevation-map","status":"publish","type":"product","link":"https:\/\/mapospheres.eu\/es\/product\/poster-de-la-isla-del-pico-azores-mapa-de-altitud\/","title":{"rendered":"Poster de la Isla del Pico, Azores | Mapa de altitud"},"content":{"rendered":"<p><strong>Poster Mapa de altitud de la Isla del Pico, Azores: evocando la atm\u00f3sfera serena y casi m\u00edstica de esta isla, este mapa te transporta a un lugar donde la tierra se encuentra con el cielo, y donde cada cresta y cada valle guardan historias por descubrir.<\/strong><\/p>\n<p>La Isla del Pico, orgullosa \u201cisla monta\u00f1a\u201d de las Azores, se revela en este mapa de elevaci\u00f3n que captura con elegancia su topograf\u00eda dram\u00e1tica, dibujando cada pliegue de su paisaje volc\u00e1nico, desde su cumbre imponente, casi irreal, hasta los valles verdes y la costa ind\u00f3mita que la rodea. En el coraz\u00f3n de Pico se alza su s\u00edmbolo eterno: el majestuoso Monte Pico, que se eleva hasta los 2.351 metros, siendo la monta\u00f1a m\u00e1s alta de Portugal. Los contornos del mapa destacan su presencia poderosa, como un gigante dormido que ha modelado no solo la tierra, sino tambi\u00e9n el alma y la identidad de la isla. Las laderas del Monte Pico se cubren de intensos espacios verdes \u2014bosques densos y pastizales salpicados por los emblem\u00e1ticos vi\u00f1edos de muros de piedra\u2014 que han otorgado a Pico el reconocimiento de la UNESCO por su paisaje \u00fanico. La intrincada red de terrazas, construida por generaciones de agricultores, parece extenderse sin fin, testimonio vivo del profundo v\u00ednculo entre el ser humano y la tierra. Estos vi\u00f1edos escalonados, cuna del c\u00e9lebre vino de Pico, dibujan sobre el mapa un patr\u00f3n casi geom\u00e9trico, reflejo de la resiliencia silenciosa de la isla y de su pasado ligado a la exploraci\u00f3n mar\u00edtima. La villa portuaria de Madalena, con su pintoresco puerto, emerge como un punto clave: puerta de entrada para los viajeros y coraz\u00f3n vibrante de la vida pesquera local. Desde sus orillas, la mirada se pierde hacia la cercana isla de Faial, su \u201cisla hermana\u201d, cuyo paisaje dram\u00e1tico parece velar por Pico con una presencia eterna y protectora.<\/p>\n","protected":false},"excerpt":{"rendered":"<p>Consigue este P\u00f3ster impreso del Mapa de Altitud de la Isla del Pico, Azores, como un mapa de pared. \u00a1Puedes seleccionar el tama\u00f1o o el dise\u00f1o de tu mapa!<\/p>\n","protected":false},"featured_media":20960,"template":"","meta":{"_uag_custom_page_level_css":"","_monsterinsights_skip_tracking":false,"_monsterinsights_sitenote_active":false,"_monsterinsights_sitenote_note":"","_monsterinsights_sitenote_category":0,"site-sidebar-layout":"default","site-content-layout":"","ast-site-content-layout":"default","site-content-style":"default","site-sidebar-style":"default","ast-global-header-display":"","ast-banner-title-visibility":"","ast-main-header-display":"","ast-hfb-above-header-display":"","ast-hfb-below-header-display":"","ast-hfb-mobile-header-display":"","site-post-title":"","ast-breadcrumbs-content":"","ast-featured-img":"","footer-sml-layout":"","ast-disable-related-posts":"","theme-transparent-header-meta":"default","adv-header-id-meta":"","stick-header-meta":"","header-above-stick-meta":"","header-main-stick-meta":"","header-below-stick-meta":"","astra-migrate-meta-layouts":"set","ast-page-background-enabled":"default","ast-page-background-meta":{"desktop":{"background-color":"","background-image":"","background-repeat":"repeat","background-position":"center center","background-size":"auto","background-attachment":"scroll","background-type":"","background-media":"","overlay-type":"","overlay-color":"","overlay-opacity":"","overlay-gradient":""},"tablet":{"background-color":"","background-image":"","background-repeat":"repeat","background-position":"center center","background-size":"auto","background-attachment":"scroll","background-type":"","background-media":"","overlay-type":"","overlay-color":"","overlay-opacity":"","overlay-gradient":""},"mobile":{"background-color":"","background-image":"","background-repeat":"repeat","background-position":"center center","background-size":"auto","background-attachment":"scroll","background-type":"","background-media":"","overlay-type":"","overlay-color":"","overlay-opacity":"","overlay-gradient":""}},"ast-content-background-meta":{"desktop":{"background-color":"var(--ast-global-color-5)","background-image":"","background-repeat":"repeat","background-position":"center center","background-size":"auto","background-attachment":"scroll","background-type":"","background-media":"","overlay-type":"","overlay-color":"","overlay-opacity":"","overlay-gradient":""},"tablet":{"background-color":"var(--ast-global-color-5)","background-image":"","background-repeat":"repeat","background-position":"center center","background-size":"auto","background-attachment":"scroll","background-type":"","background-media":"","overlay-type":"","overlay-color":"","overlay-opacity":"","overlay-gradient":""},"mobile":{"background-color":"var(--ast-global-color-5)","background-image":"","background-repeat":"repeat","background-position":"center center","background-size":"auto","background-attachment":"scroll","background-type":"","background-media":"","overlay-type":"","overlay-color":"","overlay-opacity":"","overlay-gradient":""}}},"product_brand":[],"product_cat":[90,338],"product_tag":[34,35,36,895,896,39,92,93,900,901,479],"class_list":{"0":"post-19314","1":"product","2":"type-product","3":"status-publish","4":"has-post-thumbnail","6":"product_cat-elevation-maps","7":"product_cat-featured_eng","8":"product_tag-30x40","9":"product_tag-40x50","10":"product_tag-50x70","11":"product_tag-acores","12":"product_tag-azores","13":"product_tag-canvas","14":"product_tag-elevation-map","15":"product_tag-europe","16":"product_tag-ilha-do-pico","17":"product_tag-pico","18":"product_tag-portugal","19":"desktop-align-left","20":"tablet-align-left","21":"mobile-align-left","23":"first","24":"instock","25":"shipping-taxable","26":"purchasable","27":"product-type-variable"},"aioseo_notices":[],"uagb_featured_image_src":{"full":["https:\/\/mapospheres.eu\/wp-content\/uploads\/2026\/03\/ELEV_CANVAS_1FULLPAGE2_ILHADOPICO.jpg",1000,1000,false],"thumbnail":["https:\/\/mapospheres.eu\/wp-content\/uploads\/2026\/03\/ELEV_CANVAS_1FULLPAGE2_ILHADOPICO-150x150.jpg",150,150,true],"medium":["https:\/\/mapospheres.eu\/wp-content\/uploads\/2026\/03\/ELEV_CANVAS_1FULLPAGE2_ILHADOPICO-300x300.jpg",300,300,true],"medium_large":["https:\/\/mapospheres.eu\/wp-content\/uploads\/2026\/03\/ELEV_CANVAS_1FULLPAGE2_ILHADOPICO-768x768.jpg",768,768,true],"large":["https:\/\/mapospheres.eu\/wp-content\/uploads\/2026\/03\/ELEV_CANVAS_1FULLPAGE2_ILHADOPICO.jpg",1000,1000,false],"1536x1536":["https:\/\/mapospheres.eu\/wp-content\/uploads\/2026\/03\/ELEV_CANVAS_1FULLPAGE2_ILHADOPICO.jpg",1000,1000,false],"2048x2048":["https:\/\/mapospheres.eu\/wp-content\/uploads\/2026\/03\/ELEV_CANVAS_1FULLPAGE2_ILHADOPICO.jpg",1000,1000,false],"woocommerce_thumbnail":["https:\/\/mapospheres.eu\/wp-content\/uploads\/2026\/03\/ELEV_CANVAS_1FULLPAGE2_ILHADOPICO-300x300.jpg",300,300,true],"woocommerce_single":["https:\/\/mapospheres.eu\/wp-content\/uploads\/2026\/03\/ELEV_CANVAS_1FULLPAGE2_ILHADOPICO-600x600.jpg",600,600,true],"woocommerce_gallery_thumbnail":["https:\/\/mapospheres.eu\/wp-content\/uploads\/2026\/03\/ELEV_CANVAS_1FULLPAGE2_ILHADOPICO-100x100.jpg",100,100,true]},"uagb_author_info":{"display_name":"sgainot04@gmail.com","author_link":"https:\/\/mapospheres.eu\/es\/author\/"},"uagb_comment_info":0,"uagb_excerpt":"Consigue este P\u00f3ster impreso del Mapa de Altitud de la Isla del Pico, Azores, como un mapa de pared. \u00a1Puedes seleccionar el tama\u00f1o o el dise\u00f1o de tu mapa!","_links":{"self":[{"href":"https:\/\/mapospheres.eu\/es\/wp-json\/wp\/v2\/product\/19314","targetHints":{"allow":["GET"]}}],"collection":[{"href":"https:\/\/mapospheres.eu\/es\/wp-json\/wp\/v2\/product"}],"about":[{"href":"https:\/\/mapospheres.eu\/es\/wp-json\/wp\/v2\/types\/product"}],"wp:featuredmedia":[{"embeddable":true,"href":"https:\/\/mapospheres.eu\/es\/wp-json\/wp\/v2\/media\/20960"}],"wp:attachment":[{"href":"https:\/\/mapospheres.eu\/es\/wp-json\/wp\/v2\/media?parent=19314"}],"wp:term":[{"taxonomy":"product_brand","embeddable":true,"href":"https:\/\/mapospheres.eu\/es\/wp-json\/wp\/v2\/product_brand?post=19314"},{"taxonomy":"product_cat","embeddable":true,"href":"https:\/\/mapospheres.eu\/es\/wp-json\/wp\/v2\/product_cat?post=19314"},{"taxonomy":"product_tag","embeddable":true,"href":"https:\/\/mapospheres.eu\/es\/wp-json\/wp\/v2\/product_tag?post=19314"}],"curies":[{"name":"wp","href":"https:\/\/api.w.org\/{rel}","templated":true}]}}