{"id":19315,"date":"2026-03-10T14:34:51","date_gmt":"2026-03-10T14:34:51","guid":{"rendered":"https:\/\/mapospheres.eu\/product\/poster-of-gran-canaria-elevation-map\/"},"modified":"2026-03-16T14:41:48","modified_gmt":"2026-03-16T14:41:48","slug":"poster-of-gran-canaria-elevation-map","status":"publish","type":"product","link":"https:\/\/mapospheres.eu\/es\/product\/poster-de-gran-canaria-islas-canarias-mapa-de-altitud\/","title":{"rendered":"Poster de Gran Canaria, Islas Canarias | Mapa de altitud"},"content":{"rendered":"<p><strong>Poster Mapa de altitud de Gran Canaria, Islas Canarias: una armon\u00eda de contrastes donde el sur, seco y dorado por el sol, alberga dunas de arena luminosa, mientras el norte, verde y f\u00e9rtil, despliega bosques y colinas cubiertas de flores que parecen no tener fin.<\/strong><\/p>\n<p>Gran Canaria, a menudo llamada \u201cun continente en miniatura\u201d, es una isla donde la tierra misma susurra mil historias. Desde sus monta\u00f1as que rozan el cielo hasta sus playas doradas, este mapa revela con belleza la extraordinaria topograf\u00eda de la isla, donde cada valle, cada cresta y cada acantilado queda inmortalizado con un detalle profundo y evocador. Con un paisaje tan diverso como su historia, Gran Canaria ofrece un espect\u00e1culo visual inagotable: desde el coraz\u00f3n volc\u00e1nico y salvaje hasta los barrancos verdes del norte, donde la tierra parece latir con ecos ancestrales. En el centro de la isla se alza el imponente Pico de las Nieves, su cumbre m\u00e1s alta, un antiguo volc\u00e1n que vigila el horizonte como un guardi\u00e1n silencioso. Los relieves del mapa resaltan los valles abruptos y los profundos barrancos que surcan la isla, algunos de ellos como trazos esculpidos por la mano misma de la naturaleza. Estos ca\u00f1ones, como el impresionante Barranco de Guayadeque, est\u00e1n impregnados de historia y belleza, ofreciendo una ventana al pasado ind\u00edgena de la isla. Se cuenta que los guanches, sus primeros habitantes, vivieron en cuevas excavadas en estos acantilados, convirtiendo el paisaje en algo m\u00e1s que una maravilla geol\u00f3gica: un verdadero tesoro cultural. El mapa da vida a estos contrastes mediante sombras y relieves que exaltan la belleza salvaje de la isla, donde cada regi\u00f3n posee su propia identidad, y sin embargo, todas laten con el alma de Gran Canaria. Las tierras altas, salpicadas de pinares, son un refugio para los amantes de la naturaleza, mientras que la costa despliega playas tan perfectas que invitan a creer, por un instante, que el para\u00edso es real.<\/p>\n","protected":false},"excerpt":{"rendered":"<p>Consigue este P\u00f3ster impreso del Mapa de Altitud de Gran Canaria, Islas Canarias, como un mapa de pared. \u00a1Puedes seleccionar el tama\u00f1o o el dise\u00f1o de tu mapa!<\/p>\n","protected":false},"featured_media":20952,"template":"","meta":{"_uag_custom_page_level_css":"","_monsterinsights_skip_tracking":false,"_monsterinsights_sitenote_active":false,"_monsterinsights_sitenote_note":"","_monsterinsights_sitenote_category":0,"site-sidebar-layout":"default","site-content-layout":"","ast-site-content-layout":"default","site-content-style":"default","site-sidebar-style":"default","ast-global-header-display":"","ast-banner-title-visibility":"","ast-main-header-display":"","ast-hfb-above-header-display":"","ast-hfb-below-header-display":"","ast-hfb-mobile-header-display":"","site-post-title":"","ast-breadcrumbs-content":"","ast-featured-img":"","footer-sml-layout":"","ast-disable-related-posts":"","theme-transparent-header-meta":"default","adv-header-id-meta":"","stick-header-meta":"","header-above-stick-meta":"","header-main-stick-meta":"","header-below-stick-meta":"","astra-migrate-meta-layouts":"set","ast-page-background-enabled":"default","ast-page-background-meta":{"desktop":{"background-color":"","background-image":"","background-repeat":"repeat","background-position":"center center","background-size":"auto","background-attachment":"scroll","background-type":"","background-media":"","overlay-type":"","overlay-color":"","overlay-opacity":"","overlay-gradient":""},"tablet":{"background-color":"","background-image":"","background-repeat":"repeat","background-position":"center center","background-size":"auto","background-attachment":"scroll","background-type":"","background-media":"","overlay-type":"","overlay-color":"","overlay-opacity":"","overlay-gradient":""},"mobile":{"background-color":"","background-image":"","background-repeat":"repeat","background-position":"center center","background-size":"auto","background-attachment":"scroll","background-type":"","background-media":"","overlay-type":"","overlay-color":"","overlay-opacity":"","overlay-gradient":""}},"ast-content-background-meta":{"desktop":{"background-color":"var(--ast-global-color-5)","background-image":"","background-repeat":"repeat","background-position":"center center","background-size":"auto","background-attachment":"scroll","background-type":"","background-media":"","overlay-type":"","overlay-color":"","overlay-opacity":"","overlay-gradient":""},"tablet":{"background-color":"var(--ast-global-color-5)","background-image":"","background-repeat":"repeat","background-position":"center center","background-size":"auto","background-attachment":"scroll","background-type":"","background-media":"","overlay-type":"","overlay-color":"","overlay-opacity":"","overlay-gradient":""},"mobile":{"background-color":"var(--ast-global-color-5)","background-image":"","background-repeat":"repeat","background-position":"center center","background-size":"auto","background-attachment":"scroll","background-type":"","background-media":"","overlay-type":"","overlay-color":"","overlay-opacity":"","overlay-gradient":""}}},"product_brand":[],"product_cat":[90,465],"product_tag":[34,35,36,888,98,39,92,319,93,899,99],"class_list":{"0":"post-19315","1":"product","2":"type-product","3":"status-publish","4":"has-post-thumbnail","6":"product_cat-elevation-maps","7":"product_cat-featured_esp","8":"product_tag-30x40","9":"product_tag-40x50","10":"product_tag-50x70","11":"product_tag-canarias","12":"product_tag-canary","13":"product_tag-canvas","14":"product_tag-elevation-map","15":"product_tag-espana","16":"product_tag-europe","17":"product_tag-gran-canaria","18":"product_tag-spain","19":"desktop-align-left","20":"tablet-align-left","21":"mobile-align-left","23":"first","24":"instock","25":"shipping-taxable","26":"purchasable","27":"product-type-variable"},"aioseo_notices":[],"uagb_featured_image_src":{"full":["https:\/\/mapospheres.eu\/wp-content\/uploads\/2026\/03\/ELEV_CANVAS_1FULLPAGE_GRANCANARIA.jpg",1000,1000,false],"thumbnail":["https:\/\/mapospheres.eu\/wp-content\/uploads\/2026\/03\/ELEV_CANVAS_1FULLPAGE_GRANCANARIA-150x150.jpg",150,150,true],"medium":["https:\/\/mapospheres.eu\/wp-content\/uploads\/2026\/03\/ELEV_CANVAS_1FULLPAGE_GRANCANARIA-300x300.jpg",300,300,true],"medium_large":["https:\/\/mapospheres.eu\/wp-content\/uploads\/2026\/03\/ELEV_CANVAS_1FULLPAGE_GRANCANARIA-768x768.jpg",768,768,true],"large":["https:\/\/mapospheres.eu\/wp-content\/uploads\/2026\/03\/ELEV_CANVAS_1FULLPAGE_GRANCANARIA.jpg",1000,1000,false],"1536x1536":["https:\/\/mapospheres.eu\/wp-content\/uploads\/2026\/03\/ELEV_CANVAS_1FULLPAGE_GRANCANARIA.jpg",1000,1000,false],"2048x2048":["https:\/\/mapospheres.eu\/wp-content\/uploads\/2026\/03\/ELEV_CANVAS_1FULLPAGE_GRANCANARIA.jpg",1000,1000,false],"woocommerce_thumbnail":["https:\/\/mapospheres.eu\/wp-content\/uploads\/2026\/03\/ELEV_CANVAS_1FULLPAGE_GRANCANARIA-300x300.jpg",300,300,true],"woocommerce_single":["https:\/\/mapospheres.eu\/wp-content\/uploads\/2026\/03\/ELEV_CANVAS_1FULLPAGE_GRANCANARIA-600x600.jpg",600,600,true],"woocommerce_gallery_thumbnail":["https:\/\/mapospheres.eu\/wp-content\/uploads\/2026\/03\/ELEV_CANVAS_1FULLPAGE_GRANCANARIA-100x100.jpg",100,100,true]},"uagb_author_info":{"display_name":"sgainot04@gmail.com","author_link":"https:\/\/mapospheres.eu\/es\/author\/"},"uagb_comment_info":0,"uagb_excerpt":"Consigue este P\u00f3ster impreso del Mapa de Altitud de Gran Canaria, Islas Canarias, como un mapa de pared. \u00a1Puedes seleccionar el tama\u00f1o o el dise\u00f1o de tu mapa!","_links":{"self":[{"href":"https:\/\/mapospheres.eu\/es\/wp-json\/wp\/v2\/product\/19315","targetHints":{"allow":["GET"]}}],"collection":[{"href":"https:\/\/mapospheres.eu\/es\/wp-json\/wp\/v2\/product"}],"about":[{"href":"https:\/\/mapospheres.eu\/es\/wp-json\/wp\/v2\/types\/product"}],"wp:featuredmedia":[{"embeddable":true,"href":"https:\/\/mapospheres.eu\/es\/wp-json\/wp\/v2\/media\/20952"}],"wp:attachment":[{"href":"https:\/\/mapospheres.eu\/es\/wp-json\/wp\/v2\/media?parent=19315"}],"wp:term":[{"taxonomy":"product_brand","embeddable":true,"href":"https:\/\/mapospheres.eu\/es\/wp-json\/wp\/v2\/product_brand?post=19315"},{"taxonomy":"product_cat","embeddable":true,"href":"https:\/\/mapospheres.eu\/es\/wp-json\/wp\/v2\/product_cat?post=19315"},{"taxonomy":"product_tag","embeddable":true,"href":"https:\/\/mapospheres.eu\/es\/wp-json\/wp\/v2\/product_tag?post=19315"}],"curies":[{"name":"wp","href":"https:\/\/api.w.org\/{rel}","templated":true}]}}