{"id":19316,"date":"2026-03-10T14:34:53","date_gmt":"2026-03-10T14:34:53","guid":{"rendered":"https:\/\/mapospheres.eu\/product\/poster-of-tenerife-canary-islands-elevation-map\/"},"modified":"2026-03-16T14:42:52","modified_gmt":"2026-03-16T14:42:52","slug":"poster-of-tenerife-canary-islands-elevation-map","status":"publish","type":"product","link":"https:\/\/mapospheres.eu\/es\/product\/poster-de-tenerife-islas-canarias-mapa-de-altitud\/","title":{"rendered":"Poster de Tenerife, Islas Canarias | Mapa de altitud"},"content":{"rendered":"<p><strong>Poster Mapa de altitud de Tenerife, Islas Canarias: un recordatorio del paisaje siempre cambiante de la isla, de sus tesoros ocultos y del largo legado de exploradores, reales y m\u00edticos, que han recorrido sus caminos.<\/strong><\/p>\n<p>Tenerife, la mayor de las Islas Canarias, es un lugar donde la grandeza de la naturaleza se entrelaza con siglos de historia, y este mapa lo captura todo con un exquisito detalle topogr\u00e1fico. Dominada por el majestuoso Teide, la cumbre m\u00e1s alta de Espa\u00f1a y uno de los volcanes m\u00e1s impresionantes del mundo, la isla ofrece un paisaje que inspira asombro y respeto. El mapa resalta las laderas imponentes del Teide, que se elevan desde el coraz\u00f3n de la isla como un gigante dormido, rodeado por las crestas abruptas y los profundos barrancos del Parque Nacional del Teide. Los cr\u00e1teres volc\u00e1nicos y los r\u00edos de lava que marcan la superficie insular son testigos de su origen ardiente, con formas tan singulares que parecen surgidas de un mundo imaginario. Pero la belleza de Tenerife no se limita a sus monta\u00f1as: sus paisajes se despliegan desde los bosques h\u00famedos y brumosos del macizo de Anaga, en el norte, hasta las playas ba\u00f1adas por el sol y los animados enclaves del sur. Los relieves del mapa revelan estos contrastes intensos, donde la vegetaci\u00f3n densa y salvaje se encuentra con terrenos volc\u00e1nicos \u00e1ridos. Los bosques de laurisilva de Anaga, con sus \u00e1rboles retorcidos y sus ma\u00f1anas envueltas en niebla, figuran entre los m\u00e1s antiguos y m\u00e1gicos de Europa, mientras que las llanuras volc\u00e1nicas del Parque Nacional del Teide se extienden como un paisaje lunar. En la costa, acantilados y calas \u2014como los c\u00e9lebres Los Gigantes\u2014 se alzan sobre el oc\u00e9ano como si hubieran sido esculpidos por titanes. Pueblos y peque\u00f1as ciudades salpican el mapa, cada uno con su propio encanto y sus historias. Santa Cruz, la vibrante capital, combina modernidad y tradici\u00f3n con elegancia, entre plazas amplias, playas luminosas y referentes culturales como el Auditorio de Tenerife, cuya silueta, semejante a una vela, se eleva como un emblema sobre el horizonte urbano.<\/p>\n","protected":false},"excerpt":{"rendered":"<p>Consigue este P\u00f3ster impreso del Mapa de Altitud de Tenerife, Islas Canarias, como un mapa de pared. \u00a1Puedes seleccionar el tama\u00f1o o el dise\u00f1o de tu mapa!<\/p>\n","protected":false},"featured_media":20945,"template":"","meta":{"_uag_custom_page_level_css":"","_monsterinsights_skip_tracking":false,"_monsterinsights_sitenote_active":false,"_monsterinsights_sitenote_note":"","_monsterinsights_sitenote_category":0,"site-sidebar-layout":"default","site-content-layout":"","ast-site-content-layout":"default","site-content-style":"default","site-sidebar-style":"default","ast-global-header-display":"","ast-banner-title-visibility":"","ast-main-header-display":"","ast-hfb-above-header-display":"","ast-hfb-below-header-display":"","ast-hfb-mobile-header-display":"","site-post-title":"","ast-breadcrumbs-content":"","ast-featured-img":"","footer-sml-layout":"","ast-disable-related-posts":"","theme-transparent-header-meta":"default","adv-header-id-meta":"","stick-header-meta":"","header-above-stick-meta":"","header-main-stick-meta":"","header-below-stick-meta":"","astra-migrate-meta-layouts":"set","ast-page-background-enabled":"default","ast-page-background-meta":{"desktop":{"background-color":"","background-image":"","background-repeat":"repeat","background-position":"center center","background-size":"auto","background-attachment":"scroll","background-type":"","background-media":"","overlay-type":"","overlay-color":"","overlay-opacity":"","overlay-gradient":""},"tablet":{"background-color":"","background-image":"","background-repeat":"repeat","background-position":"center center","background-size":"auto","background-attachment":"scroll","background-type":"","background-media":"","overlay-type":"","overlay-color":"","overlay-opacity":"","overlay-gradient":""},"mobile":{"background-color":"","background-image":"","background-repeat":"repeat","background-position":"center center","background-size":"auto","background-attachment":"scroll","background-type":"","background-media":"","overlay-type":"","overlay-color":"","overlay-opacity":"","overlay-gradient":""}},"ast-content-background-meta":{"desktop":{"background-color":"var(--ast-global-color-5)","background-image":"","background-repeat":"repeat","background-position":"center center","background-size":"auto","background-attachment":"scroll","background-type":"","background-media":"","overlay-type":"","overlay-color":"","overlay-opacity":"","overlay-gradient":""},"tablet":{"background-color":"var(--ast-global-color-5)","background-image":"","background-repeat":"repeat","background-position":"center center","background-size":"auto","background-attachment":"scroll","background-type":"","background-media":"","overlay-type":"","overlay-color":"","overlay-opacity":"","overlay-gradient":""},"mobile":{"background-color":"var(--ast-global-color-5)","background-image":"","background-repeat":"repeat","background-position":"center center","background-size":"auto","background-attachment":"scroll","background-type":"","background-media":"","overlay-type":"","overlay-color":"","overlay-opacity":"","overlay-gradient":""}}},"product_brand":[],"product_cat":[90,338,465],"product_tag":[34,35,36,888,98,39,92,319,93,99,889],"class_list":{"0":"post-19316","1":"product","2":"type-product","3":"status-publish","4":"has-post-thumbnail","6":"product_cat-elevation-maps","7":"product_cat-featured_eng","8":"product_cat-featured_esp","9":"product_tag-30x40","10":"product_tag-40x50","11":"product_tag-50x70","12":"product_tag-canarias","13":"product_tag-canary","14":"product_tag-canvas","15":"product_tag-elevation-map","16":"product_tag-espana","17":"product_tag-europe","18":"product_tag-spain","19":"product_tag-tenerife","20":"desktop-align-left","21":"tablet-align-left","22":"mobile-align-left","24":"first","25":"instock","26":"shipping-taxable","27":"product-type-variable"},"aioseo_notices":[],"uagb_featured_image_src":{"full":["https:\/\/mapospheres.eu\/wp-content\/uploads\/2026\/03\/ELEV_CANVAS_1FULLPAGE_TENERIFE.jpg",1000,1000,false],"thumbnail":["https:\/\/mapospheres.eu\/wp-content\/uploads\/2026\/03\/ELEV_CANVAS_1FULLPAGE_TENERIFE-150x150.jpg",150,150,true],"medium":["https:\/\/mapospheres.eu\/wp-content\/uploads\/2026\/03\/ELEV_CANVAS_1FULLPAGE_TENERIFE-300x300.jpg",300,300,true],"medium_large":["https:\/\/mapospheres.eu\/wp-content\/uploads\/2026\/03\/ELEV_CANVAS_1FULLPAGE_TENERIFE-768x768.jpg",768,768,true],"large":["https:\/\/mapospheres.eu\/wp-content\/uploads\/2026\/03\/ELEV_CANVAS_1FULLPAGE_TENERIFE.jpg",1000,1000,false],"1536x1536":["https:\/\/mapospheres.eu\/wp-content\/uploads\/2026\/03\/ELEV_CANVAS_1FULLPAGE_TENERIFE.jpg",1000,1000,false],"2048x2048":["https:\/\/mapospheres.eu\/wp-content\/uploads\/2026\/03\/ELEV_CANVAS_1FULLPAGE_TENERIFE.jpg",1000,1000,false],"woocommerce_thumbnail":["https:\/\/mapospheres.eu\/wp-content\/uploads\/2026\/03\/ELEV_CANVAS_1FULLPAGE_TENERIFE-300x300.jpg",300,300,true],"woocommerce_single":["https:\/\/mapospheres.eu\/wp-content\/uploads\/2026\/03\/ELEV_CANVAS_1FULLPAGE_TENERIFE-600x600.jpg",600,600,true],"woocommerce_gallery_thumbnail":["https:\/\/mapospheres.eu\/wp-content\/uploads\/2026\/03\/ELEV_CANVAS_1FULLPAGE_TENERIFE-100x100.jpg",100,100,true]},"uagb_author_info":{"display_name":"sgainot04@gmail.com","author_link":"https:\/\/mapospheres.eu\/es\/author\/"},"uagb_comment_info":0,"uagb_excerpt":"Consigue este P\u00f3ster impreso del Mapa de Altitud de Tenerife, Islas Canarias, como un mapa de pared. \u00a1Puedes seleccionar el tama\u00f1o o el dise\u00f1o de tu mapa!","_links":{"self":[{"href":"https:\/\/mapospheres.eu\/es\/wp-json\/wp\/v2\/product\/19316","targetHints":{"allow":["GET"]}}],"collection":[{"href":"https:\/\/mapospheres.eu\/es\/wp-json\/wp\/v2\/product"}],"about":[{"href":"https:\/\/mapospheres.eu\/es\/wp-json\/wp\/v2\/types\/product"}],"wp:featuredmedia":[{"embeddable":true,"href":"https:\/\/mapospheres.eu\/es\/wp-json\/wp\/v2\/media\/20945"}],"wp:attachment":[{"href":"https:\/\/mapospheres.eu\/es\/wp-json\/wp\/v2\/media?parent=19316"}],"wp:term":[{"taxonomy":"product_brand","embeddable":true,"href":"https:\/\/mapospheres.eu\/es\/wp-json\/wp\/v2\/product_brand?post=19316"},{"taxonomy":"product_cat","embeddable":true,"href":"https:\/\/mapospheres.eu\/es\/wp-json\/wp\/v2\/product_cat?post=19316"},{"taxonomy":"product_tag","embeddable":true,"href":"https:\/\/mapospheres.eu\/es\/wp-json\/wp\/v2\/product_tag?post=19316"}],"curies":[{"name":"wp","href":"https:\/\/api.w.org\/{rel}","templated":true}]}}