{"id":19317,"date":"2026-03-10T14:34:55","date_gmt":"2026-03-10T14:34:55","guid":{"rendered":"https:\/\/mapospheres.eu\/product\/poster-of-la-palma-canary-islands-elevation-map\/"},"modified":"2026-03-16T14:42:16","modified_gmt":"2026-03-16T14:42:16","slug":"poster-of-la-palma-canary-islands-elevation-map","status":"publish","type":"product","link":"https:\/\/mapospheres.eu\/es\/product\/poster-de-la-palma-islas-canarias-mapa-de-altitud\/","title":{"rendered":"Poster de La Palma, Islas Canarias | Mapa de altitud"},"content":{"rendered":"<p><strong>Poster Mapa de altitud de La Palma, Islas Canarias: su topograf\u00eda dram\u00e1tica confiere a la isla una cualidad atemporal, como si permaneciera intacta frente al paso del mundo moderno\u2014perfecta para quienes anhelan escapar a un lugar donde solo las nubes y alg\u00fan caminante intr\u00e9pido rompen el silencio del tiempo.<\/strong><\/p>\n<p>La Palma, conocida como \u00abLa Isla Bonita\u00bb, despliega sus afilados picos volc\u00e1nicos, sus bosques intensamente verdes y los profundos valles esculpidos a lo largo de milenios por la mano paciente de la naturaleza. En el coraz\u00f3n de la isla se alza la imponente Caldera de Taburiente, un cr\u00e1ter volc\u00e1nico de tal magnitud que parece abrazar el cielo en su interior. Desde el borde de la caldera, el mapa revela laderas vertiginosas que descienden hacia el valle, donde los arroyos serpentean entre frondosos bosques que han otorgado a La Palma el t\u00edtulo de una de las islas m\u00e1s verdes de Europa. El detalle topogr\u00e1fico resalta estos espacios exuberantes, desde los bosques de pinos de la Cumbrecita hasta las frescas y brumosas selvas del norte, donde los antiguos laureles parecen susurrar memorias de tiempos olvidados. La costa, igualmente fascinante, cuenta otra historia: acantilados que se precipitan hacia el azul profundo del oc\u00e9ano Atl\u00e1ntico, salpicados de playas escondidas y peque\u00f1os pueblos pesqueros que reposan junto al mar. La isla tambi\u00e9n guarda una rica historia, escrita en las villas y aldeas que aparecen en el mapa. Santa Cruz de La Palma, su capital, deslumbra con sus calles estrechas y sus edificios de herencia colonial, mientras que la emblem\u00e1tica Plaza de Espa\u00f1a ofrece un remanso de calma donde el pasado a\u00fan respira. El mapa tambi\u00e9n se\u00f1ala el c\u00e9lebre Observatorio del Roque de los Muchachos, encaramado en lo m\u00e1s alto de la isla, un lugar donde los cient\u00edficos contemplan las estrellas, como si el paisaje de La Palma fuese una puerta abierta hacia el universo.<\/p>\n","protected":false},"excerpt":{"rendered":"<p>Consigue este P\u00f3ster impreso del Mapa de Altitud de La Palma, Islas Canarias, como un mapa de pared. \u00a1Puedes seleccionar el tama\u00f1o o el dise\u00f1o de tu mapa!<\/p>\n","protected":false},"featured_media":20938,"template":"","meta":{"_uag_custom_page_level_css":"","_monsterinsights_skip_tracking":false,"_monsterinsights_sitenote_active":false,"_monsterinsights_sitenote_note":"","_monsterinsights_sitenote_category":0,"site-sidebar-layout":"default","site-content-layout":"","ast-site-content-layout":"default","site-content-style":"default","site-sidebar-style":"default","ast-global-header-display":"","ast-banner-title-visibility":"","ast-main-header-display":"","ast-hfb-above-header-display":"","ast-hfb-below-header-display":"","ast-hfb-mobile-header-display":"","site-post-title":"","ast-breadcrumbs-content":"","ast-featured-img":"","footer-sml-layout":"","ast-disable-related-posts":"","theme-transparent-header-meta":"default","adv-header-id-meta":"","stick-header-meta":"","header-above-stick-meta":"","header-main-stick-meta":"","header-below-stick-meta":"","astra-migrate-meta-layouts":"set","ast-page-background-enabled":"default","ast-page-background-meta":{"desktop":{"background-color":"","background-image":"","background-repeat":"repeat","background-position":"center center","background-size":"auto","background-attachment":"scroll","background-type":"","background-media":"","overlay-type":"","overlay-color":"","overlay-opacity":"","overlay-gradient":""},"tablet":{"background-color":"","background-image":"","background-repeat":"repeat","background-position":"center center","background-size":"auto","background-attachment":"scroll","background-type":"","background-media":"","overlay-type":"","overlay-color":"","overlay-opacity":"","overlay-gradient":""},"mobile":{"background-color":"","background-image":"","background-repeat":"repeat","background-position":"center center","background-size":"auto","background-attachment":"scroll","background-type":"","background-media":"","overlay-type":"","overlay-color":"","overlay-opacity":"","overlay-gradient":""}},"ast-content-background-meta":{"desktop":{"background-color":"var(--ast-global-color-5)","background-image":"","background-repeat":"repeat","background-position":"center center","background-size":"auto","background-attachment":"scroll","background-type":"","background-media":"","overlay-type":"","overlay-color":"","overlay-opacity":"","overlay-gradient":""},"tablet":{"background-color":"var(--ast-global-color-5)","background-image":"","background-repeat":"repeat","background-position":"center center","background-size":"auto","background-attachment":"scroll","background-type":"","background-media":"","overlay-type":"","overlay-color":"","overlay-opacity":"","overlay-gradient":""},"mobile":{"background-color":"var(--ast-global-color-5)","background-image":"","background-repeat":"repeat","background-position":"center center","background-size":"auto","background-attachment":"scroll","background-type":"","background-media":"","overlay-type":"","overlay-color":"","overlay-opacity":"","overlay-gradient":""}}},"product_brand":[],"product_cat":[90,465],"product_tag":[34,35,36,888,98,39,92,319,93,898,99],"class_list":{"0":"post-19317","1":"product","2":"type-product","3":"status-publish","4":"has-post-thumbnail","6":"product_cat-elevation-maps","7":"product_cat-featured_esp","8":"product_tag-30x40","9":"product_tag-40x50","10":"product_tag-50x70","11":"product_tag-canarias","12":"product_tag-canary","13":"product_tag-canvas","14":"product_tag-elevation-map","15":"product_tag-espana","16":"product_tag-europe","17":"product_tag-la-palma","18":"product_tag-spain","19":"desktop-align-left","20":"tablet-align-left","21":"mobile-align-left","23":"first","24":"instock","25":"shipping-taxable","26":"purchasable","27":"product-type-variable"},"aioseo_notices":[],"uagb_featured_image_src":{"full":["https:\/\/mapospheres.eu\/wp-content\/uploads\/2026\/03\/ELEV_CANVAS_1FULLPAGE_LAPALMA.jpg",1000,1000,false],"thumbnail":["https:\/\/mapospheres.eu\/wp-content\/uploads\/2026\/03\/ELEV_CANVAS_1FULLPAGE_LAPALMA-150x150.jpg",150,150,true],"medium":["https:\/\/mapospheres.eu\/wp-content\/uploads\/2026\/03\/ELEV_CANVAS_1FULLPAGE_LAPALMA-300x300.jpg",300,300,true],"medium_large":["https:\/\/mapospheres.eu\/wp-content\/uploads\/2026\/03\/ELEV_CANVAS_1FULLPAGE_LAPALMA-768x768.jpg",768,768,true],"large":["https:\/\/mapospheres.eu\/wp-content\/uploads\/2026\/03\/ELEV_CANVAS_1FULLPAGE_LAPALMA.jpg",1000,1000,false],"1536x1536":["https:\/\/mapospheres.eu\/wp-content\/uploads\/2026\/03\/ELEV_CANVAS_1FULLPAGE_LAPALMA.jpg",1000,1000,false],"2048x2048":["https:\/\/mapospheres.eu\/wp-content\/uploads\/2026\/03\/ELEV_CANVAS_1FULLPAGE_LAPALMA.jpg",1000,1000,false],"woocommerce_thumbnail":["https:\/\/mapospheres.eu\/wp-content\/uploads\/2026\/03\/ELEV_CANVAS_1FULLPAGE_LAPALMA-300x300.jpg",300,300,true],"woocommerce_single":["https:\/\/mapospheres.eu\/wp-content\/uploads\/2026\/03\/ELEV_CANVAS_1FULLPAGE_LAPALMA-600x600.jpg",600,600,true],"woocommerce_gallery_thumbnail":["https:\/\/mapospheres.eu\/wp-content\/uploads\/2026\/03\/ELEV_CANVAS_1FULLPAGE_LAPALMA-100x100.jpg",100,100,true]},"uagb_author_info":{"display_name":"sgainot04@gmail.com","author_link":"https:\/\/mapospheres.eu\/es\/author\/"},"uagb_comment_info":0,"uagb_excerpt":"Consigue este P\u00f3ster impreso del Mapa de Altitud de La Palma, Islas Canarias, como un mapa de pared. \u00a1Puedes seleccionar el tama\u00f1o o el dise\u00f1o de tu mapa!","_links":{"self":[{"href":"https:\/\/mapospheres.eu\/es\/wp-json\/wp\/v2\/product\/19317","targetHints":{"allow":["GET"]}}],"collection":[{"href":"https:\/\/mapospheres.eu\/es\/wp-json\/wp\/v2\/product"}],"about":[{"href":"https:\/\/mapospheres.eu\/es\/wp-json\/wp\/v2\/types\/product"}],"wp:featuredmedia":[{"embeddable":true,"href":"https:\/\/mapospheres.eu\/es\/wp-json\/wp\/v2\/media\/20938"}],"wp:attachment":[{"href":"https:\/\/mapospheres.eu\/es\/wp-json\/wp\/v2\/media?parent=19317"}],"wp:term":[{"taxonomy":"product_brand","embeddable":true,"href":"https:\/\/mapospheres.eu\/es\/wp-json\/wp\/v2\/product_brand?post=19317"},{"taxonomy":"product_cat","embeddable":true,"href":"https:\/\/mapospheres.eu\/es\/wp-json\/wp\/v2\/product_cat?post=19317"},{"taxonomy":"product_tag","embeddable":true,"href":"https:\/\/mapospheres.eu\/es\/wp-json\/wp\/v2\/product_tag?post=19317"}],"curies":[{"name":"wp","href":"https:\/\/api.w.org\/{rel}","templated":true}]}}