{"id":19318,"date":"2026-03-10T14:34:57","date_gmt":"2026-03-10T14:34:57","guid":{"rendered":"https:\/\/mapospheres.eu\/product\/poster-of-sao-jorge-azores-elevation-map\/"},"modified":"2026-03-16T14:42:38","modified_gmt":"2026-03-16T14:42:38","slug":"poster-of-sao-jorge-azores-elevation-map","status":"publish","type":"product","link":"https:\/\/mapospheres.eu\/es\/product\/poster-de-sao-jorge-azores-mapa-de-altitud\/","title":{"rendered":"Poster de S\u00e3o Jorge, Azores | Mapa de altitud"},"content":{"rendered":"<p><strong>Poster Mapa de altitud de S\u00e3o Jorge, Azores: este mapa captura la belleza ind\u00f3mita de la isla con un rico detalle topogr\u00e1fico, ofreciendo una visi\u00f3n del terreno que es a la vez art\u00edstica y reveladora.<\/strong><\/p>\n<p>Enclavada en el coraz\u00f3n de las Azores, S\u00e3o Jorge es una isla que parece arrancada de un libro de cuentos, con sus acantilados imponentes, sus paisajes exuberantes y la danza eterna del oc\u00e9ano abrazando sus costas. Desde sus monta\u00f1as volc\u00e1nicas que se elevan hacia el cielo hasta sus valles serenos, la geograf\u00eda de S\u00e3o Jorge es pura intensidad y poes\u00eda. El mapa revela las singulares \u00abfaj\u00e3s\u00bb de la isla \u2014esas mesetas costeras f\u00e9rtiles nacidas de antiguos flujos de lava\u2014 donde generaciones de habitantes han cultivado la tierra en escenas tan hermosas que invitan a perderse en ellas. Colinas ondulantes y valles profundos se cubren de bosques densos y verdes, y el dise\u00f1o del mapa juega con sombras y relieves para resaltar el esplendor natural de S\u00e3o Jorge, desde gargantas profundas hasta praderas apacibles. Picos majestuosos, como el Pico da Esperan\u00e7a, parecen rozar el cielo, mientras que la costa escarpada promete cuevas ocultas y playas secretas reservadas para los m\u00e1s intr\u00e9pidos. Lugares emblem\u00e1ticos como la Iglesia de Santa B\u00e1rbara, con sus muros encalados destacando entre el verde intenso, o la imponente fortaleza del Forte de S\u00e3o Jo\u00e3o Baptista, evocan los ecos de un pasado lleno de historias.<\/p>\n","protected":false},"excerpt":{"rendered":"<p>Consigue este P\u00f3ster impreso del Mapa de Altitud de S\u00e3o Jorge, Azores, como un mapa de pared. \u00a1Puedes seleccionar el tama\u00f1o o el dise\u00f1o de tu mapa!<\/p>\n","protected":false},"featured_media":20932,"template":"","meta":{"_uag_custom_page_level_css":"","_monsterinsights_skip_tracking":false,"_monsterinsights_sitenote_active":false,"_monsterinsights_sitenote_note":"","_monsterinsights_sitenote_category":0,"site-sidebar-layout":"default","site-content-layout":"","ast-site-content-layout":"default","site-content-style":"default","site-sidebar-style":"default","ast-global-header-display":"","ast-banner-title-visibility":"","ast-main-header-display":"","ast-hfb-above-header-display":"","ast-hfb-below-header-display":"","ast-hfb-mobile-header-display":"","site-post-title":"","ast-breadcrumbs-content":"","ast-featured-img":"","footer-sml-layout":"","ast-disable-related-posts":"","theme-transparent-header-meta":"default","adv-header-id-meta":"","stick-header-meta":"","header-above-stick-meta":"","header-main-stick-meta":"","header-below-stick-meta":"","astra-migrate-meta-layouts":"set","ast-page-background-enabled":"default","ast-page-background-meta":{"desktop":{"background-color":"","background-image":"","background-repeat":"repeat","background-position":"center center","background-size":"auto","background-attachment":"scroll","background-type":"","background-media":"","overlay-type":"","overlay-color":"","overlay-opacity":"","overlay-gradient":""},"tablet":{"background-color":"","background-image":"","background-repeat":"repeat","background-position":"center center","background-size":"auto","background-attachment":"scroll","background-type":"","background-media":"","overlay-type":"","overlay-color":"","overlay-opacity":"","overlay-gradient":""},"mobile":{"background-color":"","background-image":"","background-repeat":"repeat","background-position":"center center","background-size":"auto","background-attachment":"scroll","background-type":"","background-media":"","overlay-type":"","overlay-color":"","overlay-opacity":"","overlay-gradient":""}},"ast-content-background-meta":{"desktop":{"background-color":"var(--ast-global-color-5)","background-image":"","background-repeat":"repeat","background-position":"center center","background-size":"auto","background-attachment":"scroll","background-type":"","background-media":"","overlay-type":"","overlay-color":"","overlay-opacity":"","overlay-gradient":""},"tablet":{"background-color":"var(--ast-global-color-5)","background-image":"","background-repeat":"repeat","background-position":"center center","background-size":"auto","background-attachment":"scroll","background-type":"","background-media":"","overlay-type":"","overlay-color":"","overlay-opacity":"","overlay-gradient":""},"mobile":{"background-color":"var(--ast-global-color-5)","background-image":"","background-repeat":"repeat","background-position":"center center","background-size":"auto","background-attachment":"scroll","background-type":"","background-media":"","overlay-type":"","overlay-color":"","overlay-opacity":"","overlay-gradient":""}}},"product_brand":[],"product_cat":[90],"product_tag":[34,35,36,895,896,39,92,93,479,897],"class_list":{"0":"post-19318","1":"product","2":"type-product","3":"status-publish","4":"has-post-thumbnail","6":"product_cat-elevation-maps","7":"product_tag-30x40","8":"product_tag-40x50","9":"product_tag-50x70","10":"product_tag-acores","11":"product_tag-azores","12":"product_tag-canvas","13":"product_tag-elevation-map","14":"product_tag-europe","15":"product_tag-portugal","16":"product_tag-sao-jorge","17":"desktop-align-left","18":"tablet-align-left","19":"mobile-align-left","21":"first","22":"instock","23":"shipping-taxable","24":"purchasable","25":"product-type-variable"},"aioseo_notices":[],"uagb_featured_image_src":{"full":["https:\/\/mapospheres.eu\/wp-content\/uploads\/2026\/03\/ELEV_CANVAS_1FULLPAGE2_SAOJORGE.jpg",1000,1000,false],"thumbnail":["https:\/\/mapospheres.eu\/wp-content\/uploads\/2026\/03\/ELEV_CANVAS_1FULLPAGE2_SAOJORGE-150x150.jpg",150,150,true],"medium":["https:\/\/mapospheres.eu\/wp-content\/uploads\/2026\/03\/ELEV_CANVAS_1FULLPAGE2_SAOJORGE-300x300.jpg",300,300,true],"medium_large":["https:\/\/mapospheres.eu\/wp-content\/uploads\/2026\/03\/ELEV_CANVAS_1FULLPAGE2_SAOJORGE-768x768.jpg",768,768,true],"large":["https:\/\/mapospheres.eu\/wp-content\/uploads\/2026\/03\/ELEV_CANVAS_1FULLPAGE2_SAOJORGE.jpg",1000,1000,false],"1536x1536":["https:\/\/mapospheres.eu\/wp-content\/uploads\/2026\/03\/ELEV_CANVAS_1FULLPAGE2_SAOJORGE.jpg",1000,1000,false],"2048x2048":["https:\/\/mapospheres.eu\/wp-content\/uploads\/2026\/03\/ELEV_CANVAS_1FULLPAGE2_SAOJORGE.jpg",1000,1000,false],"woocommerce_thumbnail":["https:\/\/mapospheres.eu\/wp-content\/uploads\/2026\/03\/ELEV_CANVAS_1FULLPAGE2_SAOJORGE-300x300.jpg",300,300,true],"woocommerce_single":["https:\/\/mapospheres.eu\/wp-content\/uploads\/2026\/03\/ELEV_CANVAS_1FULLPAGE2_SAOJORGE-600x600.jpg",600,600,true],"woocommerce_gallery_thumbnail":["https:\/\/mapospheres.eu\/wp-content\/uploads\/2026\/03\/ELEV_CANVAS_1FULLPAGE2_SAOJORGE-100x100.jpg",100,100,true]},"uagb_author_info":{"display_name":"sgainot04@gmail.com","author_link":"https:\/\/mapospheres.eu\/es\/author\/"},"uagb_comment_info":0,"uagb_excerpt":"Consigue este P\u00f3ster impreso del Mapa de Altitud de S\u00e3o Jorge, Azores, como un mapa de pared. \u00a1Puedes seleccionar el tama\u00f1o o el dise\u00f1o de tu mapa!","_links":{"self":[{"href":"https:\/\/mapospheres.eu\/es\/wp-json\/wp\/v2\/product\/19318","targetHints":{"allow":["GET"]}}],"collection":[{"href":"https:\/\/mapospheres.eu\/es\/wp-json\/wp\/v2\/product"}],"about":[{"href":"https:\/\/mapospheres.eu\/es\/wp-json\/wp\/v2\/types\/product"}],"wp:featuredmedia":[{"embeddable":true,"href":"https:\/\/mapospheres.eu\/es\/wp-json\/wp\/v2\/media\/20932"}],"wp:attachment":[{"href":"https:\/\/mapospheres.eu\/es\/wp-json\/wp\/v2\/media?parent=19318"}],"wp:term":[{"taxonomy":"product_brand","embeddable":true,"href":"https:\/\/mapospheres.eu\/es\/wp-json\/wp\/v2\/product_brand?post=19318"},{"taxonomy":"product_cat","embeddable":true,"href":"https:\/\/mapospheres.eu\/es\/wp-json\/wp\/v2\/product_cat?post=19318"},{"taxonomy":"product_tag","embeddable":true,"href":"https:\/\/mapospheres.eu\/es\/wp-json\/wp\/v2\/product_tag?post=19318"}],"curies":[{"name":"wp","href":"https:\/\/api.w.org\/{rel}","templated":true}]}}