{"id":19319,"date":"2026-03-10T14:34:58","date_gmt":"2026-03-10T14:34:58","guid":{"rendered":"https:\/\/mapospheres.eu\/product\/poster-of-madeira-portugal-elevation-map\/"},"modified":"2026-03-16T14:42:20","modified_gmt":"2026-03-16T14:42:20","slug":"poster-of-madeira-portugal-elevation-map","status":"publish","type":"product","link":"https:\/\/mapospheres.eu\/es\/product\/poster-de-madeira-portugal-mapa-de-altitud\/","title":{"rendered":"Poster de Madeira Portugal | Mapa de Altitud"},"content":{"rendered":"<p><strong>Poster Mapa de Altitud de Madeira, Portugal: una isla de leyendas, donde las historias de los primeros exploradores se encuentran con las aventuras de los viajeros modernos en sus senderos escarpados.<\/strong><\/p>\n<p>Madeira, conocida como la \u00ab Isla de la Primavera Eterna \u00bb, es una tierra de contrastes fascinantes: monta\u00f1as majestuosas que se lanzan al oc\u00e9ano y bosques exuberantes que terminan en acantilados impresionantes. El mapa de la ciudad de Madeira ofrece un viaje visual cautivador, revelando cada rinc\u00f3n de esta isla extraordinaria. El Pico Ruivo, la cumbre m\u00e1s alta de la isla, se eleva orgullosamente a 1.862 metros, a menudo envuelto en niebla y ofreciendo panoramas que quitan el aliento sobre los valles verdes y las crestas escarpadas. El mapa sigue con elegancia los senderos sinuosos que llevan a esta cima m\u00edtica, ilustrando la ascensi\u00f3n dram\u00e1tica de la isla desde el mar. Alrededor, el terreno se despliega en colinas abruptas y profundos barrancos, llamados ribeiras, aut\u00e9nticas arterias naturales donde prospera la exuberante vegetaci\u00f3n, haciendo de Madeira un tesoro de biodiversidad. El emblem\u00e1tico bosque de Laurisilva, Patrimonio de la Humanidad por la UNESCO, aparece en el mapa como un tapiz de verde esmeralda que cubre las monta\u00f1as, un mundo encantado de musgo y senderos sinuosos digno de un cuento de hadas. El mapa tambi\u00e9n destaca la red de levadas, esos canales de riego centenarios que atraviesan la isla y que hoy invitan a paseos maravillosos, sumergiendo a los visitantes en el coraz\u00f3n de la naturaleza salvaje. El centro hist\u00f3rico de Funchal, con sus calles adoquinadas y arquitectura colonial, contrasta con la belleza ind\u00f3mita que lo rodea. Desde la Catedral S\u00e9 hasta los exuberantes Jardines del Monte Palace, el mapa captura el alma cultural e hist\u00f3rica de la isla. A lo largo de la costa, traza panoramas impresionantes, con pintorescos pueblos como Cani\u00e7o y Porto Moniz, donde formaciones rocosas volc\u00e1nicas se encuentran con el Atl\u00e1ntico, creando una armon\u00eda perfecta entre la belleza natural y el ingenio humano.<\/p>\n","protected":false},"excerpt":{"rendered":"<p>\u00a1Consigue este Poster Mapa de Elevaci\u00f3n de Madeira, Portugal como mapa de pared! \u00a1Puedes elegir el tama\u00f1o o el dise\u00f1o de tu mapa!<\/p>\n","protected":false},"featured_media":19359,"template":"","meta":{"_uag_custom_page_level_css":"","_monsterinsights_skip_tracking":false,"_monsterinsights_sitenote_active":false,"_monsterinsights_sitenote_note":"","_monsterinsights_sitenote_category":0,"site-sidebar-layout":"default","site-content-layout":"","ast-site-content-layout":"default","site-content-style":"default","site-sidebar-style":"default","ast-global-header-display":"","ast-banner-title-visibility":"","ast-main-header-display":"","ast-hfb-above-header-display":"","ast-hfb-below-header-display":"","ast-hfb-mobile-header-display":"","site-post-title":"","ast-breadcrumbs-content":"","ast-featured-img":"","footer-sml-layout":"","ast-disable-related-posts":"","theme-transparent-header-meta":"default","adv-header-id-meta":"","stick-header-meta":"","header-above-stick-meta":"","header-main-stick-meta":"","header-below-stick-meta":"","astra-migrate-meta-layouts":"set","ast-page-background-enabled":"default","ast-page-background-meta":{"desktop":{"background-color":"","background-image":"","background-repeat":"repeat","background-position":"center center","background-size":"auto","background-attachment":"scroll","background-type":"","background-media":"","overlay-type":"","overlay-color":"","overlay-opacity":"","overlay-gradient":""},"tablet":{"background-color":"","background-image":"","background-repeat":"repeat","background-position":"center center","background-size":"auto","background-attachment":"scroll","background-type":"","background-media":"","overlay-type":"","overlay-color":"","overlay-opacity":"","overlay-gradient":""},"mobile":{"background-color":"","background-image":"","background-repeat":"repeat","background-position":"center center","background-size":"auto","background-attachment":"scroll","background-type":"","background-media":"","overlay-type":"","overlay-color":"","overlay-opacity":"","overlay-gradient":""}},"ast-content-background-meta":{"desktop":{"background-color":"var(--ast-global-color-5)","background-image":"","background-repeat":"repeat","background-position":"center center","background-size":"auto","background-attachment":"scroll","background-type":"","background-media":"","overlay-type":"","overlay-color":"","overlay-opacity":"","overlay-gradient":""},"tablet":{"background-color":"var(--ast-global-color-5)","background-image":"","background-repeat":"repeat","background-position":"center center","background-size":"auto","background-attachment":"scroll","background-type":"","background-media":"","overlay-type":"","overlay-color":"","overlay-opacity":"","overlay-gradient":""},"mobile":{"background-color":"var(--ast-global-color-5)","background-image":"","background-repeat":"repeat","background-position":"center center","background-size":"auto","background-attachment":"scroll","background-type":"","background-media":"","overlay-type":"","overlay-color":"","overlay-opacity":"","overlay-gradient":""}}},"product_brand":[],"product_cat":[90,338,464,465],"product_tag":[34,35,36,39,92,93,842,479],"class_list":{"0":"post-19319","1":"product","2":"type-product","3":"status-publish","4":"has-post-thumbnail","6":"product_cat-elevation-maps","7":"product_cat-featured_eng","8":"product_cat-featured_fr","9":"product_cat-featured_esp","10":"product_tag-30x40","11":"product_tag-40x50","12":"product_tag-50x70","13":"product_tag-canvas","14":"product_tag-elevation-map","15":"product_tag-europe","16":"product_tag-madeira","17":"product_tag-portugal","18":"desktop-align-left","19":"tablet-align-left","20":"mobile-align-left","22":"first","23":"instock","24":"shipping-taxable","25":"purchasable","26":"product-type-variable"},"aioseo_notices":[],"uagb_featured_image_src":{"full":["https:\/\/mapospheres.eu\/wp-content\/uploads\/2026\/03\/ELEV_CANVAS_1FULLPAGE2.jpg",1000,1000,false],"thumbnail":["https:\/\/mapospheres.eu\/wp-content\/uploads\/2026\/03\/ELEV_CANVAS_1FULLPAGE2-150x150.jpg",150,150,true],"medium":["https:\/\/mapospheres.eu\/wp-content\/uploads\/2026\/03\/ELEV_CANVAS_1FULLPAGE2-300x300.jpg",300,300,true],"medium_large":["https:\/\/mapospheres.eu\/wp-content\/uploads\/2026\/03\/ELEV_CANVAS_1FULLPAGE2-768x768.jpg",768,768,true],"large":["https:\/\/mapospheres.eu\/wp-content\/uploads\/2026\/03\/ELEV_CANVAS_1FULLPAGE2.jpg",1000,1000,false],"1536x1536":["https:\/\/mapospheres.eu\/wp-content\/uploads\/2026\/03\/ELEV_CANVAS_1FULLPAGE2.jpg",1000,1000,false],"2048x2048":["https:\/\/mapospheres.eu\/wp-content\/uploads\/2026\/03\/ELEV_CANVAS_1FULLPAGE2.jpg",1000,1000,false],"woocommerce_thumbnail":["https:\/\/mapospheres.eu\/wp-content\/uploads\/2026\/03\/ELEV_CANVAS_1FULLPAGE2-300x300.jpg",300,300,true],"woocommerce_single":["https:\/\/mapospheres.eu\/wp-content\/uploads\/2026\/03\/ELEV_CANVAS_1FULLPAGE2-600x600.jpg",600,600,true],"woocommerce_gallery_thumbnail":["https:\/\/mapospheres.eu\/wp-content\/uploads\/2026\/03\/ELEV_CANVAS_1FULLPAGE2-100x100.jpg",100,100,true]},"uagb_author_info":{"display_name":"sgainot04@gmail.com","author_link":"https:\/\/mapospheres.eu\/es\/author\/"},"uagb_comment_info":0,"uagb_excerpt":"\u00a1Consigue este Poster Mapa de Elevaci\u00f3n de Madeira, Portugal como mapa de pared! \u00a1Puedes elegir el tama\u00f1o o el dise\u00f1o de tu mapa!","_links":{"self":[{"href":"https:\/\/mapospheres.eu\/es\/wp-json\/wp\/v2\/product\/19319","targetHints":{"allow":["GET"]}}],"collection":[{"href":"https:\/\/mapospheres.eu\/es\/wp-json\/wp\/v2\/product"}],"about":[{"href":"https:\/\/mapospheres.eu\/es\/wp-json\/wp\/v2\/types\/product"}],"wp:featuredmedia":[{"embeddable":true,"href":"https:\/\/mapospheres.eu\/es\/wp-json\/wp\/v2\/media\/19359"}],"wp:attachment":[{"href":"https:\/\/mapospheres.eu\/es\/wp-json\/wp\/v2\/media?parent=19319"}],"wp:term":[{"taxonomy":"product_brand","embeddable":true,"href":"https:\/\/mapospheres.eu\/es\/wp-json\/wp\/v2\/product_brand?post=19319"},{"taxonomy":"product_cat","embeddable":true,"href":"https:\/\/mapospheres.eu\/es\/wp-json\/wp\/v2\/product_cat?post=19319"},{"taxonomy":"product_tag","embeddable":true,"href":"https:\/\/mapospheres.eu\/es\/wp-json\/wp\/v2\/product_tag?post=19319"}],"curies":[{"name":"wp","href":"https:\/\/api.w.org\/{rel}","templated":true}]}}