{"id":19320,"date":"2026-03-10T14:35:00","date_gmt":"2026-03-10T14:35:00","guid":{"rendered":"https:\/\/mapospheres.eu\/product\/poster-of-santiago-cabo-verde-elevation-map\/"},"modified":"2026-03-16T14:42:38","modified_gmt":"2026-03-16T14:42:38","slug":"poster-of-santiago-cabo-verde-elevation-map","status":"publish","type":"product","link":"https:\/\/mapospheres.eu\/es\/product\/poster-de-santiago-cabo-verde-mapa-de-altitud\/","title":{"rendered":"Poster de Santiago, Cabo Verde | Mapa de altitud"},"content":{"rendered":"<p><strong>Poster Mapa de altitud de Santiago, Cabo Verde: cuna de la independencia de Cabo Verde, este mapa lleva en cada curva de su relieve el eco profundo de su historia.<\/strong><\/p>\n<p>Santiago, la isla m\u00e1s extensa y poblada del archipi\u00e9lago de Cabo Verde, es un territorio donde historia, cultura y naturaleza se entrelazan en un paisaje tan sobrecogedor como diverso. El coraz\u00f3n de la isla late en su n\u00facleo monta\u00f1oso, donde las imponentes cumbres del Pico da Ant\u00f3nia y el Pico de Forno se elevan con fuerza sobre las tierras m\u00e1s bajas. Estas monta\u00f1as majestuosas, representadas con un exquisito detalle topogr\u00e1fico, no solo sostienen la columna vertebral natural de la isla, sino que despiertan una profunda sensaci\u00f3n de asombro. A menudo envueltas en brumas, sus cimas adquieren un aire m\u00edstico, casi irreal. Desde estas alturas, la mirada se despliega sobre un mosaico de valles verdes y llanuras costeras que se extienden hasta encontrarse con el Atl\u00e1ntico. El mapa resalta la vitalidad de la Ribeira de S. Jorge y la Ribeira da Barca, donde el agua serpentea entre ca\u00f1ones exuberantes, esculpiendo la roca volc\u00e1nica con paciencia milenaria. Estos valles, alma agr\u00edcola de la isla, dan vida a cultivos de pl\u00e1tanos, ca\u00f1a de az\u00facar y mucho m\u00e1s, y est\u00e1n salpicados de peque\u00f1os pueblos tradicionales donde el tiempo parece fluir con calma, en armon\u00eda con la tierra. Las suaves colinas de Assomada y Santa Catarina acogen campos f\u00e9rtiles y terrazas cultivadas, formando un tapiz de verdes que contrasta con la rudeza de las tierras altas. Y luego est\u00e1 la costa, donde el mapa captura la amplitud de las playas de Tarrafal y la energ\u00eda vibrante de la ciudad portuaria de Praia, capital de la isla. Situada en la costa sur, Praia es el centro pol\u00edtico, econ\u00f3mico y cultural, un lugar donde las calles susurran historias de colonizaci\u00f3n, lucha por la independencia y transformaci\u00f3n contempor\u00e1nea. El mapa dibuja con delicadeza su expansi\u00f3n costera, desde el casco antiguo cercano al Plateau hasta las zonas m\u00e1s modernas que se abren al mar. El puerto, con sus embarcaciones y rutas comerciales, ha sido testigo del paso de marineros, comerciantes y exploradores a lo largo de los siglos. Aqu\u00ed, el mapa captura esa esencia \u00fanica: el azul del Atl\u00e1ntico fundi\u00e9ndose con el trazado urbano, creando una armon\u00eda visual donde la tierra y el mar dialogan eternamente.<\/p>\n","protected":false},"excerpt":{"rendered":"<p>Consigue este P\u00f3ster impreso del Mapa de Altitud de Santiago, Cabo Verde, como un mapa de pared. \u00a1Puedes seleccionar el tama\u00f1o o el dise\u00f1o de tu mapa!<\/p>\n","protected":false},"featured_media":20924,"template":"","meta":{"_uag_custom_page_level_css":"","_monsterinsights_skip_tracking":false,"_monsterinsights_sitenote_active":false,"_monsterinsights_sitenote_note":"","_monsterinsights_sitenote_category":0,"site-sidebar-layout":"default","site-content-layout":"","ast-site-content-layout":"default","site-content-style":"default","site-sidebar-style":"default","ast-global-header-display":"","ast-banner-title-visibility":"","ast-main-header-display":"","ast-hfb-above-header-display":"","ast-hfb-below-header-display":"","ast-hfb-mobile-header-display":"","site-post-title":"","ast-breadcrumbs-content":"","ast-featured-img":"","footer-sml-layout":"","ast-disable-related-posts":"","theme-transparent-header-meta":"default","adv-header-id-meta":"","stick-header-meta":"","header-above-stick-meta":"","header-main-stick-meta":"","header-below-stick-meta":"","astra-migrate-meta-layouts":"set","ast-page-background-enabled":"default","ast-page-background-meta":{"desktop":{"background-color":"","background-image":"","background-repeat":"repeat","background-position":"center center","background-size":"auto","background-attachment":"scroll","background-type":"","background-media":"","overlay-type":"","overlay-color":"","overlay-opacity":"","overlay-gradient":""},"tablet":{"background-color":"","background-image":"","background-repeat":"repeat","background-position":"center center","background-size":"auto","background-attachment":"scroll","background-type":"","background-media":"","overlay-type":"","overlay-color":"","overlay-opacity":"","overlay-gradient":""},"mobile":{"background-color":"","background-image":"","background-repeat":"repeat","background-position":"center center","background-size":"auto","background-attachment":"scroll","background-type":"","background-media":"","overlay-type":"","overlay-color":"","overlay-opacity":"","overlay-gradient":""}},"ast-content-background-meta":{"desktop":{"background-color":"var(--ast-global-color-5)","background-image":"","background-repeat":"repeat","background-position":"center center","background-size":"auto","background-attachment":"scroll","background-type":"","background-media":"","overlay-type":"","overlay-color":"","overlay-opacity":"","overlay-gradient":""},"tablet":{"background-color":"var(--ast-global-color-5)","background-image":"","background-repeat":"repeat","background-position":"center center","background-size":"auto","background-attachment":"scroll","background-type":"","background-media":"","overlay-type":"","overlay-color":"","overlay-opacity":"","overlay-gradient":""},"mobile":{"background-color":"var(--ast-global-color-5)","background-image":"","background-repeat":"repeat","background-position":"center center","background-size":"auto","background-attachment":"scroll","background-type":"","background-media":"","overlay-type":"","overlay-color":"","overlay-opacity":"","overlay-gradient":""}}},"product_brand":[],"product_cat":[90],"product_tag":[34,35,36,97,886,39,92,893,753,894],"class_list":{"0":"post-19320","1":"product","2":"type-product","3":"status-publish","4":"has-post-thumbnail","6":"product_cat-elevation-maps","7":"product_tag-30x40","8":"product_tag-40x50","9":"product_tag-50x70","10":"product_tag-africa","11":"product_tag-cabo-verde","12":"product_tag-canvas","13":"product_tag-elevation-map","14":"product_tag-praia","15":"product_tag-santiago","16":"product_tag-santiagu","17":"desktop-align-left","18":"tablet-align-left","19":"mobile-align-left","21":"first","22":"instock","23":"shipping-taxable","24":"purchasable","25":"product-type-variable"},"aioseo_notices":[],"uagb_featured_image_src":{"full":["https:\/\/mapospheres.eu\/wp-content\/uploads\/2026\/03\/ELEV_CANVAS_1FULLPAGE_SANTIAGO_PRAIA.jpg",1000,1000,false],"thumbnail":["https:\/\/mapospheres.eu\/wp-content\/uploads\/2026\/03\/ELEV_CANVAS_1FULLPAGE_SANTIAGO_PRAIA-150x150.jpg",150,150,true],"medium":["https:\/\/mapospheres.eu\/wp-content\/uploads\/2026\/03\/ELEV_CANVAS_1FULLPAGE_SANTIAGO_PRAIA-300x300.jpg",300,300,true],"medium_large":["https:\/\/mapospheres.eu\/wp-content\/uploads\/2026\/03\/ELEV_CANVAS_1FULLPAGE_SANTIAGO_PRAIA-768x768.jpg",768,768,true],"large":["https:\/\/mapospheres.eu\/wp-content\/uploads\/2026\/03\/ELEV_CANVAS_1FULLPAGE_SANTIAGO_PRAIA.jpg",1000,1000,false],"1536x1536":["https:\/\/mapospheres.eu\/wp-content\/uploads\/2026\/03\/ELEV_CANVAS_1FULLPAGE_SANTIAGO_PRAIA.jpg",1000,1000,false],"2048x2048":["https:\/\/mapospheres.eu\/wp-content\/uploads\/2026\/03\/ELEV_CANVAS_1FULLPAGE_SANTIAGO_PRAIA.jpg",1000,1000,false],"woocommerce_thumbnail":["https:\/\/mapospheres.eu\/wp-content\/uploads\/2026\/03\/ELEV_CANVAS_1FULLPAGE_SANTIAGO_PRAIA-300x300.jpg",300,300,true],"woocommerce_single":["https:\/\/mapospheres.eu\/wp-content\/uploads\/2026\/03\/ELEV_CANVAS_1FULLPAGE_SANTIAGO_PRAIA-600x600.jpg",600,600,true],"woocommerce_gallery_thumbnail":["https:\/\/mapospheres.eu\/wp-content\/uploads\/2026\/03\/ELEV_CANVAS_1FULLPAGE_SANTIAGO_PRAIA-100x100.jpg",100,100,true]},"uagb_author_info":{"display_name":"sgainot04@gmail.com","author_link":"https:\/\/mapospheres.eu\/es\/author\/"},"uagb_comment_info":0,"uagb_excerpt":"Consigue este P\u00f3ster impreso del Mapa de Altitud de Santiago, Cabo Verde, como un mapa de pared. \u00a1Puedes seleccionar el tama\u00f1o o el dise\u00f1o de tu mapa!","_links":{"self":[{"href":"https:\/\/mapospheres.eu\/es\/wp-json\/wp\/v2\/product\/19320","targetHints":{"allow":["GET"]}}],"collection":[{"href":"https:\/\/mapospheres.eu\/es\/wp-json\/wp\/v2\/product"}],"about":[{"href":"https:\/\/mapospheres.eu\/es\/wp-json\/wp\/v2\/types\/product"}],"wp:featuredmedia":[{"embeddable":true,"href":"https:\/\/mapospheres.eu\/es\/wp-json\/wp\/v2\/media\/20924"}],"wp:attachment":[{"href":"https:\/\/mapospheres.eu\/es\/wp-json\/wp\/v2\/media?parent=19320"}],"wp:term":[{"taxonomy":"product_brand","embeddable":true,"href":"https:\/\/mapospheres.eu\/es\/wp-json\/wp\/v2\/product_brand?post=19320"},{"taxonomy":"product_cat","embeddable":true,"href":"https:\/\/mapospheres.eu\/es\/wp-json\/wp\/v2\/product_cat?post=19320"},{"taxonomy":"product_tag","embeddable":true,"href":"https:\/\/mapospheres.eu\/es\/wp-json\/wp\/v2\/product_tag?post=19320"}],"curies":[{"name":"wp","href":"https:\/\/api.w.org\/{rel}","templated":true}]}}