{"id":19321,"date":"2026-03-10T14:35:02","date_gmt":"2026-03-10T14:35:02","guid":{"rendered":"https:\/\/mapospheres.eu\/product\/poster-of-fogo-cabo-verde-elevation-map\/"},"modified":"2026-03-16T14:41:48","modified_gmt":"2026-03-16T14:41:48","slug":"poster-of-fogo-cabo-verde-elevation-map","status":"publish","type":"product","link":"https:\/\/mapospheres.eu\/es\/product\/poster-de-fogo-cabo-verde-mapa-de-altitud\/","title":{"rendered":"Poster de Fogo, Cabo Verde | Mapa de altitud"},"content":{"rendered":"<p><strong>Poster Mapa de altitud de Fogo, Cabo Verde: no es solo una tierra de fuego, sino tambi\u00e9n de vida. El mapa revela la diversidad de sus ecosistemas, desde las extensiones \u00e1ridas de roca volc\u00e1nica hasta las zonas f\u00e9rtiles y verdes donde los agricultores cultivan desde caf\u00e9 hasta pl\u00e1tanos.<\/strong><\/p>\n<p>Fogo, bautizada por sus or\u00edgenes ardientes y volc\u00e1nicos, es un lugar donde la fuerza de la naturaleza a\u00fan se siente viva, y donde las profundas cicatrices geol\u00f3gicas han dado forma a una de las islas m\u00e1s espectaculares y fascinantes del archipi\u00e9lago. Este mapa captura el car\u00e1cter ind\u00f3mito del territorio, donde cada pico, cada valle y cada cr\u00e1ter narra una historia de fuego antiguo y naturaleza salvaje. En el coraz\u00f3n del mapa se alza su emblema m\u00e1s ic\u00f3nico: el majestuoso Pico do Fogo, un volc\u00e1n activo que se eleva hasta los 2.829 metros sobre el nivel del mar. Esta cumbre imponente, representada con una precisi\u00f3n topogr\u00e1fica cautivadora, domina el paisaje insular. Ya sea como un gigante indomable o como un guardi\u00e1n silencioso, el Pico do Fogo es el pulso vivo de la isla, y el mapa revela toda su grandeza en un despliegue de belleza volc\u00e1nica. A su alrededor, los campos de lava, oscuros y desnudos, crean un contraste impactante con los verdes y ocres m\u00e1s suaves de las laderas inferiores, donde la tierra volc\u00e1nica f\u00e9rtil ha dado vida a vi\u00f1edos y cultivos. El relieve de la isla es una armon\u00eda de monta\u00f1as escarpadas, valles f\u00e9rtiles y acantilados abruptos. Al seguir los contornos de Fogo, emergen profundas gargantas, las ribeiras, que surcan la isla como cicatrices antiguas, descendiendo desde las alturas volc\u00e1nicas hasta encontrarse con el oc\u00e9ano. Estos valles verdes albergan pintorescos pueblos, entre ellos la ciudad principal, S\u00e3o Filipe, situada en la costa suroeste. S\u00e3o Filipe, con su encanto hist\u00f3rico y su arquitectura colonial, es un lugar donde las calles empedradas dialogan con el tel\u00f3n de fondo de los picos volc\u00e1nicos. Es una ciudad marcada por el paso del tiempo, desde los primeros asentamientos hasta su papel actual como coraz\u00f3n cultural y econ\u00f3mico de la isla. Los microclimas de la isla, moldeados por la altitud y la geograf\u00eda, crean oasis de verdor incluso en los parajes m\u00e1s inh\u00f3spitos. Las regiones bajas, especialmente en torno a S\u00e3o Filipe, se cubren de colinas exuberantes, mientras que las zonas m\u00e1s elevadas, como Ch\u00e3 das Caldeiras, ofrecen paisajes amplios, m\u00e1s austeros pero igualmente hipn\u00f3ticos. Fogo es un lugar donde la tierra parece vibrar con una energ\u00eda ancestral, y este mapa transforma esa fuerza en una presencia viva dentro de tu hogar.<\/p>\n","protected":false},"excerpt":{"rendered":"<p>Consigue esta impresi\u00f3n de Poster de Mapa de Altitud Fogo, Cabo Verde, como un mapa de pared. \u00a1Puedes seleccionar el tama\u00f1o o el dise\u00f1o de tu mapa!<\/p>\n","protected":false},"featured_media":20913,"template":"","meta":{"_uag_custom_page_level_css":"","_monsterinsights_skip_tracking":false,"_monsterinsights_sitenote_active":false,"_monsterinsights_sitenote_note":"","_monsterinsights_sitenote_category":0,"site-sidebar-layout":"default","site-content-layout":"","ast-site-content-layout":"default","site-content-style":"default","site-sidebar-style":"default","ast-global-header-display":"","ast-banner-title-visibility":"","ast-main-header-display":"","ast-hfb-above-header-display":"","ast-hfb-below-header-display":"","ast-hfb-mobile-header-display":"","site-post-title":"","ast-breadcrumbs-content":"","ast-featured-img":"","footer-sml-layout":"","ast-disable-related-posts":"","theme-transparent-header-meta":"default","adv-header-id-meta":"","stick-header-meta":"","header-above-stick-meta":"","header-main-stick-meta":"","header-below-stick-meta":"","astra-migrate-meta-layouts":"set","ast-page-background-enabled":"default","ast-page-background-meta":{"desktop":{"background-color":"","background-image":"","background-repeat":"repeat","background-position":"center center","background-size":"auto","background-attachment":"scroll","background-type":"","background-media":"","overlay-type":"","overlay-color":"","overlay-opacity":"","overlay-gradient":""},"tablet":{"background-color":"","background-image":"","background-repeat":"repeat","background-position":"center center","background-size":"auto","background-attachment":"scroll","background-type":"","background-media":"","overlay-type":"","overlay-color":"","overlay-opacity":"","overlay-gradient":""},"mobile":{"background-color":"","background-image":"","background-repeat":"repeat","background-position":"center center","background-size":"auto","background-attachment":"scroll","background-type":"","background-media":"","overlay-type":"","overlay-color":"","overlay-opacity":"","overlay-gradient":""}},"ast-content-background-meta":{"desktop":{"background-color":"var(--ast-global-color-5)","background-image":"","background-repeat":"repeat","background-position":"center center","background-size":"auto","background-attachment":"scroll","background-type":"","background-media":"","overlay-type":"","overlay-color":"","overlay-opacity":"","overlay-gradient":""},"tablet":{"background-color":"var(--ast-global-color-5)","background-image":"","background-repeat":"repeat","background-position":"center center","background-size":"auto","background-attachment":"scroll","background-type":"","background-media":"","overlay-type":"","overlay-color":"","overlay-opacity":"","overlay-gradient":""},"mobile":{"background-color":"var(--ast-global-color-5)","background-image":"","background-repeat":"repeat","background-position":"center center","background-size":"auto","background-attachment":"scroll","background-type":"","background-media":"","overlay-type":"","overlay-color":"","overlay-opacity":"","overlay-gradient":""}}},"product_brand":[],"product_cat":[90],"product_tag":[34,35,36,97,886,39,92,892],"class_list":{"0":"post-19321","1":"product","2":"type-product","3":"status-publish","4":"has-post-thumbnail","6":"product_cat-elevation-maps","7":"product_tag-30x40","8":"product_tag-40x50","9":"product_tag-50x70","10":"product_tag-africa","11":"product_tag-cabo-verde","12":"product_tag-canvas","13":"product_tag-elevation-map","14":"product_tag-fogo","15":"desktop-align-left","16":"tablet-align-left","17":"mobile-align-left","19":"first","20":"instock","21":"shipping-taxable","22":"purchasable","23":"product-type-variable"},"aioseo_notices":[],"uagb_featured_image_src":{"full":["https:\/\/mapospheres.eu\/wp-content\/uploads\/2026\/03\/ELEV_1FULLPAGE2_FOGO.jpg",1000,1000,false],"thumbnail":["https:\/\/mapospheres.eu\/wp-content\/uploads\/2026\/03\/ELEV_1FULLPAGE2_FOGO-150x150.jpg",150,150,true],"medium":["https:\/\/mapospheres.eu\/wp-content\/uploads\/2026\/03\/ELEV_1FULLPAGE2_FOGO-300x300.jpg",300,300,true],"medium_large":["https:\/\/mapospheres.eu\/wp-content\/uploads\/2026\/03\/ELEV_1FULLPAGE2_FOGO-768x768.jpg",768,768,true],"large":["https:\/\/mapospheres.eu\/wp-content\/uploads\/2026\/03\/ELEV_1FULLPAGE2_FOGO.jpg",1000,1000,false],"1536x1536":["https:\/\/mapospheres.eu\/wp-content\/uploads\/2026\/03\/ELEV_1FULLPAGE2_FOGO.jpg",1000,1000,false],"2048x2048":["https:\/\/mapospheres.eu\/wp-content\/uploads\/2026\/03\/ELEV_1FULLPAGE2_FOGO.jpg",1000,1000,false],"woocommerce_thumbnail":["https:\/\/mapospheres.eu\/wp-content\/uploads\/2026\/03\/ELEV_1FULLPAGE2_FOGO-300x300.jpg",300,300,true],"woocommerce_single":["https:\/\/mapospheres.eu\/wp-content\/uploads\/2026\/03\/ELEV_1FULLPAGE2_FOGO-600x600.jpg",600,600,true],"woocommerce_gallery_thumbnail":["https:\/\/mapospheres.eu\/wp-content\/uploads\/2026\/03\/ELEV_1FULLPAGE2_FOGO-100x100.jpg",100,100,true]},"uagb_author_info":{"display_name":"sgainot04@gmail.com","author_link":"https:\/\/mapospheres.eu\/es\/author\/"},"uagb_comment_info":0,"uagb_excerpt":"Consigue esta impresi\u00f3n de Poster de Mapa de Altitud Fogo, Cabo Verde, como un mapa de pared. \u00a1Puedes seleccionar el tama\u00f1o o el dise\u00f1o de tu mapa!","_links":{"self":[{"href":"https:\/\/mapospheres.eu\/es\/wp-json\/wp\/v2\/product\/19321","targetHints":{"allow":["GET"]}}],"collection":[{"href":"https:\/\/mapospheres.eu\/es\/wp-json\/wp\/v2\/product"}],"about":[{"href":"https:\/\/mapospheres.eu\/es\/wp-json\/wp\/v2\/types\/product"}],"wp:featuredmedia":[{"embeddable":true,"href":"https:\/\/mapospheres.eu\/es\/wp-json\/wp\/v2\/media\/20913"}],"wp:attachment":[{"href":"https:\/\/mapospheres.eu\/es\/wp-json\/wp\/v2\/media?parent=19321"}],"wp:term":[{"taxonomy":"product_brand","embeddable":true,"href":"https:\/\/mapospheres.eu\/es\/wp-json\/wp\/v2\/product_brand?post=19321"},{"taxonomy":"product_cat","embeddable":true,"href":"https:\/\/mapospheres.eu\/es\/wp-json\/wp\/v2\/product_cat?post=19321"},{"taxonomy":"product_tag","embeddable":true,"href":"https:\/\/mapospheres.eu\/es\/wp-json\/wp\/v2\/product_tag?post=19321"}],"curies":[{"name":"wp","href":"https:\/\/api.w.org\/{rel}","templated":true}]}}