{"id":19322,"date":"2026-03-10T14:35:06","date_gmt":"2026-03-10T14:35:06","guid":{"rendered":"https:\/\/mapospheres.eu\/product\/poster-of-sao-vicente-cabo-verde-elevation-map\/"},"modified":"2026-03-16T14:42:43","modified_gmt":"2026-03-16T14:42:43","slug":"poster-of-sao-vicente-cabo-verde-elevation-map","status":"publish","type":"product","link":"https:\/\/mapospheres.eu\/es\/product\/poster-de-sao-vicente-cabo-verde-mapa-de-altitud\/","title":{"rendered":"Poster de S\u00e3o Vicente, Cabo Verde | Mapa de altitud"},"content":{"rendered":"<p><strong>Poster Mapa de Altitud de S\u00e3o Vicente, Cabo Verde: Es un lugar donde las colinas cuentan historias, donde el mar susurra relatos de comercio y aventura, y donde cada rinc\u00f3n invita a un nuevo descubrimiento.<\/strong><\/p>\n<p>S\u00e3o Vicente es una isla que luce con orgullo su car\u00e1cter \u00fanico: moldeada por el viento, el mar y la danza eterna de las fuerzas volc\u00e1nicas. Este mapa no es solo una gu\u00eda, sino una obra cuidadosamente elaborada, que revela la topograf\u00eda impactante de la isla y los lugares que la han convertido en uno de los destinos m\u00e1s emblem\u00e1ticos del archipi\u00e9lago de Cabo Verde. En el coraz\u00f3n del mapa se despliega la c\u00e9lebre bah\u00eda de Ba\u00eda do Porto Grande, una amplia media luna de aguas abrazadas por colinas majestuosas. Esta bah\u00eda, uno de esos raros puertos naturales, guarda la memoria de los navegantes que han echado anclas aqu\u00ed durante siglos y ofrece una de las vistas m\u00e1s fascinantes de todo Cabo Verde. La tierra se eleva suavemente desde el mar, formando acantilados dram\u00e1ticos que otorgan a S\u00e3o Vicente su encanto salvaje y aut\u00e9ntico. Estas colinas, algunas coronadas por formaciones rocosas, dibujan un tel\u00f3n de fondo imponente para las animadas calles de Mindelo, el coraz\u00f3n cultural y econ\u00f3mico de la isla. El Monte Verde, envuelto en brumas, se alza imponente, aportando pinceladas de verde a un paisaje predominantemente \u00e1rido. Sus laderas suaves revelan otro rostro de S\u00e3o Vicente: fresco, ventilado e inesperadamente exuberante frente a las zonas m\u00e1s secas de la isla. Es una tierra de contrastes, y este mapa los pone todos en relieve. La costa de la isla, salpicada de peque\u00f1as calas y playas de arena, est\u00e1 adornada con encantadores pueblos pesqueros y enclaves costeros que han resistido el paso del tiempo. El mapa resalta estos tramos, desde el apacible pueblo de Calhau hasta las animadas orillas de Laginha, donde el mar y el cielo parecen fundirse en un azul infinito. El contraste entre oc\u00e9ano y tierra \u2014playas suaves y acantilados escarpados\u2014 convierte el paisaje de S\u00e3o Vicente en uno de los m\u00e1s diversos y cautivadores de Cabo Verde.<\/p>\n","protected":false},"excerpt":{"rendered":"<p>Consigue esta impresi\u00f3n de Mapa de Altitud de S\u00e3o Vicente, Cabo Verde, como un mapa de pared. \u00a1Puedes seleccionar el tama\u00f1o o el dise\u00f1o de tu mapa!<\/p>\n","protected":false},"featured_media":20910,"template":"","meta":{"_uag_custom_page_level_css":"","_monsterinsights_skip_tracking":false,"_monsterinsights_sitenote_active":false,"_monsterinsights_sitenote_note":"","_monsterinsights_sitenote_category":0,"site-sidebar-layout":"default","site-content-layout":"","ast-site-content-layout":"default","site-content-style":"default","site-sidebar-style":"default","ast-global-header-display":"","ast-banner-title-visibility":"","ast-main-header-display":"","ast-hfb-above-header-display":"","ast-hfb-below-header-display":"","ast-hfb-mobile-header-display":"","site-post-title":"","ast-breadcrumbs-content":"","ast-featured-img":"","footer-sml-layout":"","ast-disable-related-posts":"","theme-transparent-header-meta":"default","adv-header-id-meta":"","stick-header-meta":"","header-above-stick-meta":"","header-main-stick-meta":"","header-below-stick-meta":"","astra-migrate-meta-layouts":"set","ast-page-background-enabled":"default","ast-page-background-meta":{"desktop":{"background-color":"","background-image":"","background-repeat":"repeat","background-position":"center center","background-size":"auto","background-attachment":"scroll","background-type":"","background-media":"","overlay-type":"","overlay-color":"","overlay-opacity":"","overlay-gradient":""},"tablet":{"background-color":"","background-image":"","background-repeat":"repeat","background-position":"center center","background-size":"auto","background-attachment":"scroll","background-type":"","background-media":"","overlay-type":"","overlay-color":"","overlay-opacity":"","overlay-gradient":""},"mobile":{"background-color":"","background-image":"","background-repeat":"repeat","background-position":"center center","background-size":"auto","background-attachment":"scroll","background-type":"","background-media":"","overlay-type":"","overlay-color":"","overlay-opacity":"","overlay-gradient":""}},"ast-content-background-meta":{"desktop":{"background-color":"var(--ast-global-color-5)","background-image":"","background-repeat":"repeat","background-position":"center center","background-size":"auto","background-attachment":"scroll","background-type":"","background-media":"","overlay-type":"","overlay-color":"","overlay-opacity":"","overlay-gradient":""},"tablet":{"background-color":"var(--ast-global-color-5)","background-image":"","background-repeat":"repeat","background-position":"center center","background-size":"auto","background-attachment":"scroll","background-type":"","background-media":"","overlay-type":"","overlay-color":"","overlay-opacity":"","overlay-gradient":""},"mobile":{"background-color":"var(--ast-global-color-5)","background-image":"","background-repeat":"repeat","background-position":"center center","background-size":"auto","background-attachment":"scroll","background-type":"","background-media":"","overlay-type":"","overlay-color":"","overlay-opacity":"","overlay-gradient":""}}},"product_brand":[],"product_cat":[90],"product_tag":[34,35,36,97,886,39,92,890,891],"class_list":{"0":"post-19322","1":"product","2":"type-product","3":"status-publish","4":"has-post-thumbnail","6":"product_cat-elevation-maps","7":"product_tag-30x40","8":"product_tag-40x50","9":"product_tag-50x70","10":"product_tag-africa","11":"product_tag-cabo-verde","12":"product_tag-canvas","13":"product_tag-elevation-map","14":"product_tag-santo-antao","15":"product_tag-sao-vicente","16":"desktop-align-left","17":"tablet-align-left","18":"mobile-align-left","20":"first","21":"instock","22":"shipping-taxable","23":"purchasable","24":"product-type-variable"},"aioseo_notices":[],"uagb_featured_image_src":{"full":["https:\/\/mapospheres.eu\/wp-content\/uploads\/2026\/03\/ELEV_CANVAS_1FULLPAGE2_SAOVICENTE.jpg",1000,1000,false],"thumbnail":["https:\/\/mapospheres.eu\/wp-content\/uploads\/2026\/03\/ELEV_CANVAS_1FULLPAGE2_SAOVICENTE-150x150.jpg",150,150,true],"medium":["https:\/\/mapospheres.eu\/wp-content\/uploads\/2026\/03\/ELEV_CANVAS_1FULLPAGE2_SAOVICENTE-300x300.jpg",300,300,true],"medium_large":["https:\/\/mapospheres.eu\/wp-content\/uploads\/2026\/03\/ELEV_CANVAS_1FULLPAGE2_SAOVICENTE-768x768.jpg",768,768,true],"large":["https:\/\/mapospheres.eu\/wp-content\/uploads\/2026\/03\/ELEV_CANVAS_1FULLPAGE2_SAOVICENTE.jpg",1000,1000,false],"1536x1536":["https:\/\/mapospheres.eu\/wp-content\/uploads\/2026\/03\/ELEV_CANVAS_1FULLPAGE2_SAOVICENTE.jpg",1000,1000,false],"2048x2048":["https:\/\/mapospheres.eu\/wp-content\/uploads\/2026\/03\/ELEV_CANVAS_1FULLPAGE2_SAOVICENTE.jpg",1000,1000,false],"woocommerce_thumbnail":["https:\/\/mapospheres.eu\/wp-content\/uploads\/2026\/03\/ELEV_CANVAS_1FULLPAGE2_SAOVICENTE-300x300.jpg",300,300,true],"woocommerce_single":["https:\/\/mapospheres.eu\/wp-content\/uploads\/2026\/03\/ELEV_CANVAS_1FULLPAGE2_SAOVICENTE-600x600.jpg",600,600,true],"woocommerce_gallery_thumbnail":["https:\/\/mapospheres.eu\/wp-content\/uploads\/2026\/03\/ELEV_CANVAS_1FULLPAGE2_SAOVICENTE-100x100.jpg",100,100,true]},"uagb_author_info":{"display_name":"sgainot04@gmail.com","author_link":"https:\/\/mapospheres.eu\/es\/author\/"},"uagb_comment_info":0,"uagb_excerpt":"Consigue esta impresi\u00f3n de Mapa de Altitud de S\u00e3o Vicente, Cabo Verde, como un mapa de pared. \u00a1Puedes seleccionar el tama\u00f1o o el dise\u00f1o de tu mapa!","_links":{"self":[{"href":"https:\/\/mapospheres.eu\/es\/wp-json\/wp\/v2\/product\/19322","targetHints":{"allow":["GET"]}}],"collection":[{"href":"https:\/\/mapospheres.eu\/es\/wp-json\/wp\/v2\/product"}],"about":[{"href":"https:\/\/mapospheres.eu\/es\/wp-json\/wp\/v2\/types\/product"}],"wp:featuredmedia":[{"embeddable":true,"href":"https:\/\/mapospheres.eu\/es\/wp-json\/wp\/v2\/media\/20910"}],"wp:attachment":[{"href":"https:\/\/mapospheres.eu\/es\/wp-json\/wp\/v2\/media?parent=19322"}],"wp:term":[{"taxonomy":"product_brand","embeddable":true,"href":"https:\/\/mapospheres.eu\/es\/wp-json\/wp\/v2\/product_brand?post=19322"},{"taxonomy":"product_cat","embeddable":true,"href":"https:\/\/mapospheres.eu\/es\/wp-json\/wp\/v2\/product_cat?post=19322"},{"taxonomy":"product_tag","embeddable":true,"href":"https:\/\/mapospheres.eu\/es\/wp-json\/wp\/v2\/product_tag?post=19322"}],"curies":[{"name":"wp","href":"https:\/\/api.w.org\/{rel}","templated":true}]}}