{"id":19323,"date":"2026-03-10T14:35:08","date_gmt":"2026-03-10T14:35:08","guid":{"rendered":"https:\/\/mapospheres.eu\/product\/poster-of-sao-nicolau-cabo-verde-elevation-map\/"},"modified":"2026-03-16T14:42:43","modified_gmt":"2026-03-16T14:42:43","slug":"poster-of-sao-nicolau-cabo-verde-elevation-map","status":"publish","type":"product","link":"https:\/\/mapospheres.eu\/es\/product\/poster-de-sao-nicolau-cabo-verde-mapa-de-altitud\/","title":{"rendered":"Poster de S\u00e3o Nicolau, Cabo Verde | Mapa de altitud"},"content":{"rendered":"<p><strong>Poster Mapa de altitud de S\u00e3o Nicolau, Cabo Verde: Si eres de los que encuentran tanto en la naturaleza como en la historia una fuente de asombro, este mapa despertar\u00e1 tu esp\u00edritu aventurero.<\/strong><\/p>\n<p>La isla de S\u00e3o Nicolau es una joya escondida, un territorio donde la belleza ind\u00f3mita de la naturaleza se entrelaza con el encanto de un cruce de caminos hist\u00f3rico. Este mapa de S\u00e3o Nicolau ofrece una ventana a los rasgos m\u00e1s cautivadores de la isla. Desde sus picos monta\u00f1osos escarpados hasta sus valles profundos y verdes, la geograf\u00eda de S\u00e3o Nicolau narra una historia de antiguos or\u00edgenes volc\u00e1nicos y de una fuerza natural que perdura en el tiempo. Las imponentes cumbres del Monte Gordo se elevan con majestuosidad sobre la isla, proyectando su sombra sobre pintorescos pueblos que se aferran a las laderas como peque\u00f1as joyas suspendidas en el paisaje. La topograf\u00eda del mapa captura con delicadeza este contraste: las crestas rocosas y abruptas de las monta\u00f1as frente a la suave ondulaci\u00f3n de los valles, moldeados por siglos de viento y agua. Los espacios verdes de la isla, desde el frondoso Valle de Ovelha hasta las tierras f\u00e9rtiles que rodean la ciudad capital, Ribeira Brava, se representan con un cuidado exquisito por el detalle. Estos rincones, a menudo ocultos en el coraz\u00f3n de la isla, albergan una rica vida vegetal y un ritmo de vida m\u00e1s lento y sereno. El mapa revela el delicado equilibrio de la naturaleza: manchas de verde exuberante que se transforman en matorrales secos en algunos lugares, evocando un clima cambiante entre microclimas f\u00e9rtiles y extensiones \u00e1ridas.<\/p>\n","protected":false},"excerpt":{"rendered":"<p>Consigue esta impresi\u00f3n de Poster de Mapa de Altitud de S\u00e3o Nicolau, Cabo Verde, como un mapa de pared. \u00a1Puedes seleccionar el tama\u00f1o o el dise\u00f1o de tu mapa!<\/p>\n","protected":false},"featured_media":20735,"template":"","meta":{"_uag_custom_page_level_css":"","_monsterinsights_skip_tracking":false,"_monsterinsights_sitenote_active":false,"_monsterinsights_sitenote_note":"","_monsterinsights_sitenote_category":0,"site-sidebar-layout":"default","site-content-layout":"","ast-site-content-layout":"default","site-content-style":"default","site-sidebar-style":"default","ast-global-header-display":"","ast-banner-title-visibility":"","ast-main-header-display":"","ast-hfb-above-header-display":"","ast-hfb-below-header-display":"","ast-hfb-mobile-header-display":"","site-post-title":"","ast-breadcrumbs-content":"","ast-featured-img":"","footer-sml-layout":"","ast-disable-related-posts":"","theme-transparent-header-meta":"default","adv-header-id-meta":"","stick-header-meta":"","header-above-stick-meta":"","header-main-stick-meta":"","header-below-stick-meta":"","astra-migrate-meta-layouts":"set","ast-page-background-enabled":"default","ast-page-background-meta":{"desktop":{"background-color":"","background-image":"","background-repeat":"repeat","background-position":"center center","background-size":"auto","background-attachment":"scroll","background-type":"","background-media":"","overlay-type":"","overlay-color":"","overlay-opacity":"","overlay-gradient":""},"tablet":{"background-color":"","background-image":"","background-repeat":"repeat","background-position":"center center","background-size":"auto","background-attachment":"scroll","background-type":"","background-media":"","overlay-type":"","overlay-color":"","overlay-opacity":"","overlay-gradient":""},"mobile":{"background-color":"","background-image":"","background-repeat":"repeat","background-position":"center center","background-size":"auto","background-attachment":"scroll","background-type":"","background-media":"","overlay-type":"","overlay-color":"","overlay-opacity":"","overlay-gradient":""}},"ast-content-background-meta":{"desktop":{"background-color":"var(--ast-global-color-5)","background-image":"","background-repeat":"repeat","background-position":"center center","background-size":"auto","background-attachment":"scroll","background-type":"","background-media":"","overlay-type":"","overlay-color":"","overlay-opacity":"","overlay-gradient":""},"tablet":{"background-color":"var(--ast-global-color-5)","background-image":"","background-repeat":"repeat","background-position":"center center","background-size":"auto","background-attachment":"scroll","background-type":"","background-media":"","overlay-type":"","overlay-color":"","overlay-opacity":"","overlay-gradient":""},"mobile":{"background-color":"var(--ast-global-color-5)","background-image":"","background-repeat":"repeat","background-position":"center center","background-size":"auto","background-attachment":"scroll","background-type":"","background-media":"","overlay-type":"","overlay-color":"","overlay-opacity":"","overlay-gradient":""}}},"product_brand":[],"product_cat":[90],"product_tag":[34,35,36,97,886,39,92,887],"class_list":{"0":"post-19323","1":"product","2":"type-product","3":"status-publish","4":"has-post-thumbnail","6":"product_cat-elevation-maps","7":"product_tag-30x40","8":"product_tag-40x50","9":"product_tag-50x70","10":"product_tag-africa","11":"product_tag-cabo-verde","12":"product_tag-canvas","13":"product_tag-elevation-map","14":"product_tag-sao-nicolau","15":"desktop-align-left","16":"tablet-align-left","17":"mobile-align-left","19":"first","20":"instock","21":"shipping-taxable","22":"purchasable","23":"product-type-variable"},"aioseo_notices":[],"uagb_featured_image_src":{"full":["https:\/\/mapospheres.eu\/wp-content\/uploads\/2026\/03\/ELEV_CANVAS_1FULLPAGE2_SAONICOLAU.jpg",1000,1000,false],"thumbnail":["https:\/\/mapospheres.eu\/wp-content\/uploads\/2026\/03\/ELEV_CANVAS_1FULLPAGE2_SAONICOLAU-150x150.jpg",150,150,true],"medium":["https:\/\/mapospheres.eu\/wp-content\/uploads\/2026\/03\/ELEV_CANVAS_1FULLPAGE2_SAONICOLAU-300x300.jpg",300,300,true],"medium_large":["https:\/\/mapospheres.eu\/wp-content\/uploads\/2026\/03\/ELEV_CANVAS_1FULLPAGE2_SAONICOLAU-768x768.jpg",768,768,true],"large":["https:\/\/mapospheres.eu\/wp-content\/uploads\/2026\/03\/ELEV_CANVAS_1FULLPAGE2_SAONICOLAU.jpg",1000,1000,false],"1536x1536":["https:\/\/mapospheres.eu\/wp-content\/uploads\/2026\/03\/ELEV_CANVAS_1FULLPAGE2_SAONICOLAU.jpg",1000,1000,false],"2048x2048":["https:\/\/mapospheres.eu\/wp-content\/uploads\/2026\/03\/ELEV_CANVAS_1FULLPAGE2_SAONICOLAU.jpg",1000,1000,false],"woocommerce_thumbnail":["https:\/\/mapospheres.eu\/wp-content\/uploads\/2026\/03\/ELEV_CANVAS_1FULLPAGE2_SAONICOLAU-300x300.jpg",300,300,true],"woocommerce_single":["https:\/\/mapospheres.eu\/wp-content\/uploads\/2026\/03\/ELEV_CANVAS_1FULLPAGE2_SAONICOLAU-600x600.jpg",600,600,true],"woocommerce_gallery_thumbnail":["https:\/\/mapospheres.eu\/wp-content\/uploads\/2026\/03\/ELEV_CANVAS_1FULLPAGE2_SAONICOLAU-100x100.jpg",100,100,true]},"uagb_author_info":{"display_name":"sgainot04@gmail.com","author_link":"https:\/\/mapospheres.eu\/es\/author\/"},"uagb_comment_info":0,"uagb_excerpt":"Consigue esta impresi\u00f3n de Poster de Mapa de Altitud de S\u00e3o Nicolau, Cabo Verde, como un mapa de pared. \u00a1Puedes seleccionar el tama\u00f1o o el dise\u00f1o de tu mapa!","_links":{"self":[{"href":"https:\/\/mapospheres.eu\/es\/wp-json\/wp\/v2\/product\/19323","targetHints":{"allow":["GET"]}}],"collection":[{"href":"https:\/\/mapospheres.eu\/es\/wp-json\/wp\/v2\/product"}],"about":[{"href":"https:\/\/mapospheres.eu\/es\/wp-json\/wp\/v2\/types\/product"}],"wp:featuredmedia":[{"embeddable":true,"href":"https:\/\/mapospheres.eu\/es\/wp-json\/wp\/v2\/media\/20735"}],"wp:attachment":[{"href":"https:\/\/mapospheres.eu\/es\/wp-json\/wp\/v2\/media?parent=19323"}],"wp:term":[{"taxonomy":"product_brand","embeddable":true,"href":"https:\/\/mapospheres.eu\/es\/wp-json\/wp\/v2\/product_brand?post=19323"},{"taxonomy":"product_cat","embeddable":true,"href":"https:\/\/mapospheres.eu\/es\/wp-json\/wp\/v2\/product_cat?post=19323"},{"taxonomy":"product_tag","embeddable":true,"href":"https:\/\/mapospheres.eu\/es\/wp-json\/wp\/v2\/product_tag?post=19323"}],"curies":[{"name":"wp","href":"https:\/\/api.w.org\/{rel}","templated":true}]}}