{"id":19332,"date":"2026-03-10T14:35:48","date_gmt":"2026-03-10T14:35:48","guid":{"rendered":"https:\/\/mapospheres.eu\/product\/poster-of-carmarthen-wales\/"},"modified":"2026-03-13T13:56:52","modified_gmt":"2026-03-13T13:56:52","slug":"poster-of-carmarthen-wales","status":"publish","type":"product","link":"https:\/\/mapospheres.eu\/es\/product\/poster-de-carmarthen-gales\/","title":{"rendered":"Poster de Carmarthen | Gales, RR.UU."},"content":{"rendered":"<p><strong>Poster City map de Carmarthen, Gales: una mezcla de tiendas modernas y edificios hist\u00f3ricos que narran historias de su pasado romano y normando.<\/strong><\/p>\n<p>Este magn\u00edficamente detallado mapa de Carmarthen ofrece una encantadora visi\u00f3n de uno de los pueblos m\u00e1s antiguos y legendarios de Gales, donde las colinas ondulantes de la campi\u00f1a galesa se encuentran con las sinuosas orillas del r\u00edo Towy. El mapa muestra las suaves ondulaciones del paisaje, con las verdes colinas y los valles de Carmarthenshire confiriendo al pueblo una sensaci\u00f3n de calma e intemporalidad. El r\u00edo, serpenteando con gracia a trav\u00e9s del coraz\u00f3n del pueblo, es el elemento central del mapa, su fluir simbolizando la profunda conexi\u00f3n de la ciudad con la historia y la naturaleza. Es imposible no imaginar a los antiguos celtas, que seg\u00fan la tradici\u00f3n se asentaron aqu\u00ed, contemplando este mismo r\u00edo hace m\u00e1s de dos mil a\u00f1os. La topograf\u00eda de Carmarthen cobra vida en esta composici\u00f3n, con las colinas al norte creando un tel\u00f3n de fondo natural para el pueblo, mientras que las llanuras al sur se extienden hacia el mar. La vasta extensi\u00f3n verde del King&#8217;s Park, justo al sur del centro urbano, ofrece un soplo de naturaleza en medio del bullicio cotidiano, mientras que espacios m\u00e1s \u00edntimos y recogidos, como los tranquilos jardines de la iglesia de San Pedro, a\u00f1aden capas de serenidad al car\u00e1cter del pueblo. En el coraz\u00f3n de Carmarthen, la imponente silueta del castillo medieval de Carmarthen \u2014 hoy en ruinas \u2014 se yergue con orgullo en el horizonte, recordatorio imperecedero del papel estrat\u00e9gico de la ciudad como plaza fuerte a lo largo de los siglos. El castillo, aunque muy mermado por el tiempo, conserva un aire de misterio envolvente, y seg\u00fan la leyenda, fue el lugar de nacimiento del c\u00e9lebre mago Merl\u00edn. \u00a1Qui\u00e9n sabe \u2014 quiz\u00e1s a\u00fan flota un poco de magia entre sus calles!<\/p>\n","protected":false},"excerpt":{"rendered":"<p>Consigue un City Map (mapa mural de ciudad) impreso<br \/>\nde Carmarthen, Gales. \u00a1Elige el tama\u00f1o, el color y el dise\u00f1o de tu mapa a continuaci\u00f3n!<\/p>\n","protected":false},"featured_media":20392,"template":"","meta":{"_uag_custom_page_level_css":"","_monsterinsights_skip_tracking":false,"_monsterinsights_sitenote_active":false,"_monsterinsights_sitenote_note":"","_monsterinsights_sitenote_category":0,"site-sidebar-layout":"default","site-content-layout":"","ast-site-content-layout":"default","site-content-style":"default","site-sidebar-style":"default","ast-global-header-display":"","ast-banner-title-visibility":"","ast-main-header-display":"","ast-hfb-above-header-display":"","ast-hfb-below-header-display":"","ast-hfb-mobile-header-display":"","site-post-title":"","ast-breadcrumbs-content":"","ast-featured-img":"","footer-sml-layout":"","ast-disable-related-posts":"","theme-transparent-header-meta":"default","adv-header-id-meta":"","stick-header-meta":"","header-above-stick-meta":"","header-main-stick-meta":"","header-below-stick-meta":"","astra-migrate-meta-layouts":"set","ast-page-background-enabled":"default","ast-page-background-meta":{"desktop":{"background-color":"","background-image":"","background-repeat":"repeat","background-position":"center center","background-size":"auto","background-attachment":"scroll","background-type":"","background-media":"","overlay-type":"","overlay-color":"","overlay-opacity":"","overlay-gradient":""},"tablet":{"background-color":"","background-image":"","background-repeat":"repeat","background-position":"center center","background-size":"auto","background-attachment":"scroll","background-type":"","background-media":"","overlay-type":"","overlay-color":"","overlay-opacity":"","overlay-gradient":""},"mobile":{"background-color":"","background-image":"","background-repeat":"repeat","background-position":"center center","background-size":"auto","background-attachment":"scroll","background-type":"","background-media":"","overlay-type":"","overlay-color":"","overlay-opacity":"","overlay-gradient":""}},"ast-content-background-meta":{"desktop":{"background-color":"var(--ast-global-color-5)","background-image":"","background-repeat":"repeat","background-position":"center center","background-size":"auto","background-attachment":"scroll","background-type":"","background-media":"","overlay-type":"","overlay-color":"","overlay-opacity":"","overlay-gradient":""},"tablet":{"background-color":"var(--ast-global-color-5)","background-image":"","background-repeat":"repeat","background-position":"center center","background-size":"auto","background-attachment":"scroll","background-type":"","background-media":"","overlay-type":"","overlay-color":"","overlay-opacity":"","overlay-gradient":""},"mobile":{"background-color":"var(--ast-global-color-5)","background-image":"","background-repeat":"repeat","background-position":"center center","background-size":"auto","background-attachment":"scroll","background-type":"","background-media":"","overlay-type":"","overlay-color":"","overlay-opacity":"","overlay-gradient":""}}},"product_brand":[],"product_cat":[18],"product_tag":[820],"class_list":{"0":"post-19332","1":"product","2":"type-product","3":"status-publish","4":"has-post-thumbnail","6":"product_cat-city-maps","7":"product_tag-30x40-40x50-50x70-70x100-america-canvas-carmarthen-city-map-uk-wales","8":"desktop-align-left","9":"tablet-align-left","10":"mobile-align-left","12":"first","13":"instock","14":"shipping-taxable","15":"purchasable","16":"product-type-variable"},"aioseo_notices":[],"uagb_featured_image_src":{"full":["https:\/\/mapospheres.eu\/wp-content\/uploads\/2026\/03\/CANVAS_12_RED_2_CARMARTHEN.jpg",1000,1000,false],"thumbnail":["https:\/\/mapospheres.eu\/wp-content\/uploads\/2026\/03\/CANVAS_12_RED_2_CARMARTHEN-150x150.jpg",150,150,true],"medium":["https:\/\/mapospheres.eu\/wp-content\/uploads\/2026\/03\/CANVAS_12_RED_2_CARMARTHEN-300x300.jpg",300,300,true],"medium_large":["https:\/\/mapospheres.eu\/wp-content\/uploads\/2026\/03\/CANVAS_12_RED_2_CARMARTHEN-768x768.jpg",768,768,true],"large":["https:\/\/mapospheres.eu\/wp-content\/uploads\/2026\/03\/CANVAS_12_RED_2_CARMARTHEN.jpg",1000,1000,false],"1536x1536":["https:\/\/mapospheres.eu\/wp-content\/uploads\/2026\/03\/CANVAS_12_RED_2_CARMARTHEN.jpg",1000,1000,false],"2048x2048":["https:\/\/mapospheres.eu\/wp-content\/uploads\/2026\/03\/CANVAS_12_RED_2_CARMARTHEN.jpg",1000,1000,false],"woocommerce_thumbnail":["https:\/\/mapospheres.eu\/wp-content\/uploads\/2026\/03\/CANVAS_12_RED_2_CARMARTHEN-300x300.jpg",300,300,true],"woocommerce_single":["https:\/\/mapospheres.eu\/wp-content\/uploads\/2026\/03\/CANVAS_12_RED_2_CARMARTHEN-600x600.jpg",600,600,true],"woocommerce_gallery_thumbnail":["https:\/\/mapospheres.eu\/wp-content\/uploads\/2026\/03\/CANVAS_12_RED_2_CARMARTHEN-100x100.jpg",100,100,true]},"uagb_author_info":{"display_name":"sgainot04@gmail.com","author_link":"https:\/\/mapospheres.eu\/es\/author\/"},"uagb_comment_info":0,"uagb_excerpt":"Consigue un City Map (mapa mural de ciudad) impreso de Carmarthen, Gales. \u00a1Elige el tama\u00f1o, el color y el dise\u00f1o de tu mapa a continuaci\u00f3n!","_links":{"self":[{"href":"https:\/\/mapospheres.eu\/es\/wp-json\/wp\/v2\/product\/19332","targetHints":{"allow":["GET"]}}],"collection":[{"href":"https:\/\/mapospheres.eu\/es\/wp-json\/wp\/v2\/product"}],"about":[{"href":"https:\/\/mapospheres.eu\/es\/wp-json\/wp\/v2\/types\/product"}],"wp:featuredmedia":[{"embeddable":true,"href":"https:\/\/mapospheres.eu\/es\/wp-json\/wp\/v2\/media\/20392"}],"wp:attachment":[{"href":"https:\/\/mapospheres.eu\/es\/wp-json\/wp\/v2\/media?parent=19332"}],"wp:term":[{"taxonomy":"product_brand","embeddable":true,"href":"https:\/\/mapospheres.eu\/es\/wp-json\/wp\/v2\/product_brand?post=19332"},{"taxonomy":"product_cat","embeddable":true,"href":"https:\/\/mapospheres.eu\/es\/wp-json\/wp\/v2\/product_cat?post=19332"},{"taxonomy":"product_tag","embeddable":true,"href":"https:\/\/mapospheres.eu\/es\/wp-json\/wp\/v2\/product_tag?post=19332"}],"curies":[{"name":"wp","href":"https:\/\/api.w.org\/{rel}","templated":true}]}}