{"id":19333,"date":"2026-03-10T14:35:53","date_gmt":"2026-03-10T14:35:53","guid":{"rendered":"https:\/\/mapospheres.eu\/product\/poster-of-malaga-spain-elevation-map\/"},"modified":"2026-03-13T13:57:08","modified_gmt":"2026-03-13T13:57:08","slug":"poster-of-malaga-spain-elevation-map","status":"publish","type":"product","link":"https:\/\/mapospheres.eu\/es\/product\/poster-de-malaga-espana-mapa-de-altitud\/","title":{"rendered":"Poster de M\u00e1laga, Espa\u00f1a | Mapa de Altitud "},"content":{"rendered":"<p><strong>Poster Mapa de Altitud de M\u00e1laga, Espa\u00f1a: una fusi\u00f3n perfecta de naturaleza y cultura, historia y modernidad, este mapa de M\u00e1laga no es tan solo una pieza decorativa, sino un homenaje a una ciudad donde cada rinc\u00f3n guarda una historia y cada colina atesora una vista que merece ser saboreada.<\/strong><\/p>\n<p>Este deslumbrante mapa de M\u00e1laga ofrece una mirada \u00fanica y visualmente cautivadora sobre una de las ciudades m\u00e1s encantadoras de Espa\u00f1a. Enclavada entre las escarpadas colinas de los Montes de M\u00e1laga y la suave curva del Mar Mediterr\u00e1neo, el mapa muestra con belleza la topograf\u00eda de la ciudad, con sus colinas ondulantes y sus suaves llanuras costeras creando una atm\u00f3sfera a la vez din\u00e1mica y apacible. Las distintivas curvas de nivel del mapa realzan el relieve accidentado de M\u00e1laga, donde el c\u00e9lebre castillo de Gibralfaro se alza con orgullo, vigilando la ciudad como lo ha hecho durante siglos, como un sabio guardi\u00e1n con una vista panor\u00e1mica sobre la bulliciosa ciudad y la costa reluciente. Una suave extensi\u00f3n verde de parques y espacios naturales marca el coraz\u00f3n de M\u00e1laga, con zonas exuberantes como la Alameda Principal, invitando a los visitantes a pasear bajo la sombra de las palmeras. El Parque de M\u00e1laga, verdadero tesoro bot\u00e1nico, parece rebosar de vida mientras su verdor ondea a trav\u00e9s del mapa, ofreciendo un contraste refrescante con las vibrantes calles de la ciudad. Las cercanas playas de La Malagueta, ba\u00f1adas por el azul luminoso del mar, ofrecen un equilibrio hermoso entre vida urbana y naturaleza, haciendo que el mapa se sienta tan vivo como la ciudad misma. Pero M\u00e1laga no es solo paisajes de ensue\u00f1o \u2014 est\u00e1 tambi\u00e9n impregnada de historia y de relatos que han forjado su paisaje tan singular. En este mapa, las calles sinuosas alrededor de la hist\u00f3rica Alcazaba, imponente fortaleza que resuena con los ecos del dominio moro, se curvan como antiguos senderos hacia el pasado. El cercano Teatro Romano, apaciblemente anidado al pie de la Alcazaba, narra historias de civilizaciones hace tiempo desaparecidas pero a\u00fan muy presentes en el alma de la ciudad. Los lugares emblem\u00e1ticos de M\u00e1laga, como la hermosa Catedral \u2014 a menudo llamada cari\u00f1osamente \u00abLa Manquita\u00bb por su torre inacabada \u2014 parecen surgir del mapa, sus siluetas ic\u00f3nicas a\u00f1adiendo a la vez elegancia y un toque de misterio a la composici\u00f3n. Los coloridos barrios y las estrechas callejuelas alrededor del casco antiguo vibran con la energ\u00eda de los bares de tapas, los ritmos del flamenco y las actuaciones callejeras improvisadas, todo ello sutilmente evocado en los detalles del mapa. Enmarcando este paisaje urbano tan singular, el vibrante contraste entre mar, cielo y tierra crea un equilibrio que se siente a la vez arraigado e infinito. Tanto si has paseado por sus calles como si sue\u00f1as con hacerlo, este mapa captura la esencia de M\u00e1laga en toda su gloria colorida y ba\u00f1ada de sol.<\/p>\n","protected":false},"excerpt":{"rendered":"<p>Consigue esta impresi\u00f3n de Poster de Mapa de Altitud de M\u00e1laga, Espa\u00f1a, como un mapa de pared. \u00a1Puedes seleccionar el tama\u00f1o o el dise\u00f1o de tu mapa!<\/p>\n","protected":false},"featured_media":20632,"template":"","meta":{"_uag_custom_page_level_css":"","_monsterinsights_skip_tracking":false,"_monsterinsights_sitenote_active":false,"_monsterinsights_sitenote_note":"","_monsterinsights_sitenote_category":0,"site-sidebar-layout":"default","site-content-layout":"","ast-site-content-layout":"default","site-content-style":"default","site-sidebar-style":"default","ast-global-header-display":"","ast-banner-title-visibility":"","ast-main-header-display":"","ast-hfb-above-header-display":"","ast-hfb-below-header-display":"","ast-hfb-mobile-header-display":"","site-post-title":"","ast-breadcrumbs-content":"","ast-featured-img":"","footer-sml-layout":"","ast-disable-related-posts":"","theme-transparent-header-meta":"default","adv-header-id-meta":"","stick-header-meta":"","header-above-stick-meta":"","header-main-stick-meta":"","header-below-stick-meta":"","astra-migrate-meta-layouts":"set","ast-page-background-enabled":"default","ast-page-background-meta":{"desktop":{"background-color":"","background-image":"","background-repeat":"repeat","background-position":"center center","background-size":"auto","background-attachment":"scroll","background-type":"","background-media":"","overlay-type":"","overlay-color":"","overlay-opacity":"","overlay-gradient":""},"tablet":{"background-color":"","background-image":"","background-repeat":"repeat","background-position":"center center","background-size":"auto","background-attachment":"scroll","background-type":"","background-media":"","overlay-type":"","overlay-color":"","overlay-opacity":"","overlay-gradient":""},"mobile":{"background-color":"","background-image":"","background-repeat":"repeat","background-position":"center center","background-size":"auto","background-attachment":"scroll","background-type":"","background-media":"","overlay-type":"","overlay-color":"","overlay-opacity":"","overlay-gradient":""}},"ast-content-background-meta":{"desktop":{"background-color":"var(--ast-global-color-5)","background-image":"","background-repeat":"repeat","background-position":"center center","background-size":"auto","background-attachment":"scroll","background-type":"","background-media":"","overlay-type":"","overlay-color":"","overlay-opacity":"","overlay-gradient":""},"tablet":{"background-color":"var(--ast-global-color-5)","background-image":"","background-repeat":"repeat","background-position":"center center","background-size":"auto","background-attachment":"scroll","background-type":"","background-media":"","overlay-type":"","overlay-color":"","overlay-opacity":"","overlay-gradient":""},"mobile":{"background-color":"var(--ast-global-color-5)","background-image":"","background-repeat":"repeat","background-position":"center center","background-size":"auto","background-attachment":"scroll","background-type":"","background-media":"","overlay-type":"","overlay-color":"","overlay-opacity":"","overlay-gradient":""}}},"product_brand":[],"product_cat":[90,464,465],"product_tag":[34,35,36,39,92,318,319,93,878,99],"class_list":{"0":"post-19333","1":"product","2":"type-product","3":"status-publish","4":"has-post-thumbnail","6":"product_cat-elevation-maps","7":"product_cat-featured_fr","8":"product_cat-featured_esp","9":"product_tag-30x40","10":"product_tag-40x50","11":"product_tag-50x70","12":"product_tag-canvas","13":"product_tag-elevation-map","14":"product_tag-espagne","15":"product_tag-espana","16":"product_tag-europe","17":"product_tag-malaga","18":"product_tag-spain","19":"desktop-align-left","20":"tablet-align-left","21":"mobile-align-left","23":"first","24":"instock","25":"shipping-taxable","26":"purchasable","27":"product-type-variable"},"aioseo_notices":[],"uagb_featured_image_src":{"full":["https:\/\/mapospheres.eu\/wp-content\/uploads\/2026\/03\/ELEV_1FULLPAGE2-1.jpg",1000,1000,false],"thumbnail":["https:\/\/mapospheres.eu\/wp-content\/uploads\/2026\/03\/ELEV_1FULLPAGE2-1-150x150.jpg",150,150,true],"medium":["https:\/\/mapospheres.eu\/wp-content\/uploads\/2026\/03\/ELEV_1FULLPAGE2-1-300x300.jpg",300,300,true],"medium_large":["https:\/\/mapospheres.eu\/wp-content\/uploads\/2026\/03\/ELEV_1FULLPAGE2-1-768x768.jpg",768,768,true],"large":["https:\/\/mapospheres.eu\/wp-content\/uploads\/2026\/03\/ELEV_1FULLPAGE2-1.jpg",1000,1000,false],"1536x1536":["https:\/\/mapospheres.eu\/wp-content\/uploads\/2026\/03\/ELEV_1FULLPAGE2-1.jpg",1000,1000,false],"2048x2048":["https:\/\/mapospheres.eu\/wp-content\/uploads\/2026\/03\/ELEV_1FULLPAGE2-1.jpg",1000,1000,false],"woocommerce_thumbnail":["https:\/\/mapospheres.eu\/wp-content\/uploads\/2026\/03\/ELEV_1FULLPAGE2-1-300x300.jpg",300,300,true],"woocommerce_single":["https:\/\/mapospheres.eu\/wp-content\/uploads\/2026\/03\/ELEV_1FULLPAGE2-1-600x600.jpg",600,600,true],"woocommerce_gallery_thumbnail":["https:\/\/mapospheres.eu\/wp-content\/uploads\/2026\/03\/ELEV_1FULLPAGE2-1-100x100.jpg",100,100,true]},"uagb_author_info":{"display_name":"sgainot04@gmail.com","author_link":"https:\/\/mapospheres.eu\/es\/author\/"},"uagb_comment_info":0,"uagb_excerpt":"Consigue esta impresi\u00f3n de Poster de Mapa de Altitud de M\u00e1laga, Espa\u00f1a, como un mapa de pared. \u00a1Puedes seleccionar el tama\u00f1o o el dise\u00f1o de tu mapa!","_links":{"self":[{"href":"https:\/\/mapospheres.eu\/es\/wp-json\/wp\/v2\/product\/19333","targetHints":{"allow":["GET"]}}],"collection":[{"href":"https:\/\/mapospheres.eu\/es\/wp-json\/wp\/v2\/product"}],"about":[{"href":"https:\/\/mapospheres.eu\/es\/wp-json\/wp\/v2\/types\/product"}],"wp:featuredmedia":[{"embeddable":true,"href":"https:\/\/mapospheres.eu\/es\/wp-json\/wp\/v2\/media\/20632"}],"wp:attachment":[{"href":"https:\/\/mapospheres.eu\/es\/wp-json\/wp\/v2\/media?parent=19333"}],"wp:term":[{"taxonomy":"product_brand","embeddable":true,"href":"https:\/\/mapospheres.eu\/es\/wp-json\/wp\/v2\/product_brand?post=19333"},{"taxonomy":"product_cat","embeddable":true,"href":"https:\/\/mapospheres.eu\/es\/wp-json\/wp\/v2\/product_cat?post=19333"},{"taxonomy":"product_tag","embeddable":true,"href":"https:\/\/mapospheres.eu\/es\/wp-json\/wp\/v2\/product_tag?post=19333"}],"curies":[{"name":"wp","href":"https:\/\/api.w.org\/{rel}","templated":true}]}}