{"id":19345,"date":"2026-03-10T14:36:50","date_gmt":"2026-03-10T14:36:50","guid":{"rendered":"https:\/\/mapospheres.eu\/product\/poster-of-wroclaw-poland\/"},"modified":"2026-03-19T09:24:13","modified_gmt":"2026-03-19T09:24:13","slug":"poster-of-wroclaw-poland","status":"publish","type":"product","link":"https:\/\/mapospheres.eu\/es\/product\/poster-de-wroclaw-polonia\/","title":{"rendered":"Poster de Wroclaw | Polonia"},"content":{"rendered":"<p><strong>Poster City map de Wroclaw, Polonia : un gran lienzo de historia y naturaleza.<\/strong><\/p>\n<p>Nuestro mapa da vida a las suaves ondulaciones de su paisaje, desde las serenas zonas bajas hasta los terrenos levemente elevados que evocan antiguas leyendas de resiliencia y renacimiento. El vasto Szczytnicki Park, con su c\u00e9lebre Jard\u00edn Japon\u00e9s, ofrece un refugio de paz en medio del bullicio urbano. Las frondosas extensiones del Jard\u00edn Bot\u00e1nico, museo vivo de la flora, prometen un fest\u00edn visual de las maravillas de la naturaleza. Cada espacio verde est\u00e1 cuidadosamente se\u00f1alado en el mapa, invit\u00e1ndote a imaginar tranquilos paseos y picnics bajo el sol polaco. Ning\u00fan mapa de Wroclaw estar\u00eda completo sin sus lugares emblem\u00e1ticos. La grandiosa Plaza del Mercado, o Rynek, preside el coraz\u00f3n de la ciudad, vibrante nexo de cultura y comercio desde tiempos medievales. El esplendor g\u00f3tico de la iglesia de Santa Isabel, con sus altivas agujas, a\u00f1ade un toque de majestuosidad. Mira con m\u00e1s detenimiento y descubrir\u00e1s los caprichosos enanos \u2014 los traviesos krasnale de Wroclaw \u2014 ocultos a plena vista, aportando un halo de encanto fe\u00e9rico y humor al paisaje urbano. Los r\u00edos e islas de Wroclaw est\u00e1n graciosamente trazados en el mapa, y cada curva del r\u00edo Odra y cada puente \u2014 ya sea el imponente Grunwaldzki o el hist\u00f3rico Tumski \u2014 te invitan a explorar la rica historia de la ciudad y su eterna historia de amor con el agua. Las islas, y en particular Ostr\u00f3w Tumski, con su catedral y sus calles adoquinadas, ofrecen una ventana al coraz\u00f3n ancestral de la ciudad.<\/p>\n","protected":false},"excerpt":{"rendered":"<p>Consigue un City Map (mapa mural de ciudad) impreso de Wroclaw, Polonia. \u00a1Elige el tama\u00f1o, el color y el dise\u00f1o de tu mapa a continuaci\u00f3n!<\/p>\n","protected":false},"featured_media":19661,"template":"","meta":{"_uag_custom_page_level_css":"","_monsterinsights_skip_tracking":false,"_monsterinsights_sitenote_active":false,"_monsterinsights_sitenote_note":"","_monsterinsights_sitenote_category":0,"site-sidebar-layout":"default","site-content-layout":"","ast-site-content-layout":"default","site-content-style":"default","site-sidebar-style":"default","ast-global-header-display":"","ast-banner-title-visibility":"","ast-main-header-display":"","ast-hfb-above-header-display":"","ast-hfb-below-header-display":"","ast-hfb-mobile-header-display":"","site-post-title":"","ast-breadcrumbs-content":"","ast-featured-img":"","footer-sml-layout":"","ast-disable-related-posts":"","theme-transparent-header-meta":"default","adv-header-id-meta":"","stick-header-meta":"","header-above-stick-meta":"","header-main-stick-meta":"","header-below-stick-meta":"","astra-migrate-meta-layouts":"set","ast-page-background-enabled":"default","ast-page-background-meta":{"desktop":{"background-color":"","background-image":"","background-repeat":"repeat","background-position":"center center","background-size":"auto","background-attachment":"scroll","background-type":"","background-media":"","overlay-type":"","overlay-color":"","overlay-opacity":"","overlay-gradient":""},"tablet":{"background-color":"","background-image":"","background-repeat":"repeat","background-position":"center center","background-size":"auto","background-attachment":"scroll","background-type":"","background-media":"","overlay-type":"","overlay-color":"","overlay-opacity":"","overlay-gradient":""},"mobile":{"background-color":"","background-image":"","background-repeat":"repeat","background-position":"center center","background-size":"auto","background-attachment":"scroll","background-type":"","background-media":"","overlay-type":"","overlay-color":"","overlay-opacity":"","overlay-gradient":""}},"ast-content-background-meta":{"desktop":{"background-color":"var(--ast-global-color-5)","background-image":"","background-repeat":"repeat","background-position":"center center","background-size":"auto","background-attachment":"scroll","background-type":"","background-media":"","overlay-type":"","overlay-color":"","overlay-opacity":"","overlay-gradient":""},"tablet":{"background-color":"var(--ast-global-color-5)","background-image":"","background-repeat":"repeat","background-position":"center center","background-size":"auto","background-attachment":"scroll","background-type":"","background-media":"","overlay-type":"","overlay-color":"","overlay-opacity":"","overlay-gradient":""},"mobile":{"background-color":"var(--ast-global-color-5)","background-image":"","background-repeat":"repeat","background-position":"center center","background-size":"auto","background-attachment":"scroll","background-type":"","background-media":"","overlay-type":"","overlay-color":"","overlay-opacity":"","overlay-gradient":""}}},"product_brand":[],"product_cat":[18],"product_tag":[34,35,36,37,39,40,93,349,855,856],"class_list":{"0":"post-19345","1":"product","2":"type-product","3":"status-publish","4":"has-post-thumbnail","6":"product_cat-city-maps","7":"product_tag-30x40","8":"product_tag-40x50","9":"product_tag-50x70","10":"product_tag-70x100","11":"product_tag-canvas","12":"product_tag-city-map","13":"product_tag-europe","14":"product_tag-poland","15":"product_tag-polska","16":"product_tag-wroclaw","17":"desktop-align-left","18":"tablet-align-left","19":"mobile-align-left","21":"first","22":"instock","23":"shipping-taxable","24":"purchasable","25":"product-type-variable"},"aioseo_notices":[],"uagb_featured_image_src":{"full":["https:\/\/mapospheres.eu\/wp-content\/uploads\/2026\/03\/CANVAS_13_BW_MP_3_WROCLAW.jpg",1000,1000,false],"thumbnail":["https:\/\/mapospheres.eu\/wp-content\/uploads\/2026\/03\/CANVAS_13_BW_MP_3_WROCLAW-150x150.jpg",150,150,true],"medium":["https:\/\/mapospheres.eu\/wp-content\/uploads\/2026\/03\/CANVAS_13_BW_MP_3_WROCLAW-300x300.jpg",300,300,true],"medium_large":["https:\/\/mapospheres.eu\/wp-content\/uploads\/2026\/03\/CANVAS_13_BW_MP_3_WROCLAW-768x768.jpg",768,768,true],"large":["https:\/\/mapospheres.eu\/wp-content\/uploads\/2026\/03\/CANVAS_13_BW_MP_3_WROCLAW.jpg",1000,1000,false],"1536x1536":["https:\/\/mapospheres.eu\/wp-content\/uploads\/2026\/03\/CANVAS_13_BW_MP_3_WROCLAW.jpg",1000,1000,false],"2048x2048":["https:\/\/mapospheres.eu\/wp-content\/uploads\/2026\/03\/CANVAS_13_BW_MP_3_WROCLAW.jpg",1000,1000,false],"woocommerce_thumbnail":["https:\/\/mapospheres.eu\/wp-content\/uploads\/2026\/03\/CANVAS_13_BW_MP_3_WROCLAW-300x300.jpg",300,300,true],"woocommerce_single":["https:\/\/mapospheres.eu\/wp-content\/uploads\/2026\/03\/CANVAS_13_BW_MP_3_WROCLAW-600x600.jpg",600,600,true],"woocommerce_gallery_thumbnail":["https:\/\/mapospheres.eu\/wp-content\/uploads\/2026\/03\/CANVAS_13_BW_MP_3_WROCLAW-100x100.jpg",100,100,true]},"uagb_author_info":{"display_name":"sgainot04@gmail.com","author_link":"https:\/\/mapospheres.eu\/es\/author\/"},"uagb_comment_info":0,"uagb_excerpt":"Consigue un City Map (mapa mural de ciudad) impreso de Wroclaw, Polonia. \u00a1Elige el tama\u00f1o, el color y el dise\u00f1o de tu mapa a continuaci\u00f3n!","_links":{"self":[{"href":"https:\/\/mapospheres.eu\/es\/wp-json\/wp\/v2\/product\/19345","targetHints":{"allow":["GET"]}}],"collection":[{"href":"https:\/\/mapospheres.eu\/es\/wp-json\/wp\/v2\/product"}],"about":[{"href":"https:\/\/mapospheres.eu\/es\/wp-json\/wp\/v2\/types\/product"}],"wp:featuredmedia":[{"embeddable":true,"href":"https:\/\/mapospheres.eu\/es\/wp-json\/wp\/v2\/media\/19661"}],"wp:attachment":[{"href":"https:\/\/mapospheres.eu\/es\/wp-json\/wp\/v2\/media?parent=19345"}],"wp:term":[{"taxonomy":"product_brand","embeddable":true,"href":"https:\/\/mapospheres.eu\/es\/wp-json\/wp\/v2\/product_brand?post=19345"},{"taxonomy":"product_cat","embeddable":true,"href":"https:\/\/mapospheres.eu\/es\/wp-json\/wp\/v2\/product_cat?post=19345"},{"taxonomy":"product_tag","embeddable":true,"href":"https:\/\/mapospheres.eu\/es\/wp-json\/wp\/v2\/product_tag?post=19345"}],"curies":[{"name":"wp","href":"https:\/\/api.w.org\/{rel}","templated":true}]}}