{"id":19351,"date":"2026-03-10T14:37:20","date_gmt":"2026-03-10T14:37:20","guid":{"rendered":"https:\/\/mapospheres.eu\/product\/poster-of-manchester-uk\/"},"modified":"2026-03-19T09:23:51","modified_gmt":"2026-03-19T09:23:51","slug":"poster-of-manchester-uk","status":"publish","type":"product","link":"https:\/\/mapospheres.eu\/es\/product\/poster-de-manchester-reino-unido\/","title":{"rendered":"Poster de Manchester | Reino Unido"},"content":{"rendered":"<p><strong>Poster City map de Manchester, Cheshire: ya seas un apasionado de la historia, un fan\u00e1tico del f\u00fatbol o simplemente alguien que aprecia las cosas bellas de la vida, este mapa es una deliciosa oda a una ciudad que nunca deja de reinventarse.<\/strong><\/p>\n<p>Enclavada en el coraz\u00f3n del noroeste de Inglaterra, Manchester es magn\u00edficamente surcada por el r\u00edo Irwell y el r\u00edo Mersey, cuyos meandros aportan un fluir apacible al din\u00e1mico paisaje de la ciudad. El terreno oscila entre las llanuras que acunan su bullicioso n\u00facleo urbano y las colinas ondulantes que enmarcan sus alrededores, ofreciendo un panorama tan diverso como su herencia cultural. Las frondosas extensiones de Heaton Park, uno de los parques municipales m\u00e1s grandes de Europa, conforman un exuberante oasis verde donde los habitantes escapan del torbellino urbano. Este generoso parque, dotado de un lago para remar y un espacio animal, es testimonio del compromiso de Manchester con la preservaci\u00f3n de sus espacios naturales. Cerca de all\u00ed, el sereno Fletcher Moss Park y sus Jardines Bot\u00e1nicos te invitan a perderte entre plantas ex\u00f3ticas y apacibles senderos. Dominando el horizonte, la emblem\u00e1tica Beetham Tower se eleva como s\u00edmbolo moderno del genio arquitect\u00f3nico de Manchester, mientras que la hist\u00f3rica catedral de Manchester y el esplendor neog\u00f3tico de la John Rylands Library ofrecen ventanas abiertas al glorioso pasado de la ciudad. Para los amantes del deporte, el legendario Old Trafford y el deslumbrante Etihad Stadium son tierras sagradas donde los sue\u00f1os del f\u00fatbol se hacen realidad. El mapa pone tambi\u00e9n de relieve el patrimonio industrial de Manchester, a trav\u00e9s de lugares emblem\u00e1ticos como el Science and Industry Museum, donde a\u00fan resuenan los ecos de la Revoluci\u00f3n Industrial. Los canales que anta\u00f1o impulsaban los molinos algodoneros a\u00f1aden ahora un pintoresco encanto, atravesando la ciudad como un tapiz de historia l\u00edquida. En el m\u00e1s puro esp\u00edritu mancuniano, este mapa no se limita a trazar la ciudad \u2014 cuenta su alma, desde las calles adoquinadas del Northern Quarter, rebosantes de arte urbano y boutiques singulares, hasta la vibrante modernidad de MediaCityUK, donde la energ\u00eda creativa no conoce fronteras.<\/p>\n","protected":false},"excerpt":{"rendered":"<p>Consigue un City Map (mapa mural de ciudad) impreso de Manchester, Reino Unido. \u00a1Elige el tama\u00f1o, el color y el dise\u00f1o de tu mapa a continuaci\u00f3n!<\/p>\n","protected":false},"featured_media":19420,"template":"","meta":{"_uag_custom_page_level_css":"","_monsterinsights_skip_tracking":false,"_monsterinsights_sitenote_active":false,"_monsterinsights_sitenote_note":"","_monsterinsights_sitenote_category":0,"site-sidebar-layout":"default","site-content-layout":"","ast-site-content-layout":"default","site-content-style":"default","site-sidebar-style":"default","ast-global-header-display":"","ast-banner-title-visibility":"","ast-main-header-display":"","ast-hfb-above-header-display":"","ast-hfb-below-header-display":"","ast-hfb-mobile-header-display":"","site-post-title":"","ast-breadcrumbs-content":"","ast-featured-img":"","footer-sml-layout":"","ast-disable-related-posts":"","theme-transparent-header-meta":"default","adv-header-id-meta":"","stick-header-meta":"","header-above-stick-meta":"","header-main-stick-meta":"","header-below-stick-meta":"","astra-migrate-meta-layouts":"set","ast-page-background-enabled":"default","ast-page-background-meta":{"desktop":{"background-color":"","background-image":"","background-repeat":"repeat","background-position":"center center","background-size":"auto","background-attachment":"scroll","background-type":"","background-media":"","overlay-type":"","overlay-color":"","overlay-opacity":"","overlay-gradient":""},"tablet":{"background-color":"","background-image":"","background-repeat":"repeat","background-position":"center center","background-size":"auto","background-attachment":"scroll","background-type":"","background-media":"","overlay-type":"","overlay-color":"","overlay-opacity":"","overlay-gradient":""},"mobile":{"background-color":"","background-image":"","background-repeat":"repeat","background-position":"center center","background-size":"auto","background-attachment":"scroll","background-type":"","background-media":"","overlay-type":"","overlay-color":"","overlay-opacity":"","overlay-gradient":""}},"ast-content-background-meta":{"desktop":{"background-color":"var(--ast-global-color-5)","background-image":"","background-repeat":"repeat","background-position":"center center","background-size":"auto","background-attachment":"scroll","background-type":"","background-media":"","overlay-type":"","overlay-color":"","overlay-opacity":"","overlay-gradient":""},"tablet":{"background-color":"var(--ast-global-color-5)","background-image":"","background-repeat":"repeat","background-position":"center center","background-size":"auto","background-attachment":"scroll","background-type":"","background-media":"","overlay-type":"","overlay-color":"","overlay-opacity":"","overlay-gradient":""},"mobile":{"background-color":"var(--ast-global-color-5)","background-image":"","background-repeat":"repeat","background-position":"center center","background-size":"auto","background-attachment":"scroll","background-type":"","background-media":"","overlay-type":"","overlay-color":"","overlay-opacity":"","overlay-gradient":""}}},"product_brand":[],"product_cat":[18,338],"product_tag":[34,35,36,37,39,847,40,186,93,848,117,188],"class_list":{"0":"post-19351","1":"product","2":"type-product","3":"status-publish","4":"has-post-thumbnail","6":"product_cat-city-maps","7":"product_cat-featured_eng","8":"product_tag-30x40","9":"product_tag-40x50","10":"product_tag-50x70","11":"product_tag-70x100","12":"product_tag-canvas","13":"product_tag-cheshire","14":"product_tag-city-map","15":"product_tag-england","16":"product_tag-europe","17":"product_tag-manchester","18":"product_tag-uk","19":"product_tag-united-kingdom","20":"desktop-align-left","21":"tablet-align-left","22":"mobile-align-left","24":"first","25":"instock","26":"shipping-taxable","27":"purchasable","28":"product-type-variable"},"aioseo_notices":[],"uagb_featured_image_src":{"full":["https:\/\/mapospheres.eu\/wp-content\/uploads\/2026\/03\/CANVAS_12_RED_2_MANCHESTER.jpg",1000,1000,false],"thumbnail":["https:\/\/mapospheres.eu\/wp-content\/uploads\/2026\/03\/CANVAS_12_RED_2_MANCHESTER-150x150.jpg",150,150,true],"medium":["https:\/\/mapospheres.eu\/wp-content\/uploads\/2026\/03\/CANVAS_12_RED_2_MANCHESTER-300x300.jpg",300,300,true],"medium_large":["https:\/\/mapospheres.eu\/wp-content\/uploads\/2026\/03\/CANVAS_12_RED_2_MANCHESTER-768x768.jpg",768,768,true],"large":["https:\/\/mapospheres.eu\/wp-content\/uploads\/2026\/03\/CANVAS_12_RED_2_MANCHESTER.jpg",1000,1000,false],"1536x1536":["https:\/\/mapospheres.eu\/wp-content\/uploads\/2026\/03\/CANVAS_12_RED_2_MANCHESTER.jpg",1000,1000,false],"2048x2048":["https:\/\/mapospheres.eu\/wp-content\/uploads\/2026\/03\/CANVAS_12_RED_2_MANCHESTER.jpg",1000,1000,false],"woocommerce_thumbnail":["https:\/\/mapospheres.eu\/wp-content\/uploads\/2026\/03\/CANVAS_12_RED_2_MANCHESTER-300x300.jpg",300,300,true],"woocommerce_single":["https:\/\/mapospheres.eu\/wp-content\/uploads\/2026\/03\/CANVAS_12_RED_2_MANCHESTER-600x600.jpg",600,600,true],"woocommerce_gallery_thumbnail":["https:\/\/mapospheres.eu\/wp-content\/uploads\/2026\/03\/CANVAS_12_RED_2_MANCHESTER-100x100.jpg",100,100,true]},"uagb_author_info":{"display_name":"sgainot04@gmail.com","author_link":"https:\/\/mapospheres.eu\/es\/author\/"},"uagb_comment_info":0,"uagb_excerpt":"Consigue un City Map (mapa mural de ciudad) impreso de Manchester, Reino Unido. \u00a1Elige el tama\u00f1o, el color y el dise\u00f1o de tu mapa a continuaci\u00f3n!","_links":{"self":[{"href":"https:\/\/mapospheres.eu\/es\/wp-json\/wp\/v2\/product\/19351","targetHints":{"allow":["GET"]}}],"collection":[{"href":"https:\/\/mapospheres.eu\/es\/wp-json\/wp\/v2\/product"}],"about":[{"href":"https:\/\/mapospheres.eu\/es\/wp-json\/wp\/v2\/types\/product"}],"wp:featuredmedia":[{"embeddable":true,"href":"https:\/\/mapospheres.eu\/es\/wp-json\/wp\/v2\/media\/19420"}],"wp:attachment":[{"href":"https:\/\/mapospheres.eu\/es\/wp-json\/wp\/v2\/media?parent=19351"}],"wp:term":[{"taxonomy":"product_brand","embeddable":true,"href":"https:\/\/mapospheres.eu\/es\/wp-json\/wp\/v2\/product_brand?post=19351"},{"taxonomy":"product_cat","embeddable":true,"href":"https:\/\/mapospheres.eu\/es\/wp-json\/wp\/v2\/product_cat?post=19351"},{"taxonomy":"product_tag","embeddable":true,"href":"https:\/\/mapospheres.eu\/es\/wp-json\/wp\/v2\/product_tag?post=19351"}],"curies":[{"name":"wp","href":"https:\/\/api.w.org\/{rel}","templated":true}]}}