{"id":21510,"date":"2026-03-17T13:55:04","date_gmt":"2026-03-17T13:55:04","guid":{"rendered":"https:\/\/mapospheres.eu\/product\/poster-of-zagreb-croatia\/"},"modified":"2026-05-04T13:56:44","modified_gmt":"2026-05-04T13:56:44","slug":"poster-of-zagreb-croatia","status":"publish","type":"product","link":"https:\/\/mapospheres.eu\/es\/product\/poster-de-zagreb-croacia\/","title":{"rendered":"Poster de Zagreb | Croacia"},"content":{"rendered":"<p><strong>Poster City map de Zagreb, Croacia: con su mezcla de historia, naturaleza y encanto urbano, es una pieza perfecta para tu pared, un recordatorio constante del esp\u00edritu \u00fanico de esta capital croata.<\/strong><\/p>\n<p>Ad\u00e9ntrate en el coraz\u00f3n de Croacia con este cautivador mapa de Zagreb, donde la vida urbana se funde con la naturaleza en perfecta armon\u00eda. A primera vista, la ciudad se despliega sobre las laderas del monte Medvednica al norte, mientras el r\u00edo Sava serpentea por el sur, dibujando una frontera natural que estructura el paisaje. El mapa revela un relieve ondulado lleno de encanto: la Ciudad Alta, encaramada como una corona sobre la colina, observa c\u00f3mo la animada Ciudad Baja se extiende a sus pies, salpicada de parques, plazas y edificios hist\u00f3ricos.<\/p>\n<p>Los espacios verdes de Zagreb, verdaderos tesoros ocultos, cobran vida en este mapa. El amplio parque Maksimir, con sus lagos tranquilos y senderos serpenteantes, ofrece un refugio de calma en pleno coraz\u00f3n urbano. Hacia el oeste, el bosque de Tu\u0161kanac despliega su manto verde invitando a perderse entre sus caminos, mientras que el elegante parque Zrinjevac, cerca del centro, regala un rinc\u00f3n ideal para pasear o descansar bajo la sombra de sus majestuosos \u00e1rboles.<\/p>\n<p>Entre sus l\u00edneas se entretejen los s\u00edmbolos de la ciudad, cada uno cargado de historia. Desde la ic\u00f3nica catedral de Zagreb, cuyas torres gemelas se elevan hacia el cielo, hasta la singular Puerta de Piedra, donde una antigua imagen de la Virgen Mar\u00eda es venerada por sus milagros, la ciudad revela capas de memoria y misterio. El mapa tambi\u00e9n gu\u00eda por las estrechas calles medievales de la Ciudad Alta, donde un pintoresco funicular \u2014uno de los m\u00e1s cortos del mundo\u2014 conecta con la Ciudad Baja, y donde las calles empedradas serpentean llenas de car\u00e1cter, invitando a perderse y descubrir.<\/p>\n","protected":false},"excerpt":{"rendered":"<p>Compra un City Map (mapa mural de ciudad) impreso de Zagreb, Croacia. \u00a1Elige el tama\u00f1o, el color y el dise\u00f1o de tu mapa a continuaci\u00f3n!<\/p>\n","protected":false},"featured_media":26256,"template":"","meta":{"_uag_custom_page_level_css":"","_monsterinsights_skip_tracking":false,"_monsterinsights_sitenote_active":false,"_monsterinsights_sitenote_note":"","_monsterinsights_sitenote_category":0,"site-sidebar-layout":"default","site-content-layout":"","ast-site-content-layout":"default","site-content-style":"default","site-sidebar-style":"default","ast-global-header-display":"","ast-banner-title-visibility":"","ast-main-header-display":"","ast-hfb-above-header-display":"","ast-hfb-below-header-display":"","ast-hfb-mobile-header-display":"","site-post-title":"","ast-breadcrumbs-content":"","ast-featured-img":"","footer-sml-layout":"","ast-disable-related-posts":"","theme-transparent-header-meta":"default","adv-header-id-meta":"","stick-header-meta":"","header-above-stick-meta":"","header-main-stick-meta":"","header-below-stick-meta":"","astra-migrate-meta-layouts":"set","ast-page-background-enabled":"default","ast-page-background-meta":{"desktop":{"background-color":"","background-image":"","background-repeat":"repeat","background-position":"center center","background-size":"auto","background-attachment":"scroll","background-type":"","background-media":"","overlay-type":"","overlay-color":"","overlay-opacity":"","overlay-gradient":""},"tablet":{"background-color":"","background-image":"","background-repeat":"repeat","background-position":"center center","background-size":"auto","background-attachment":"scroll","background-type":"","background-media":"","overlay-type":"","overlay-color":"","overlay-opacity":"","overlay-gradient":""},"mobile":{"background-color":"","background-image":"","background-repeat":"repeat","background-position":"center center","background-size":"auto","background-attachment":"scroll","background-type":"","background-media":"","overlay-type":"","overlay-color":"","overlay-opacity":"","overlay-gradient":""}},"ast-content-background-meta":{"desktop":{"background-color":"var(--ast-global-color-5)","background-image":"","background-repeat":"repeat","background-position":"center center","background-size":"auto","background-attachment":"scroll","background-type":"","background-media":"","overlay-type":"","overlay-color":"","overlay-opacity":"","overlay-gradient":""},"tablet":{"background-color":"var(--ast-global-color-5)","background-image":"","background-repeat":"repeat","background-position":"center center","background-size":"auto","background-attachment":"scroll","background-type":"","background-media":"","overlay-type":"","overlay-color":"","overlay-opacity":"","overlay-gradient":""},"mobile":{"background-color":"var(--ast-global-color-5)","background-image":"","background-repeat":"repeat","background-position":"center center","background-size":"auto","background-attachment":"scroll","background-type":"","background-media":"","overlay-type":"","overlay-color":"","overlay-opacity":"","overlay-gradient":""}}},"product_brand":[],"product_cat":[18],"product_tag":[34,35,36,37,39,40,1170,93,1171,1172],"class_list":{"0":"post-21510","1":"product","2":"type-product","3":"status-publish","4":"has-post-thumbnail","6":"product_cat-city-maps","7":"product_tag-30x40","8":"product_tag-40x50","9":"product_tag-50x70","10":"product_tag-70x100","11":"product_tag-canvas","12":"product_tag-city-map","13":"product_tag-croatia","14":"product_tag-europe","15":"product_tag-hrvatska","16":"product_tag-zagreb","17":"desktop-align-left","18":"tablet-align-left","19":"mobile-align-left","21":"first","22":"instock","23":"shipping-taxable","24":"purchasable","25":"product-type-variable"},"aioseo_notices":[],"uagb_featured_image_src":{"full":["https:\/\/mapospheres.eu\/wp-content\/uploads\/2026\/03\/Z27_BW_ROUND__ZAGREB.jpg",1000,1000,false],"thumbnail":["https:\/\/mapospheres.eu\/wp-content\/uploads\/2026\/03\/Z27_BW_ROUND__ZAGREB-150x150.jpg",150,150,true],"medium":["https:\/\/mapospheres.eu\/wp-content\/uploads\/2026\/03\/Z27_BW_ROUND__ZAGREB-300x300.jpg",300,300,true],"medium_large":["https:\/\/mapospheres.eu\/wp-content\/uploads\/2026\/03\/Z27_BW_ROUND__ZAGREB-768x768.jpg",768,768,true],"large":["https:\/\/mapospheres.eu\/wp-content\/uploads\/2026\/03\/Z27_BW_ROUND__ZAGREB.jpg",1000,1000,false],"1536x1536":["https:\/\/mapospheres.eu\/wp-content\/uploads\/2026\/03\/Z27_BW_ROUND__ZAGREB.jpg",1000,1000,false],"2048x2048":["https:\/\/mapospheres.eu\/wp-content\/uploads\/2026\/03\/Z27_BW_ROUND__ZAGREB.jpg",1000,1000,false],"woocommerce_thumbnail":["https:\/\/mapospheres.eu\/wp-content\/uploads\/2026\/03\/Z27_BW_ROUND__ZAGREB-300x300.jpg",300,300,true],"woocommerce_single":["https:\/\/mapospheres.eu\/wp-content\/uploads\/2026\/03\/Z27_BW_ROUND__ZAGREB-600x600.jpg",600,600,true],"woocommerce_gallery_thumbnail":["https:\/\/mapospheres.eu\/wp-content\/uploads\/2026\/03\/Z27_BW_ROUND__ZAGREB-100x100.jpg",100,100,true]},"uagb_author_info":{"display_name":"sgainot04@gmail.com","author_link":"https:\/\/mapospheres.eu\/es\/author\/"},"uagb_comment_info":0,"uagb_excerpt":"Compra un City Map (mapa mural de ciudad) impreso de Zagreb, Croacia. \u00a1Elige el tama\u00f1o, el color y el dise\u00f1o de tu mapa a continuaci\u00f3n!","_links":{"self":[{"href":"https:\/\/mapospheres.eu\/es\/wp-json\/wp\/v2\/product\/21510","targetHints":{"allow":["GET"]}}],"collection":[{"href":"https:\/\/mapospheres.eu\/es\/wp-json\/wp\/v2\/product"}],"about":[{"href":"https:\/\/mapospheres.eu\/es\/wp-json\/wp\/v2\/types\/product"}],"wp:featuredmedia":[{"embeddable":true,"href":"https:\/\/mapospheres.eu\/es\/wp-json\/wp\/v2\/media\/26256"}],"wp:attachment":[{"href":"https:\/\/mapospheres.eu\/es\/wp-json\/wp\/v2\/media?parent=21510"}],"wp:term":[{"taxonomy":"product_brand","embeddable":true,"href":"https:\/\/mapospheres.eu\/es\/wp-json\/wp\/v2\/product_brand?post=21510"},{"taxonomy":"product_cat","embeddable":true,"href":"https:\/\/mapospheres.eu\/es\/wp-json\/wp\/v2\/product_cat?post=21510"},{"taxonomy":"product_tag","embeddable":true,"href":"https:\/\/mapospheres.eu\/es\/wp-json\/wp\/v2\/product_tag?post=21510"}],"curies":[{"name":"wp","href":"https:\/\/api.w.org\/{rel}","templated":true}]}}