{"id":21512,"date":"2026-03-17T13:55:14","date_gmt":"2026-03-17T13:55:14","guid":{"rendered":"https:\/\/mapospheres.eu\/product\/poster-of-lodz-poland\/"},"modified":"2026-05-04T13:56:40","modified_gmt":"2026-05-04T13:56:40","slug":"poster-of-lodz-poland","status":"publish","type":"product","link":"https:\/\/mapospheres.eu\/es\/product\/poster-de-lodz-polonia\/","title":{"rendered":"Poster de \u0141\u00f3d\u017a | Polonia"},"content":{"rendered":"<p><strong>Poster City map de \u0141\u00f3d\u017a, Polonia: ofrece una narrativa visual de una ciudad que nunca ha temido reinventarse.<\/strong><\/p>\n<p>Este mapa de \u0141\u00f3d\u017a revela una ciudad donde la herencia industrial y la naturaleza se encuentran en una armon\u00eda inesperada. Situada en el coraz\u00f3n de Polonia, \u0141\u00f3d\u017a se despliega con una sorprendente linealidad: sus calles se extienden sobre la llanura como hilos en un telar, evocando su pasado como epicentro de la industria textil del pa\u00eds. La ciudad reposa en un valle, suavemente abrazado por colinas discretas que, sin imponerse, aportan profundidad y matices al paisaje, equilibrando la memoria de su pasado industrial.<\/p>\n<p>Al recorrer el mapa, se percibe c\u00f3mo \u0141\u00f3d\u017a ha sabido transformarse con el paso del tiempo. Sus espacios verdes reflejan un deseo constante de reconciliar lo urbano con la naturaleza. Al oeste, el vasto bosque de \u0141agiewniki se extiende como un pulm\u00f3n verde, un refugio donde el murmullo de la ciudad se desvanece entre los \u00e1rboles. Muy cerca, los jardines bot\u00e1nicos despliegan su serenidad, ofreciendo un remanso de calma en medio del dinamismo urbano.<\/p>\n<p>Y luego est\u00e1 la c\u00e9lebre calle Piotrkowska, la arteria viva de la ciudad, que atraviesa \u0141\u00f3d\u017a casi sin interrupci\u00f3n. Flanqueada por edificios hist\u00f3ricos y animados caf\u00e9s, encarna la metamorfosis de la ciudad: de centro industrial a espacio de creatividad y cultura. El complejo Manufaktura, anta\u00f1o una inmensa f\u00e1brica textil, late hoy como un vibrante n\u00facleo de vida, comercio y arte, s\u00edmbolo poderoso de resiliencia y renovaci\u00f3n.<\/p>\n<p>Las antiguas f\u00e1bricas, majestuosas y llenas de historia, conviven ahora con modernas construcciones que se elevan a su alrededor, narrando en conjunto la evoluci\u00f3n de \u0141\u00f3d\u017a: un lugar donde la fuerza del pasado industrial se funde con la energ\u00eda del presente urbano.<\/p>\n","protected":false},"excerpt":{"rendered":"<p>Compra un City Map (mapa mural de ciudad) impreso de \u0141\u00f3d\u017a, Polonia. \u00a1Elige el tama\u00f1o, el color y el dise\u00f1o de tu mapa a continuaci\u00f3n!<\/p>\n","protected":false},"featured_media":26268,"template":"","meta":{"_uag_custom_page_level_css":"","_monsterinsights_skip_tracking":false,"_monsterinsights_sitenote_active":false,"_monsterinsights_sitenote_note":"","_monsterinsights_sitenote_category":0,"site-sidebar-layout":"default","site-content-layout":"","ast-site-content-layout":"default","site-content-style":"default","site-sidebar-style":"default","ast-global-header-display":"","ast-banner-title-visibility":"","ast-main-header-display":"","ast-hfb-above-header-display":"","ast-hfb-below-header-display":"","ast-hfb-mobile-header-display":"","site-post-title":"","ast-breadcrumbs-content":"","ast-featured-img":"","footer-sml-layout":"","ast-disable-related-posts":"","theme-transparent-header-meta":"default","adv-header-id-meta":"","stick-header-meta":"","header-above-stick-meta":"","header-main-stick-meta":"","header-below-stick-meta":"","astra-migrate-meta-layouts":"set","ast-page-background-enabled":"default","ast-page-background-meta":{"desktop":{"background-color":"","background-image":"","background-repeat":"repeat","background-position":"center center","background-size":"auto","background-attachment":"scroll","background-type":"","background-media":"","overlay-type":"","overlay-color":"","overlay-opacity":"","overlay-gradient":""},"tablet":{"background-color":"","background-image":"","background-repeat":"repeat","background-position":"center center","background-size":"auto","background-attachment":"scroll","background-type":"","background-media":"","overlay-type":"","overlay-color":"","overlay-opacity":"","overlay-gradient":""},"mobile":{"background-color":"","background-image":"","background-repeat":"repeat","background-position":"center center","background-size":"auto","background-attachment":"scroll","background-type":"","background-media":"","overlay-type":"","overlay-color":"","overlay-opacity":"","overlay-gradient":""}},"ast-content-background-meta":{"desktop":{"background-color":"var(--ast-global-color-5)","background-image":"","background-repeat":"repeat","background-position":"center center","background-size":"auto","background-attachment":"scroll","background-type":"","background-media":"","overlay-type":"","overlay-color":"","overlay-opacity":"","overlay-gradient":""},"tablet":{"background-color":"var(--ast-global-color-5)","background-image":"","background-repeat":"repeat","background-position":"center center","background-size":"auto","background-attachment":"scroll","background-type":"","background-media":"","overlay-type":"","overlay-color":"","overlay-opacity":"","overlay-gradient":""},"mobile":{"background-color":"var(--ast-global-color-5)","background-image":"","background-repeat":"repeat","background-position":"center center","background-size":"auto","background-attachment":"scroll","background-type":"","background-media":"","overlay-type":"","overlay-color":"","overlay-opacity":"","overlay-gradient":""}}},"product_brand":[],"product_cat":[18],"product_tag":[34,35,36,37,39,40,93,1174,349,855],"class_list":{"0":"post-21512","1":"product","2":"type-product","3":"status-publish","4":"has-post-thumbnail","6":"product_cat-city-maps","7":"product_tag-30x40","8":"product_tag-40x50","9":"product_tag-50x70","10":"product_tag-70x100","11":"product_tag-canvas","12":"product_tag-city-map","13":"product_tag-europe","14":"product_tag-lodz","15":"product_tag-poland","16":"product_tag-polska","17":"desktop-align-left","18":"tablet-align-left","19":"mobile-align-left","21":"first","22":"instock","23":"shipping-taxable","24":"purchasable","25":"product-type-variable"},"aioseo_notices":[],"uagb_featured_image_src":{"full":["https:\/\/mapospheres.eu\/wp-content\/uploads\/2026\/03\/CANVAS_11_NIGHT_3RD_1_LODZ.jpg",1000,1000,false],"thumbnail":["https:\/\/mapospheres.eu\/wp-content\/uploads\/2026\/03\/CANVAS_11_NIGHT_3RD_1_LODZ-150x150.jpg",150,150,true],"medium":["https:\/\/mapospheres.eu\/wp-content\/uploads\/2026\/03\/CANVAS_11_NIGHT_3RD_1_LODZ-300x300.jpg",300,300,true],"medium_large":["https:\/\/mapospheres.eu\/wp-content\/uploads\/2026\/03\/CANVAS_11_NIGHT_3RD_1_LODZ-768x768.jpg",768,768,true],"large":["https:\/\/mapospheres.eu\/wp-content\/uploads\/2026\/03\/CANVAS_11_NIGHT_3RD_1_LODZ.jpg",1000,1000,false],"1536x1536":["https:\/\/mapospheres.eu\/wp-content\/uploads\/2026\/03\/CANVAS_11_NIGHT_3RD_1_LODZ.jpg",1000,1000,false],"2048x2048":["https:\/\/mapospheres.eu\/wp-content\/uploads\/2026\/03\/CANVAS_11_NIGHT_3RD_1_LODZ.jpg",1000,1000,false],"woocommerce_thumbnail":["https:\/\/mapospheres.eu\/wp-content\/uploads\/2026\/03\/CANVAS_11_NIGHT_3RD_1_LODZ-300x300.jpg",300,300,true],"woocommerce_single":["https:\/\/mapospheres.eu\/wp-content\/uploads\/2026\/03\/CANVAS_11_NIGHT_3RD_1_LODZ-600x600.jpg",600,600,true],"woocommerce_gallery_thumbnail":["https:\/\/mapospheres.eu\/wp-content\/uploads\/2026\/03\/CANVAS_11_NIGHT_3RD_1_LODZ-100x100.jpg",100,100,true]},"uagb_author_info":{"display_name":"sgainot04@gmail.com","author_link":"https:\/\/mapospheres.eu\/es\/author\/"},"uagb_comment_info":0,"uagb_excerpt":"Compra un City Map (mapa mural de ciudad) impreso de \u0141\u00f3d\u017a, Polonia. \u00a1Elige el tama\u00f1o, el color y el dise\u00f1o de tu mapa a continuaci\u00f3n!","_links":{"self":[{"href":"https:\/\/mapospheres.eu\/es\/wp-json\/wp\/v2\/product\/21512","targetHints":{"allow":["GET"]}}],"collection":[{"href":"https:\/\/mapospheres.eu\/es\/wp-json\/wp\/v2\/product"}],"about":[{"href":"https:\/\/mapospheres.eu\/es\/wp-json\/wp\/v2\/types\/product"}],"wp:featuredmedia":[{"embeddable":true,"href":"https:\/\/mapospheres.eu\/es\/wp-json\/wp\/v2\/media\/26268"}],"wp:attachment":[{"href":"https:\/\/mapospheres.eu\/es\/wp-json\/wp\/v2\/media?parent=21512"}],"wp:term":[{"taxonomy":"product_brand","embeddable":true,"href":"https:\/\/mapospheres.eu\/es\/wp-json\/wp\/v2\/product_brand?post=21512"},{"taxonomy":"product_cat","embeddable":true,"href":"https:\/\/mapospheres.eu\/es\/wp-json\/wp\/v2\/product_cat?post=21512"},{"taxonomy":"product_tag","embeddable":true,"href":"https:\/\/mapospheres.eu\/es\/wp-json\/wp\/v2\/product_tag?post=21512"}],"curies":[{"name":"wp","href":"https:\/\/api.w.org\/{rel}","templated":true}]}}