{"id":21515,"date":"2026-03-17T13:55:28","date_gmt":"2026-03-17T13:55:28","guid":{"rendered":"https:\/\/mapospheres.eu\/product\/poster-of-kyoto-japan\/"},"modified":"2026-04-16T12:40:13","modified_gmt":"2026-04-16T12:40:13","slug":"poster-of-kyoto-japan","status":"publish","type":"product","link":"https:\/\/mapospheres.eu\/es\/product\/poster-de-kioto-japon\/","title":{"rendered":"Poster de Kioto | Jap\u00f3n"},"content":{"rendered":"<p><strong>Poster City map de Kioto, Jap\u00f3n: El mapa de Kioto ofrece una ventana al coraz\u00f3n de Jap\u00f3n, invit\u00e1ndote a recorrer una ciudad que desde siempre ha sido s\u00edmbolo de armon\u00eda entre la vida humana y la naturaleza.<\/strong><\/p>\n<p>Acariciada por cadenas monta\u00f1osas, Kioto reposa en un valle rodeado de colinas, creando una geograf\u00eda singular que aporta profundidad y encanto a este mapa. Las suaves laderas de las monta\u00f1as Higashiyama se elevan al este, mientras que al oeste la cordillera de Kiyotaki resguarda la ciudad, otorg\u00e1ndole ese paisaje sereno e inconfundible. Este entorno envuelve a Kioto en una sensaci\u00f3n de refugio, como si guardara secretos preciosos tras cada rinc\u00f3n.<\/p>\n<p>El mapa da vida a los exuberantes espacios verdes que definen a Kioto, con parques y jardines que florecen a lo largo de la ciudad. El c\u00e9lebre templo Kiyomizu-dera se alza sobre una colina, ofreciendo vistas majestuosas enmarcadas por \u00e1rboles que estallan en color cada primavera y oto\u00f1o. Tambi\u00e9n se dibujan los senderos sinuosos del bosque de bamb\u00fa de Arashiyama, donde los altos tallos crean una atm\u00f3sfera serena, casi m\u00edstica. Muy cerca, el r\u00edo Katsura fluye con calma por el oeste de la ciudad, invitando a una escapada tranquila hacia la naturaleza.<\/p>\n<p>Los tesoros hist\u00f3ricos de Kioto aparecen esparcidos por el mapa como joyas atemporales. El Pabell\u00f3n Dorado, o Kinkaku-ji, brilla en su entorno apacible junto a un estanque resplandeciente, mientras que las emblem\u00e1ticas puertas torii rojas del santuario Fushimi Inari gu\u00edan la mirada colina arriba en un recorrido dram\u00e1tico que ha fascinado a viajeros durante siglos. El Palacio Imperial, antigua residencia de los emperadores de Jap\u00f3n, se distingue por sus jardines tranquilos y sus amplios terrenos, un verdadero oasis en el coraz\u00f3n de la ciudad.<\/p>\n","protected":false},"excerpt":{"rendered":"<p>Compra un City Map (mapa mural de ciudad) impreso de Kioto, Jap\u00f3n. \u00a1Elige el tama\u00f1o, el color y el dise\u00f1o de tu mapa a continuaci\u00f3n!<\/p>\n","protected":false},"featured_media":26056,"template":"","meta":{"_uag_custom_page_level_css":"","_monsterinsights_skip_tracking":false,"_monsterinsights_sitenote_active":false,"_monsterinsights_sitenote_note":"","_monsterinsights_sitenote_category":0,"site-sidebar-layout":"default","site-content-layout":"","ast-site-content-layout":"default","site-content-style":"default","site-sidebar-style":"default","ast-global-header-display":"","ast-banner-title-visibility":"","ast-main-header-display":"","ast-hfb-above-header-display":"","ast-hfb-below-header-display":"","ast-hfb-mobile-header-display":"","site-post-title":"","ast-breadcrumbs-content":"","ast-featured-img":"","footer-sml-layout":"","ast-disable-related-posts":"","theme-transparent-header-meta":"default","adv-header-id-meta":"","stick-header-meta":"","header-above-stick-meta":"","header-main-stick-meta":"","header-below-stick-meta":"","astra-migrate-meta-layouts":"set","ast-page-background-enabled":"default","ast-page-background-meta":{"desktop":{"background-color":"","background-image":"","background-repeat":"repeat","background-position":"center center","background-size":"auto","background-attachment":"scroll","background-type":"","background-media":"","overlay-type":"","overlay-color":"","overlay-opacity":"","overlay-gradient":""},"tablet":{"background-color":"","background-image":"","background-repeat":"repeat","background-position":"center center","background-size":"auto","background-attachment":"scroll","background-type":"","background-media":"","overlay-type":"","overlay-color":"","overlay-opacity":"","overlay-gradient":""},"mobile":{"background-color":"","background-image":"","background-repeat":"repeat","background-position":"center center","background-size":"auto","background-attachment":"scroll","background-type":"","background-media":"","overlay-type":"","overlay-color":"","overlay-opacity":"","overlay-gradient":""}},"ast-content-background-meta":{"desktop":{"background-color":"var(--ast-global-color-5)","background-image":"","background-repeat":"repeat","background-position":"center center","background-size":"auto","background-attachment":"scroll","background-type":"","background-media":"","overlay-type":"","overlay-color":"","overlay-opacity":"","overlay-gradient":""},"tablet":{"background-color":"var(--ast-global-color-5)","background-image":"","background-repeat":"repeat","background-position":"center center","background-size":"auto","background-attachment":"scroll","background-type":"","background-media":"","overlay-type":"","overlay-color":"","overlay-opacity":"","overlay-gradient":""},"mobile":{"background-color":"var(--ast-global-color-5)","background-image":"","background-repeat":"repeat","background-position":"center center","background-size":"auto","background-attachment":"scroll","background-type":"","background-media":"","overlay-type":"","overlay-color":"","overlay-opacity":"","overlay-gradient":""}}},"product_brand":[],"product_cat":[18,338,464],"product_tag":[34,35,36,37,226,39,40,467,1162],"class_list":{"0":"post-21515","1":"product","2":"type-product","3":"status-publish","4":"has-post-thumbnail","6":"product_cat-city-maps","7":"product_cat-featured_eng","8":"product_cat-featured_fr","9":"product_tag-30x40","10":"product_tag-40x50","11":"product_tag-50x70","12":"product_tag-70x100","13":"product_tag-asia","14":"product_tag-canvas","15":"product_tag-city-map","16":"product_tag-japan","17":"product_tag-kyoto","18":"desktop-align-left","19":"tablet-align-left","20":"mobile-align-left","22":"first","23":"instock","24":"shipping-taxable","25":"product-type-variable"},"aioseo_notices":[],"uagb_featured_image_src":{"full":["https:\/\/mapospheres.eu\/wp-content\/uploads\/2026\/03\/Z21_NIGHT_FULL__KYOTO.jpg",1000,1000,false],"thumbnail":["https:\/\/mapospheres.eu\/wp-content\/uploads\/2026\/03\/Z21_NIGHT_FULL__KYOTO-150x150.jpg",150,150,true],"medium":["https:\/\/mapospheres.eu\/wp-content\/uploads\/2026\/03\/Z21_NIGHT_FULL__KYOTO-300x300.jpg",300,300,true],"medium_large":["https:\/\/mapospheres.eu\/wp-content\/uploads\/2026\/03\/Z21_NIGHT_FULL__KYOTO-768x768.jpg",768,768,true],"large":["https:\/\/mapospheres.eu\/wp-content\/uploads\/2026\/03\/Z21_NIGHT_FULL__KYOTO.jpg",1000,1000,false],"1536x1536":["https:\/\/mapospheres.eu\/wp-content\/uploads\/2026\/03\/Z21_NIGHT_FULL__KYOTO.jpg",1000,1000,false],"2048x2048":["https:\/\/mapospheres.eu\/wp-content\/uploads\/2026\/03\/Z21_NIGHT_FULL__KYOTO.jpg",1000,1000,false],"woocommerce_thumbnail":["https:\/\/mapospheres.eu\/wp-content\/uploads\/2026\/03\/Z21_NIGHT_FULL__KYOTO-300x300.jpg",300,300,true],"woocommerce_single":["https:\/\/mapospheres.eu\/wp-content\/uploads\/2026\/03\/Z21_NIGHT_FULL__KYOTO-600x600.jpg",600,600,true],"woocommerce_gallery_thumbnail":["https:\/\/mapospheres.eu\/wp-content\/uploads\/2026\/03\/Z21_NIGHT_FULL__KYOTO-100x100.jpg",100,100,true]},"uagb_author_info":{"display_name":"sgainot04@gmail.com","author_link":"https:\/\/mapospheres.eu\/es\/author\/"},"uagb_comment_info":0,"uagb_excerpt":"Compra un City Map (mapa mural de ciudad) impreso de Kioto, Jap\u00f3n. \u00a1Elige el tama\u00f1o, el color y el dise\u00f1o de tu mapa a continuaci\u00f3n!","_links":{"self":[{"href":"https:\/\/mapospheres.eu\/es\/wp-json\/wp\/v2\/product\/21515","targetHints":{"allow":["GET"]}}],"collection":[{"href":"https:\/\/mapospheres.eu\/es\/wp-json\/wp\/v2\/product"}],"about":[{"href":"https:\/\/mapospheres.eu\/es\/wp-json\/wp\/v2\/types\/product"}],"wp:featuredmedia":[{"embeddable":true,"href":"https:\/\/mapospheres.eu\/es\/wp-json\/wp\/v2\/media\/26056"}],"wp:attachment":[{"href":"https:\/\/mapospheres.eu\/es\/wp-json\/wp\/v2\/media?parent=21515"}],"wp:term":[{"taxonomy":"product_brand","embeddable":true,"href":"https:\/\/mapospheres.eu\/es\/wp-json\/wp\/v2\/product_brand?post=21515"},{"taxonomy":"product_cat","embeddable":true,"href":"https:\/\/mapospheres.eu\/es\/wp-json\/wp\/v2\/product_cat?post=21515"},{"taxonomy":"product_tag","embeddable":true,"href":"https:\/\/mapospheres.eu\/es\/wp-json\/wp\/v2\/product_tag?post=21515"}],"curies":[{"name":"wp","href":"https:\/\/api.w.org\/{rel}","templated":true}]}}