{"id":21521,"date":"2026-03-17T13:55:56","date_gmt":"2026-03-17T13:55:56","guid":{"rendered":"https:\/\/mapospheres.eu\/product\/poster-of-nice-france\/"},"modified":"2026-04-15T13:40:06","modified_gmt":"2026-04-15T13:40:06","slug":"poster-of-nice-france","status":"publish","type":"product","link":"https:\/\/mapospheres.eu\/es\/product\/poster-de-niza-francia\/","title":{"rendered":"Poster de Niza | Francia"},"content":{"rendered":"<p><strong>Poster City map de Niza, Francia: este mapa ofrece mucho m\u00e1s que una simple sensaci\u00f3n de lugar; transmite el calor del sol mediterr\u00e1neo y la belleza atemporal de Niza, convirti\u00e9ndose en una pieza perfecta para cualquier pared.<\/strong><\/p>\n<p>Niza, enclavada en la costa mediterr\u00e1nea, est\u00e1 enmarcada por las escarpadas colinas de los Alpes Mar\u00edtimos, donde las pendientes abruptas descienden hasta las aguas turquesas de la Bah\u00eda de los \u00c1ngeles. Al este, la Promenade des Anglais se extiende a lo largo del litoral, invitando a paseos tranquilos, mientras la costa dorada se curva suavemente como una mano acogedora. Sobre la ciudad, el Parque de la Colina del Castillo ofrece una vista panor\u00e1mica que revela las estrechas calles del casco antiguo, que se retuercen como un laberinto ancestral lleno de historias por descubrir. Desde all\u00ed, se distinguen los verdes jardines de la ciudad, como el Jard\u00edn Albert I y el extenso Jard\u00edn del Monasterio de Cimiez, donde el aire se impregna del aroma de las palmeras y las flores mediterr\u00e1neas. Al recorrer el mapa, aparecen los monumentos emblem\u00e1ticos de Niza, como la majestuosa Place Mass\u00e9na, con sus fuentes que reflejan el cielo, y la Catedral de Sainte-R\u00e9parate, cuyas campanas centenarias a\u00fan resuenan en la plaza. Las colinas, salpicadas de elegantes villas, narran la transformaci\u00f3n de Niza desde un humilde pueblo pesquero hasta una sofisticada ciudad de la Riviera.<\/p>\n","protected":false},"excerpt":{"rendered":"<p>Compra un City Map (mapa mural de ciudad) impreso de Niza, Francia. \u00a1Elige el tama\u00f1o, el color y el dise\u00f1o de tu mapa a continuaci\u00f3n!<\/p>\n","protected":false},"featured_media":25759,"template":"","meta":{"_uag_custom_page_level_css":"","_monsterinsights_skip_tracking":false,"_monsterinsights_sitenote_active":false,"_monsterinsights_sitenote_note":"","_monsterinsights_sitenote_category":0,"site-sidebar-layout":"default","site-content-layout":"","ast-site-content-layout":"default","site-content-style":"default","site-sidebar-style":"default","ast-global-header-display":"","ast-banner-title-visibility":"","ast-main-header-display":"","ast-hfb-above-header-display":"","ast-hfb-below-header-display":"","ast-hfb-mobile-header-display":"","site-post-title":"","ast-breadcrumbs-content":"","ast-featured-img":"","footer-sml-layout":"","ast-disable-related-posts":"","theme-transparent-header-meta":"default","adv-header-id-meta":"","stick-header-meta":"","header-above-stick-meta":"","header-main-stick-meta":"","header-below-stick-meta":"","astra-migrate-meta-layouts":"set","ast-page-background-enabled":"default","ast-page-background-meta":{"desktop":{"background-color":"","background-image":"","background-repeat":"repeat","background-position":"center center","background-size":"auto","background-attachment":"scroll","background-type":"","background-media":"","overlay-type":"","overlay-color":"","overlay-opacity":"","overlay-gradient":""},"tablet":{"background-color":"","background-image":"","background-repeat":"repeat","background-position":"center center","background-size":"auto","background-attachment":"scroll","background-type":"","background-media":"","overlay-type":"","overlay-color":"","overlay-opacity":"","overlay-gradient":""},"mobile":{"background-color":"","background-image":"","background-repeat":"repeat","background-position":"center center","background-size":"auto","background-attachment":"scroll","background-type":"","background-media":"","overlay-type":"","overlay-color":"","overlay-opacity":"","overlay-gradient":""}},"ast-content-background-meta":{"desktop":{"background-color":"var(--ast-global-color-5)","background-image":"","background-repeat":"repeat","background-position":"center center","background-size":"auto","background-attachment":"scroll","background-type":"","background-media":"","overlay-type":"","overlay-color":"","overlay-opacity":"","overlay-gradient":""},"tablet":{"background-color":"var(--ast-global-color-5)","background-image":"","background-repeat":"repeat","background-position":"center center","background-size":"auto","background-attachment":"scroll","background-type":"","background-media":"","overlay-type":"","overlay-color":"","overlay-opacity":"","overlay-gradient":""},"mobile":{"background-color":"var(--ast-global-color-5)","background-image":"","background-repeat":"repeat","background-position":"center center","background-size":"auto","background-attachment":"scroll","background-type":"","background-media":"","overlay-type":"","overlay-color":"","overlay-opacity":"","overlay-gradient":""}}},"product_brand":[],"product_cat":[18,464],"product_tag":[34,35,36,37,39,40,93,100,1156],"class_list":{"0":"post-21521","1":"product","2":"type-product","3":"status-publish","4":"has-post-thumbnail","6":"product_cat-city-maps","7":"product_cat-featured_fr","8":"product_tag-30x40","9":"product_tag-40x50","10":"product_tag-50x70","11":"product_tag-70x100","12":"product_tag-canvas","13":"product_tag-city-map","14":"product_tag-europe","15":"product_tag-france","16":"product_tag-nice","17":"desktop-align-left","18":"tablet-align-left","19":"mobile-align-left","21":"first","22":"instock","23":"shipping-taxable","24":"purchasable","25":"product-type-variable"},"aioseo_notices":[],"uagb_featured_image_src":{"full":["https:\/\/mapospheres.eu\/wp-content\/uploads\/2026\/03\/CANVAS_11_NIGHT_3RD_1_NICE.jpg",1000,1000,false],"thumbnail":["https:\/\/mapospheres.eu\/wp-content\/uploads\/2026\/03\/CANVAS_11_NIGHT_3RD_1_NICE-150x150.jpg",150,150,true],"medium":["https:\/\/mapospheres.eu\/wp-content\/uploads\/2026\/03\/CANVAS_11_NIGHT_3RD_1_NICE-300x300.jpg",300,300,true],"medium_large":["https:\/\/mapospheres.eu\/wp-content\/uploads\/2026\/03\/CANVAS_11_NIGHT_3RD_1_NICE-768x768.jpg",768,768,true],"large":["https:\/\/mapospheres.eu\/wp-content\/uploads\/2026\/03\/CANVAS_11_NIGHT_3RD_1_NICE.jpg",1000,1000,false],"1536x1536":["https:\/\/mapospheres.eu\/wp-content\/uploads\/2026\/03\/CANVAS_11_NIGHT_3RD_1_NICE.jpg",1000,1000,false],"2048x2048":["https:\/\/mapospheres.eu\/wp-content\/uploads\/2026\/03\/CANVAS_11_NIGHT_3RD_1_NICE.jpg",1000,1000,false],"woocommerce_thumbnail":["https:\/\/mapospheres.eu\/wp-content\/uploads\/2026\/03\/CANVAS_11_NIGHT_3RD_1_NICE-300x300.jpg",300,300,true],"woocommerce_single":["https:\/\/mapospheres.eu\/wp-content\/uploads\/2026\/03\/CANVAS_11_NIGHT_3RD_1_NICE-600x600.jpg",600,600,true],"woocommerce_gallery_thumbnail":["https:\/\/mapospheres.eu\/wp-content\/uploads\/2026\/03\/CANVAS_11_NIGHT_3RD_1_NICE-100x100.jpg",100,100,true]},"uagb_author_info":{"display_name":"sgainot04@gmail.com","author_link":"https:\/\/mapospheres.eu\/es\/author\/"},"uagb_comment_info":0,"uagb_excerpt":"Compra un City Map (mapa mural de ciudad) impreso de Niza, Francia. \u00a1Elige el tama\u00f1o, el color y el dise\u00f1o de tu mapa a continuaci\u00f3n!","_links":{"self":[{"href":"https:\/\/mapospheres.eu\/es\/wp-json\/wp\/v2\/product\/21521","targetHints":{"allow":["GET"]}}],"collection":[{"href":"https:\/\/mapospheres.eu\/es\/wp-json\/wp\/v2\/product"}],"about":[{"href":"https:\/\/mapospheres.eu\/es\/wp-json\/wp\/v2\/types\/product"}],"wp:featuredmedia":[{"embeddable":true,"href":"https:\/\/mapospheres.eu\/es\/wp-json\/wp\/v2\/media\/25759"}],"wp:attachment":[{"href":"https:\/\/mapospheres.eu\/es\/wp-json\/wp\/v2\/media?parent=21521"}],"wp:term":[{"taxonomy":"product_brand","embeddable":true,"href":"https:\/\/mapospheres.eu\/es\/wp-json\/wp\/v2\/product_brand?post=21521"},{"taxonomy":"product_cat","embeddable":true,"href":"https:\/\/mapospheres.eu\/es\/wp-json\/wp\/v2\/product_cat?post=21521"},{"taxonomy":"product_tag","embeddable":true,"href":"https:\/\/mapospheres.eu\/es\/wp-json\/wp\/v2\/product_tag?post=21521"}],"curies":[{"name":"wp","href":"https:\/\/api.w.org\/{rel}","templated":true}]}}