{"id":21523,"date":"2026-03-17T13:56:05","date_gmt":"2026-03-17T13:56:05","guid":{"rendered":"https:\/\/mapospheres.eu\/product\/poster-of-besancon-france\/"},"modified":"2026-04-15T13:59:17","modified_gmt":"2026-04-15T13:59:17","slug":"poster-of-besancon-france","status":"publish","type":"product","link":"https:\/\/mapospheres.eu\/es\/product\/poster-de-besanzon-francia\/","title":{"rendered":"Poster de Besanz\u00f3n | Francia"},"content":{"rendered":"<p><strong>Poster City map de Besanz\u00f3n, Francia: este mapa captura la esencia de una ciudad donde pasado y presente coexisten en armon\u00eda, desde la medieval Bas\u00edlica de San Juan hasta la elegante Plaza del 8 de Septiembre.<\/strong><\/p>\n<p>Besanz\u00f3n, escondida en la regi\u00f3n del Franco Condado, en el este de Francia, es una ciudad donde la tierra y la historia se entrelazan con una belleza singular. El mapa de Besanz\u00f3n revela una ciudad rodeada por las exuberantes y onduladas colinas del macizo del Jura, mientras el emblem\u00e1tico meandro del r\u00edo Doubs abraza su centro como un foso natural. Este r\u00edo serpenteante, que ha modelado el desarrollo de la ciudad durante siglos, ofrece un contraste paisaj\u00edstico con las zonas m\u00e1s urbanizadas, aportando una sensaci\u00f3n de calma y conexi\u00f3n con la naturaleza. Los detalles topogr\u00e1ficos del mapa muestran c\u00f3mo Besanz\u00f3n asciende y desciende entre colinas escarpadas y valles profundos, otorg\u00e1ndole un car\u00e1cter \u00fanico. La Ciudadela de Besanz\u00f3n, fortaleza que domina la ciudad desde las alturas, se alza como testimonio de su importancia militar y estrat\u00e9gica. Desde su posici\u00f3n privilegiada, se contempla la ciudad en su totalidad, el curso del r\u00edo y el paisaje circundante, ofreciendo una visi\u00f3n tanto hist\u00f3rica como contempor\u00e1nea de Besanz\u00f3n. La Ciudadela, dise\u00f1ada por el c\u00e9lebre Vauban, forma parte inseparable del paisaje, integr\u00e1ndose con las colinas que la rodean y convirti\u00e9ndose en uno de los s\u00edmbolos m\u00e1s reconocibles de la ciudad. El Parque Micaud y el Parque del Ayuntamiento ofrecen refugios de tranquilidad en el coraz\u00f3n urbano, ideales para paseos pausados o momentos de contemplaci\u00f3n. Besanz\u00f3n es una ciudad de m\u00faltiples capas hist\u00f3ricas, desde sus or\u00edgenes romanos hasta su papel en la Revoluci\u00f3n Francesa y m\u00e1s all\u00e1.<\/p>\n","protected":false},"excerpt":{"rendered":"<p>Compra un City Map (mapa mural de ciudad) impreso de Besanz\u00f3n, Francia. \u00a1Elige el tama\u00f1o, el color y el dise\u00f1o de tu mapa a continuaci\u00f3n!<\/p>\n","protected":false},"featured_media":25559,"template":"","meta":{"_uag_custom_page_level_css":"","_monsterinsights_skip_tracking":false,"_monsterinsights_sitenote_active":false,"_monsterinsights_sitenote_note":"","_monsterinsights_sitenote_category":0,"site-sidebar-layout":"default","site-content-layout":"","ast-site-content-layout":"default","site-content-style":"default","site-sidebar-style":"default","ast-global-header-display":"","ast-banner-title-visibility":"","ast-main-header-display":"","ast-hfb-above-header-display":"","ast-hfb-below-header-display":"","ast-hfb-mobile-header-display":"","site-post-title":"","ast-breadcrumbs-content":"","ast-featured-img":"","footer-sml-layout":"","ast-disable-related-posts":"","theme-transparent-header-meta":"default","adv-header-id-meta":"","stick-header-meta":"","header-above-stick-meta":"","header-main-stick-meta":"","header-below-stick-meta":"","astra-migrate-meta-layouts":"set","ast-page-background-enabled":"default","ast-page-background-meta":{"desktop":{"background-color":"","background-image":"","background-repeat":"repeat","background-position":"center center","background-size":"auto","background-attachment":"scroll","background-type":"","background-media":"","overlay-type":"","overlay-color":"","overlay-opacity":"","overlay-gradient":""},"tablet":{"background-color":"","background-image":"","background-repeat":"repeat","background-position":"center center","background-size":"auto","background-attachment":"scroll","background-type":"","background-media":"","overlay-type":"","overlay-color":"","overlay-opacity":"","overlay-gradient":""},"mobile":{"background-color":"","background-image":"","background-repeat":"repeat","background-position":"center center","background-size":"auto","background-attachment":"scroll","background-type":"","background-media":"","overlay-type":"","overlay-color":"","overlay-opacity":"","overlay-gradient":""}},"ast-content-background-meta":{"desktop":{"background-color":"var(--ast-global-color-5)","background-image":"","background-repeat":"repeat","background-position":"center center","background-size":"auto","background-attachment":"scroll","background-type":"","background-media":"","overlay-type":"","overlay-color":"","overlay-opacity":"","overlay-gradient":""},"tablet":{"background-color":"var(--ast-global-color-5)","background-image":"","background-repeat":"repeat","background-position":"center center","background-size":"auto","background-attachment":"scroll","background-type":"","background-media":"","overlay-type":"","overlay-color":"","overlay-opacity":"","overlay-gradient":""},"mobile":{"background-color":"var(--ast-global-color-5)","background-image":"","background-repeat":"repeat","background-position":"center center","background-size":"auto","background-attachment":"scroll","background-type":"","background-media":"","overlay-type":"","overlay-color":"","overlay-opacity":"","overlay-gradient":""}}},"product_brand":[],"product_cat":[18,464],"product_tag":[34,35,36,37,1154,39,40,93,100],"class_list":{"0":"post-21523","1":"product","2":"type-product","3":"status-publish","4":"has-post-thumbnail","6":"product_cat-city-maps","7":"product_cat-featured_fr","8":"product_tag-30x40","9":"product_tag-40x50","10":"product_tag-50x70","11":"product_tag-70x100","12":"product_tag-besancon","13":"product_tag-canvas","14":"product_tag-city-map","15":"product_tag-europe","16":"product_tag-france","17":"desktop-align-left","18":"tablet-align-left","19":"mobile-align-left","21":"first","22":"instock","23":"shipping-taxable","24":"purchasable","25":"product-type-variable"},"aioseo_notices":[],"uagb_featured_image_src":{"full":["https:\/\/mapospheres.eu\/wp-content\/uploads\/2026\/03\/CANVAS_16_NIGHT_2ND_BESANCON.jpg",1000,1000,false],"thumbnail":["https:\/\/mapospheres.eu\/wp-content\/uploads\/2026\/03\/CANVAS_16_NIGHT_2ND_BESANCON-150x150.jpg",150,150,true],"medium":["https:\/\/mapospheres.eu\/wp-content\/uploads\/2026\/03\/CANVAS_16_NIGHT_2ND_BESANCON-300x300.jpg",300,300,true],"medium_large":["https:\/\/mapospheres.eu\/wp-content\/uploads\/2026\/03\/CANVAS_16_NIGHT_2ND_BESANCON-768x768.jpg",768,768,true],"large":["https:\/\/mapospheres.eu\/wp-content\/uploads\/2026\/03\/CANVAS_16_NIGHT_2ND_BESANCON.jpg",1000,1000,false],"1536x1536":["https:\/\/mapospheres.eu\/wp-content\/uploads\/2026\/03\/CANVAS_16_NIGHT_2ND_BESANCON.jpg",1000,1000,false],"2048x2048":["https:\/\/mapospheres.eu\/wp-content\/uploads\/2026\/03\/CANVAS_16_NIGHT_2ND_BESANCON.jpg",1000,1000,false],"woocommerce_thumbnail":["https:\/\/mapospheres.eu\/wp-content\/uploads\/2026\/03\/CANVAS_16_NIGHT_2ND_BESANCON-300x300.jpg",300,300,true],"woocommerce_single":["https:\/\/mapospheres.eu\/wp-content\/uploads\/2026\/03\/CANVAS_16_NIGHT_2ND_BESANCON-600x600.jpg",600,600,true],"woocommerce_gallery_thumbnail":["https:\/\/mapospheres.eu\/wp-content\/uploads\/2026\/03\/CANVAS_16_NIGHT_2ND_BESANCON-100x100.jpg",100,100,true]},"uagb_author_info":{"display_name":"sgainot04@gmail.com","author_link":"https:\/\/mapospheres.eu\/es\/author\/"},"uagb_comment_info":0,"uagb_excerpt":"Compra un City Map (mapa mural de ciudad) impreso de Besanz\u00f3n, Francia. \u00a1Elige el tama\u00f1o, el color y el dise\u00f1o de tu mapa a continuaci\u00f3n!","_links":{"self":[{"href":"https:\/\/mapospheres.eu\/es\/wp-json\/wp\/v2\/product\/21523","targetHints":{"allow":["GET"]}}],"collection":[{"href":"https:\/\/mapospheres.eu\/es\/wp-json\/wp\/v2\/product"}],"about":[{"href":"https:\/\/mapospheres.eu\/es\/wp-json\/wp\/v2\/types\/product"}],"wp:featuredmedia":[{"embeddable":true,"href":"https:\/\/mapospheres.eu\/es\/wp-json\/wp\/v2\/media\/25559"}],"wp:attachment":[{"href":"https:\/\/mapospheres.eu\/es\/wp-json\/wp\/v2\/media?parent=21523"}],"wp:term":[{"taxonomy":"product_brand","embeddable":true,"href":"https:\/\/mapospheres.eu\/es\/wp-json\/wp\/v2\/product_brand?post=21523"},{"taxonomy":"product_cat","embeddable":true,"href":"https:\/\/mapospheres.eu\/es\/wp-json\/wp\/v2\/product_cat?post=21523"},{"taxonomy":"product_tag","embeddable":true,"href":"https:\/\/mapospheres.eu\/es\/wp-json\/wp\/v2\/product_tag?post=21523"}],"curies":[{"name":"wp","href":"https:\/\/api.w.org\/{rel}","templated":true}]}}