{"id":21527,"date":"2026-03-17T13:56:24","date_gmt":"2026-03-17T13:56:24","guid":{"rendered":"https:\/\/mapospheres.eu\/product\/poster-of-lorient-france\/"},"modified":"2026-04-15T13:40:01","modified_gmt":"2026-04-15T13:40:01","slug":"poster-of-lorient-france","status":"publish","type":"product","link":"https:\/\/mapospheres.eu\/es\/product\/poster-de-lorient-francia\/","title":{"rendered":"Poster de Lorient | Francia"},"content":{"rendered":"<p><strong>Poster City Map de Lorient, Breta\u00f1a: \u00a1nada es m\u00e1s bello y elegante que un puerto mar\u00edtimo convertido en mapa mural!<\/strong><\/p>\n<p>\u00a1Lorient es un mapa de gran belleza esc\u00e9nica! Situada en la costa sur de Breta\u00f1a, donde los r\u00edos Scorff y Blavet se unen antes de desembocar en el oc\u00e9ano Atl\u00e1ntico, ciudad y geograf\u00eda se funden en un mapa excepcional, uno de nuestros favoritos aqu\u00ed en mapospheres. Hist\u00f3ricamente, Lorient est\u00e1 profundamente ligada a su pasado mar\u00edtimo. Antiguo centro neur\u00e1lgico de la Compa\u00f1\u00eda Francesa de las Indias Orientales, su puerto sigue siendo hoy uno de sus hitos m\u00e1s emblem\u00e1ticos. El mapa destaca claramente la zona portuaria, un lugar vibrante donde casi pueden sentirse los ecos de antiguos nav\u00edos zarpando hacia tierras lejanas. No lejos del puerto, la Cit\u00e9 de la Voile \u00c9ric Tabarly se alza como un homenaje moderno al patrimonio n\u00e1utico de Lorient, celebrando al legendario navegante franc\u00e9s. La composici\u00f3n del mapa refleja las ra\u00edces mar\u00edtimas de la ciudad, subrayando la presencia del agua, siempre a la vez bendici\u00f3n y desaf\u00edo. Junto a su legado n\u00e1utico, el mapa tambi\u00e9n revela huellas de su historia b\u00e9lica. Las imponentes bases de submarinos que bordean el puerto recuerdan el papel de la ciudad durante la Segunda Guerra Mundial, con estructuras robustas que contrastan con la belleza natural circundante. Sin embargo, al recorrer sus calles, Lorient se revela como un lugar donde la historia y la vida moderna conviven en armon\u00eda, entre mercados animados y rincones tranquilos del casco antiguo.<\/p>\n","protected":false},"excerpt":{"rendered":"<p>Compra un City Map (mapa mural de ciudad) impreso de Lorient, Francia. \u00a1Elige el tama\u00f1o, el color y el dise\u00f1o de tu mapa a continuaci\u00f3n!<\/p>\n","protected":false},"featured_media":25506,"template":"","meta":{"_uag_custom_page_level_css":"","_monsterinsights_skip_tracking":false,"_monsterinsights_sitenote_active":false,"_monsterinsights_sitenote_note":"","_monsterinsights_sitenote_category":0,"site-sidebar-layout":"default","site-content-layout":"","ast-site-content-layout":"default","site-content-style":"default","site-sidebar-style":"default","ast-global-header-display":"","ast-banner-title-visibility":"","ast-main-header-display":"","ast-hfb-above-header-display":"","ast-hfb-below-header-display":"","ast-hfb-mobile-header-display":"","site-post-title":"","ast-breadcrumbs-content":"","ast-featured-img":"","footer-sml-layout":"","ast-disable-related-posts":"","theme-transparent-header-meta":"default","adv-header-id-meta":"","stick-header-meta":"","header-above-stick-meta":"","header-main-stick-meta":"","header-below-stick-meta":"","astra-migrate-meta-layouts":"set","ast-page-background-enabled":"default","ast-page-background-meta":{"desktop":{"background-color":"","background-image":"","background-repeat":"repeat","background-position":"center center","background-size":"auto","background-attachment":"scroll","background-type":"","background-media":"","overlay-type":"","overlay-color":"","overlay-opacity":"","overlay-gradient":""},"tablet":{"background-color":"","background-image":"","background-repeat":"repeat","background-position":"center center","background-size":"auto","background-attachment":"scroll","background-type":"","background-media":"","overlay-type":"","overlay-color":"","overlay-opacity":"","overlay-gradient":""},"mobile":{"background-color":"","background-image":"","background-repeat":"repeat","background-position":"center center","background-size":"auto","background-attachment":"scroll","background-type":"","background-media":"","overlay-type":"","overlay-color":"","overlay-opacity":"","overlay-gradient":""}},"ast-content-background-meta":{"desktop":{"background-color":"var(--ast-global-color-5)","background-image":"","background-repeat":"repeat","background-position":"center center","background-size":"auto","background-attachment":"scroll","background-type":"","background-media":"","overlay-type":"","overlay-color":"","overlay-opacity":"","overlay-gradient":""},"tablet":{"background-color":"var(--ast-global-color-5)","background-image":"","background-repeat":"repeat","background-position":"center center","background-size":"auto","background-attachment":"scroll","background-type":"","background-media":"","overlay-type":"","overlay-color":"","overlay-opacity":"","overlay-gradient":""},"mobile":{"background-color":"var(--ast-global-color-5)","background-image":"","background-repeat":"repeat","background-position":"center center","background-size":"auto","background-attachment":"scroll","background-type":"","background-media":"","overlay-type":"","overlay-color":"","overlay-opacity":"","overlay-gradient":""}}},"product_brand":[],"product_cat":[18,464],"product_tag":[34,35,36,37,625,626,39,40,93,100,1150,882],"class_list":{"0":"post-21527","1":"product","2":"type-product","3":"status-publish","4":"has-post-thumbnail","6":"product_cat-city-maps","7":"product_cat-featured_fr","8":"product_tag-30x40","9":"product_tag-40x50","10":"product_tag-50x70","11":"product_tag-70x100","12":"product_tag-bretagne","13":"product_tag-brittany","14":"product_tag-canvas","15":"product_tag-city-map","16":"product_tag-europe","17":"product_tag-france","18":"product_tag-lorient","19":"product_tag-morbihan","20":"desktop-align-left","21":"tablet-align-left","22":"mobile-align-left","24":"first","25":"instock","26":"shipping-taxable","27":"purchasable","28":"product-type-variable"},"aioseo_notices":[],"uagb_featured_image_src":{"full":["https:\/\/mapospheres.eu\/wp-content\/uploads\/2026\/03\/CANVAS_11_BW_3RD_LORIENT.jpg",1000,1000,false],"thumbnail":["https:\/\/mapospheres.eu\/wp-content\/uploads\/2026\/03\/CANVAS_11_BW_3RD_LORIENT-150x150.jpg",150,150,true],"medium":["https:\/\/mapospheres.eu\/wp-content\/uploads\/2026\/03\/CANVAS_11_BW_3RD_LORIENT-300x300.jpg",300,300,true],"medium_large":["https:\/\/mapospheres.eu\/wp-content\/uploads\/2026\/03\/CANVAS_11_BW_3RD_LORIENT-768x768.jpg",768,768,true],"large":["https:\/\/mapospheres.eu\/wp-content\/uploads\/2026\/03\/CANVAS_11_BW_3RD_LORIENT.jpg",1000,1000,false],"1536x1536":["https:\/\/mapospheres.eu\/wp-content\/uploads\/2026\/03\/CANVAS_11_BW_3RD_LORIENT.jpg",1000,1000,false],"2048x2048":["https:\/\/mapospheres.eu\/wp-content\/uploads\/2026\/03\/CANVAS_11_BW_3RD_LORIENT.jpg",1000,1000,false],"woocommerce_thumbnail":["https:\/\/mapospheres.eu\/wp-content\/uploads\/2026\/03\/CANVAS_11_BW_3RD_LORIENT-300x300.jpg",300,300,true],"woocommerce_single":["https:\/\/mapospheres.eu\/wp-content\/uploads\/2026\/03\/CANVAS_11_BW_3RD_LORIENT-600x600.jpg",600,600,true],"woocommerce_gallery_thumbnail":["https:\/\/mapospheres.eu\/wp-content\/uploads\/2026\/03\/CANVAS_11_BW_3RD_LORIENT-100x100.jpg",100,100,true]},"uagb_author_info":{"display_name":"sgainot04@gmail.com","author_link":"https:\/\/mapospheres.eu\/es\/author\/"},"uagb_comment_info":0,"uagb_excerpt":"Compra un City Map (mapa mural de ciudad) impreso de Lorient, Francia. \u00a1Elige el tama\u00f1o, el color y el dise\u00f1o de tu mapa a continuaci\u00f3n!","_links":{"self":[{"href":"https:\/\/mapospheres.eu\/es\/wp-json\/wp\/v2\/product\/21527","targetHints":{"allow":["GET"]}}],"collection":[{"href":"https:\/\/mapospheres.eu\/es\/wp-json\/wp\/v2\/product"}],"about":[{"href":"https:\/\/mapospheres.eu\/es\/wp-json\/wp\/v2\/types\/product"}],"wp:featuredmedia":[{"embeddable":true,"href":"https:\/\/mapospheres.eu\/es\/wp-json\/wp\/v2\/media\/25506"}],"wp:attachment":[{"href":"https:\/\/mapospheres.eu\/es\/wp-json\/wp\/v2\/media?parent=21527"}],"wp:term":[{"taxonomy":"product_brand","embeddable":true,"href":"https:\/\/mapospheres.eu\/es\/wp-json\/wp\/v2\/product_brand?post=21527"},{"taxonomy":"product_cat","embeddable":true,"href":"https:\/\/mapospheres.eu\/es\/wp-json\/wp\/v2\/product_cat?post=21527"},{"taxonomy":"product_tag","embeddable":true,"href":"https:\/\/mapospheres.eu\/es\/wp-json\/wp\/v2\/product_tag?post=21527"}],"curies":[{"name":"wp","href":"https:\/\/api.w.org\/{rel}","templated":true}]}}