{"id":21528,"date":"2026-03-17T13:56:28","date_gmt":"2026-03-17T13:56:28","guid":{"rendered":"https:\/\/mapospheres.eu\/product\/poster-of-ajaccio-france\/"},"modified":"2026-04-14T08:03:11","modified_gmt":"2026-04-14T08:03:11","slug":"poster-of-ajaccio-france","status":"publish","type":"product","link":"https:\/\/mapospheres.eu\/es\/product\/poster-de-ajaccio-francia\/","title":{"rendered":"Poster de Ajaccio | Francia"},"content":{"rendered":"<p><strong>Poster City map de Ajaccio, Francia: Serpenteando a lo largo de la costa, se pueden seguir los antiguos caminos que a\u00fan guardan las historias del pasado tumultuoso de C\u00f3rcega \u2014 donde antiguas batallas y el comercio mar\u00edtimo dieron forma a la tierra.<\/strong><\/p>\n<p>El mapa de la ciudad de Ajaccio, en Francia, ofrece una visi\u00f3n encantadora de esta joya costera, enclavada en las escarpadas orillas de C\u00f3rcega. El mapa destaca la topograf\u00eda natural de la ciudad, desde las suaves pendientes que ascienden desde la costa mediterr\u00e1nea hasta las colinas m\u00e1s imponentes que abrazan Ajaccio, incluyendo las lejanas cumbres del Monte Gozzi. El terreno se despliega como una armon\u00eda de acantilados abruptos, valles frondosos y colinas ondulantes, reflejados con delicadeza en las curvas del mapa. La ciudad se asienta a los pies de las \u00celes Sanguinaires, un conjunto de islas rocosas que vigilan el horizonte, ofreciendo un contraste marcado con el trazado urbano. Al recorrer el mapa, se descubren los espacios verdes que convierten a Ajaccio en un refugio sereno. Parques como el Parc Berth\u00e9l\u00e9my se entrelazan con el tejido de la ciudad, ofreciendo momentos de calma lejos del bullicio. Los jardines, sombreados por palmeras imponentes y buganvillas en flor, evocan una suave serenidad mediterr\u00e1nea. Tambi\u00e9n se distingue la Citadelle, la antigua fortaleza que a\u00fan vigila el puerto, construida en el siglo XVI, cuando los piratas eran tan habituales como los viajeros. Muy cerca, la Maison Bonaparte se alza con orgullo, lugar de nacimiento de Napole\u00f3n Bonaparte, a\u00f1adiendo un matiz de historia imperial al mapa. Esta conexi\u00f3n con el c\u00e9lebre general corso aporta una profundidad fascinante a la ciudad, recordando que Ajaccio fue en su d\u00eda una peque\u00f1a localidad que se convirti\u00f3 en la cuna de un imperio.<\/p>\n","protected":false},"excerpt":{"rendered":"<p>Compra un City Map (mapa mural de ciudad) impreso de Ajaccio, Francia. \u00a1Elige el tama\u00f1o, el color y el dise\u00f1o de tu mapa a continuaci\u00f3n!<\/p>\n","protected":false},"featured_media":25128,"template":"","meta":{"_uag_custom_page_level_css":"","_monsterinsights_skip_tracking":false,"_monsterinsights_sitenote_active":false,"_monsterinsights_sitenote_note":"","_monsterinsights_sitenote_category":0,"site-sidebar-layout":"default","site-content-layout":"","ast-site-content-layout":"default","site-content-style":"default","site-sidebar-style":"default","ast-global-header-display":"","ast-banner-title-visibility":"","ast-main-header-display":"","ast-hfb-above-header-display":"","ast-hfb-below-header-display":"","ast-hfb-mobile-header-display":"","site-post-title":"","ast-breadcrumbs-content":"","ast-featured-img":"","footer-sml-layout":"","ast-disable-related-posts":"","theme-transparent-header-meta":"default","adv-header-id-meta":"","stick-header-meta":"","header-above-stick-meta":"","header-main-stick-meta":"","header-below-stick-meta":"","astra-migrate-meta-layouts":"set","ast-page-background-enabled":"default","ast-page-background-meta":{"desktop":{"background-color":"","background-image":"","background-repeat":"repeat","background-position":"center center","background-size":"auto","background-attachment":"scroll","background-type":"","background-media":"","overlay-type":"","overlay-color":"","overlay-opacity":"","overlay-gradient":""},"tablet":{"background-color":"","background-image":"","background-repeat":"repeat","background-position":"center center","background-size":"auto","background-attachment":"scroll","background-type":"","background-media":"","overlay-type":"","overlay-color":"","overlay-opacity":"","overlay-gradient":""},"mobile":{"background-color":"","background-image":"","background-repeat":"repeat","background-position":"center center","background-size":"auto","background-attachment":"scroll","background-type":"","background-media":"","overlay-type":"","overlay-color":"","overlay-opacity":"","overlay-gradient":""}},"ast-content-background-meta":{"desktop":{"background-color":"var(--ast-global-color-5)","background-image":"","background-repeat":"repeat","background-position":"center center","background-size":"auto","background-attachment":"scroll","background-type":"","background-media":"","overlay-type":"","overlay-color":"","overlay-opacity":"","overlay-gradient":""},"tablet":{"background-color":"var(--ast-global-color-5)","background-image":"","background-repeat":"repeat","background-position":"center center","background-size":"auto","background-attachment":"scroll","background-type":"","background-media":"","overlay-type":"","overlay-color":"","overlay-opacity":"","overlay-gradient":""},"mobile":{"background-color":"var(--ast-global-color-5)","background-image":"","background-repeat":"repeat","background-position":"center center","background-size":"auto","background-attachment":"scroll","background-type":"","background-media":"","overlay-type":"","overlay-color":"","overlay-opacity":"","overlay-gradient":""}}},"product_brand":[],"product_cat":[18,464],"product_tag":[34,35,36,37,1141,39,40,1142,1143,93,100],"class_list":{"0":"post-21528","1":"product","2":"type-product","3":"status-publish","4":"has-post-thumbnail","6":"product_cat-city-maps","7":"product_cat-featured_fr","8":"product_tag-30x40","9":"product_tag-40x50","10":"product_tag-50x70","11":"product_tag-70x100","12":"product_tag-ajaccio","13":"product_tag-canvas","14":"product_tag-city-map","15":"product_tag-corse","16":"product_tag-corsica","17":"product_tag-europe","18":"product_tag-france","19":"desktop-align-left","20":"tablet-align-left","21":"mobile-align-left","23":"first","24":"instock","25":"shipping-taxable","26":"purchasable","27":"product-type-variable"},"aioseo_notices":[],"uagb_featured_image_src":{"full":["https:\/\/mapospheres.eu\/wp-content\/uploads\/2026\/03\/CANVAS_16_BWROUND_2ND_6_AJACCIO.jpg",1000,1000,false],"thumbnail":["https:\/\/mapospheres.eu\/wp-content\/uploads\/2026\/03\/CANVAS_16_BWROUND_2ND_6_AJACCIO-150x150.jpg",150,150,true],"medium":["https:\/\/mapospheres.eu\/wp-content\/uploads\/2026\/03\/CANVAS_16_BWROUND_2ND_6_AJACCIO-300x300.jpg",300,300,true],"medium_large":["https:\/\/mapospheres.eu\/wp-content\/uploads\/2026\/03\/CANVAS_16_BWROUND_2ND_6_AJACCIO-768x768.jpg",768,768,true],"large":["https:\/\/mapospheres.eu\/wp-content\/uploads\/2026\/03\/CANVAS_16_BWROUND_2ND_6_AJACCIO.jpg",1000,1000,false],"1536x1536":["https:\/\/mapospheres.eu\/wp-content\/uploads\/2026\/03\/CANVAS_16_BWROUND_2ND_6_AJACCIO.jpg",1000,1000,false],"2048x2048":["https:\/\/mapospheres.eu\/wp-content\/uploads\/2026\/03\/CANVAS_16_BWROUND_2ND_6_AJACCIO.jpg",1000,1000,false],"woocommerce_thumbnail":["https:\/\/mapospheres.eu\/wp-content\/uploads\/2026\/03\/CANVAS_16_BWROUND_2ND_6_AJACCIO-300x300.jpg",300,300,true],"woocommerce_single":["https:\/\/mapospheres.eu\/wp-content\/uploads\/2026\/03\/CANVAS_16_BWROUND_2ND_6_AJACCIO-600x600.jpg",600,600,true],"woocommerce_gallery_thumbnail":["https:\/\/mapospheres.eu\/wp-content\/uploads\/2026\/03\/CANVAS_16_BWROUND_2ND_6_AJACCIO-100x100.jpg",100,100,true]},"uagb_author_info":{"display_name":"sgainot04@gmail.com","author_link":"https:\/\/mapospheres.eu\/es\/author\/"},"uagb_comment_info":0,"uagb_excerpt":"Compra un City Map (mapa mural de ciudad) impreso de Ajaccio, Francia. \u00a1Elige el tama\u00f1o, el color y el dise\u00f1o de tu mapa a continuaci\u00f3n!","_links":{"self":[{"href":"https:\/\/mapospheres.eu\/es\/wp-json\/wp\/v2\/product\/21528","targetHints":{"allow":["GET"]}}],"collection":[{"href":"https:\/\/mapospheres.eu\/es\/wp-json\/wp\/v2\/product"}],"about":[{"href":"https:\/\/mapospheres.eu\/es\/wp-json\/wp\/v2\/types\/product"}],"wp:featuredmedia":[{"embeddable":true,"href":"https:\/\/mapospheres.eu\/es\/wp-json\/wp\/v2\/media\/25128"}],"wp:attachment":[{"href":"https:\/\/mapospheres.eu\/es\/wp-json\/wp\/v2\/media?parent=21528"}],"wp:term":[{"taxonomy":"product_brand","embeddable":true,"href":"https:\/\/mapospheres.eu\/es\/wp-json\/wp\/v2\/product_brand?post=21528"},{"taxonomy":"product_cat","embeddable":true,"href":"https:\/\/mapospheres.eu\/es\/wp-json\/wp\/v2\/product_cat?post=21528"},{"taxonomy":"product_tag","embeddable":true,"href":"https:\/\/mapospheres.eu\/es\/wp-json\/wp\/v2\/product_tag?post=21528"}],"curies":[{"name":"wp","href":"https:\/\/api.w.org\/{rel}","templated":true}]}}