{"id":21529,"date":"2026-03-17T13:56:32","date_gmt":"2026-03-17T13:56:32","guid":{"rendered":"https:\/\/mapospheres.eu\/product\/poster-of-sao-miguel-azores-elevation-map\/"},"modified":"2026-04-14T08:52:09","modified_gmt":"2026-04-14T08:52:09","slug":"poster-of-sao-miguel-azores-elevation-map","status":"publish","type":"product","link":"https:\/\/mapospheres.eu\/es\/product\/poster-de-sao-miguel-azores-mapa-de-altitud\/","title":{"rendered":"Poster de Sao Miguel Azores | Mapa de altitud"},"content":{"rendered":"<p><strong>Poster City map de S\u00e3o Miguel, Azores: Una obra de arte que encapsula el coraz\u00f3n de las Azores\u2014donde las antiguas fuerzas volc\u00e1nicas se encuentran con impresionantes espacios verdes, y donde la naturaleza est\u00e1 tan viva de historias como de colores.<\/strong><\/p>\n<p>Conocida como \u201cLa Isla Verde\u201d, S\u00e3o Miguel es una tierra moldeada por la actividad volc\u00e1nica, donde colinas escarpadas, cr\u00e1teres profundos y paisajes exuberantes narran una historia de fuego y agua. El mapa revela su relieve dram\u00e1tico, donde altas cumbres emergen de un oc\u00e9ano esmeralda de bosques y pastos, mientras calderas volc\u00e1nicas\u2014algunas serenas, otras a\u00fan humeantes\u2014salpican el territorio como antiguos campos de batalla de la naturaleza. En el coraz\u00f3n de la isla se encuentra el famoso Sete Cidades, un inmenso cr\u00e1ter volc\u00e1nico que alberga dos lagos resplandecientes, uno verde y otro azul, como si la propia isla hubiera sumergido sus pies en el mar. Las laderas empinadas en terrazas que rodean los lagos hablan de siglos de cultivo, mientras que los bordes afilados de la caldera recuerdan el pasado ardiente de S\u00e3o Miguel. Desde las monta\u00f1as volc\u00e1nicas centrales hasta los acantilados costeros que caen directamente al Atl\u00e1ntico, este mapa destaca una isla definida por el contraste: naturaleza salvaje e ind\u00f3mita por un lado, y una tranquila vida rural por el otro. Las aguas termales, como las de Furnas, brotan desde las profundidades de la tierra, creando una mezcla de energ\u00eda geot\u00e9rmica y vegetaci\u00f3n exuberante que confiere a la isla su car\u00e1cter \u00fanico. Es un lugar donde el suelo literalmente respira vida, y el paisaje cambia constantemente bajo tus pies. Los contornos del mapa no solo narran la geograf\u00eda de la isla, sino tambi\u00e9n la historia de las personas que la han habitado durante siglos\u2014navegando sus desaf\u00edos volc\u00e1nicos y encontrando belleza en su paisaje en constante transformaci\u00f3n.<\/p>\n","protected":false},"excerpt":{"rendered":"<p>Compra este P\u00f3ster impreso del Mapa de Altitud de Sao Miguel, Azores, Portugal, como un mapa de pared. \u00a1Puedes seleccionar el tama\u00f1o o el dise\u00f1o de tu mapa!<\/p>\n","protected":false},"featured_media":25386,"template":"","meta":{"_uag_custom_page_level_css":"","_monsterinsights_skip_tracking":false,"_monsterinsights_sitenote_active":false,"_monsterinsights_sitenote_note":"","_monsterinsights_sitenote_category":0,"site-sidebar-layout":"default","site-content-layout":"","ast-site-content-layout":"default","site-content-style":"default","site-sidebar-style":"default","ast-global-header-display":"","ast-banner-title-visibility":"","ast-main-header-display":"","ast-hfb-above-header-display":"","ast-hfb-below-header-display":"","ast-hfb-mobile-header-display":"","site-post-title":"","ast-breadcrumbs-content":"","ast-featured-img":"","footer-sml-layout":"","ast-disable-related-posts":"","theme-transparent-header-meta":"default","adv-header-id-meta":"","stick-header-meta":"","header-above-stick-meta":"","header-main-stick-meta":"","header-below-stick-meta":"","astra-migrate-meta-layouts":"set","ast-page-background-enabled":"default","ast-page-background-meta":{"desktop":{"background-color":"","background-image":"","background-repeat":"repeat","background-position":"center center","background-size":"auto","background-attachment":"scroll","background-type":"","background-media":"","overlay-type":"","overlay-color":"","overlay-opacity":"","overlay-gradient":""},"tablet":{"background-color":"","background-image":"","background-repeat":"repeat","background-position":"center center","background-size":"auto","background-attachment":"scroll","background-type":"","background-media":"","overlay-type":"","overlay-color":"","overlay-opacity":"","overlay-gradient":""},"mobile":{"background-color":"","background-image":"","background-repeat":"repeat","background-position":"center center","background-size":"auto","background-attachment":"scroll","background-type":"","background-media":"","overlay-type":"","overlay-color":"","overlay-opacity":"","overlay-gradient":""}},"ast-content-background-meta":{"desktop":{"background-color":"var(--ast-global-color-5)","background-image":"","background-repeat":"repeat","background-position":"center center","background-size":"auto","background-attachment":"scroll","background-type":"","background-media":"","overlay-type":"","overlay-color":"","overlay-opacity":"","overlay-gradient":""},"tablet":{"background-color":"var(--ast-global-color-5)","background-image":"","background-repeat":"repeat","background-position":"center center","background-size":"auto","background-attachment":"scroll","background-type":"","background-media":"","overlay-type":"","overlay-color":"","overlay-opacity":"","overlay-gradient":""},"mobile":{"background-color":"var(--ast-global-color-5)","background-image":"","background-repeat":"repeat","background-position":"center center","background-size":"auto","background-attachment":"scroll","background-type":"","background-media":"","overlay-type":"","overlay-color":"","overlay-opacity":"","overlay-gradient":""}}},"product_brand":[],"product_cat":[90,465],"product_tag":[34,35,36,895,896,39,92,93,479,1149],"class_list":{"0":"post-21529","1":"product","2":"type-product","3":"status-publish","4":"has-post-thumbnail","6":"product_cat-elevation-maps","7":"product_cat-featured_esp","8":"product_tag-30x40","9":"product_tag-40x50","10":"product_tag-50x70","11":"product_tag-acores","12":"product_tag-azores","13":"product_tag-canvas","14":"product_tag-elevation-map","15":"product_tag-europe","16":"product_tag-portugal","17":"product_tag-sao-miguel","18":"desktop-align-left","19":"tablet-align-left","20":"mobile-align-left","22":"first","23":"instock","24":"shipping-taxable","25":"purchasable","26":"product-type-variable"},"aioseo_notices":[],"uagb_featured_image_src":{"full":["https:\/\/mapospheres.eu\/wp-content\/uploads\/2026\/03\/ELEV_CANVAS_FULL2_Landscape_SAOMIGUEL.jpg",1000,1000,false],"thumbnail":["https:\/\/mapospheres.eu\/wp-content\/uploads\/2026\/03\/ELEV_CANVAS_FULL2_Landscape_SAOMIGUEL-150x150.jpg",150,150,true],"medium":["https:\/\/mapospheres.eu\/wp-content\/uploads\/2026\/03\/ELEV_CANVAS_FULL2_Landscape_SAOMIGUEL-300x300.jpg",300,300,true],"medium_large":["https:\/\/mapospheres.eu\/wp-content\/uploads\/2026\/03\/ELEV_CANVAS_FULL2_Landscape_SAOMIGUEL-768x768.jpg",768,768,true],"large":["https:\/\/mapospheres.eu\/wp-content\/uploads\/2026\/03\/ELEV_CANVAS_FULL2_Landscape_SAOMIGUEL.jpg",1000,1000,false],"1536x1536":["https:\/\/mapospheres.eu\/wp-content\/uploads\/2026\/03\/ELEV_CANVAS_FULL2_Landscape_SAOMIGUEL.jpg",1000,1000,false],"2048x2048":["https:\/\/mapospheres.eu\/wp-content\/uploads\/2026\/03\/ELEV_CANVAS_FULL2_Landscape_SAOMIGUEL.jpg",1000,1000,false],"woocommerce_thumbnail":["https:\/\/mapospheres.eu\/wp-content\/uploads\/2026\/03\/ELEV_CANVAS_FULL2_Landscape_SAOMIGUEL-300x300.jpg",300,300,true],"woocommerce_single":["https:\/\/mapospheres.eu\/wp-content\/uploads\/2026\/03\/ELEV_CANVAS_FULL2_Landscape_SAOMIGUEL-600x600.jpg",600,600,true],"woocommerce_gallery_thumbnail":["https:\/\/mapospheres.eu\/wp-content\/uploads\/2026\/03\/ELEV_CANVAS_FULL2_Landscape_SAOMIGUEL-100x100.jpg",100,100,true]},"uagb_author_info":{"display_name":"sgainot04@gmail.com","author_link":"https:\/\/mapospheres.eu\/es\/author\/"},"uagb_comment_info":0,"uagb_excerpt":"Compra este P\u00f3ster impreso del Mapa de Altitud de Sao Miguel, Azores, Portugal, como un mapa de pared. \u00a1Puedes seleccionar el tama\u00f1o o el dise\u00f1o de tu mapa!","_links":{"self":[{"href":"https:\/\/mapospheres.eu\/es\/wp-json\/wp\/v2\/product\/21529","targetHints":{"allow":["GET"]}}],"collection":[{"href":"https:\/\/mapospheres.eu\/es\/wp-json\/wp\/v2\/product"}],"about":[{"href":"https:\/\/mapospheres.eu\/es\/wp-json\/wp\/v2\/types\/product"}],"wp:featuredmedia":[{"embeddable":true,"href":"https:\/\/mapospheres.eu\/es\/wp-json\/wp\/v2\/media\/25386"}],"wp:attachment":[{"href":"https:\/\/mapospheres.eu\/es\/wp-json\/wp\/v2\/media?parent=21529"}],"wp:term":[{"taxonomy":"product_brand","embeddable":true,"href":"https:\/\/mapospheres.eu\/es\/wp-json\/wp\/v2\/product_brand?post=21529"},{"taxonomy":"product_cat","embeddable":true,"href":"https:\/\/mapospheres.eu\/es\/wp-json\/wp\/v2\/product_cat?post=21529"},{"taxonomy":"product_tag","embeddable":true,"href":"https:\/\/mapospheres.eu\/es\/wp-json\/wp\/v2\/product_tag?post=21529"}],"curies":[{"name":"wp","href":"https:\/\/api.w.org\/{rel}","templated":true}]}}