{"id":21530,"date":"2026-03-17T13:56:34","date_gmt":"2026-03-17T13:56:34","guid":{"rendered":"https:\/\/mapospheres.eu\/product\/poster-of-tongariro-elevation-map\/"},"modified":"2026-04-14T08:52:09","modified_gmt":"2026-04-14T08:52:09","slug":"poster-of-tongariro-elevation-map","status":"publish","type":"product","link":"https:\/\/mapospheres.eu\/es\/product\/poster-de-tongariro-mapa-de-altitud\/","title":{"rendered":"Poster de Tongariro | Mapa de altitud"},"content":{"rendered":"<p><strong>Poster City map de Tongariro, Nueva Zelanda: Una mezcla de maravillas geol\u00f3gicas y de la rica historia m\u0101ori de la regi\u00f3n \u2014 donde las monta\u00f1as son sagradas para los iwi (tribus) locales \u2014 este mapa ofrece una visi\u00f3n cautivadora del sobrecogedor paisaje de Tongariro.<\/strong><\/p>\n<p>La Elevation mapa de Tongariro, Nueva Zelanda, presenta una imagen dram\u00e1tica de uno de los paisajes m\u00e1s emblem\u00e1ticos del pa\u00eds. Dominado por los imponentes picos del Monte Tongariro, el Monte Ngauruhoe y el Monte Ruapehu, este mapa captura la fuerza bruta y la belleza del altiplano volc\u00e1nico. Las contornos dentados de estos antiguos volcanes se elevan con violencia sobre los valles circundantes, mientras sus cr\u00e1teres y crestas summitales crean un contraste impresionante con las llanuras inferiores. El paisaje es una fusi\u00f3n de historia ardiente y naturaleza serena, donde la energ\u00eda de la Tierra sigue plenamente viva. Esta regi\u00f3n no es solo volcanes. El mapa tambi\u00e9n revela extensas \u00e1reas de bosques nativos y espacios verdes exuberantes, incluido el famoso Parque Nacional de Tongariro. Este sitio declarado Patrimonio de la Humanidad por la UNESCO alberga praderas alpinas y lagos tranquilos, como los espectaculares Lagos Esmeralda, que destacan sobre la roca volc\u00e1nica oscura. Los valles profundos y escarpados, junto con los r\u00edos que serpentean por el parque, narran la historia de una tierra moldeada por el fuego y el hielo, donde la fuerza de la naturaleza se muestra en su m\u00e1xima expresi\u00f3n. Al observar el mapa, tambi\u00e9n se distingue la ruta del Tongariro Alpine Crossing, una de las rutas de senderismo m\u00e1s c\u00e9lebres del mundo. Este sendero atraviesa el coraz\u00f3n del paisaje volc\u00e1nico, donde los excursionistas cruzan antiguas coladas de lava y pasan junto a fumarolas activas \u2014un recordatorio constante de la actividad geot\u00e9rmica del territorio. El mapa da vida a esta aventura, mostrando las altas crestas y los profundos valles craterizados que hacen de esta traves\u00eda una experiencia \u00fanica.<\/p>\n","protected":false},"excerpt":{"rendered":"<p>Compra este P\u00f3ster impreso del Mapa de Altitud de Tongariro, Nueva Zelanda, como un mapa de pared. \u00a1Puedes seleccionar el tama\u00f1o o el dise\u00f1o de tu mapa!<\/p>\n","protected":false},"featured_media":25383,"template":"","meta":{"_uag_custom_page_level_css":"","_monsterinsights_skip_tracking":false,"_monsterinsights_sitenote_active":false,"_monsterinsights_sitenote_note":"","_monsterinsights_sitenote_category":0,"site-sidebar-layout":"default","site-content-layout":"","ast-site-content-layout":"default","site-content-style":"default","site-sidebar-style":"default","ast-global-header-display":"","ast-banner-title-visibility":"","ast-main-header-display":"","ast-hfb-above-header-display":"","ast-hfb-below-header-display":"","ast-hfb-mobile-header-display":"","site-post-title":"","ast-breadcrumbs-content":"","ast-featured-img":"","footer-sml-layout":"","ast-disable-related-posts":"","theme-transparent-header-meta":"default","adv-header-id-meta":"","stick-header-meta":"","header-above-stick-meta":"","header-main-stick-meta":"","header-below-stick-meta":"","astra-migrate-meta-layouts":"set","ast-page-background-enabled":"default","ast-page-background-meta":{"desktop":{"background-color":"","background-image":"","background-repeat":"repeat","background-position":"center center","background-size":"auto","background-attachment":"scroll","background-type":"","background-media":"","overlay-type":"","overlay-color":"","overlay-opacity":"","overlay-gradient":""},"tablet":{"background-color":"","background-image":"","background-repeat":"repeat","background-position":"center center","background-size":"auto","background-attachment":"scroll","background-type":"","background-media":"","overlay-type":"","overlay-color":"","overlay-opacity":"","overlay-gradient":""},"mobile":{"background-color":"","background-image":"","background-repeat":"repeat","background-position":"center center","background-size":"auto","background-attachment":"scroll","background-type":"","background-media":"","overlay-type":"","overlay-color":"","overlay-opacity":"","overlay-gradient":""}},"ast-content-background-meta":{"desktop":{"background-color":"var(--ast-global-color-5)","background-image":"","background-repeat":"repeat","background-position":"center center","background-size":"auto","background-attachment":"scroll","background-type":"","background-media":"","overlay-type":"","overlay-color":"","overlay-opacity":"","overlay-gradient":""},"tablet":{"background-color":"var(--ast-global-color-5)","background-image":"","background-repeat":"repeat","background-position":"center center","background-size":"auto","background-attachment":"scroll","background-type":"","background-media":"","overlay-type":"","overlay-color":"","overlay-opacity":"","overlay-gradient":""},"mobile":{"background-color":"var(--ast-global-color-5)","background-image":"","background-repeat":"repeat","background-position":"center center","background-size":"auto","background-attachment":"scroll","background-type":"","background-media":"","overlay-type":"","overlay-color":"","overlay-opacity":"","overlay-gradient":""}}},"product_brand":[],"product_cat":[90],"product_tag":[34,35,36,896,39,92,393,334,1148],"class_list":{"0":"post-21530","1":"product","2":"type-product","3":"status-publish","4":"has-post-thumbnail","6":"product_cat-elevation-maps","7":"product_tag-30x40","8":"product_tag-40x50","9":"product_tag-50x70","10":"product_tag-azores","11":"product_tag-canvas","12":"product_tag-elevation-map","13":"product_tag-new-zealand","14":"product_tag-oceania","15":"product_tag-tongariro","16":"desktop-align-left","17":"tablet-align-left","18":"mobile-align-left","20":"first","21":"instock","22":"shipping-taxable","23":"purchasable","24":"product-type-variable"},"aioseo_notices":[],"uagb_featured_image_src":{"full":["https:\/\/mapospheres.eu\/wp-content\/uploads\/2026\/03\/ELEV_FANCYVIEW__TONGARIRO.jpg",1000,1000,false],"thumbnail":["https:\/\/mapospheres.eu\/wp-content\/uploads\/2026\/03\/ELEV_FANCYVIEW__TONGARIRO-150x150.jpg",150,150,true],"medium":["https:\/\/mapospheres.eu\/wp-content\/uploads\/2026\/03\/ELEV_FANCYVIEW__TONGARIRO-300x300.jpg",300,300,true],"medium_large":["https:\/\/mapospheres.eu\/wp-content\/uploads\/2026\/03\/ELEV_FANCYVIEW__TONGARIRO-768x768.jpg",768,768,true],"large":["https:\/\/mapospheres.eu\/wp-content\/uploads\/2026\/03\/ELEV_FANCYVIEW__TONGARIRO.jpg",1000,1000,false],"1536x1536":["https:\/\/mapospheres.eu\/wp-content\/uploads\/2026\/03\/ELEV_FANCYVIEW__TONGARIRO.jpg",1000,1000,false],"2048x2048":["https:\/\/mapospheres.eu\/wp-content\/uploads\/2026\/03\/ELEV_FANCYVIEW__TONGARIRO.jpg",1000,1000,false],"woocommerce_thumbnail":["https:\/\/mapospheres.eu\/wp-content\/uploads\/2026\/03\/ELEV_FANCYVIEW__TONGARIRO-300x300.jpg",300,300,true],"woocommerce_single":["https:\/\/mapospheres.eu\/wp-content\/uploads\/2026\/03\/ELEV_FANCYVIEW__TONGARIRO-600x600.jpg",600,600,true],"woocommerce_gallery_thumbnail":["https:\/\/mapospheres.eu\/wp-content\/uploads\/2026\/03\/ELEV_FANCYVIEW__TONGARIRO-100x100.jpg",100,100,true]},"uagb_author_info":{"display_name":"sgainot04@gmail.com","author_link":"https:\/\/mapospheres.eu\/es\/author\/"},"uagb_comment_info":0,"uagb_excerpt":"Compra este P\u00f3ster impreso del Mapa de Altitud de Tongariro, Nueva Zelanda, como un mapa de pared. \u00a1Puedes seleccionar el tama\u00f1o o el dise\u00f1o de tu mapa!","_links":{"self":[{"href":"https:\/\/mapospheres.eu\/es\/wp-json\/wp\/v2\/product\/21530","targetHints":{"allow":["GET"]}}],"collection":[{"href":"https:\/\/mapospheres.eu\/es\/wp-json\/wp\/v2\/product"}],"about":[{"href":"https:\/\/mapospheres.eu\/es\/wp-json\/wp\/v2\/types\/product"}],"wp:featuredmedia":[{"embeddable":true,"href":"https:\/\/mapospheres.eu\/es\/wp-json\/wp\/v2\/media\/25383"}],"wp:attachment":[{"href":"https:\/\/mapospheres.eu\/es\/wp-json\/wp\/v2\/media?parent=21530"}],"wp:term":[{"taxonomy":"product_brand","embeddable":true,"href":"https:\/\/mapospheres.eu\/es\/wp-json\/wp\/v2\/product_brand?post=21530"},{"taxonomy":"product_cat","embeddable":true,"href":"https:\/\/mapospheres.eu\/es\/wp-json\/wp\/v2\/product_cat?post=21530"},{"taxonomy":"product_tag","embeddable":true,"href":"https:\/\/mapospheres.eu\/es\/wp-json\/wp\/v2\/product_tag?post=21530"}],"curies":[{"name":"wp","href":"https:\/\/api.w.org\/{rel}","templated":true}]}}