{"id":21532,"date":"2026-03-17T13:56:42","date_gmt":"2026-03-17T13:56:42","guid":{"rendered":"https:\/\/mapospheres.eu\/product\/poster-of-portugal-elevation-map\/"},"modified":"2026-04-14T08:52:07","modified_gmt":"2026-04-14T08:52:07","slug":"poster-of-portugal-elevation-map","status":"publish","type":"product","link":"https:\/\/mapospheres.eu\/es\/product\/poster-de-portugal-mapa-de-altitud\/","title":{"rendered":"Poster de Portugal | Mapa de altitud"},"content":{"rendered":"<p><strong>Poster City map de Portugal: Una celebraci\u00f3n de la historia, la cultura del pa\u00eds y la danza atemporal entre la tierra y sus habitantes.<\/strong><\/p>\n<p>Este mapa destaca la dram\u00e1tica topograf\u00eda de Portugal, donde las colinas escarpadas de las regiones del norte dan paso a las suaves pendientes del sur. La zona central del pa\u00eds est\u00e1 dominada por la Serra da Estrela, cuyas cumbres nevadas se elevan como centinelas sobre el territorio, mientras que las ondulantes llanuras del Alentejo se extienden hasta el horizonte, ofreciendo un contraste sereno frente a los relieves m\u00e1s abruptos. Este mapa no solo muestra elevaciones: cuenta la historia de una tierra moldeada tanto por la naturaleza como por la historia. Desde los r\u00edos del norte que tallan profundos valles hasta los acantilados del sur que se encuentran con el oc\u00e9ano Atl\u00e1ntico, el territorio es tan diverso como las historias de quienes lo han habitado. El f\u00e9rtil valle del Duero, famoso por sus vi\u00f1edos en terrazas y su r\u00edo serpenteante, es un espect\u00e1culo visual, con laderas pronunciadas que se elevan desde el agua como un anfiteatro natural. Los grandes hitos de Portugal tambi\u00e9n est\u00e1n presentes, desde los majestuosos picos del Parque Nacional de la Serra do Ger\u00eas hasta la ciudad de Lisboa, donde el r\u00edo Tajo fluye suavemente entre colinas y a lo largo de la costa. Las llanuras doradas del Alentejo est\u00e1n salpicadas de castillos hist\u00f3ricos, recuerdos de batallas libradas y reinos perdidos, que se alzan sobre el vasto paisaje rural. El mapa tambi\u00e9n incluye los ic\u00f3nicos acantilados escarpados del Algarve, donde la tierra se encuentra con el mar en una demostraci\u00f3n dram\u00e1tica de la fuerza de la naturaleza.<\/p>\n","protected":false},"excerpt":{"rendered":"<p>Compra este P\u00f3ster impreso del Mapa de Altitud de Portugal, como un mapa de pared. \u00a1Puedes seleccionar el tama\u00f1o o el dise\u00f1o de tu mapa!<\/p>\n","protected":false},"featured_media":25356,"template":"","meta":{"_uag_custom_page_level_css":"","_monsterinsights_skip_tracking":false,"_monsterinsights_sitenote_active":false,"_monsterinsights_sitenote_note":"","_monsterinsights_sitenote_category":0,"site-sidebar-layout":"default","site-content-layout":"","ast-site-content-layout":"default","site-content-style":"default","site-sidebar-style":"default","ast-global-header-display":"","ast-banner-title-visibility":"","ast-main-header-display":"","ast-hfb-above-header-display":"","ast-hfb-below-header-display":"","ast-hfb-mobile-header-display":"","site-post-title":"","ast-breadcrumbs-content":"","ast-featured-img":"","footer-sml-layout":"","ast-disable-related-posts":"","theme-transparent-header-meta":"default","adv-header-id-meta":"","stick-header-meta":"","header-above-stick-meta":"","header-main-stick-meta":"","header-below-stick-meta":"","astra-migrate-meta-layouts":"set","ast-page-background-enabled":"default","ast-page-background-meta":{"desktop":{"background-color":"","background-image":"","background-repeat":"repeat","background-position":"center center","background-size":"auto","background-attachment":"scroll","background-type":"","background-media":"","overlay-type":"","overlay-color":"","overlay-opacity":"","overlay-gradient":""},"tablet":{"background-color":"","background-image":"","background-repeat":"repeat","background-position":"center center","background-size":"auto","background-attachment":"scroll","background-type":"","background-media":"","overlay-type":"","overlay-color":"","overlay-opacity":"","overlay-gradient":""},"mobile":{"background-color":"","background-image":"","background-repeat":"repeat","background-position":"center center","background-size":"auto","background-attachment":"scroll","background-type":"","background-media":"","overlay-type":"","overlay-color":"","overlay-opacity":"","overlay-gradient":""}},"ast-content-background-meta":{"desktop":{"background-color":"var(--ast-global-color-5)","background-image":"","background-repeat":"repeat","background-position":"center center","background-size":"auto","background-attachment":"scroll","background-type":"","background-media":"","overlay-type":"","overlay-color":"","overlay-opacity":"","overlay-gradient":""},"tablet":{"background-color":"var(--ast-global-color-5)","background-image":"","background-repeat":"repeat","background-position":"center center","background-size":"auto","background-attachment":"scroll","background-type":"","background-media":"","overlay-type":"","overlay-color":"","overlay-opacity":"","overlay-gradient":""},"mobile":{"background-color":"var(--ast-global-color-5)","background-image":"","background-repeat":"repeat","background-position":"center center","background-size":"auto","background-attachment":"scroll","background-type":"","background-media":"","overlay-type":"","overlay-color":"","overlay-opacity":"","overlay-gradient":""}}},"product_brand":[],"product_cat":[90,465],"product_tag":[34,35,36,92,93,479],"class_list":{"0":"post-21532","1":"product","2":"type-product","3":"status-publish","4":"has-post-thumbnail","6":"product_cat-elevation-maps","7":"product_cat-featured_esp","8":"product_tag-30x40","9":"product_tag-40x50","10":"product_tag-50x70","11":"product_tag-elevation-map","12":"product_tag-europe","13":"product_tag-portugal","14":"desktop-align-left","15":"tablet-align-left","16":"mobile-align-left","18":"first","19":"instock","20":"shipping-taxable","21":"purchasable","22":"product-type-variable"},"aioseo_notices":[],"uagb_featured_image_src":{"full":["https:\/\/mapospheres.eu\/wp-content\/uploads\/2026\/03\/ELEV_CANVAS_FANCY_PORTUGAL.jpg",1000,1000,false],"thumbnail":["https:\/\/mapospheres.eu\/wp-content\/uploads\/2026\/03\/ELEV_CANVAS_FANCY_PORTUGAL-150x150.jpg",150,150,true],"medium":["https:\/\/mapospheres.eu\/wp-content\/uploads\/2026\/03\/ELEV_CANVAS_FANCY_PORTUGAL-300x300.jpg",300,300,true],"medium_large":["https:\/\/mapospheres.eu\/wp-content\/uploads\/2026\/03\/ELEV_CANVAS_FANCY_PORTUGAL-768x768.jpg",768,768,true],"large":["https:\/\/mapospheres.eu\/wp-content\/uploads\/2026\/03\/ELEV_CANVAS_FANCY_PORTUGAL.jpg",1000,1000,false],"1536x1536":["https:\/\/mapospheres.eu\/wp-content\/uploads\/2026\/03\/ELEV_CANVAS_FANCY_PORTUGAL.jpg",1000,1000,false],"2048x2048":["https:\/\/mapospheres.eu\/wp-content\/uploads\/2026\/03\/ELEV_CANVAS_FANCY_PORTUGAL.jpg",1000,1000,false],"woocommerce_thumbnail":["https:\/\/mapospheres.eu\/wp-content\/uploads\/2026\/03\/ELEV_CANVAS_FANCY_PORTUGAL-300x300.jpg",300,300,true],"woocommerce_single":["https:\/\/mapospheres.eu\/wp-content\/uploads\/2026\/03\/ELEV_CANVAS_FANCY_PORTUGAL-600x600.jpg",600,600,true],"woocommerce_gallery_thumbnail":["https:\/\/mapospheres.eu\/wp-content\/uploads\/2026\/03\/ELEV_CANVAS_FANCY_PORTUGAL-100x100.jpg",100,100,true]},"uagb_author_info":{"display_name":"sgainot04@gmail.com","author_link":"https:\/\/mapospheres.eu\/es\/author\/"},"uagb_comment_info":0,"uagb_excerpt":"Compra este P\u00f3ster impreso del Mapa de Altitud de Portugal, como un mapa de pared. \u00a1Puedes seleccionar el tama\u00f1o o el dise\u00f1o de tu mapa!","_links":{"self":[{"href":"https:\/\/mapospheres.eu\/es\/wp-json\/wp\/v2\/product\/21532","targetHints":{"allow":["GET"]}}],"collection":[{"href":"https:\/\/mapospheres.eu\/es\/wp-json\/wp\/v2\/product"}],"about":[{"href":"https:\/\/mapospheres.eu\/es\/wp-json\/wp\/v2\/types\/product"}],"wp:featuredmedia":[{"embeddable":true,"href":"https:\/\/mapospheres.eu\/es\/wp-json\/wp\/v2\/media\/25356"}],"wp:attachment":[{"href":"https:\/\/mapospheres.eu\/es\/wp-json\/wp\/v2\/media?parent=21532"}],"wp:term":[{"taxonomy":"product_brand","embeddable":true,"href":"https:\/\/mapospheres.eu\/es\/wp-json\/wp\/v2\/product_brand?post=21532"},{"taxonomy":"product_cat","embeddable":true,"href":"https:\/\/mapospheres.eu\/es\/wp-json\/wp\/v2\/product_cat?post=21532"},{"taxonomy":"product_tag","embeddable":true,"href":"https:\/\/mapospheres.eu\/es\/wp-json\/wp\/v2\/product_tag?post=21532"}],"curies":[{"name":"wp","href":"https:\/\/api.w.org\/{rel}","templated":true}]}}