{"id":21548,"date":"2026-03-17T13:58:06","date_gmt":"2026-03-17T13:58:06","guid":{"rendered":"https:\/\/mapospheres.eu\/product\/poster-of-valencia-spain\/"},"modified":"2026-04-08T14:06:41","modified_gmt":"2026-04-08T14:06:41","slug":"poster-of-valencia-spain","status":"publish","type":"product","link":"https:\/\/mapospheres.eu\/es\/product\/poster-de-valencia-espana\/","title":{"rendered":"Poster de Valencia | Espa\u00f1a"},"content":{"rendered":"<p><strong>Poster City map de Valencia, Espa\u00f1a: Desde los serenos canales de la Albufera hasta el deslumbrante modernismo de la Ciudad de las Artes y las Ciencias, el mapa revela un lugar donde cada rinc\u00f3n invita a un viaje visual por una ciudad que ha dominado el arte de equilibrar tradici\u00f3n e innovaci\u00f3n.<\/strong><\/p>\n<p>Valencia se extiende con gracia en la costa oriental de Espa\u00f1a, abrazada por la vasta extensi\u00f3n azul del mar Mediterr\u00e1neo y rodeada de f\u00e9rtiles llanuras y r\u00edos serpenteantes. El mapa da vida a este contraste impresionante, con la topograf\u00eda de la ciudad ondulando suavemente, desde las zonas bajas junto al mar hasta los terrenos ligeramente elevados en las afueras. El r\u00edo Turia, que anta\u00f1o surcaba la ciudad, hoy fluye a trav\u00e9s del amplio parque que lleva su nombre, ofreciendo un corredor verde en el coraz\u00f3n de Valencia. Uno de los rasgos m\u00e1s destacados de este mapa son los frondosos y extensos espacios verdes que salpican la ciudad, aportando un toque refrescante al paisaje urbano. Los jardines del Turia son un oasis que se extiende de oeste a este, atravesando parques, puentes y senderos donde los locales disfrutan de una tarde soleada. Este parque, relicto del antiguo curso del r\u00edo, se ha transformado en una de las mayores zonas verdes de Europa, testimonio del compromiso de la ciudad con la naturaleza en medio de la vida moderna. Otros espacios verdes, como el Parque Natural de la Albufera al sur de la ciudad, ofrecen refugios tranquilos donde los arrozales se encuentran con el agua, creando un santuario para observadores de aves y amantes de la naturaleza. La imponente Ciudad de las Artes y las Ciencias, con su dise\u00f1o futurista y curvas audaces, contrasta con la arquitectura medieval de la ciudad, aportando un toque de modernidad atrevida. El mapa destaca con destreza la grandiosa Plaza de la Virgen, con su hist\u00f3rica catedral y la impresionante fuente en su centro, recordando a los visitantes la larga historia de Valencia, desde sus or\u00edgenes romanos hasta la grandeza del Imperio espa\u00f1ol. Las antiguas Torres de Serranos y Torres de Quart se alzan como centinelas, protegiendo el casco antiguo, mientras sus muros de piedra susurran historias del pasado medieval de Valencia.<\/p>\n","protected":false},"excerpt":{"rendered":"<p>Compra un City Map (mapa mural de ciudad) impreso de Valencia, Espa\u00f1a. \u00a1Elige el tama\u00f1o, el color y el dise\u00f1o de tu mapa a continuaci\u00f3n!<\/p>\n","protected":false},"featured_media":24585,"template":"","meta":{"_uag_custom_page_level_css":"","_monsterinsights_skip_tracking":false,"_monsterinsights_sitenote_active":false,"_monsterinsights_sitenote_note":"","_monsterinsights_sitenote_category":0,"site-sidebar-layout":"default","site-content-layout":"","ast-site-content-layout":"default","site-content-style":"default","site-sidebar-style":"default","ast-global-header-display":"","ast-banner-title-visibility":"","ast-main-header-display":"","ast-hfb-above-header-display":"","ast-hfb-below-header-display":"","ast-hfb-mobile-header-display":"","site-post-title":"","ast-breadcrumbs-content":"","ast-featured-img":"","footer-sml-layout":"","ast-disable-related-posts":"","theme-transparent-header-meta":"default","adv-header-id-meta":"","stick-header-meta":"","header-above-stick-meta":"","header-main-stick-meta":"","header-below-stick-meta":"","astra-migrate-meta-layouts":"set","ast-page-background-enabled":"default","ast-page-background-meta":{"desktop":{"background-color":"","background-image":"","background-repeat":"repeat","background-position":"center center","background-size":"auto","background-attachment":"scroll","background-type":"","background-media":"","overlay-type":"","overlay-color":"","overlay-opacity":"","overlay-gradient":""},"tablet":{"background-color":"","background-image":"","background-repeat":"repeat","background-position":"center center","background-size":"auto","background-attachment":"scroll","background-type":"","background-media":"","overlay-type":"","overlay-color":"","overlay-opacity":"","overlay-gradient":""},"mobile":{"background-color":"","background-image":"","background-repeat":"repeat","background-position":"center center","background-size":"auto","background-attachment":"scroll","background-type":"","background-media":"","overlay-type":"","overlay-color":"","overlay-opacity":"","overlay-gradient":""}},"ast-content-background-meta":{"desktop":{"background-color":"var(--ast-global-color-5)","background-image":"","background-repeat":"repeat","background-position":"center center","background-size":"auto","background-attachment":"scroll","background-type":"","background-media":"","overlay-type":"","overlay-color":"","overlay-opacity":"","overlay-gradient":""},"tablet":{"background-color":"var(--ast-global-color-5)","background-image":"","background-repeat":"repeat","background-position":"center center","background-size":"auto","background-attachment":"scroll","background-type":"","background-media":"","overlay-type":"","overlay-color":"","overlay-opacity":"","overlay-gradient":""},"mobile":{"background-color":"var(--ast-global-color-5)","background-image":"","background-repeat":"repeat","background-position":"center center","background-size":"auto","background-attachment":"scroll","background-type":"","background-media":"","overlay-type":"","overlay-color":"","overlay-opacity":"","overlay-gradient":""}}},"product_brand":[],"product_cat":[18,465],"product_tag":[34,35,36,37,39,40,1121,318,319,93,99,1122],"class_list":{"0":"post-21548","1":"product","2":"type-product","3":"status-publish","4":"has-post-thumbnail","6":"product_cat-city-maps","7":"product_cat-featured_esp","8":"product_tag-30x40","9":"product_tag-40x50","10":"product_tag-50x70","11":"product_tag-70x100","12":"product_tag-canvas","13":"product_tag-city-map","14":"product_tag-comunitat-valenciana","15":"product_tag-espagne","16":"product_tag-espana","17":"product_tag-europe","18":"product_tag-spain","19":"product_tag-valencia","20":"desktop-align-left","21":"tablet-align-left","22":"mobile-align-left","24":"first","25":"instock","26":"shipping-taxable","27":"purchasable","28":"product-type-variable"},"aioseo_notices":[],"uagb_featured_image_src":{"full":["https:\/\/mapospheres.eu\/wp-content\/uploads\/2026\/03\/CANVAS_14_NIGHTROUND_4_VALENCIA.jpg",1000,1000,false],"thumbnail":["https:\/\/mapospheres.eu\/wp-content\/uploads\/2026\/03\/CANVAS_14_NIGHTROUND_4_VALENCIA-150x150.jpg",150,150,true],"medium":["https:\/\/mapospheres.eu\/wp-content\/uploads\/2026\/03\/CANVAS_14_NIGHTROUND_4_VALENCIA-300x300.jpg",300,300,true],"medium_large":["https:\/\/mapospheres.eu\/wp-content\/uploads\/2026\/03\/CANVAS_14_NIGHTROUND_4_VALENCIA-768x768.jpg",768,768,true],"large":["https:\/\/mapospheres.eu\/wp-content\/uploads\/2026\/03\/CANVAS_14_NIGHTROUND_4_VALENCIA.jpg",1000,1000,false],"1536x1536":["https:\/\/mapospheres.eu\/wp-content\/uploads\/2026\/03\/CANVAS_14_NIGHTROUND_4_VALENCIA.jpg",1000,1000,false],"2048x2048":["https:\/\/mapospheres.eu\/wp-content\/uploads\/2026\/03\/CANVAS_14_NIGHTROUND_4_VALENCIA.jpg",1000,1000,false],"woocommerce_thumbnail":["https:\/\/mapospheres.eu\/wp-content\/uploads\/2026\/03\/CANVAS_14_NIGHTROUND_4_VALENCIA-300x300.jpg",300,300,true],"woocommerce_single":["https:\/\/mapospheres.eu\/wp-content\/uploads\/2026\/03\/CANVAS_14_NIGHTROUND_4_VALENCIA-600x600.jpg",600,600,true],"woocommerce_gallery_thumbnail":["https:\/\/mapospheres.eu\/wp-content\/uploads\/2026\/03\/CANVAS_14_NIGHTROUND_4_VALENCIA-100x100.jpg",100,100,true]},"uagb_author_info":{"display_name":"sgainot04@gmail.com","author_link":"https:\/\/mapospheres.eu\/es\/author\/"},"uagb_comment_info":0,"uagb_excerpt":"Compra un City Map (mapa mural de ciudad) impreso de Valencia, Espa\u00f1a. \u00a1Elige el tama\u00f1o, el color y el dise\u00f1o de tu mapa a continuaci\u00f3n!","_links":{"self":[{"href":"https:\/\/mapospheres.eu\/es\/wp-json\/wp\/v2\/product\/21548","targetHints":{"allow":["GET"]}}],"collection":[{"href":"https:\/\/mapospheres.eu\/es\/wp-json\/wp\/v2\/product"}],"about":[{"href":"https:\/\/mapospheres.eu\/es\/wp-json\/wp\/v2\/types\/product"}],"wp:featuredmedia":[{"embeddable":true,"href":"https:\/\/mapospheres.eu\/es\/wp-json\/wp\/v2\/media\/24585"}],"wp:attachment":[{"href":"https:\/\/mapospheres.eu\/es\/wp-json\/wp\/v2\/media?parent=21548"}],"wp:term":[{"taxonomy":"product_brand","embeddable":true,"href":"https:\/\/mapospheres.eu\/es\/wp-json\/wp\/v2\/product_brand?post=21548"},{"taxonomy":"product_cat","embeddable":true,"href":"https:\/\/mapospheres.eu\/es\/wp-json\/wp\/v2\/product_cat?post=21548"},{"taxonomy":"product_tag","embeddable":true,"href":"https:\/\/mapospheres.eu\/es\/wp-json\/wp\/v2\/product_tag?post=21548"}],"curies":[{"name":"wp","href":"https:\/\/api.w.org\/{rel}","templated":true}]}}