{"id":21549,"date":"2026-03-17T13:58:11","date_gmt":"2026-03-17T13:58:11","guid":{"rendered":"https:\/\/mapospheres.eu\/product\/poster-of-san-sebastian-spain\/"},"modified":"2026-04-08T14:06:37","modified_gmt":"2026-04-08T14:06:37","slug":"poster-of-san-sebastian-spain","status":"publish","type":"product","link":"https:\/\/mapospheres.eu\/es\/product\/poster-de-san-sebastian-espana\/","title":{"rendered":"Poster de San Sebasti\u00e1n | Espa\u00f1a"},"content":{"rendered":"<p><strong>Poster City map de San Sebasti\u00e1n, Espa\u00f1a: Ya sea que te atraigan sus vistas impresionantes, sus emblem\u00e1ticos monumentos o simplemente el encanto de esta joya vasca, este mapa te transportar\u00e1 a San Sebasti\u00e1n cada vez que lo mires, convirti\u00e9ndolo en el complemento perfecto para cualquier pared.<\/strong><\/p>\n<p>El mapa de San Sebasti\u00e1n, o Donostia, captura la esencia de esta deslumbrante ciudad costera con una armoniosa mezcla de belleza natural y elegancia arquitect\u00f3nica. Situada en la bah\u00eda de Vizcaya, la ciudad se enmarca entre colinas verdes y el resplandeciente mar azul, creando un contraste dram\u00e1tico que resulta a la vez sereno y poderoso. Desde las frondosas alturas del monte Urgull, que vigila la ciudad como un centinela, hasta la suave curva de la bah\u00eda de La Concha, el mapa resalta la diversidad del terreno que hace de San Sebasti\u00e1n un lugar \u00fanico. Sus pendientes y colinas forman un anfiteatro natural alrededor de la ciudad, donde el paisaje urbano se funde sin esfuerzo con el fondo verde y monta\u00f1oso. Explora el Parque de Cristina Enea, donde los habitantes disfrutan de un retiro tranquilo rodeado de \u00e1rboles, estanques y senderos serpenteantes. O los famosos jardines del Palacio de Miramar, donde los visitantes reales contemplaban vistas panor\u00e1micas de la bah\u00eda, una tradici\u00f3n que hoy contin\u00faa para quien busque un instante de serenidad en el coraz\u00f3n de la ciudad. Estas oasis verdes, junto con las playas que se extienden a lo largo de la costa, aportan una sensaci\u00f3n de calma y equilibrio a la vibrante energ\u00eda de San Sebasti\u00e1n. El mapa tambi\u00e9n destaca el hist\u00f3rico casco antiguo (Parte Vieja), con sus estrechas calles llenas de bares de pintxos, invit\u00e1ndote a degustar las renombradas delicias culinarias de la ciudad. Sobre todo ello, el majestuoso Museo San Telmo y el imponente Palacio de la Diputaci\u00f3n se alzan como pilares culturales, reflejando la profunda herencia art\u00edstica de la ciudad.<\/p>\n","protected":false},"excerpt":{"rendered":"<p>Compra un City Map (mapa mural de ciudad) impreso de San Sebasti\u00e1n, Espa\u00f1a. \u00a1Elige el tama\u00f1o, el color y el dise\u00f1o de tu mapa a continuaci\u00f3n!<\/p>\n","protected":false},"featured_media":24594,"template":"","meta":{"_uag_custom_page_level_css":"","_monsterinsights_skip_tracking":false,"_monsterinsights_sitenote_active":false,"_monsterinsights_sitenote_note":"","_monsterinsights_sitenote_category":0,"site-sidebar-layout":"default","site-content-layout":"","ast-site-content-layout":"default","site-content-style":"default","site-sidebar-style":"default","ast-global-header-display":"","ast-banner-title-visibility":"","ast-main-header-display":"","ast-hfb-above-header-display":"","ast-hfb-below-header-display":"","ast-hfb-mobile-header-display":"","site-post-title":"","ast-breadcrumbs-content":"","ast-featured-img":"","footer-sml-layout":"","ast-disable-related-posts":"","theme-transparent-header-meta":"default","adv-header-id-meta":"","stick-header-meta":"","header-above-stick-meta":"","header-main-stick-meta":"","header-below-stick-meta":"","astra-migrate-meta-layouts":"set","ast-page-background-enabled":"default","ast-page-background-meta":{"desktop":{"background-color":"","background-image":"","background-repeat":"repeat","background-position":"center center","background-size":"auto","background-attachment":"scroll","background-type":"","background-media":"","overlay-type":"","overlay-color":"","overlay-opacity":"","overlay-gradient":""},"tablet":{"background-color":"","background-image":"","background-repeat":"repeat","background-position":"center center","background-size":"auto","background-attachment":"scroll","background-type":"","background-media":"","overlay-type":"","overlay-color":"","overlay-opacity":"","overlay-gradient":""},"mobile":{"background-color":"","background-image":"","background-repeat":"repeat","background-position":"center center","background-size":"auto","background-attachment":"scroll","background-type":"","background-media":"","overlay-type":"","overlay-color":"","overlay-opacity":"","overlay-gradient":""}},"ast-content-background-meta":{"desktop":{"background-color":"var(--ast-global-color-5)","background-image":"","background-repeat":"repeat","background-position":"center center","background-size":"auto","background-attachment":"scroll","background-type":"","background-media":"","overlay-type":"","overlay-color":"","overlay-opacity":"","overlay-gradient":""},"tablet":{"background-color":"var(--ast-global-color-5)","background-image":"","background-repeat":"repeat","background-position":"center center","background-size":"auto","background-attachment":"scroll","background-type":"","background-media":"","overlay-type":"","overlay-color":"","overlay-opacity":"","overlay-gradient":""},"mobile":{"background-color":"var(--ast-global-color-5)","background-image":"","background-repeat":"repeat","background-position":"center center","background-size":"auto","background-attachment":"scroll","background-type":"","background-media":"","overlay-type":"","overlay-color":"","overlay-opacity":"","overlay-gradient":""}}},"product_brand":[],"product_cat":[18,464,465],"product_tag":[34,35,36,37,1123,39,40,1124,318,319,93,320,1125,1126,99],"class_list":{"0":"post-21549","1":"product","2":"type-product","3":"status-publish","4":"has-post-thumbnail","6":"product_cat-city-maps","7":"product_cat-featured_fr","8":"product_cat-featured_esp","9":"product_tag-30x40","10":"product_tag-40x50","11":"product_tag-50x70","12":"product_tag-70x100","13":"product_tag-basque","14":"product_tag-canvas","15":"product_tag-city-map","16":"product_tag-donostia","17":"product_tag-espagne","18":"product_tag-espana","19":"product_tag-europe","20":"product_tag-euskal-herria","21":"product_tag-pais-vasco","22":"product_tag-san-sebastian","23":"product_tag-spain","24":"desktop-align-left","25":"tablet-align-left","26":"mobile-align-left","28":"first","29":"instock","30":"shipping-taxable","31":"purchasable","32":"product-type-variable"},"aioseo_notices":[],"uagb_featured_image_src":{"full":["https:\/\/mapospheres.eu\/wp-content\/uploads\/2026\/03\/CANVAS_11_NIGHT_3RD_1_SANSEBASTIAN.jpg",1000,1000,false],"thumbnail":["https:\/\/mapospheres.eu\/wp-content\/uploads\/2026\/03\/CANVAS_11_NIGHT_3RD_1_SANSEBASTIAN-150x150.jpg",150,150,true],"medium":["https:\/\/mapospheres.eu\/wp-content\/uploads\/2026\/03\/CANVAS_11_NIGHT_3RD_1_SANSEBASTIAN-300x300.jpg",300,300,true],"medium_large":["https:\/\/mapospheres.eu\/wp-content\/uploads\/2026\/03\/CANVAS_11_NIGHT_3RD_1_SANSEBASTIAN-768x768.jpg",768,768,true],"large":["https:\/\/mapospheres.eu\/wp-content\/uploads\/2026\/03\/CANVAS_11_NIGHT_3RD_1_SANSEBASTIAN.jpg",1000,1000,false],"1536x1536":["https:\/\/mapospheres.eu\/wp-content\/uploads\/2026\/03\/CANVAS_11_NIGHT_3RD_1_SANSEBASTIAN.jpg",1000,1000,false],"2048x2048":["https:\/\/mapospheres.eu\/wp-content\/uploads\/2026\/03\/CANVAS_11_NIGHT_3RD_1_SANSEBASTIAN.jpg",1000,1000,false],"woocommerce_thumbnail":["https:\/\/mapospheres.eu\/wp-content\/uploads\/2026\/03\/CANVAS_11_NIGHT_3RD_1_SANSEBASTIAN-300x300.jpg",300,300,true],"woocommerce_single":["https:\/\/mapospheres.eu\/wp-content\/uploads\/2026\/03\/CANVAS_11_NIGHT_3RD_1_SANSEBASTIAN-600x600.jpg",600,600,true],"woocommerce_gallery_thumbnail":["https:\/\/mapospheres.eu\/wp-content\/uploads\/2026\/03\/CANVAS_11_NIGHT_3RD_1_SANSEBASTIAN-100x100.jpg",100,100,true]},"uagb_author_info":{"display_name":"sgainot04@gmail.com","author_link":"https:\/\/mapospheres.eu\/es\/author\/"},"uagb_comment_info":0,"uagb_excerpt":"Compra un City Map (mapa mural de ciudad) impreso de San Sebasti\u00e1n, Espa\u00f1a. \u00a1Elige el tama\u00f1o, el color y el dise\u00f1o de tu mapa a continuaci\u00f3n!","_links":{"self":[{"href":"https:\/\/mapospheres.eu\/es\/wp-json\/wp\/v2\/product\/21549","targetHints":{"allow":["GET"]}}],"collection":[{"href":"https:\/\/mapospheres.eu\/es\/wp-json\/wp\/v2\/product"}],"about":[{"href":"https:\/\/mapospheres.eu\/es\/wp-json\/wp\/v2\/types\/product"}],"wp:featuredmedia":[{"embeddable":true,"href":"https:\/\/mapospheres.eu\/es\/wp-json\/wp\/v2\/media\/24594"}],"wp:attachment":[{"href":"https:\/\/mapospheres.eu\/es\/wp-json\/wp\/v2\/media?parent=21549"}],"wp:term":[{"taxonomy":"product_brand","embeddable":true,"href":"https:\/\/mapospheres.eu\/es\/wp-json\/wp\/v2\/product_brand?post=21549"},{"taxonomy":"product_cat","embeddable":true,"href":"https:\/\/mapospheres.eu\/es\/wp-json\/wp\/v2\/product_cat?post=21549"},{"taxonomy":"product_tag","embeddable":true,"href":"https:\/\/mapospheres.eu\/es\/wp-json\/wp\/v2\/product_tag?post=21549"}],"curies":[{"name":"wp","href":"https:\/\/api.w.org\/{rel}","templated":true}]}}