{"id":21550,"date":"2026-03-17T13:58:15","date_gmt":"2026-03-17T13:58:15","guid":{"rendered":"https:\/\/mapospheres.eu\/product\/poster-of-palma-spain\/"},"modified":"2026-04-08T14:06:35","modified_gmt":"2026-04-08T14:06:35","slug":"poster-of-palma-spain","status":"publish","type":"product","link":"https:\/\/mapospheres.eu\/es\/product\/poster-de-la-palma-espana\/","title":{"rendered":"Poster de La Palma | Espa\u00f1a"},"content":{"rendered":"<p><strong>Poster City map de La Palma, Mallorca, Espa\u00f1a: Este mapa te transportar\u00e1 al coraz\u00f3n del Mediterr\u00e1neo, convirti\u00e9ndolo en un complemento perfecto para cualquier pared que necesite un toque del encanto isle\u00f1o.<\/strong><\/p>\n<p>En el coraz\u00f3n del Mediterr\u00e1neo, La Palma es una ciudad que narra historias de antiguas civilizaciones, colinas ba\u00f1adas por el sol y la belleza eterna del mar. El mapa celebra los rasgos geogr\u00e1ficos de la ciudad, desde sus imponentes colinas hasta la tranquila l\u00ednea costera. Al recorrer su topograf\u00eda, se percibe c\u00f3mo la tierra se eleva y desciende, con colinas y acantilados que han protegido la ciudad durante siglos. Al norte, el Puig de la Creu se yergue como un punto elevado que ofrece vistas panor\u00e1micas de la isla, mientras que al sur, las suaves pendientes descienden hacia la vasta extensi\u00f3n azul del Mediterr\u00e1neo. Uno de los elementos m\u00e1s destacados del mapa son sus espacios verdes, que aportan un refrescante contraste con el terreno rocoso. El frondoso Parque de la Feixina, con sus senderos arbolados y atm\u00f3sfera tranquila, invita a detenerse y absorber la calma de la isla. M\u00e1s al oeste, el famoso Santuari de Lluc, enclavado en las monta\u00f1as, ofrece no solo un refugio espiritual, sino tambi\u00e9n una inmersi\u00f3n en la naturaleza. El mapa resalta estas oasis verdes, mostrando el compromiso de la isla con la preservaci\u00f3n de su patrimonio natural y cultural. La majestuosa Catedral de Santa Mar\u00eda se alza orgullosa en el coraz\u00f3n de la ciudad, recordando el pasado medieval de la isla, cuando era una parada clave para los peregrinos que recorr\u00edan el Mediterr\u00e1neo. El mapa tambi\u00e9n destaca el ic\u00f3nico Castillo de Bellver, una fortaleza circular con vistas panor\u00e1micas que evocan tiempos en que caballeros y reyes vigilaban la isla. A lo largo del litoral, el animado puerto vibra con actividad, donde los barcos de los pescadores se mecen suavemente en el agua, enlazando la ciudad con su larga historia de comercio mar\u00edtimo.<\/p>\n","protected":false},"excerpt":{"rendered":"<p>Compra un City Map (mapa mural de ciudad) impreso de La Palma, Espa\u00f1a. \u00a1Elige el tama\u00f1o, el color y el dise\u00f1o de tu mapa a continuaci\u00f3n!<\/p>\n","protected":false},"featured_media":24606,"template":"","meta":{"_uag_custom_page_level_css":"","_monsterinsights_skip_tracking":false,"_monsterinsights_sitenote_active":false,"_monsterinsights_sitenote_note":"","_monsterinsights_sitenote_category":0,"site-sidebar-layout":"default","site-content-layout":"","ast-site-content-layout":"default","site-content-style":"default","site-sidebar-style":"default","ast-global-header-display":"","ast-banner-title-visibility":"","ast-main-header-display":"","ast-hfb-above-header-display":"","ast-hfb-below-header-display":"","ast-hfb-mobile-header-display":"","site-post-title":"","ast-breadcrumbs-content":"","ast-featured-img":"","footer-sml-layout":"","ast-disable-related-posts":"","theme-transparent-header-meta":"default","adv-header-id-meta":"","stick-header-meta":"","header-above-stick-meta":"","header-main-stick-meta":"","header-below-stick-meta":"","astra-migrate-meta-layouts":"set","ast-page-background-enabled":"default","ast-page-background-meta":{"desktop":{"background-color":"","background-image":"","background-repeat":"repeat","background-position":"center center","background-size":"auto","background-attachment":"scroll","background-type":"","background-media":"","overlay-type":"","overlay-color":"","overlay-opacity":"","overlay-gradient":""},"tablet":{"background-color":"","background-image":"","background-repeat":"repeat","background-position":"center center","background-size":"auto","background-attachment":"scroll","background-type":"","background-media":"","overlay-type":"","overlay-color":"","overlay-opacity":"","overlay-gradient":""},"mobile":{"background-color":"","background-image":"","background-repeat":"repeat","background-position":"center center","background-size":"auto","background-attachment":"scroll","background-type":"","background-media":"","overlay-type":"","overlay-color":"","overlay-opacity":"","overlay-gradient":""}},"ast-content-background-meta":{"desktop":{"background-color":"var(--ast-global-color-5)","background-image":"","background-repeat":"repeat","background-position":"center center","background-size":"auto","background-attachment":"scroll","background-type":"","background-media":"","overlay-type":"","overlay-color":"","overlay-opacity":"","overlay-gradient":""},"tablet":{"background-color":"var(--ast-global-color-5)","background-image":"","background-repeat":"repeat","background-position":"center center","background-size":"auto","background-attachment":"scroll","background-type":"","background-media":"","overlay-type":"","overlay-color":"","overlay-opacity":"","overlay-gradient":""},"mobile":{"background-color":"var(--ast-global-color-5)","background-image":"","background-repeat":"repeat","background-position":"center center","background-size":"auto","background-attachment":"scroll","background-type":"","background-media":"","overlay-type":"","overlay-color":"","overlay-opacity":"","overlay-gradient":""}}},"product_brand":[],"product_cat":[18,465],"product_tag":[34,35,36,37,1127,1128,39,40,318,319,93,1129,99],"class_list":{"0":"post-21550","1":"product","2":"type-product","3":"status-publish","4":"has-post-thumbnail","6":"product_cat-city-maps","7":"product_cat-featured_esp","8":"product_tag-30x40","9":"product_tag-40x50","10":"product_tag-50x70","11":"product_tag-70x100","12":"product_tag-baleares","13":"product_tag-balearic","14":"product_tag-canvas","15":"product_tag-city-map","16":"product_tag-espagne","17":"product_tag-espana","18":"product_tag-europe","19":"product_tag-palma","20":"product_tag-spain","21":"desktop-align-left","22":"tablet-align-left","23":"mobile-align-left","25":"first","26":"instock","27":"shipping-taxable","28":"purchasable","29":"product-type-variable"},"aioseo_notices":[],"uagb_featured_image_src":{"full":["https:\/\/mapospheres.eu\/wp-content\/uploads\/2026\/03\/CANVAS_11_NIGHT_3RD_1_PALMA.jpg",1000,1000,false],"thumbnail":["https:\/\/mapospheres.eu\/wp-content\/uploads\/2026\/03\/CANVAS_11_NIGHT_3RD_1_PALMA-150x150.jpg",150,150,true],"medium":["https:\/\/mapospheres.eu\/wp-content\/uploads\/2026\/03\/CANVAS_11_NIGHT_3RD_1_PALMA-300x300.jpg",300,300,true],"medium_large":["https:\/\/mapospheres.eu\/wp-content\/uploads\/2026\/03\/CANVAS_11_NIGHT_3RD_1_PALMA-768x768.jpg",768,768,true],"large":["https:\/\/mapospheres.eu\/wp-content\/uploads\/2026\/03\/CANVAS_11_NIGHT_3RD_1_PALMA.jpg",1000,1000,false],"1536x1536":["https:\/\/mapospheres.eu\/wp-content\/uploads\/2026\/03\/CANVAS_11_NIGHT_3RD_1_PALMA.jpg",1000,1000,false],"2048x2048":["https:\/\/mapospheres.eu\/wp-content\/uploads\/2026\/03\/CANVAS_11_NIGHT_3RD_1_PALMA.jpg",1000,1000,false],"woocommerce_thumbnail":["https:\/\/mapospheres.eu\/wp-content\/uploads\/2026\/03\/CANVAS_11_NIGHT_3RD_1_PALMA-300x300.jpg",300,300,true],"woocommerce_single":["https:\/\/mapospheres.eu\/wp-content\/uploads\/2026\/03\/CANVAS_11_NIGHT_3RD_1_PALMA-600x600.jpg",600,600,true],"woocommerce_gallery_thumbnail":["https:\/\/mapospheres.eu\/wp-content\/uploads\/2026\/03\/CANVAS_11_NIGHT_3RD_1_PALMA-100x100.jpg",100,100,true]},"uagb_author_info":{"display_name":"sgainot04@gmail.com","author_link":"https:\/\/mapospheres.eu\/es\/author\/"},"uagb_comment_info":0,"uagb_excerpt":"Compra un City Map (mapa mural de ciudad) impreso de La Palma, Espa\u00f1a. \u00a1Elige el tama\u00f1o, el color y el dise\u00f1o de tu mapa a continuaci\u00f3n!","_links":{"self":[{"href":"https:\/\/mapospheres.eu\/es\/wp-json\/wp\/v2\/product\/21550","targetHints":{"allow":["GET"]}}],"collection":[{"href":"https:\/\/mapospheres.eu\/es\/wp-json\/wp\/v2\/product"}],"about":[{"href":"https:\/\/mapospheres.eu\/es\/wp-json\/wp\/v2\/types\/product"}],"wp:featuredmedia":[{"embeddable":true,"href":"https:\/\/mapospheres.eu\/es\/wp-json\/wp\/v2\/media\/24606"}],"wp:attachment":[{"href":"https:\/\/mapospheres.eu\/es\/wp-json\/wp\/v2\/media?parent=21550"}],"wp:term":[{"taxonomy":"product_brand","embeddable":true,"href":"https:\/\/mapospheres.eu\/es\/wp-json\/wp\/v2\/product_brand?post=21550"},{"taxonomy":"product_cat","embeddable":true,"href":"https:\/\/mapospheres.eu\/es\/wp-json\/wp\/v2\/product_cat?post=21550"},{"taxonomy":"product_tag","embeddable":true,"href":"https:\/\/mapospheres.eu\/es\/wp-json\/wp\/v2\/product_tag?post=21550"}],"curies":[{"name":"wp","href":"https:\/\/api.w.org\/{rel}","templated":true}]}}