{"id":21556,"date":"2026-03-17T13:58:44","date_gmt":"2026-03-17T13:58:44","guid":{"rendered":"https:\/\/mapospheres.eu\/product\/poster-of-syracuse-italy\/"},"modified":"2026-03-31T14:12:39","modified_gmt":"2026-03-31T14:12:39","slug":"poster-of-syracuse-italy","status":"publish","type":"product","link":"https:\/\/mapospheres.eu\/es\/product\/poster-de-siracusa-italia\/","title":{"rendered":"Poster de Siracusa | Italia"},"content":{"rendered":"<p><strong>Poster City map de Siracusa, Italia: con su mezcla de costa mediterr\u00e1nea, exuberante vegetaci\u00f3n y monumentos sobrecogedores, este mapa de Siracusa ofrece una ventana a una ciudad que ha cautivado a viajeros, fil\u00f3sofos y poetas durante siglos.<\/strong><\/p>\n<p>El mapa de la ciudad de Siracusa, en Sicilia, es una pieza deslumbrante que captura con delicadeza el encanto antiguo de la ciudad y su geograf\u00eda imponente. Situada en la costa sureste de la isla, el mapa resalta las aguas centelleantes del mar J\u00f3nico que abrazan suavemente la orilla, mientras las f\u00e9rtiles llanuras de la regi\u00f3n circundante se despliegan hasta perderse en el horizonte. La presencia del mar es mucho m\u00e1s que un simple decorado: ha moldeado la ciudad durante milenios, desde sus d\u00edas como poderosa colonia griega hasta su seducci\u00f3n contempor\u00e1nea.<\/p>\n<p>Siracusa es tan verde como hist\u00f3rica, salpicada de parques y jardines frondosos que ofrecen sombra y sosiego. El Parco Archeologico della Neapolis es un ejemplo sublime, donde las ruinas de antiguos teatros y templos reposan en un parque armoniosamente dise\u00f1ado, entrelazando la naturaleza con los ecos del pasado. El mapa revela espacios verdes que invitan a detener el tiempo, ya sea en la calma del Giardino Bellini o a lo largo de los pintorescos paseos costeros que regalan vistas inolvidables del Mediterr\u00e1neo.<\/p>\n<p>La minuciosidad del mapa tambi\u00e9n da vida a los numerosos monumentos de la ciudad. La c\u00e9lebre Isola di Ortigia, coraz\u00f3n palpitante de Siracusa, emerge con fuerza: sus callejuelas estrechas, edificios ancestrales y las aguas brillantes del puerto componen una visi\u00f3n eterna. Dominando este enclave se alza el Duomo di Siracusa, una catedral erigida sobre las ruinas de un antiguo templo griego, donde la historia se superpone en capas infinitas. El majestuoso Teatro Greco y la impresionante Latomia del Paradiso \u2014antiguas canteras convertidas en jardines de paz\u2014 enriquecen a\u00fan m\u00e1s el mapa con su belleza intemporal.<\/p>\n<p>Al recorrer el mapa, descubrir\u00e1s que Siracusa no es solo una ciudad de piedra y calles, sino un lugar donde la naturaleza, la historia y la cultura se entrelazan con poes\u00eda. Y quiz\u00e1s, si escuchas con atenci\u00f3n, puedas percibir el eco de los pensamientos de Arqu\u00edmedes, elev\u00e1ndose desde el mapa para susurrar la belleza eterna de su amada ciudad.<\/p>\n","protected":false},"excerpt":{"rendered":"<p>Compra un City Map (mapa mural de ciudad) impreso de Siracusa, Italia. \u00a1Elige el tama\u00f1o, el color y el dise\u00f1o de tu mapa a continuaci\u00f3n!<\/p>\n","protected":false},"featured_media":24114,"template":"","meta":{"_uag_custom_page_level_css":"","_monsterinsights_skip_tracking":false,"_monsterinsights_sitenote_active":false,"_monsterinsights_sitenote_note":"","_monsterinsights_sitenote_category":0,"site-sidebar-layout":"default","site-content-layout":"","ast-site-content-layout":"default","site-content-style":"default","site-sidebar-style":"default","ast-global-header-display":"","ast-banner-title-visibility":"","ast-main-header-display":"","ast-hfb-above-header-display":"","ast-hfb-below-header-display":"","ast-hfb-mobile-header-display":"","site-post-title":"","ast-breadcrumbs-content":"","ast-featured-img":"","footer-sml-layout":"","ast-disable-related-posts":"","theme-transparent-header-meta":"default","adv-header-id-meta":"","stick-header-meta":"","header-above-stick-meta":"","header-main-stick-meta":"","header-below-stick-meta":"","astra-migrate-meta-layouts":"set","ast-page-background-enabled":"default","ast-page-background-meta":{"desktop":{"background-color":"","background-image":"","background-repeat":"repeat","background-position":"center center","background-size":"auto","background-attachment":"scroll","background-type":"","background-media":"","overlay-type":"","overlay-color":"","overlay-opacity":"","overlay-gradient":""},"tablet":{"background-color":"","background-image":"","background-repeat":"repeat","background-position":"center center","background-size":"auto","background-attachment":"scroll","background-type":"","background-media":"","overlay-type":"","overlay-color":"","overlay-opacity":"","overlay-gradient":""},"mobile":{"background-color":"","background-image":"","background-repeat":"repeat","background-position":"center center","background-size":"auto","background-attachment":"scroll","background-type":"","background-media":"","overlay-type":"","overlay-color":"","overlay-opacity":"","overlay-gradient":""}},"ast-content-background-meta":{"desktop":{"background-color":"var(--ast-global-color-5)","background-image":"","background-repeat":"repeat","background-position":"center center","background-size":"auto","background-attachment":"scroll","background-type":"","background-media":"","overlay-type":"","overlay-color":"","overlay-opacity":"","overlay-gradient":""},"tablet":{"background-color":"var(--ast-global-color-5)","background-image":"","background-repeat":"repeat","background-position":"center center","background-size":"auto","background-attachment":"scroll","background-type":"","background-media":"","overlay-type":"","overlay-color":"","overlay-opacity":"","overlay-gradient":""},"mobile":{"background-color":"var(--ast-global-color-5)","background-image":"","background-repeat":"repeat","background-position":"center center","background-size":"auto","background-attachment":"scroll","background-type":"","background-media":"","overlay-type":"","overlay-color":"","overlay-opacity":"","overlay-gradient":""}}},"product_brand":[],"product_cat":[18],"product_tag":[34,35,36,37,39,40,93,180,913,181,1104,546,1105,1106],"class_list":{"0":"post-21556","1":"product","2":"type-product","3":"status-publish","4":"has-post-thumbnail","6":"product_cat-city-maps","7":"product_tag-30x40","8":"product_tag-40x50","9":"product_tag-50x70","10":"product_tag-70x100","11":"product_tag-canvas","12":"product_tag-city-map","13":"product_tag-europe","14":"product_tag-italia","15":"product_tag-italie","16":"product_tag-italy","17":"product_tag-sicilia","18":"product_tag-sicily","19":"product_tag-siracusa","20":"product_tag-syracuse","21":"desktop-align-left","22":"tablet-align-left","23":"mobile-align-left","25":"first","26":"instock","27":"shipping-taxable","28":"product-type-variable"},"aioseo_notices":[],"uagb_featured_image_src":{"full":["https:\/\/mapospheres.eu\/wp-content\/uploads\/2026\/03\/CANVAS_16_BWROUND_2ND_6_SIRACUSA.jpg",1000,1000,false],"thumbnail":["https:\/\/mapospheres.eu\/wp-content\/uploads\/2026\/03\/CANVAS_16_BWROUND_2ND_6_SIRACUSA-150x150.jpg",150,150,true],"medium":["https:\/\/mapospheres.eu\/wp-content\/uploads\/2026\/03\/CANVAS_16_BWROUND_2ND_6_SIRACUSA-300x300.jpg",300,300,true],"medium_large":["https:\/\/mapospheres.eu\/wp-content\/uploads\/2026\/03\/CANVAS_16_BWROUND_2ND_6_SIRACUSA-768x768.jpg",768,768,true],"large":["https:\/\/mapospheres.eu\/wp-content\/uploads\/2026\/03\/CANVAS_16_BWROUND_2ND_6_SIRACUSA.jpg",1000,1000,false],"1536x1536":["https:\/\/mapospheres.eu\/wp-content\/uploads\/2026\/03\/CANVAS_16_BWROUND_2ND_6_SIRACUSA.jpg",1000,1000,false],"2048x2048":["https:\/\/mapospheres.eu\/wp-content\/uploads\/2026\/03\/CANVAS_16_BWROUND_2ND_6_SIRACUSA.jpg",1000,1000,false],"woocommerce_thumbnail":["https:\/\/mapospheres.eu\/wp-content\/uploads\/2026\/03\/CANVAS_16_BWROUND_2ND_6_SIRACUSA-300x300.jpg",300,300,true],"woocommerce_single":["https:\/\/mapospheres.eu\/wp-content\/uploads\/2026\/03\/CANVAS_16_BWROUND_2ND_6_SIRACUSA-600x600.jpg",600,600,true],"woocommerce_gallery_thumbnail":["https:\/\/mapospheres.eu\/wp-content\/uploads\/2026\/03\/CANVAS_16_BWROUND_2ND_6_SIRACUSA-100x100.jpg",100,100,true]},"uagb_author_info":{"display_name":"sgainot04@gmail.com","author_link":"https:\/\/mapospheres.eu\/es\/author\/"},"uagb_comment_info":0,"uagb_excerpt":"Compra un City Map (mapa mural de ciudad) impreso de Siracusa, Italia. \u00a1Elige el tama\u00f1o, el color y el dise\u00f1o de tu mapa a continuaci\u00f3n!","_links":{"self":[{"href":"https:\/\/mapospheres.eu\/es\/wp-json\/wp\/v2\/product\/21556","targetHints":{"allow":["GET"]}}],"collection":[{"href":"https:\/\/mapospheres.eu\/es\/wp-json\/wp\/v2\/product"}],"about":[{"href":"https:\/\/mapospheres.eu\/es\/wp-json\/wp\/v2\/types\/product"}],"wp:featuredmedia":[{"embeddable":true,"href":"https:\/\/mapospheres.eu\/es\/wp-json\/wp\/v2\/media\/24114"}],"wp:attachment":[{"href":"https:\/\/mapospheres.eu\/es\/wp-json\/wp\/v2\/media?parent=21556"}],"wp:term":[{"taxonomy":"product_brand","embeddable":true,"href":"https:\/\/mapospheres.eu\/es\/wp-json\/wp\/v2\/product_brand?post=21556"},{"taxonomy":"product_cat","embeddable":true,"href":"https:\/\/mapospheres.eu\/es\/wp-json\/wp\/v2\/product_cat?post=21556"},{"taxonomy":"product_tag","embeddable":true,"href":"https:\/\/mapospheres.eu\/es\/wp-json\/wp\/v2\/product_tag?post=21556"}],"curies":[{"name":"wp","href":"https:\/\/api.w.org\/{rel}","templated":true}]}}