{"id":21557,"date":"2026-03-17T13:58:48","date_gmt":"2026-03-17T13:58:48","guid":{"rendered":"https:\/\/mapospheres.eu\/product\/poster-of-parma-italy\/"},"modified":"2026-03-31T14:11:47","modified_gmt":"2026-03-31T14:11:47","slug":"poster-of-parma-italy","status":"publish","type":"product","link":"https:\/\/mapospheres.eu\/es\/product\/poster-de-parma-italia\/","title":{"rendered":"Poster de Parma | Italia"},"content":{"rendered":"<p><strong>Poster City map de Parma, Italia: La armoniosa fusi\u00f3n de arquitectura renacentista y barroca, sus bulevares arbolados y sus encantadoras plazas convierten este mapa en un deleite visual, invitando tanto a los amantes de la historia como del arte a descubrir el car\u00e1cter \u00fanico de Parma.<\/strong><\/p>\n<p>El mapa de la ciudad de Parma, Italia, ofrece una visi\u00f3n exquisitamente detallada de una urbe tan rica en cultura como en belleza paisaj\u00edstica. Desde el coraz\u00f3n de las f\u00e9rtiles llanuras del valle del Po, el mapa captura el equilibrio perfecto entre elegancia urbana y naturaleza serena. El r\u00edo Parma, serpenteando suavemente a trav\u00e9s de la ciudad, dibuja un curso apacible que enlaza el centro hist\u00f3rico con la campi\u00f1a circundante, mientras sus orillas se visten de verdes delicados y senderos pintorescos. Parma es una ciudad de parques y espacios verdes, y este mapa lo celebra con generosidad. Desde el frondoso Parco Ducale, con sus avenidas sombreadas y estanques tranquilos, hasta el m\u00e1s \u00edntimo Giardino della Pippa, estos rincones invitan tanto a la contemplaci\u00f3n silenciosa como a los encuentros llenos de vida. Las suaves colinas que abrazan la ciudad crean un tel\u00f3n de fondo perfecto, ofreciendo amplias vistas sobre la llanura y una sensaci\u00f3n de evasi\u00f3n hacia la naturaleza a pocos pasos del animado centro urbano. En el coraz\u00f3n de la ciudad, la majestuosa Cattedrale di Santa Maria Assunta y el imponente Palazzo della Pilotta se alzan con una grandeza serena, testigos de un pasado ilustre. Y no podemos olvidar el c\u00e9lebre Teatro Regio, donde amantes de la \u00f3pera de todo el mundo se re\u00fanen para dejarse envolver por la profunda herencia musical de Parma.<\/p>\n","protected":false},"excerpt":{"rendered":"<p>Consigue un City Map (mapa mural de ciudad) impreso de Parma, Italia. \u00a1Elige el tama\u00f1o, el color y el dise\u00f1o de tu mapa a continuaci\u00f3n!<\/p>\n","protected":false},"featured_media":24099,"template":"","meta":{"_uag_custom_page_level_css":"","_monsterinsights_skip_tracking":false,"_monsterinsights_sitenote_active":false,"_monsterinsights_sitenote_note":"","_monsterinsights_sitenote_category":0,"site-sidebar-layout":"default","site-content-layout":"","ast-site-content-layout":"default","site-content-style":"default","site-sidebar-style":"default","ast-global-header-display":"","ast-banner-title-visibility":"","ast-main-header-display":"","ast-hfb-above-header-display":"","ast-hfb-below-header-display":"","ast-hfb-mobile-header-display":"","site-post-title":"","ast-breadcrumbs-content":"","ast-featured-img":"","footer-sml-layout":"","ast-disable-related-posts":"","theme-transparent-header-meta":"default","adv-header-id-meta":"","stick-header-meta":"","header-above-stick-meta":"","header-main-stick-meta":"","header-below-stick-meta":"","astra-migrate-meta-layouts":"set","ast-page-background-enabled":"default","ast-page-background-meta":{"desktop":{"background-color":"","background-image":"","background-repeat":"repeat","background-position":"center center","background-size":"auto","background-attachment":"scroll","background-type":"","background-media":"","overlay-type":"","overlay-color":"","overlay-opacity":"","overlay-gradient":""},"tablet":{"background-color":"","background-image":"","background-repeat":"repeat","background-position":"center center","background-size":"auto","background-attachment":"scroll","background-type":"","background-media":"","overlay-type":"","overlay-color":"","overlay-opacity":"","overlay-gradient":""},"mobile":{"background-color":"","background-image":"","background-repeat":"repeat","background-position":"center center","background-size":"auto","background-attachment":"scroll","background-type":"","background-media":"","overlay-type":"","overlay-color":"","overlay-opacity":"","overlay-gradient":""}},"ast-content-background-meta":{"desktop":{"background-color":"var(--ast-global-color-5)","background-image":"","background-repeat":"repeat","background-position":"center center","background-size":"auto","background-attachment":"scroll","background-type":"","background-media":"","overlay-type":"","overlay-color":"","overlay-opacity":"","overlay-gradient":""},"tablet":{"background-color":"var(--ast-global-color-5)","background-image":"","background-repeat":"repeat","background-position":"center center","background-size":"auto","background-attachment":"scroll","background-type":"","background-media":"","overlay-type":"","overlay-color":"","overlay-opacity":"","overlay-gradient":""},"mobile":{"background-color":"var(--ast-global-color-5)","background-image":"","background-repeat":"repeat","background-position":"center center","background-size":"auto","background-attachment":"scroll","background-type":"","background-media":"","overlay-type":"","overlay-color":"","overlay-opacity":"","overlay-gradient":""}}},"product_brand":[],"product_cat":[18],"product_tag":[34,35,36,37,39,40,93,180,913,181,1103],"class_list":{"0":"post-21557","1":"product","2":"type-product","3":"status-publish","4":"has-post-thumbnail","6":"product_cat-city-maps","7":"product_tag-30x40","8":"product_tag-40x50","9":"product_tag-50x70","10":"product_tag-70x100","11":"product_tag-canvas","12":"product_tag-city-map","13":"product_tag-europe","14":"product_tag-italia","15":"product_tag-italie","16":"product_tag-italy","17":"product_tag-parma","18":"desktop-align-left","19":"tablet-align-left","20":"mobile-align-left","22":"first","23":"instock","24":"shipping-taxable","25":"product-type-variable"},"aioseo_notices":[],"uagb_featured_image_src":{"full":["https:\/\/mapospheres.eu\/wp-content\/uploads\/2026\/03\/CANVAS_13_BW_MP_3_PARMA.jpg",1000,1000,false],"thumbnail":["https:\/\/mapospheres.eu\/wp-content\/uploads\/2026\/03\/CANVAS_13_BW_MP_3_PARMA-150x150.jpg",150,150,true],"medium":["https:\/\/mapospheres.eu\/wp-content\/uploads\/2026\/03\/CANVAS_13_BW_MP_3_PARMA-300x300.jpg",300,300,true],"medium_large":["https:\/\/mapospheres.eu\/wp-content\/uploads\/2026\/03\/CANVAS_13_BW_MP_3_PARMA-768x768.jpg",768,768,true],"large":["https:\/\/mapospheres.eu\/wp-content\/uploads\/2026\/03\/CANVAS_13_BW_MP_3_PARMA.jpg",1000,1000,false],"1536x1536":["https:\/\/mapospheres.eu\/wp-content\/uploads\/2026\/03\/CANVAS_13_BW_MP_3_PARMA.jpg",1000,1000,false],"2048x2048":["https:\/\/mapospheres.eu\/wp-content\/uploads\/2026\/03\/CANVAS_13_BW_MP_3_PARMA.jpg",1000,1000,false],"woocommerce_thumbnail":["https:\/\/mapospheres.eu\/wp-content\/uploads\/2026\/03\/CANVAS_13_BW_MP_3_PARMA-300x300.jpg",300,300,true],"woocommerce_single":["https:\/\/mapospheres.eu\/wp-content\/uploads\/2026\/03\/CANVAS_13_BW_MP_3_PARMA-600x600.jpg",600,600,true],"woocommerce_gallery_thumbnail":["https:\/\/mapospheres.eu\/wp-content\/uploads\/2026\/03\/CANVAS_13_BW_MP_3_PARMA-100x100.jpg",100,100,true]},"uagb_author_info":{"display_name":"sgainot04@gmail.com","author_link":"https:\/\/mapospheres.eu\/es\/author\/"},"uagb_comment_info":0,"uagb_excerpt":"Consigue un City Map (mapa mural de ciudad) impreso de Parma, Italia. \u00a1Elige el tama\u00f1o, el color y el dise\u00f1o de tu mapa a continuaci\u00f3n!","_links":{"self":[{"href":"https:\/\/mapospheres.eu\/es\/wp-json\/wp\/v2\/product\/21557","targetHints":{"allow":["GET"]}}],"collection":[{"href":"https:\/\/mapospheres.eu\/es\/wp-json\/wp\/v2\/product"}],"about":[{"href":"https:\/\/mapospheres.eu\/es\/wp-json\/wp\/v2\/types\/product"}],"wp:featuredmedia":[{"embeddable":true,"href":"https:\/\/mapospheres.eu\/es\/wp-json\/wp\/v2\/media\/24099"}],"wp:attachment":[{"href":"https:\/\/mapospheres.eu\/es\/wp-json\/wp\/v2\/media?parent=21557"}],"wp:term":[{"taxonomy":"product_brand","embeddable":true,"href":"https:\/\/mapospheres.eu\/es\/wp-json\/wp\/v2\/product_brand?post=21557"},{"taxonomy":"product_cat","embeddable":true,"href":"https:\/\/mapospheres.eu\/es\/wp-json\/wp\/v2\/product_cat?post=21557"},{"taxonomy":"product_tag","embeddable":true,"href":"https:\/\/mapospheres.eu\/es\/wp-json\/wp\/v2\/product_tag?post=21557"}],"curies":[{"name":"wp","href":"https:\/\/api.w.org\/{rel}","templated":true}]}}