{"id":21563,"date":"2026-03-17T14:00:59","date_gmt":"2026-03-17T14:00:59","guid":{"rendered":"https:\/\/mapospheres.eu\/product\/poster-of-santa-cruz-de-tenerife-spain\/"},"modified":"2026-03-30T13:44:06","modified_gmt":"2026-03-30T13:44:06","slug":"poster-of-santa-cruz-de-tenerife-spain","status":"publish","type":"product","link":"https:\/\/mapospheres.eu\/es\/product\/poster-de-santa-cruz-de-tenerife-espana\/","title":{"rendered":"Poster de Santa Cruz de Tenerife | Espa\u00f1a"},"content":{"rendered":"<p><strong>Poster City map de Santa Cruz de Tenerife, Espa\u00f1a: deja que este mapa adorne tu pared, trayendo un rinc\u00f3n del para\u00edso canario a tu hogar.<\/strong><\/p>\n<p>Ubicada en la exuberante isla de Tenerife, la ciudad domina las aguas cercanas y el mapa refleja el elemento oce\u00e1nico central de Santa Cruz, \u00a1celebrada como una de las ciudades donde m\u00e1s agradable es vivir! Imagina el dram\u00e1tico paisaje de la isla despleg\u00e1ndose ante tus ojos, con el mapa mostrando el relieve salvaje y los or\u00edgenes volc\u00e1nicos de Tenerife. Los espacios verdes estallan de vida en este mapa, con parques frondosos y reservas naturales destacados en vibrantes tonos de verde. El expansivo Parque Garc\u00eda Sanabria, oasis de verdor en el coraz\u00f3n de la ciudad, est\u00e1 representado de tal manera que casi puedes oler el perfume de las flores tropicales y escuchar el suave susurro de las hojas de palmera. Es un refugio verde que promete un soplo de aire fresco y un toque de naturaleza en medio del encanto urbano. El litoral de Santa Cruz de Tenerife es un espect\u00e1culo que corta el aliento, con sus aguas de un azul reluciente contrastando magn\u00edficamente con las playas doradas y los acantilados salvajes. El mapa captura los intrincados detalles del litoral, desde la animada zona portuaria hasta la serena Playa de Las Teresitas, haci\u00e9ndote so\u00f1ar con un apacible d\u00eda a orillas del mar.<\/p>\n","protected":false},"excerpt":{"rendered":"<p>Consigue un City Map (mapa mural de ciudad) impreso de Santa Cruz de Tenerife, Espa\u00f1a. \u00a1Elige el tama\u00f1o, el color y el dise\u00f1o de tu mapa a continuaci\u00f3n!<\/p>\n","protected":false},"featured_media":23855,"template":"","meta":{"_uag_custom_page_level_css":"","_monsterinsights_skip_tracking":false,"_monsterinsights_sitenote_active":false,"_monsterinsights_sitenote_note":"","_monsterinsights_sitenote_category":0,"site-sidebar-layout":"default","site-content-layout":"","ast-site-content-layout":"default","site-content-style":"default","site-sidebar-style":"default","ast-global-header-display":"","ast-banner-title-visibility":"","ast-main-header-display":"","ast-hfb-above-header-display":"","ast-hfb-below-header-display":"","ast-hfb-mobile-header-display":"","site-post-title":"","ast-breadcrumbs-content":"","ast-featured-img":"","footer-sml-layout":"","ast-disable-related-posts":"","theme-transparent-header-meta":"default","adv-header-id-meta":"","stick-header-meta":"","header-above-stick-meta":"","header-main-stick-meta":"","header-below-stick-meta":"","astra-migrate-meta-layouts":"set","ast-page-background-enabled":"default","ast-page-background-meta":{"desktop":{"background-color":"","background-image":"","background-repeat":"repeat","background-position":"center center","background-size":"auto","background-attachment":"scroll","background-type":"","background-media":"","overlay-type":"","overlay-color":"","overlay-opacity":"","overlay-gradient":""},"tablet":{"background-color":"","background-image":"","background-repeat":"repeat","background-position":"center center","background-size":"auto","background-attachment":"scroll","background-type":"","background-media":"","overlay-type":"","overlay-color":"","overlay-opacity":"","overlay-gradient":""},"mobile":{"background-color":"","background-image":"","background-repeat":"repeat","background-position":"center center","background-size":"auto","background-attachment":"scroll","background-type":"","background-media":"","overlay-type":"","overlay-color":"","overlay-opacity":"","overlay-gradient":""}},"ast-content-background-meta":{"desktop":{"background-color":"var(--ast-global-color-5)","background-image":"","background-repeat":"repeat","background-position":"center center","background-size":"auto","background-attachment":"scroll","background-type":"","background-media":"","overlay-type":"","overlay-color":"","overlay-opacity":"","overlay-gradient":""},"tablet":{"background-color":"var(--ast-global-color-5)","background-image":"","background-repeat":"repeat","background-position":"center center","background-size":"auto","background-attachment":"scroll","background-type":"","background-media":"","overlay-type":"","overlay-color":"","overlay-opacity":"","overlay-gradient":""},"mobile":{"background-color":"var(--ast-global-color-5)","background-image":"","background-repeat":"repeat","background-position":"center center","background-size":"auto","background-attachment":"scroll","background-type":"","background-media":"","overlay-type":"","overlay-color":"","overlay-opacity":"","overlay-gradient":""}}},"product_brand":[],"product_cat":[18,465],"product_tag":[34,35,36,97,1093,888,98,40,318,319,93,1094,99,889],"class_list":{"0":"post-21563","1":"product","2":"type-product","3":"status-publish","4":"has-post-thumbnail","6":"product_cat-city-maps","7":"product_cat-featured_esp","8":"product_tag-30x40","9":"product_tag-40x50","10":"product_tag-50x70","11":"product_tag-africa","12":"product_tag-canaria","13":"product_tag-canarias","14":"product_tag-canary","15":"product_tag-city-map","16":"product_tag-espagne","17":"product_tag-espana","18":"product_tag-europe","19":"product_tag-santa-cruz","20":"product_tag-spain","21":"product_tag-tenerife","22":"desktop-align-left","23":"tablet-align-left","24":"mobile-align-left","26":"first","27":"instock","28":"shipping-taxable","29":"purchasable","30":"product-type-variable"},"aioseo_notices":[],"uagb_featured_image_src":{"full":["https:\/\/mapospheres.eu\/wp-content\/uploads\/2026\/03\/CANVAS_11_NIGHT_3RD_1_SANTACRUZ.jpg",1000,1000,false],"thumbnail":["https:\/\/mapospheres.eu\/wp-content\/uploads\/2026\/03\/CANVAS_11_NIGHT_3RD_1_SANTACRUZ-150x150.jpg",150,150,true],"medium":["https:\/\/mapospheres.eu\/wp-content\/uploads\/2026\/03\/CANVAS_11_NIGHT_3RD_1_SANTACRUZ-300x300.jpg",300,300,true],"medium_large":["https:\/\/mapospheres.eu\/wp-content\/uploads\/2026\/03\/CANVAS_11_NIGHT_3RD_1_SANTACRUZ-768x768.jpg",768,768,true],"large":["https:\/\/mapospheres.eu\/wp-content\/uploads\/2026\/03\/CANVAS_11_NIGHT_3RD_1_SANTACRUZ.jpg",1000,1000,false],"1536x1536":["https:\/\/mapospheres.eu\/wp-content\/uploads\/2026\/03\/CANVAS_11_NIGHT_3RD_1_SANTACRUZ.jpg",1000,1000,false],"2048x2048":["https:\/\/mapospheres.eu\/wp-content\/uploads\/2026\/03\/CANVAS_11_NIGHT_3RD_1_SANTACRUZ.jpg",1000,1000,false],"woocommerce_thumbnail":["https:\/\/mapospheres.eu\/wp-content\/uploads\/2026\/03\/CANVAS_11_NIGHT_3RD_1_SANTACRUZ-300x300.jpg",300,300,true],"woocommerce_single":["https:\/\/mapospheres.eu\/wp-content\/uploads\/2026\/03\/CANVAS_11_NIGHT_3RD_1_SANTACRUZ-600x600.jpg",600,600,true],"woocommerce_gallery_thumbnail":["https:\/\/mapospheres.eu\/wp-content\/uploads\/2026\/03\/CANVAS_11_NIGHT_3RD_1_SANTACRUZ-100x100.jpg",100,100,true]},"uagb_author_info":{"display_name":"sgainot04@gmail.com","author_link":"https:\/\/mapospheres.eu\/es\/author\/"},"uagb_comment_info":0,"uagb_excerpt":"Consigue un City Map (mapa mural de ciudad) impreso de Santa Cruz de Tenerife, Espa\u00f1a. \u00a1Elige el tama\u00f1o, el color y el dise\u00f1o de tu mapa a continuaci\u00f3n!","_links":{"self":[{"href":"https:\/\/mapospheres.eu\/es\/wp-json\/wp\/v2\/product\/21563","targetHints":{"allow":["GET"]}}],"collection":[{"href":"https:\/\/mapospheres.eu\/es\/wp-json\/wp\/v2\/product"}],"about":[{"href":"https:\/\/mapospheres.eu\/es\/wp-json\/wp\/v2\/types\/product"}],"wp:featuredmedia":[{"embeddable":true,"href":"https:\/\/mapospheres.eu\/es\/wp-json\/wp\/v2\/media\/23855"}],"wp:attachment":[{"href":"https:\/\/mapospheres.eu\/es\/wp-json\/wp\/v2\/media?parent=21563"}],"wp:term":[{"taxonomy":"product_brand","embeddable":true,"href":"https:\/\/mapospheres.eu\/es\/wp-json\/wp\/v2\/product_brand?post=21563"},{"taxonomy":"product_cat","embeddable":true,"href":"https:\/\/mapospheres.eu\/es\/wp-json\/wp\/v2\/product_cat?post=21563"},{"taxonomy":"product_tag","embeddable":true,"href":"https:\/\/mapospheres.eu\/es\/wp-json\/wp\/v2\/product_tag?post=21563"}],"curies":[{"name":"wp","href":"https:\/\/api.w.org\/{rel}","templated":true}]}}