{"id":21601,"date":"2026-03-17T14:03:54","date_gmt":"2026-03-17T14:03:54","guid":{"rendered":"https:\/\/mapospheres.eu\/product\/poster-of-cologne-germany\/"},"modified":"2026-03-18T11:12:57","modified_gmt":"2026-03-18T11:12:57","slug":"poster-of-cologne-germany","status":"publish","type":"product","link":"https:\/\/mapospheres.eu\/es\/product\/poster-de-colonia-alemania\/","title":{"rendered":"Poster de Colonia | Alemania"},"content":{"rendered":"<p><strong>Poster City map de Colonia, Renania del Norte-Westfalia: nuestro mapa de Colonia es como una instant\u00e1nea de la elegancia de la ciudad, fusionando detalle topogr\u00e1fico y audacia gr\u00e1fica de una manera que har\u00e1 vibrar tu pared.<\/strong><\/p>\n<p>Colonia se asienta con gracia a orillas del poderoso r\u00edo Rin, sus aguas reluciendo como oro l\u00edquido bajo el sol. \u00bfY esos puentes que cruzan el r\u00edo? Son como los accesorios chic de la ciudad, conectando ambas orillas del Rin con un encanto natural y sin esfuerzo. \u00a1Pero eso no es todo! Sum\u00e9rgete m\u00e1s profundo, y descubrir\u00e1s los pulmones verdes de Colonia \u2014 vastos parques como el Rheinpark y el Stadtgarten, donde puedes relajarte, respirar, y quiz\u00e1s incluso avistar alg\u00fan cisne desliz\u00e1ndose por el agua. Este mapa te lleva desde las imponentes agujas de la catedral de Colonia, lanz\u00e1ndose hacia los cielos como el gran saludo de la ciudad a los dioses, hasta la audaz arquitectura de los Kranh\u00e4user, alz\u00e1ndose orgullosos como gigantescos bloques de Lego a lo largo del frente mar\u00edtimo. Con Mapospheres, cada calle es una aventura, cada parque un santuario, y cada monumento un testimonio de la singular fusi\u00f3n entre historia y modernidad que define el alma de Colonia.<\/p>\n","protected":false},"excerpt":{"rendered":"<p>Consigue un City Map (mapa mural de ciudad) impreso  de Colonia, Alemania. \u00a1Elige el tama\u00f1o, el color y el dise\u00f1o de tu mapa a continuaci\u00f3n!<\/p>\n","protected":false},"featured_media":21905,"template":"","meta":{"_uag_custom_page_level_css":"","_monsterinsights_skip_tracking":false,"_monsterinsights_sitenote_active":false,"_monsterinsights_sitenote_note":"","_monsterinsights_sitenote_category":0,"site-sidebar-layout":"default","site-content-layout":"","ast-site-content-layout":"default","site-content-style":"default","site-sidebar-style":"default","ast-global-header-display":"","ast-banner-title-visibility":"","ast-main-header-display":"","ast-hfb-above-header-display":"","ast-hfb-below-header-display":"","ast-hfb-mobile-header-display":"","site-post-title":"","ast-breadcrumbs-content":"","ast-featured-img":"","footer-sml-layout":"","ast-disable-related-posts":"","theme-transparent-header-meta":"default","adv-header-id-meta":"","stick-header-meta":"","header-above-stick-meta":"","header-main-stick-meta":"","header-below-stick-meta":"","astra-migrate-meta-layouts":"set","ast-page-background-enabled":"default","ast-page-background-meta":{"desktop":{"background-color":"","background-image":"","background-repeat":"repeat","background-position":"center center","background-size":"auto","background-attachment":"scroll","background-type":"","background-media":"","overlay-type":"","overlay-color":"","overlay-opacity":"","overlay-gradient":""},"tablet":{"background-color":"","background-image":"","background-repeat":"repeat","background-position":"center center","background-size":"auto","background-attachment":"scroll","background-type":"","background-media":"","overlay-type":"","overlay-color":"","overlay-opacity":"","overlay-gradient":""},"mobile":{"background-color":"","background-image":"","background-repeat":"repeat","background-position":"center center","background-size":"auto","background-attachment":"scroll","background-type":"","background-media":"","overlay-type":"","overlay-color":"","overlay-opacity":"","overlay-gradient":""}},"ast-content-background-meta":{"desktop":{"background-color":"var(--ast-global-color-5)","background-image":"","background-repeat":"repeat","background-position":"center center","background-size":"auto","background-attachment":"scroll","background-type":"","background-media":"","overlay-type":"","overlay-color":"","overlay-opacity":"","overlay-gradient":""},"tablet":{"background-color":"var(--ast-global-color-5)","background-image":"","background-repeat":"repeat","background-position":"center center","background-size":"auto","background-attachment":"scroll","background-type":"","background-media":"","overlay-type":"","overlay-color":"","overlay-opacity":"","overlay-gradient":""},"mobile":{"background-color":"var(--ast-global-color-5)","background-image":"","background-repeat":"repeat","background-position":"center center","background-size":"auto","background-attachment":"scroll","background-type":"","background-media":"","overlay-type":"","overlay-color":"","overlay-opacity":"","overlay-gradient":""}}},"product_brand":[],"product_cat":[18],"product_tag":[34,35,36,37,1030,170,39,40,1036,379,93,173,1037,1038,1039],"class_list":{"0":"post-21601","1":"product","2":"type-product","3":"status-publish","4":"has-post-thumbnail","6":"product_cat-city-maps","7":"product_tag-30x40","8":"product_tag-40x50","9":"product_tag-50x70","10":"product_tag-70x100","11":"product_tag-alemania","12":"product_tag-allemagne","13":"product_tag-canvas","14":"product_tag-city-map","15":"product_tag-cologne","16":"product_tag-deutschland","17":"product_tag-europe","18":"product_tag-germany","19":"product_tag-koln","20":"product_tag-nordrhein","21":"product_tag-westfalen","22":"desktop-align-left","23":"tablet-align-left","24":"mobile-align-left","26":"first","27":"instock","28":"shipping-taxable","29":"purchasable","30":"product-type-variable"},"aioseo_notices":[],"uagb_featured_image_src":{"full":["https:\/\/mapospheres.eu\/wp-content\/uploads\/2026\/03\/Z21_NIGHT_FULL_-2.jpg",1000,1000,false],"thumbnail":["https:\/\/mapospheres.eu\/wp-content\/uploads\/2026\/03\/Z21_NIGHT_FULL_-2-150x150.jpg",150,150,true],"medium":["https:\/\/mapospheres.eu\/wp-content\/uploads\/2026\/03\/Z21_NIGHT_FULL_-2-300x300.jpg",300,300,true],"medium_large":["https:\/\/mapospheres.eu\/wp-content\/uploads\/2026\/03\/Z21_NIGHT_FULL_-2-768x768.jpg",768,768,true],"large":["https:\/\/mapospheres.eu\/wp-content\/uploads\/2026\/03\/Z21_NIGHT_FULL_-2.jpg",1000,1000,false],"1536x1536":["https:\/\/mapospheres.eu\/wp-content\/uploads\/2026\/03\/Z21_NIGHT_FULL_-2.jpg",1000,1000,false],"2048x2048":["https:\/\/mapospheres.eu\/wp-content\/uploads\/2026\/03\/Z21_NIGHT_FULL_-2.jpg",1000,1000,false],"woocommerce_thumbnail":["https:\/\/mapospheres.eu\/wp-content\/uploads\/2026\/03\/Z21_NIGHT_FULL_-2-300x300.jpg",300,300,true],"woocommerce_single":["https:\/\/mapospheres.eu\/wp-content\/uploads\/2026\/03\/Z21_NIGHT_FULL_-2-600x600.jpg",600,600,true],"woocommerce_gallery_thumbnail":["https:\/\/mapospheres.eu\/wp-content\/uploads\/2026\/03\/Z21_NIGHT_FULL_-2-100x100.jpg",100,100,true]},"uagb_author_info":{"display_name":"sgainot04@gmail.com","author_link":"https:\/\/mapospheres.eu\/es\/author\/"},"uagb_comment_info":0,"uagb_excerpt":"Consigue un City Map (mapa mural de ciudad) impreso de Colonia, Alemania. \u00a1Elige el tama\u00f1o, el color y el dise\u00f1o de tu mapa a continuaci\u00f3n!","_links":{"self":[{"href":"https:\/\/mapospheres.eu\/es\/wp-json\/wp\/v2\/product\/21601","targetHints":{"allow":["GET"]}}],"collection":[{"href":"https:\/\/mapospheres.eu\/es\/wp-json\/wp\/v2\/product"}],"about":[{"href":"https:\/\/mapospheres.eu\/es\/wp-json\/wp\/v2\/types\/product"}],"wp:featuredmedia":[{"embeddable":true,"href":"https:\/\/mapospheres.eu\/es\/wp-json\/wp\/v2\/media\/21905"}],"wp:attachment":[{"href":"https:\/\/mapospheres.eu\/es\/wp-json\/wp\/v2\/media?parent=21601"}],"wp:term":[{"taxonomy":"product_brand","embeddable":true,"href":"https:\/\/mapospheres.eu\/es\/wp-json\/wp\/v2\/product_brand?post=21601"},{"taxonomy":"product_cat","embeddable":true,"href":"https:\/\/mapospheres.eu\/es\/wp-json\/wp\/v2\/product_cat?post=21601"},{"taxonomy":"product_tag","embeddable":true,"href":"https:\/\/mapospheres.eu\/es\/wp-json\/wp\/v2\/product_tag?post=21601"}],"curies":[{"name":"wp","href":"https:\/\/api.w.org\/{rel}","templated":true}]}}