{"id":2759,"date":"2026-01-13T14:30:22","date_gmt":"2026-01-13T14:30:22","guid":{"rendered":"https:\/\/mapospheres.eu\/?post_type=product&#038;p=2759"},"modified":"2026-02-19T08:40:43","modified_gmt":"2026-02-19T08:40:43","slug":"poster-of-santa-cruz-de-la-sierra-bolivia","status":"publish","type":"product","link":"https:\/\/mapospheres.eu\/es\/product\/poster-de-santa-cruz-de-la-sierra-bolivia\/","title":{"rendered":"Poster de Santa Cruz de la Sierra | Bolivia"},"content":{"rendered":"<p><strong>Poster City map de Santa Cruz de la Sierra, Bolivia: Una vez un peque\u00f1o asentamiento colonial, ha crecido a lo largo de los siglos hasta convertirse en el motor econ\u00f3mico de Bolivia, y el mapa refleja esta transformaci\u00f3n.<\/strong><\/p>\n<p>Situada en las llanuras bajas del este de Bolivia, Santa Cruz es un lugar donde el terreno plano se extiende en todas direcciones, dando a la ciudad una sensaci\u00f3n de amplitud. El mapa captura las suaves curvas del r\u00edo Pira\u00ed, que atraviesa la ciudad, proporcionando tanto un l\u00edmite natural como una fuente de agua vital que ha moldeado el crecimiento de Santa Cruz. El r\u00edo serpentea a trav\u00e9s de \u00e1reas urbanas y rurales, ofreciendo vistas panor\u00e1micas y recordando la conexi\u00f3n de la ciudad con el mundo natural. En el coraz\u00f3n del mapa se encuentra la Plaza 24 de Septiembre, la plaza central que ha sido escenario de gran parte de la historia de Santa Cruz. Esta plaza est\u00e1 flanqueada por edificios de la \u00e9poca colonial, con la impresionante Catedral en el centro, s\u00edmbolo de la arraigada herencia cat\u00f3lica de la ciudad. Una de las caracter\u00edsticas m\u00e1s destacadas de Santa Cruz es su abundancia de espacios verdes. El mapa resalta los numerosos parques de la ciudad, desde el conocido Parque Urbano Central, un amplio espacio verde que ofrece un tranquilo refugio del ritmo urbano, hasta el extenso Parque Lomas de Arena, una reserva natural en las afueras con dunas de arena y fauna \u00fanica.<\/p>\n","protected":false},"excerpt":{"rendered":"<p>Consigue un City Map (mapa mural de ciudad) impreso de Santa Cruz de la Sierra, Bolivia. \u00a1Elige el tama\u00f1o, el color y el dise\u00f1o de tu mapa a continuaci\u00f3n!<\/p>\n","protected":false},"featured_media":2760,"template":"","meta":{"_uag_custom_page_level_css":"","_monsterinsights_skip_tracking":false,"_monsterinsights_sitenote_active":false,"_monsterinsights_sitenote_note":"","_monsterinsights_sitenote_category":0,"site-sidebar-layout":"default","site-content-layout":"","ast-site-content-layout":"default","site-content-style":"default","site-sidebar-style":"default","ast-global-header-display":"","ast-banner-title-visibility":"","ast-main-header-display":"","ast-hfb-above-header-display":"","ast-hfb-below-header-display":"","ast-hfb-mobile-header-display":"","site-post-title":"","ast-breadcrumbs-content":"","ast-featured-img":"","footer-sml-layout":"","ast-disable-related-posts":"","theme-transparent-header-meta":"default","adv-header-id-meta":"","stick-header-meta":"","header-above-stick-meta":"","header-main-stick-meta":"","header-below-stick-meta":"","astra-migrate-meta-layouts":"set","ast-page-background-enabled":"default","ast-page-background-meta":{"desktop":{"background-color":"","background-image":"","background-repeat":"repeat","background-position":"center center","background-size":"auto","background-attachment":"scroll","background-type":"","background-media":"","overlay-type":"","overlay-color":"","overlay-opacity":"","overlay-gradient":""},"tablet":{"background-color":"","background-image":"","background-repeat":"repeat","background-position":"center center","background-size":"auto","background-attachment":"scroll","background-type":"","background-media":"","overlay-type":"","overlay-color":"","overlay-opacity":"","overlay-gradient":""},"mobile":{"background-color":"","background-image":"","background-repeat":"repeat","background-position":"center center","background-size":"auto","background-attachment":"scroll","background-type":"","background-media":"","overlay-type":"","overlay-color":"","overlay-opacity":"","overlay-gradient":""}},"ast-content-background-meta":{"desktop":{"background-color":"var(--ast-global-color-5)","background-image":"","background-repeat":"repeat","background-position":"center center","background-size":"auto","background-attachment":"scroll","background-type":"","background-media":"","overlay-type":"","overlay-color":"","overlay-opacity":"","overlay-gradient":""},"tablet":{"background-color":"var(--ast-global-color-5)","background-image":"","background-repeat":"repeat","background-position":"center center","background-size":"auto","background-attachment":"scroll","background-type":"","background-media":"","overlay-type":"","overlay-color":"","overlay-opacity":"","overlay-gradient":""},"mobile":{"background-color":"var(--ast-global-color-5)","background-image":"","background-repeat":"repeat","background-position":"center center","background-size":"auto","background-attachment":"scroll","background-type":"","background-media":"","overlay-type":"","overlay-color":"","overlay-opacity":"","overlay-gradient":""}}},"product_brand":[],"product_cat":[18,465],"product_tag":[34,35,36,37,38,39,40,41,42],"class_list":{"0":"post-2759","1":"product","2":"type-product","3":"status-publish","4":"has-post-thumbnail","6":"product_cat-city-maps","7":"product_cat-featured_esp","8":"product_tag-30x40","9":"product_tag-40x50","10":"product_tag-50x70","11":"product_tag-70x100","12":"product_tag-bolivia","13":"product_tag-canvas","14":"product_tag-city-map","15":"product_tag-santa-cruz-de-la-sierra","16":"product_tag-south-america","17":"desktop-align-left","18":"tablet-align-left","19":"mobile-align-left","21":"first","22":"instock","23":"shipping-taxable","24":"purchasable","25":"product-type-variable"},"aioseo_notices":[],"uagb_featured_image_src":{"full":["https:\/\/mapospheres.eu\/wp-content\/uploads\/2026\/01\/CANVAS_12_RED_2_fd63f3b2-f915-469d-b4dc-60486c38af59.jpg",1000,1000,false],"thumbnail":["https:\/\/mapospheres.eu\/wp-content\/uploads\/2026\/01\/CANVAS_12_RED_2_fd63f3b2-f915-469d-b4dc-60486c38af59.jpg",150,150,false],"medium":["https:\/\/mapospheres.eu\/wp-content\/uploads\/2026\/01\/CANVAS_12_RED_2_fd63f3b2-f915-469d-b4dc-60486c38af59.jpg",300,300,false],"medium_large":["https:\/\/mapospheres.eu\/wp-content\/uploads\/2026\/01\/CANVAS_12_RED_2_fd63f3b2-f915-469d-b4dc-60486c38af59.jpg",768,768,false],"large":["https:\/\/mapospheres.eu\/wp-content\/uploads\/2026\/01\/CANVAS_12_RED_2_fd63f3b2-f915-469d-b4dc-60486c38af59.jpg",1000,1000,false],"1536x1536":["https:\/\/mapospheres.eu\/wp-content\/uploads\/2026\/01\/CANVAS_12_RED_2_fd63f3b2-f915-469d-b4dc-60486c38af59.jpg",1000,1000,false],"2048x2048":["https:\/\/mapospheres.eu\/wp-content\/uploads\/2026\/01\/CANVAS_12_RED_2_fd63f3b2-f915-469d-b4dc-60486c38af59.jpg",1000,1000,false],"woocommerce_thumbnail":["https:\/\/mapospheres.eu\/wp-content\/uploads\/2026\/01\/CANVAS_12_RED_2_fd63f3b2-f915-469d-b4dc-60486c38af59.jpg",300,300,false],"woocommerce_single":["https:\/\/mapospheres.eu\/wp-content\/uploads\/2026\/01\/CANVAS_12_RED_2_fd63f3b2-f915-469d-b4dc-60486c38af59.jpg",600,600,false],"woocommerce_gallery_thumbnail":["https:\/\/mapospheres.eu\/wp-content\/uploads\/2026\/01\/CANVAS_12_RED_2_fd63f3b2-f915-469d-b4dc-60486c38af59.jpg",100,100,false]},"uagb_author_info":{"display_name":"sgainot04@gmail.com","author_link":"https:\/\/mapospheres.eu\/es\/author\/"},"uagb_comment_info":0,"uagb_excerpt":"Consigue un City Map (mapa mural de ciudad) impreso de Santa Cruz de la Sierra, Bolivia. \u00a1Elige el tama\u00f1o, el color y el dise\u00f1o de tu mapa a continuaci\u00f3n!","_links":{"self":[{"href":"https:\/\/mapospheres.eu\/es\/wp-json\/wp\/v2\/product\/2759","targetHints":{"allow":["GET"]}}],"collection":[{"href":"https:\/\/mapospheres.eu\/es\/wp-json\/wp\/v2\/product"}],"about":[{"href":"https:\/\/mapospheres.eu\/es\/wp-json\/wp\/v2\/types\/product"}],"wp:featuredmedia":[{"embeddable":true,"href":"https:\/\/mapospheres.eu\/es\/wp-json\/wp\/v2\/media\/2760"}],"wp:attachment":[{"href":"https:\/\/mapospheres.eu\/es\/wp-json\/wp\/v2\/media?parent=2759"}],"wp:term":[{"taxonomy":"product_brand","embeddable":true,"href":"https:\/\/mapospheres.eu\/es\/wp-json\/wp\/v2\/product_brand?post=2759"},{"taxonomy":"product_cat","embeddable":true,"href":"https:\/\/mapospheres.eu\/es\/wp-json\/wp\/v2\/product_cat?post=2759"},{"taxonomy":"product_tag","embeddable":true,"href":"https:\/\/mapospheres.eu\/es\/wp-json\/wp\/v2\/product_tag?post=2759"}],"curies":[{"name":"wp","href":"https:\/\/api.w.org\/{rel}","templated":true}]}}