{"id":5631,"date":"2026-01-20T16:00:21","date_gmt":"2026-01-20T16:00:21","guid":{"rendered":"https:\/\/mapospheres.eu\/?post_type=product&#038;p=5631"},"modified":"2026-04-26T22:16:15","modified_gmt":"2026-04-26T22:16:15","slug":"5631","status":"publish","type":"product","link":"https:\/\/mapospheres.eu\/es\/product\/5631\/","title":{"rendered":"Astrolabio"},"content":{"rendered":"<p>Aut\u00e9nticos ordenadores port\u00e1tiles utilizados desde hace siglos, estos astrolabios de madera son instrumentos que todos pueden utilizar para leer y anticipar la posici\u00f3n de las estrellas y pueden servir como reloj, br\u00fajula o telescopio&#8230; \u00a1Todo esto en tus manos!<\/p>\n<ul>\n<li>16,5 cm de di\u00e1metro (6,5&#8243;)<\/li>\n<li>Contrachapado de madera blanda elaborado a partir de abeto<\/li>\n<li>Etiquetas laminadas \u00a1a tu gusto!<\/li>\n<li>Manual de usuario &#8211; 20 p\u00e1ginas sobre su historia y principales usos<\/li>\n<\/ul>\n<p>&nbsp;<\/p>\n<p>Puedes conseguir este instrumento de medici\u00f3n de madera en cuatro versiones diferentes:<\/p>\n<ol>\n<li><strong>Astrolabio regular:&nbsp;<\/strong>Su astrolabio de madera se entregar\u00e1 listo para usar junto con su manual de usuario.<\/li>\n<li><strong>Astrolabio \u00abhazlo t\u00fa mismo\u00bb:&nbsp;<\/strong>Prep\u00e1ralo t\u00fa mismo y aprende mientras montas tu astrolabio.<\/li>\n<li><strong>Astrolabio con impresi\u00f3n en madera:&nbsp;<\/strong>Calidad vintage de impresi\u00f3n mediante t\u00e9cnica de transferencia de madera<\/li>\n<li><strong>Impresi\u00f3n personalizada en Astrolabio de Madera:&nbsp;<\/strong>\u00a1Agrega tu nombre en el reverso de tu astrolabio!<\/li>\n<\/ol>\n<p>&nbsp;<\/p>\n<p><img loading=\"lazy\" decoding=\"async\" class=\"alignnone wp-image-5656 size-full\" src=\"https:\/\/mapospheres.eu\/wp-content\/uploads\/2026\/01\/ECO_LABEL.png\" alt=\"\" width=\"591\" height=\"178\" srcset=\"https:\/\/mapospheres.eu\/wp-content\/uploads\/2026\/01\/ECO_LABEL.png 591w, https:\/\/mapospheres.eu\/wp-content\/uploads\/2026\/01\/ECO_LABEL-300x90.png 300w\" sizes=\"auto, (max-width: 591px) 100vw, 591px\" \/><\/p>\n<p>DISPONIBLE EN INGL\u00c9S Y FRANC\u00c9S<\/p>\n<p>Por favor lea la secci\u00f3n<a title=\"FAQ\" href=\"https:\/\/mapospheres.eu\/es\/preguntas-frecuentes\/\" target=\"_blank\" rel=\"noopener\">Frecuentas preguntas<\/a>&nbsp;o&nbsp;<a title=\"contact\" href=\"https:\/\/mapospheres.eu\/es\/contacto\/\" target=\"_blank\" rel=\"noopener\">pregunte aqui<\/a>&nbsp;sus interrogaci\u00f3nes<\/p>\n<p><strong>TIMPANOS ADICIONALES &#8211; DESCARGA GRATUITA<\/strong><\/p>\n<p>1.&nbsp;Imprime tu nuevo t\u00edmpano en una pegatina o p\u00e9galo en papel grueso;<\/p>\n<p>2.&nbsp;Introd\u00fazcalo en el fondo de la madre. Para mayor precisi\u00f3n, aseg\u00farese de que el T\u00edmpano se inserte seg\u00fan la ilustraci\u00f3n anterior, con los puntos de color alineados.<\/p>\n<p>3.&nbsp;\u00a1Puedes almacenar varios T\u00edmpanos en tu astrolabio si planeas usarlo en diferentes latitudes!<\/p>\n<p>Esos t\u00edmpanos&nbsp;est\u00e1n preparados para adaptarse perfectamente a su astrolabio y usarse en el hemisferio norte. Para el hemisferio sur o cualquier otra parte de su astrolabio, \u00a1env\u00ede un mensaje! \ud83d\ude42<\/p>\n<p><a title=\"MAPOSPHERES_LATITUDES_65N\" href=\"https:\/\/mapospheres.eu\/wp-content\/uploads\/2026\/01\/MAPOSPHERES_LATITUDES_65N.pdf\" target=\"_blank\" rel=\"noopener\">T\u00edmpano Latitud 65\u00b0N<\/a><br \/>\n<a title=\"MAPOSPHERES_LATITUDES_60N\" href=\"https:\/\/mapospheres.eu\/wp-content\/uploads\/2026\/01\/MAPOSPHERES_LATITUDES_605N.pdf\" target=\"_blank\" rel=\"noopener\">T\u00edmpano Latitud 60\u00b0N<\/a><br \/>\n<a title=\"MAPOSPHERES_LATITUDES_55N\" href=\"https:\/\/mapospheres.eu\/wp-content\/uploads\/2026\/01\/MAPOSPHERES_LATITUDES_55N.pdf\" target=\"_blank\" rel=\"noopener\">T\u00edmpano Latitud 55\u00b0N<\/a><br \/>\n<a title=\"MAPOSPHERES_LATITUDES_54N\" href=\"https:\/\/mapospheres.eu\/wp-content\/uploads\/2026\/01\/MAPOSPHERES_LATITUDES_54N.pdf\" target=\"_blank\" rel=\"noopener\">T\u00edmpano Latitud 54\u00b0N<\/a><br \/>\n<a title=\"MAPOSPHERES_LATITUDES_53N\" href=\"https:\/\/mapospheres.eu\/wp-content\/uploads\/2026\/01\/MAPOSPHERES_LATITUDES_53N.pdf\" target=\"_blank\" rel=\"noopener\">T\u00edmpano Latitud 53\u00b0N<\/a><br \/>\n<a title=\"MAPOSPHERES_LATITUDES_52N\" href=\"https:\/\/mapospheres.eu\/wp-content\/uploads\/2026\/01\/MAPOSPHERES_LATITUDES_52N.pdf\" target=\"_blank\" rel=\"noopener\">T\u00edmpano Latitud 52\u00b0N<\/a><br \/>\n<a title=\"MAPOSPHERES_LATITUDES_51N\" href=\"https:\/\/mapospheres.eu\/wp-content\/uploads\/2026\/01\/MAPOSPHERES_LATITUDES_51N.pdf\" target=\"_blank\" rel=\"noopener\">T\u00edmpano Latitud 51\u00b0N<\/a><br \/>\n<a title=\"MAPOSPHERES_LATITUDES_50N\" href=\"https:\/\/mapospheres.eu\/wp-content\/uploads\/2026\/01\/MAPOSPHERES_LATITUDES_50N.pdf\" target=\"_blank\" rel=\"noopener\">T\u00edmpano Latitud 50\u00b0N<\/a><br \/>\n<a title=\"MAPOSPHERES_LATITUDES_49N\" href=\"https:\/\/mapospheres.eu\/wp-content\/uploads\/2026\/01\/MAPOSPHERES_LATITUDES_49N.pdf\" target=\"_blank\" rel=\"noopener\">T\u00edmpano Latitud 49\u00b0N<\/a><br \/>\n<a title=\"MAPOSPHERES_LATITUDES_48N\" href=\"https:\/\/mapospheres.eu\/wp-content\/uploads\/2026\/01\/MAPOSPHERES_LATITUDES_48N.pdf\" target=\"_blank\" rel=\"noopener\">T\u00edmpano Latitud 48\u00b0N<\/a><br \/>\n<a title=\"MAPOSPHERES_LATITUDES_47N\" href=\"https:\/\/mapospheres.eu\/wp-content\/uploads\/2026\/01\/MAPOSPHERES_LATITUDES_47N.pdf\" target=\"_blank\" rel=\"noopener\">T\u00edmpano Latitud 47\u00b0N<\/a><br \/>\n<a title=\"MAPOSPHERES_LATITUDES_46N\" href=\"https:\/\/mapospheres.eu\/wp-content\/uploads\/2026\/01\/MAPOSPHERES_LATITUDES_46N.pdf\" target=\"_blank\" rel=\"noopener\">T\u00edmpano Latitud 46\u00b0N<\/a><br \/>\n<a title=\"MAPOSPHERES_LATITUDES_45N\" href=\"https:\/\/mapospheres.eu\/wp-content\/uploads\/2026\/01\/MAPOSPHERES_LATITUDES_45N.pdf\" target=\"_blank\" rel=\"noopener\">T\u00edmpano Latitud 45\u00b0N<\/a><br \/>\n<a title=\"MAPOSPHERES_LATITUDES_44N\" href=\"https:\/\/mapospheres.eu\/wp-content\/uploads\/2026\/01\/MAPOSPHERES_LATITUDES_44N.pdf\" target=\"_blank\" rel=\"noopener\">T\u00edmpano Latitud 44\u00b0N<\/a><br \/>\n<a title=\"MAPOSPHERES_LATITUDES_43N\" href=\"https:\/\/mapospheres.eu\/wp-content\/uploads\/2026\/01\/MAPOSPHERES_LATITUDES_43N.pdf\" target=\"_blank\" rel=\"noopener\">T\u00edmpano Latitud 43\u00b0N<\/a><br \/>\n<a title=\"MAPOSPHERES_LATITUDES_43N\" href=\"https:\/\/mapospheres.eu\/wp-content\/uploads\/2026\/01\/MAPOSPHERES_LATITUDES_43N.pdf\" target=\"_blank\" rel=\"noopener\">T\u00edmpano Latitud 43\u00b0N<\/a><br \/>\n<a title=\"MAPOSPHERES_LATITUDES_42N\" href=\"https:\/\/mapospheres.eu\/wp-content\/uploads\/2026\/01\/MAPOSPHERES_LATITUDES_42N.pdf\" target=\"_blank\" rel=\"noopener\">T\u00edmpano Latitud 42\u00b0N<\/a><br \/>\n<a title=\"MAPOSPHERES_LATITUDES_41N\" href=\"https:\/\/mapospheres.eu\/wp-content\/uploads\/2026\/01\/MAPOSPHERES_LATITUDES_41N.pdf\" target=\"_blank\" rel=\"noopener\">T\u00edmpano Latitud 41\u00b0N<\/a><br \/>\n<a title=\"MAPOSPHERES_LATITUDES_40N\" href=\"https:\/\/mapospheres.eu\/wp-content\/uploads\/2026\/01\/MAPOSPHERES_LATITUDES_40N.pdf\" target=\"_blank\" rel=\"noopener\">T\u00edmpano Latitud 40\u00b0N<\/a><br \/>\n<a title=\"MAPOSPHERES_LATITUDES_35N\" href=\"https:\/\/mapospheres.eu\/wp-content\/uploads\/2026\/01\/MAPOSPHERES_LATITUDES_35N.pdf\" target=\"_blank\" rel=\"noopener\">T\u00edmpano Latitud 35\u00b0N<\/a><br \/>\n<a title=\"MAPOSPHERES_LATITUDES_30N\" href=\"https:\/\/mapospheres.eu\/wp-content\/uploads\/2026\/01\/MAPOSPHERES_LATITUDES_30N.pdf\" target=\"_blank\" rel=\"noopener\">T\u00edmpano Latitud 30\u00b0N<\/a><br \/>\n<a title=\"MAPOSPHERES_LATITUDES_25N\" href=\"https:\/\/mapospheres.eu\/wp-content\/uploads\/2026\/01\/MAPOSPHERES_LATITUDES_25N.pdf\" target=\"_blank\" rel=\"noopener\">T\u00edmpano Latitud 25\u00b0N<\/a><br \/>\n<a title=\"MAPOSPHERES_LATITUDES_20N\" href=\"https:\/\/mapospheres.eu\/wp-content\/uploads\/2026\/01\/MAPOSPHERES_LATITUDES_20N.pdf\" target=\"_blank\" rel=\"noopener\">T\u00edmpano Latitud 20\u00b0N<\/a><br \/>\n<a title=\"MAPOSPHERES_LATITUDES_15N\" href=\"https:\/\/mapospheres.eu\/wp-content\/uploads\/2026\/01\/MAPOSPHERES_LATITUDES_15N.pdf\" target=\"_blank\" rel=\"noopener\">T\u00edmpano Latitud 15\u00b0N<\/a><br \/>\n<a title=\"MAPOSPHERES_LATITUDES_10N\" href=\"https:\/\/mapospheres.eu\/wp-content\/uploads\/2026\/01\/MAPOSPHERES_LATITUDES_10N.pdf\" target=\"_blank\" rel=\"noopener\">T\u00edmpano Latitud 10\u00b0N<\/a><\/p>\n","protected":false},"excerpt":{"rendered":"<p>\u00a1Consigue este astrolabio de madera para leer las estrellas! Puedes elegir tu astrolabio en 4 versiones diferentes.<\/p>\n","protected":false},"featured_media":5638,"template":"","meta":{"_uag_custom_page_level_css":"","_monsterinsights_skip_tracking":false,"_monsterinsights_sitenote_active":false,"_monsterinsights_sitenote_note":"","_monsterinsights_sitenote_category":0,"site-sidebar-layout":"default","site-content-layout":"","ast-site-content-layout":"default","site-content-style":"default","site-sidebar-style":"default","ast-global-header-display":"","ast-banner-title-visibility":"","ast-main-header-display":"","ast-hfb-above-header-display":"","ast-hfb-below-header-display":"","ast-hfb-mobile-header-display":"","site-post-title":"","ast-breadcrumbs-content":"","ast-featured-img":"","footer-sml-layout":"","ast-disable-related-posts":"","theme-transparent-header-meta":"default","adv-header-id-meta":"","stick-header-meta":"","header-above-stick-meta":"","header-main-stick-meta":"","header-below-stick-meta":"","astra-migrate-meta-layouts":"set","ast-page-background-enabled":"default","ast-page-background-meta":{"desktop":{"background-color":"","background-image":"","background-repeat":"repeat","background-position":"center center","background-size":"auto","background-attachment":"scroll","background-type":"","background-media":"","overlay-type":"","overlay-color":"","overlay-opacity":"","overlay-gradient":""},"tablet":{"background-color":"","background-image":"","background-repeat":"repeat","background-position":"center center","background-size":"auto","background-attachment":"scroll","background-type":"","background-media":"","overlay-type":"","overlay-color":"","overlay-opacity":"","overlay-gradient":""},"mobile":{"background-color":"","background-image":"","background-repeat":"repeat","background-position":"center center","background-size":"auto","background-attachment":"scroll","background-type":"","background-media":"","overlay-type":"","overlay-color":"","overlay-opacity":"","overlay-gradient":""}},"ast-content-background-meta":{"desktop":{"background-color":"var(--ast-global-color-5)","background-image":"","background-repeat":"repeat","background-position":"center center","background-size":"auto","background-attachment":"scroll","background-type":"","background-media":"","overlay-type":"","overlay-color":"","overlay-opacity":"","overlay-gradient":""},"tablet":{"background-color":"var(--ast-global-color-5)","background-image":"","background-repeat":"repeat","background-position":"center center","background-size":"auto","background-attachment":"scroll","background-type":"","background-media":"","overlay-type":"","overlay-color":"","overlay-opacity":"","overlay-gradient":""},"mobile":{"background-color":"var(--ast-global-color-5)","background-image":"","background-repeat":"repeat","background-position":"center center","background-size":"auto","background-attachment":"scroll","background-type":"","background-media":"","overlay-type":"","overlay-color":"","overlay-opacity":"","overlay-gradient":""}}},"product_brand":[],"product_cat":[123],"product_tag":[],"class_list":{"0":"post-5631","1":"product","2":"type-product","3":"status-publish","4":"has-post-thumbnail","6":"product_cat-astrolabio","7":"product_shipping_class-astrolabe","8":"desktop-align-left","9":"tablet-align-left","10":"mobile-align-left","12":"first","13":"instock","14":"shipping-taxable","15":"purchasable","16":"product-type-variable"},"aioseo_notices":[],"uagb_featured_image_src":{"full":["https:\/\/mapospheres.eu\/wp-content\/uploads\/2026\/01\/ASTROLABE_PUB_BOITE_REGULAR_ENG2.jpg",1200,1200,false],"thumbnail":["https:\/\/mapospheres.eu\/wp-content\/uploads\/2026\/01\/ASTROLABE_PUB_BOITE_REGULAR_ENG2-150x150.jpg",150,150,true],"medium":["https:\/\/mapospheres.eu\/wp-content\/uploads\/2026\/01\/ASTROLABE_PUB_BOITE_REGULAR_ENG2-300x300.jpg",300,300,true],"medium_large":["https:\/\/mapospheres.eu\/wp-content\/uploads\/2026\/01\/ASTROLABE_PUB_BOITE_REGULAR_ENG2-768x768.jpg",768,768,true],"large":["https:\/\/mapospheres.eu\/wp-content\/uploads\/2026\/01\/ASTROLABE_PUB_BOITE_REGULAR_ENG2-1024x1024.jpg",1024,1024,true],"1536x1536":["https:\/\/mapospheres.eu\/wp-content\/uploads\/2026\/01\/ASTROLABE_PUB_BOITE_REGULAR_ENG2.jpg",1200,1200,false],"2048x2048":["https:\/\/mapospheres.eu\/wp-content\/uploads\/2026\/01\/ASTROLABE_PUB_BOITE_REGULAR_ENG2.jpg",1200,1200,false],"woocommerce_thumbnail":["https:\/\/mapospheres.eu\/wp-content\/uploads\/2026\/01\/ASTROLABE_PUB_BOITE_REGULAR_ENG2-300x300.jpg",300,300,true],"woocommerce_single":["https:\/\/mapospheres.eu\/wp-content\/uploads\/2026\/01\/ASTROLABE_PUB_BOITE_REGULAR_ENG2-600x600.jpg",600,600,true],"woocommerce_gallery_thumbnail":["https:\/\/mapospheres.eu\/wp-content\/uploads\/2026\/01\/ASTROLABE_PUB_BOITE_REGULAR_ENG2-100x100.jpg",100,100,true]},"uagb_author_info":{"display_name":"sgainot04@gmail.com","author_link":"https:\/\/mapospheres.eu\/es\/author\/"},"uagb_comment_info":0,"uagb_excerpt":"\u00a1Consigue este astrolabio de madera para leer las estrellas! Puedes elegir tu astrolabio en 4 versiones diferentes.","_links":{"self":[{"href":"https:\/\/mapospheres.eu\/es\/wp-json\/wp\/v2\/product\/5631","targetHints":{"allow":["GET"]}}],"collection":[{"href":"https:\/\/mapospheres.eu\/es\/wp-json\/wp\/v2\/product"}],"about":[{"href":"https:\/\/mapospheres.eu\/es\/wp-json\/wp\/v2\/types\/product"}],"wp:featuredmedia":[{"embeddable":true,"href":"https:\/\/mapospheres.eu\/es\/wp-json\/wp\/v2\/media\/5638"}],"wp:attachment":[{"href":"https:\/\/mapospheres.eu\/es\/wp-json\/wp\/v2\/media?parent=5631"}],"wp:term":[{"taxonomy":"product_brand","embeddable":true,"href":"https:\/\/mapospheres.eu\/es\/wp-json\/wp\/v2\/product_brand?post=5631"},{"taxonomy":"product_cat","embeddable":true,"href":"https:\/\/mapospheres.eu\/es\/wp-json\/wp\/v2\/product_cat?post=5631"},{"taxonomy":"product_tag","embeddable":true,"href":"https:\/\/mapospheres.eu\/es\/wp-json\/wp\/v2\/product_tag?post=5631"}],"curies":[{"name":"wp","href":"https:\/\/api.w.org\/{rel}","templated":true}]}}