{"id":7430,"date":"2026-01-23T15:58:17","date_gmt":"2026-01-23T15:58:17","guid":{"rendered":"https:\/\/mapospheres.eu\/?post_type=product&#038;p=7430"},"modified":"2026-02-11T10:06:10","modified_gmt":"2026-02-11T10:06:10","slug":"poster-of-dunkirk-france","status":"publish","type":"product","link":"https:\/\/mapospheres.eu\/es\/product\/poster-de-dunkerque-francia\/","title":{"rendered":"Poster de Dunkerque | Francia"},"content":{"rendered":"<p><strong>Poster City map de Dunkerque, Francia: una obra maestra visual que celebra la rica historia, la vibrante cultura y los paisajes impresionantes de Dunkerque.<\/strong><\/p>\n<p>Emb\u00e1rcate en un viaje inmersivo por Dunkerque con el detallado mapa de pared de Mapospheres, donde la intrincada combinaci\u00f3n de cartograf\u00eda y dise\u00f1o da vida a la ciudad con un detalle impresionante. Al explorar el mapa, te cautivar\u00e1 la representaci\u00f3n de las caracter\u00edsticas geogr\u00e1ficas \u00fanicas de Dunkerque, desde la costa serpenteante hasta la intrincada red de r\u00edos y canales que atraviesan el paisaje. Los abundantes espacios verdes salpican la extensi\u00f3n urbana, ofreciendo refugios tranquilos en medio del ajetreo de la vida citadina. Pero no es solo la belleza natural lo que destaca en este mapa: lugares emblem\u00e1ticos como el majestuoso faro de Dunkerque y el hist\u00f3rico Ayuntamiento est\u00e1n representados con precisi\u00f3n y cuidado, a\u00f1adiendo un toque de encanto y car\u00e1cter a la representaci\u00f3n. Con los p\u00f3sters en relieve de Mapospheres, disponibles en grandes formatos bajo demanda, este mapa es m\u00e1s que una simple decoraci\u00f3n.<\/p>\n","protected":false},"excerpt":{"rendered":"<p>Consigue un City Map (mapa mural de ciudad) impreso de Dunkerque, Francia. \u00a1Elige el tama\u00f1o, el color y el dise\u00f1o de tu mapa a continuaci\u00f3n!<\/p>\n","protected":false},"featured_media":9135,"template":"","meta":{"_uag_custom_page_level_css":"","_monsterinsights_skip_tracking":false,"_monsterinsights_sitenote_active":false,"_monsterinsights_sitenote_note":"","_monsterinsights_sitenote_category":0,"site-sidebar-layout":"default","site-content-layout":"","ast-site-content-layout":"default","site-content-style":"default","site-sidebar-style":"default","ast-global-header-display":"","ast-banner-title-visibility":"","ast-main-header-display":"","ast-hfb-above-header-display":"","ast-hfb-below-header-display":"","ast-hfb-mobile-header-display":"","site-post-title":"","ast-breadcrumbs-content":"","ast-featured-img":"","footer-sml-layout":"","ast-disable-related-posts":"","theme-transparent-header-meta":"default","adv-header-id-meta":"","stick-header-meta":"","header-above-stick-meta":"","header-main-stick-meta":"","header-below-stick-meta":"","astra-migrate-meta-layouts":"set","ast-page-background-enabled":"default","ast-page-background-meta":{"desktop":{"background-color":"","background-image":"","background-repeat":"repeat","background-position":"center center","background-size":"auto","background-attachment":"scroll","background-type":"","background-media":"","overlay-type":"","overlay-color":"","overlay-opacity":"","overlay-gradient":""},"tablet":{"background-color":"","background-image":"","background-repeat":"repeat","background-position":"center center","background-size":"auto","background-attachment":"scroll","background-type":"","background-media":"","overlay-type":"","overlay-color":"","overlay-opacity":"","overlay-gradient":""},"mobile":{"background-color":"","background-image":"","background-repeat":"repeat","background-position":"center center","background-size":"auto","background-attachment":"scroll","background-type":"","background-media":"","overlay-type":"","overlay-color":"","overlay-opacity":"","overlay-gradient":""}},"ast-content-background-meta":{"desktop":{"background-color":"var(--ast-global-color-5)","background-image":"","background-repeat":"repeat","background-position":"center center","background-size":"auto","background-attachment":"scroll","background-type":"","background-media":"","overlay-type":"","overlay-color":"","overlay-opacity":"","overlay-gradient":""},"tablet":{"background-color":"var(--ast-global-color-5)","background-image":"","background-repeat":"repeat","background-position":"center center","background-size":"auto","background-attachment":"scroll","background-type":"","background-media":"","overlay-type":"","overlay-color":"","overlay-opacity":"","overlay-gradient":""},"mobile":{"background-color":"var(--ast-global-color-5)","background-image":"","background-repeat":"repeat","background-position":"center center","background-size":"auto","background-attachment":"scroll","background-type":"","background-media":"","overlay-type":"","overlay-color":"","overlay-opacity":"","overlay-gradient":""}}},"product_brand":[],"product_cat":[18,338,464],"product_tag":[34,35,36,37,39,40,221,222,93,100],"class_list":{"0":"post-7430","1":"product","2":"type-product","3":"status-publish","4":"has-post-thumbnail","6":"product_cat-city-maps","7":"product_cat-featured_eng","8":"product_cat-featured_fr","9":"product_tag-30x40","10":"product_tag-40x50","11":"product_tag-50x70","12":"product_tag-70x100","13":"product_tag-canvas","14":"product_tag-city-map","15":"product_tag-dunkerque","16":"product_tag-dunkirk","17":"product_tag-europe","18":"product_tag-france","19":"desktop-align-left","20":"tablet-align-left","21":"mobile-align-left","23":"first","24":"instock","25":"shipping-taxable","26":"purchasable","27":"product-type-variable"},"aioseo_notices":[],"uagb_featured_image_src":{"full":["https:\/\/mapospheres.eu\/wp-content\/uploads\/2026\/01\/DUNKERQUE_CANVAS_16_BWROUND_2ND_6.jpg",1000,1000,false],"thumbnail":["https:\/\/mapospheres.eu\/wp-content\/uploads\/2026\/01\/DUNKERQUE_CANVAS_16_BWROUND_2ND_6-150x150.jpg",150,150,true],"medium":["https:\/\/mapospheres.eu\/wp-content\/uploads\/2026\/01\/DUNKERQUE_CANVAS_16_BWROUND_2ND_6-300x300.jpg",300,300,true],"medium_large":["https:\/\/mapospheres.eu\/wp-content\/uploads\/2026\/01\/DUNKERQUE_CANVAS_16_BWROUND_2ND_6-768x768.jpg",768,768,true],"large":["https:\/\/mapospheres.eu\/wp-content\/uploads\/2026\/01\/DUNKERQUE_CANVAS_16_BWROUND_2ND_6.jpg",1000,1000,false],"1536x1536":["https:\/\/mapospheres.eu\/wp-content\/uploads\/2026\/01\/DUNKERQUE_CANVAS_16_BWROUND_2ND_6.jpg",1000,1000,false],"2048x2048":["https:\/\/mapospheres.eu\/wp-content\/uploads\/2026\/01\/DUNKERQUE_CANVAS_16_BWROUND_2ND_6.jpg",1000,1000,false],"woocommerce_thumbnail":["https:\/\/mapospheres.eu\/wp-content\/uploads\/2026\/01\/DUNKERQUE_CANVAS_16_BWROUND_2ND_6-300x300.jpg",300,300,true],"woocommerce_single":["https:\/\/mapospheres.eu\/wp-content\/uploads\/2026\/01\/DUNKERQUE_CANVAS_16_BWROUND_2ND_6-600x600.jpg",600,600,true],"woocommerce_gallery_thumbnail":["https:\/\/mapospheres.eu\/wp-content\/uploads\/2026\/01\/DUNKERQUE_CANVAS_16_BWROUND_2ND_6-100x100.jpg",100,100,true]},"uagb_author_info":{"display_name":"sgainot04@gmail.com","author_link":"https:\/\/mapospheres.eu\/es\/author\/"},"uagb_comment_info":0,"uagb_excerpt":"Consigue un City Map (mapa mural de ciudad) impreso de Dunkerque, Francia. \u00a1Elige el tama\u00f1o, el color y el dise\u00f1o de tu mapa a continuaci\u00f3n!","_links":{"self":[{"href":"https:\/\/mapospheres.eu\/es\/wp-json\/wp\/v2\/product\/7430","targetHints":{"allow":["GET"]}}],"collection":[{"href":"https:\/\/mapospheres.eu\/es\/wp-json\/wp\/v2\/product"}],"about":[{"href":"https:\/\/mapospheres.eu\/es\/wp-json\/wp\/v2\/types\/product"}],"wp:featuredmedia":[{"embeddable":true,"href":"https:\/\/mapospheres.eu\/es\/wp-json\/wp\/v2\/media\/9135"}],"wp:attachment":[{"href":"https:\/\/mapospheres.eu\/es\/wp-json\/wp\/v2\/media?parent=7430"}],"wp:term":[{"taxonomy":"product_brand","embeddable":true,"href":"https:\/\/mapospheres.eu\/es\/wp-json\/wp\/v2\/product_brand?post=7430"},{"taxonomy":"product_cat","embeddable":true,"href":"https:\/\/mapospheres.eu\/es\/wp-json\/wp\/v2\/product_cat?post=7430"},{"taxonomy":"product_tag","embeddable":true,"href":"https:\/\/mapospheres.eu\/es\/wp-json\/wp\/v2\/product_tag?post=7430"}],"curies":[{"name":"wp","href":"https:\/\/api.w.org\/{rel}","templated":true}]}}