{"id":7433,"date":"2026-01-23T15:58:22","date_gmt":"2026-01-23T15:58:22","guid":{"rendered":"https:\/\/mapospheres.eu\/?post_type=product&#038;p=7433"},"modified":"2026-01-28T16:00:17","modified_gmt":"2026-01-28T16:00:17","slug":"poster-of-bonn-germany","status":"publish","type":"product","link":"https:\/\/mapospheres.eu\/es\/product\/poster-de-bonn-alemania\/","title":{"rendered":"Poster de Bonn | Alemania"},"content":{"rendered":"<p><strong>Poster City map de Bonn, Renania del Norte-Westfalia: la antigua capital de la RFA.<\/strong><\/p>\n<p>En el coraz\u00f3n del mapa se encuentra el majestuoso r\u00edo Rin, una arteria vital que ha moldeado la identidad de Bonn y ha proporcionado un tel\u00f3n de fondo esc\u00e9nico durante siglos de actividad humana. Serpenteando a trav\u00e9s del paisaje urbano, sus aguas azuladas reflejan las relucientes fachadas de edificios hist\u00f3ricos y la exuberante vegetaci\u00f3n a lo largo de sus orillas. El Rin no solo act\u00faa como un referente geogr\u00e1fico, sino tambi\u00e9n como un s\u00edmbolo de la vitalidad de Bonn y de su conexi\u00f3n con el mundo en general.<\/p>\n<p>La Catedral de Bonn se alza perforando el horizonte, como testimonio del duradero patrimonio religioso de la ciudad. Cerca de all\u00ed, la imponente silueta de la Casa natal de Beethoven rinde homenaje al hijo m\u00e1s c\u00e9lebre de Bonn, el legendario compositor cuyo legado resuena en toda la ciudad. El casco antiguo, con sus callejuelas laber\u00ednticas y patios ocultos, invita a los visitantes a descubrir sus encantadores secretos y sumergirse en su atm\u00f3sfera atemporal.<\/p>\n<p>La verde extensi\u00f3n del Parque Rheinaue se despliega a lo largo de la ribera, invitando a paseos tranquilos y picnics bajo la sombra de \u00e1rboles centenarios. Muy cerca, el Jard\u00edn Bot\u00e1nico exhibe una variedad de flora ex\u00f3tica de todo el mundo, ofreciendo un oasis de tranquilidad tanto para los amantes de la naturaleza como para los entusiastas de la bot\u00e1nica.<\/p>\n<p>Al caer la tarde, el mapa cobra vida con las luces centelleantes de puentes, monumentos y paseos junto al r\u00edo, proyectando un brillo m\u00e1gico sobre el paisaje urbano. Desde el resplandor rom\u00e1ntico del Puente Kennedy hasta la silueta iluminada del Palacio de Poppelsdorf, la belleza nocturna del mapa Bonn Night Design cautiva la imaginaci\u00f3n y evoca una sensaci\u00f3n de asombro atemporal.<\/p>\n","protected":false},"excerpt":{"rendered":"<p>Consigue un City Map (mapa mural de ciudad) impreso de Bonn | Alemania. \u00a1Elige el tama\u00f1o, el color y el dise\u00f1o de tu mapa a continuaci\u00f3n!<\/p>\n","protected":false},"featured_media":8887,"template":"","meta":{"_uag_custom_page_level_css":"","_monsterinsights_skip_tracking":false,"_monsterinsights_sitenote_active":false,"_monsterinsights_sitenote_note":"","_monsterinsights_sitenote_category":0,"site-sidebar-layout":"default","site-content-layout":"","ast-site-content-layout":"default","site-content-style":"default","site-sidebar-style":"default","ast-global-header-display":"","ast-banner-title-visibility":"","ast-main-header-display":"","ast-hfb-above-header-display":"","ast-hfb-below-header-display":"","ast-hfb-mobile-header-display":"","site-post-title":"","ast-breadcrumbs-content":"","ast-featured-img":"","footer-sml-layout":"","ast-disable-related-posts":"","theme-transparent-header-meta":"default","adv-header-id-meta":"","stick-header-meta":"","header-above-stick-meta":"","header-main-stick-meta":"","header-below-stick-meta":"","astra-migrate-meta-layouts":"set","ast-page-background-enabled":"default","ast-page-background-meta":{"desktop":{"background-color":"","background-image":"","background-repeat":"repeat","background-position":"center center","background-size":"auto","background-attachment":"scroll","background-type":"","background-media":"","overlay-type":"","overlay-color":"","overlay-opacity":"","overlay-gradient":""},"tablet":{"background-color":"","background-image":"","background-repeat":"repeat","background-position":"center center","background-size":"auto","background-attachment":"scroll","background-type":"","background-media":"","overlay-type":"","overlay-color":"","overlay-opacity":"","overlay-gradient":""},"mobile":{"background-color":"","background-image":"","background-repeat":"repeat","background-position":"center center","background-size":"auto","background-attachment":"scroll","background-type":"","background-media":"","overlay-type":"","overlay-color":"","overlay-opacity":"","overlay-gradient":""}},"ast-content-background-meta":{"desktop":{"background-color":"var(--ast-global-color-5)","background-image":"","background-repeat":"repeat","background-position":"center center","background-size":"auto","background-attachment":"scroll","background-type":"","background-media":"","overlay-type":"","overlay-color":"","overlay-opacity":"","overlay-gradient":""},"tablet":{"background-color":"var(--ast-global-color-5)","background-image":"","background-repeat":"repeat","background-position":"center center","background-size":"auto","background-attachment":"scroll","background-type":"","background-media":"","overlay-type":"","overlay-color":"","overlay-opacity":"","overlay-gradient":""},"mobile":{"background-color":"var(--ast-global-color-5)","background-image":"","background-repeat":"repeat","background-position":"center center","background-size":"auto","background-attachment":"scroll","background-type":"","background-media":"","overlay-type":"","overlay-color":"","overlay-opacity":"","overlay-gradient":""}}},"product_brand":[],"product_cat":[18],"product_tag":[34,35,36,37,218,39,40,93,173,215],"class_list":{"0":"post-7433","1":"product","2":"type-product","3":"status-publish","4":"has-post-thumbnail","6":"product_cat-city-maps","7":"product_tag-30x40","8":"product_tag-40x50","9":"product_tag-50x70","10":"product_tag-70x100","11":"product_tag-bonn","12":"product_tag-canvas","13":"product_tag-city-map","14":"product_tag-europe","15":"product_tag-germany","16":"product_tag-nordrhein-westfalen","17":"desktop-align-left","18":"tablet-align-left","19":"mobile-align-left","21":"first","22":"instock","23":"shipping-taxable","24":"purchasable","25":"product-type-variable"},"aioseo_notices":[],"uagb_featured_image_src":{"full":["https:\/\/mapospheres.eu\/wp-content\/uploads\/2026\/01\/CANVAS_15_REDROUND_5-35.jpg",1000,1000,false],"thumbnail":["https:\/\/mapospheres.eu\/wp-content\/uploads\/2026\/01\/CANVAS_15_REDROUND_5-35-150x150.jpg",150,150,true],"medium":["https:\/\/mapospheres.eu\/wp-content\/uploads\/2026\/01\/CANVAS_15_REDROUND_5-35-300x300.jpg",300,300,true],"medium_large":["https:\/\/mapospheres.eu\/wp-content\/uploads\/2026\/01\/CANVAS_15_REDROUND_5-35-768x768.jpg",768,768,true],"large":["https:\/\/mapospheres.eu\/wp-content\/uploads\/2026\/01\/CANVAS_15_REDROUND_5-35.jpg",1000,1000,false],"1536x1536":["https:\/\/mapospheres.eu\/wp-content\/uploads\/2026\/01\/CANVAS_15_REDROUND_5-35.jpg",1000,1000,false],"2048x2048":["https:\/\/mapospheres.eu\/wp-content\/uploads\/2026\/01\/CANVAS_15_REDROUND_5-35.jpg",1000,1000,false],"woocommerce_thumbnail":["https:\/\/mapospheres.eu\/wp-content\/uploads\/2026\/01\/CANVAS_15_REDROUND_5-35-300x300.jpg",300,300,true],"woocommerce_single":["https:\/\/mapospheres.eu\/wp-content\/uploads\/2026\/01\/CANVAS_15_REDROUND_5-35-600x600.jpg",600,600,true],"woocommerce_gallery_thumbnail":["https:\/\/mapospheres.eu\/wp-content\/uploads\/2026\/01\/CANVAS_15_REDROUND_5-35-100x100.jpg",100,100,true]},"uagb_author_info":{"display_name":"sgainot04@gmail.com","author_link":"https:\/\/mapospheres.eu\/es\/author\/"},"uagb_comment_info":0,"uagb_excerpt":"Consigue un City Map (mapa mural de ciudad) impreso de Bonn | Alemania. \u00a1Elige el tama\u00f1o, el color y el dise\u00f1o de tu mapa a continuaci\u00f3n!","_links":{"self":[{"href":"https:\/\/mapospheres.eu\/es\/wp-json\/wp\/v2\/product\/7433","targetHints":{"allow":["GET"]}}],"collection":[{"href":"https:\/\/mapospheres.eu\/es\/wp-json\/wp\/v2\/product"}],"about":[{"href":"https:\/\/mapospheres.eu\/es\/wp-json\/wp\/v2\/types\/product"}],"wp:featuredmedia":[{"embeddable":true,"href":"https:\/\/mapospheres.eu\/es\/wp-json\/wp\/v2\/media\/8887"}],"wp:attachment":[{"href":"https:\/\/mapospheres.eu\/es\/wp-json\/wp\/v2\/media?parent=7433"}],"wp:term":[{"taxonomy":"product_brand","embeddable":true,"href":"https:\/\/mapospheres.eu\/es\/wp-json\/wp\/v2\/product_brand?post=7433"},{"taxonomy":"product_cat","embeddable":true,"href":"https:\/\/mapospheres.eu\/es\/wp-json\/wp\/v2\/product_cat?post=7433"},{"taxonomy":"product_tag","embeddable":true,"href":"https:\/\/mapospheres.eu\/es\/wp-json\/wp\/v2\/product_tag?post=7433"}],"curies":[{"name":"wp","href":"https:\/\/api.w.org\/{rel}","templated":true}]}}