{"id":7435,"date":"2026-01-23T15:58:27","date_gmt":"2026-01-23T15:58:27","guid":{"rendered":"https:\/\/mapospheres.eu\/?post_type=product&#038;p=7435"},"modified":"2026-01-28T15:54:55","modified_gmt":"2026-01-28T15:54:55","slug":"poster-of-essen-germany","status":"publish","type":"product","link":"https:\/\/mapospheres.eu\/es\/product\/poster-de-essen-alemania\/","title":{"rendered":"Poster de Essen | Alemania"},"content":{"rendered":"<p><strong>Poster City map de Essen, Renania del Norte-Westfalia: una ciudad de belleza natural y oportunidades recreativas, con amplios espacios verdes.<\/strong><\/p>\n<p>El r\u00edo Ruhr, cuyas aguas han estado durante mucho tiempo entrelazadas con la historia del crecimiento y la prosperidad de Essen, es un verdadero emblema. Serpenteando a trav\u00e9s del paisaje urbano, el Ruhr sirve como una arteria vital que conecta barrios y distritos, al tiempo que proporciona un pintoresco tel\u00f3n de fondo para paseos tranquilos y actividades recreativas a lo largo de sus orillas.<\/p>\n<p>La ic\u00f3nica silueta del Complejo Industrial de la Mina de Carb\u00f3n de Zollverein se alza como testimonio del patrimonio industrial de la ciudad; sus imponentes torres y su distintivo dise\u00f1o Bauhaus est\u00e1n ahora reconocidos como Patrimonio de la Humanidad por la UNESCO. Cerca de all\u00ed, la imponente Catedral de Essen perfora el horizonte, cuya arquitectura g\u00f3tica refleja siglos de devoci\u00f3n religiosa y relevancia cultural. Mientras tanto, la maravilla modernista del Teatro Grillo a\u00f1ade un toque de elegancia contempor\u00e1nea al paisaje urbano, albergando una variada programaci\u00f3n de producciones teatrales y eventos culturales.<\/p>\n<p>La extensa superficie del Grugapark ofrece un exuberante oasis de vegetaci\u00f3n, con jardines bot\u00e1nicos, estanques tranquilos y senderos esc\u00e9nicos que brindan un respiro del ajetreo de la vida urbana. M\u00e1s all\u00e1 de los l\u00edmites de la ciudad, el mapa muestra la belleza natural y las oportunidades recreativas de Essen, con amplios espacios verdes como el Baldeneysee y el H\u00fcgelpark que ofrecen numerosas posibilidades para la aventura al aire libre y la relajaci\u00f3n. Mientras tanto, las colinas y bosques circundantes del valle del Ruhr proporcionan un pintoresco tel\u00f3n de fondo para practicar senderismo, ciclismo y explorar la naturaleza.<\/p>\n","protected":false},"excerpt":{"rendered":"<p>Consigue un City Map (mapa mural de ciudad) impreso de Essen, Alemania. \u00a1Elige el tama\u00f1o, el color y el dise\u00f1o de tu mapa a continuaci\u00f3n!<\/p>\n","protected":false},"featured_media":8794,"template":"","meta":{"_uag_custom_page_level_css":"","_monsterinsights_skip_tracking":false,"_monsterinsights_sitenote_active":false,"_monsterinsights_sitenote_note":"","_monsterinsights_sitenote_category":0,"site-sidebar-layout":"default","site-content-layout":"","ast-site-content-layout":"default","site-content-style":"default","site-sidebar-style":"default","ast-global-header-display":"","ast-banner-title-visibility":"","ast-main-header-display":"","ast-hfb-above-header-display":"","ast-hfb-below-header-display":"","ast-hfb-mobile-header-display":"","site-post-title":"","ast-breadcrumbs-content":"","ast-featured-img":"","footer-sml-layout":"","ast-disable-related-posts":"","theme-transparent-header-meta":"default","adv-header-id-meta":"","stick-header-meta":"","header-above-stick-meta":"","header-main-stick-meta":"","header-below-stick-meta":"","astra-migrate-meta-layouts":"set","ast-page-background-enabled":"default","ast-page-background-meta":{"desktop":{"background-color":"","background-image":"","background-repeat":"repeat","background-position":"center center","background-size":"auto","background-attachment":"scroll","background-type":"","background-media":"","overlay-type":"","overlay-color":"","overlay-opacity":"","overlay-gradient":""},"tablet":{"background-color":"","background-image":"","background-repeat":"repeat","background-position":"center center","background-size":"auto","background-attachment":"scroll","background-type":"","background-media":"","overlay-type":"","overlay-color":"","overlay-opacity":"","overlay-gradient":""},"mobile":{"background-color":"","background-image":"","background-repeat":"repeat","background-position":"center center","background-size":"auto","background-attachment":"scroll","background-type":"","background-media":"","overlay-type":"","overlay-color":"","overlay-opacity":"","overlay-gradient":""}},"ast-content-background-meta":{"desktop":{"background-color":"var(--ast-global-color-5)","background-image":"","background-repeat":"repeat","background-position":"center center","background-size":"auto","background-attachment":"scroll","background-type":"","background-media":"","overlay-type":"","overlay-color":"","overlay-opacity":"","overlay-gradient":""},"tablet":{"background-color":"var(--ast-global-color-5)","background-image":"","background-repeat":"repeat","background-position":"center center","background-size":"auto","background-attachment":"scroll","background-type":"","background-media":"","overlay-type":"","overlay-color":"","overlay-opacity":"","overlay-gradient":""},"mobile":{"background-color":"var(--ast-global-color-5)","background-image":"","background-repeat":"repeat","background-position":"center center","background-size":"auto","background-attachment":"scroll","background-type":"","background-media":"","overlay-type":"","overlay-color":"","overlay-opacity":"","overlay-gradient":""}}},"product_brand":[],"product_cat":[18],"product_tag":[34,35,36,37,39,40,214,93,173,215],"class_list":{"0":"post-7435","1":"product","2":"type-product","3":"status-publish","4":"has-post-thumbnail","6":"product_cat-city-maps","7":"product_tag-30x40","8":"product_tag-40x50","9":"product_tag-50x70","10":"product_tag-70x100","11":"product_tag-canvas","12":"product_tag-city-map","13":"product_tag-essen","14":"product_tag-europe","15":"product_tag-germany","16":"product_tag-nordrhein-westfalen","17":"desktop-align-left","18":"tablet-align-left","19":"mobile-align-left","21":"first","22":"instock","23":"shipping-taxable","24":"purchasable","25":"product-type-variable"},"aioseo_notices":[],"uagb_featured_image_src":{"full":["https:\/\/mapospheres.eu\/wp-content\/uploads\/2026\/01\/CANVAS_14_NIGHTROUND_4-33.jpg",1000,1000,false],"thumbnail":["https:\/\/mapospheres.eu\/wp-content\/uploads\/2026\/01\/CANVAS_14_NIGHTROUND_4-33-150x150.jpg",150,150,true],"medium":["https:\/\/mapospheres.eu\/wp-content\/uploads\/2026\/01\/CANVAS_14_NIGHTROUND_4-33-300x300.jpg",300,300,true],"medium_large":["https:\/\/mapospheres.eu\/wp-content\/uploads\/2026\/01\/CANVAS_14_NIGHTROUND_4-33-768x768.jpg",768,768,true],"large":["https:\/\/mapospheres.eu\/wp-content\/uploads\/2026\/01\/CANVAS_14_NIGHTROUND_4-33.jpg",1000,1000,false],"1536x1536":["https:\/\/mapospheres.eu\/wp-content\/uploads\/2026\/01\/CANVAS_14_NIGHTROUND_4-33.jpg",1000,1000,false],"2048x2048":["https:\/\/mapospheres.eu\/wp-content\/uploads\/2026\/01\/CANVAS_14_NIGHTROUND_4-33.jpg",1000,1000,false],"woocommerce_thumbnail":["https:\/\/mapospheres.eu\/wp-content\/uploads\/2026\/01\/CANVAS_14_NIGHTROUND_4-33-300x300.jpg",300,300,true],"woocommerce_single":["https:\/\/mapospheres.eu\/wp-content\/uploads\/2026\/01\/CANVAS_14_NIGHTROUND_4-33-600x600.jpg",600,600,true],"woocommerce_gallery_thumbnail":["https:\/\/mapospheres.eu\/wp-content\/uploads\/2026\/01\/CANVAS_14_NIGHTROUND_4-33-100x100.jpg",100,100,true]},"uagb_author_info":{"display_name":"sgainot04@gmail.com","author_link":"https:\/\/mapospheres.eu\/es\/author\/"},"uagb_comment_info":0,"uagb_excerpt":"Consigue un City Map (mapa mural de ciudad) impreso de Essen, Alemania. \u00a1Elige el tama\u00f1o, el color y el dise\u00f1o de tu mapa a continuaci\u00f3n!","_links":{"self":[{"href":"https:\/\/mapospheres.eu\/es\/wp-json\/wp\/v2\/product\/7435","targetHints":{"allow":["GET"]}}],"collection":[{"href":"https:\/\/mapospheres.eu\/es\/wp-json\/wp\/v2\/product"}],"about":[{"href":"https:\/\/mapospheres.eu\/es\/wp-json\/wp\/v2\/types\/product"}],"wp:featuredmedia":[{"embeddable":true,"href":"https:\/\/mapospheres.eu\/es\/wp-json\/wp\/v2\/media\/8794"}],"wp:attachment":[{"href":"https:\/\/mapospheres.eu\/es\/wp-json\/wp\/v2\/media?parent=7435"}],"wp:term":[{"taxonomy":"product_brand","embeddable":true,"href":"https:\/\/mapospheres.eu\/es\/wp-json\/wp\/v2\/product_brand?post=7435"},{"taxonomy":"product_cat","embeddable":true,"href":"https:\/\/mapospheres.eu\/es\/wp-json\/wp\/v2\/product_cat?post=7435"},{"taxonomy":"product_tag","embeddable":true,"href":"https:\/\/mapospheres.eu\/es\/wp-json\/wp\/v2\/product_tag?post=7435"}],"curies":[{"name":"wp","href":"https:\/\/api.w.org\/{rel}","templated":true}]}}