{"id":7440,"date":"2026-01-23T15:58:37","date_gmt":"2026-01-23T15:58:37","guid":{"rendered":"https:\/\/mapospheres.eu\/?post_type=product&#038;p=7440"},"modified":"2026-01-27T16:31:33","modified_gmt":"2026-01-27T16:31:33","slug":"poster-of-lubeck-germany","status":"publish","type":"product","link":"https:\/\/mapospheres.eu\/es\/product\/poster-de-lubeck-alemania\/","title":{"rendered":"Poster de L\u00fcbeck | Alemania"},"content":{"rendered":"<p><strong>City Map Poster de L\u00fcbeck, Schleswig-Holstein: ad\u00e9ntrese en la elegancia atemporal de esta ciudad, ubicada a orillas del r\u00edo Trave en la pintoresca regi\u00f3n de Schleswig-Holstein.<\/strong><\/p>\n<p>El horizonte de L\u00fcbeck est\u00e1 marcado por monumentos ic\u00f3nicos que cuentan la historia de su pasado legendario. La llamativa silueta de Holstentor, una gran puerta medieval de la ciudad, se erige como un orgulloso s\u00edmbolo del poder y la prosperidad medieval de L\u00fcbeck. Cerca, las altas torres de la Catedral de L\u00fcbeck (Dom zu L\u00fcbeck) se elevan hacia el cielo, mostrando una exquisita arquitectura g\u00f3tica y sirviendo como un refugio espiritual tanto para los residentes como para los visitantes.<\/p>\n<p>La belleza natural de L\u00fcbeck es digna de contemplar, con las tranquilas aguas del r\u00edo Trave que serpentean por el coraz\u00f3n de la ciudad. Desde el bullicioso puerto hasta los serenos paseos a lo largo del r\u00edo, este sirve como una v\u00eda vital para L\u00fcbeck, moldeando su paisaje y proporcionando un fondo esc\u00e9nico para paseos relajantes y cruceros fluviales. Alrededor de la ciudad, frondosos espacios verdes y parques ofrecen retiros tranquilos, como el id\u00edlico Jard\u00edn Bot\u00e1nico de L\u00fcbeck, donde los paisajes verdes y las flores vibrantes crean un remanso de tranquilidad en medio del bullicio urbano.<\/p>\n<p>Como Patrimonio de la Humanidad de la UNESCO, la ciudad es reconocida por su arquitectura medieval bien conservada, callejuelas estrechas y patios escondidos, invitando a los visitantes a retroceder en el tiempo y sumergirse en una \u00e9poca pasada. El patrimonio mar\u00edtimo de L\u00fcbeck tambi\u00e9n se celebra, con instalaciones portuarias hist\u00f3ricas, ic\u00f3nicos barcos de vela y bulliciosos mercados de pescado que muestran la conexi\u00f3n perdurable de la ciudad con el mar. A esto se suma la vibrante escena cultural, con teatros, museos y festivales que celebran el legado art\u00edstico y el esp\u00edritu creativo de L\u00fcbeck, formando una ciudad que cautiva la imaginaci\u00f3n e inspira la exploraci\u00f3n en cada rinc\u00f3n.<\/p>\n","protected":false},"excerpt":{"rendered":"<p>Consigue un City Map (mapa mural de ciudad) impreso de L\u00fcbeck, Alemania. \u00a1Elige el tama\u00f1o, el color y el dise\u00f1o de tu mapa a continuaci\u00f3n!<\/p>\n","protected":false},"featured_media":8538,"template":"","meta":{"_uag_custom_page_level_css":"","_monsterinsights_skip_tracking":false,"_monsterinsights_sitenote_active":false,"_monsterinsights_sitenote_note":"","_monsterinsights_sitenote_category":0,"site-sidebar-layout":"default","site-content-layout":"","ast-site-content-layout":"default","site-content-style":"default","site-sidebar-style":"default","ast-global-header-display":"","ast-banner-title-visibility":"","ast-main-header-display":"","ast-hfb-above-header-display":"","ast-hfb-below-header-display":"","ast-hfb-mobile-header-display":"","site-post-title":"","ast-breadcrumbs-content":"","ast-featured-img":"","footer-sml-layout":"","ast-disable-related-posts":"","theme-transparent-header-meta":"default","adv-header-id-meta":"","stick-header-meta":"","header-above-stick-meta":"","header-main-stick-meta":"","header-below-stick-meta":"","astra-migrate-meta-layouts":"set","ast-page-background-enabled":"default","ast-page-background-meta":{"desktop":{"background-color":"","background-image":"","background-repeat":"repeat","background-position":"center center","background-size":"auto","background-attachment":"scroll","background-type":"","background-media":"","overlay-type":"","overlay-color":"","overlay-opacity":"","overlay-gradient":""},"tablet":{"background-color":"","background-image":"","background-repeat":"repeat","background-position":"center center","background-size":"auto","background-attachment":"scroll","background-type":"","background-media":"","overlay-type":"","overlay-color":"","overlay-opacity":"","overlay-gradient":""},"mobile":{"background-color":"","background-image":"","background-repeat":"repeat","background-position":"center center","background-size":"auto","background-attachment":"scroll","background-type":"","background-media":"","overlay-type":"","overlay-color":"","overlay-opacity":"","overlay-gradient":""}},"ast-content-background-meta":{"desktop":{"background-color":"var(--ast-global-color-5)","background-image":"","background-repeat":"repeat","background-position":"center center","background-size":"auto","background-attachment":"scroll","background-type":"","background-media":"","overlay-type":"","overlay-color":"","overlay-opacity":"","overlay-gradient":""},"tablet":{"background-color":"var(--ast-global-color-5)","background-image":"","background-repeat":"repeat","background-position":"center center","background-size":"auto","background-attachment":"scroll","background-type":"","background-media":"","overlay-type":"","overlay-color":"","overlay-opacity":"","overlay-gradient":""},"mobile":{"background-color":"var(--ast-global-color-5)","background-image":"","background-repeat":"repeat","background-position":"center center","background-size":"auto","background-attachment":"scroll","background-type":"","background-media":"","overlay-type":"","overlay-color":"","overlay-opacity":"","overlay-gradient":""}}},"product_brand":[],"product_cat":[18],"product_tag":[34,35,36,37,39,40,93,173,202,203],"class_list":{"0":"post-7440","1":"product","2":"type-product","3":"status-publish","4":"has-post-thumbnail","6":"product_cat-city-maps","7":"product_tag-30x40","8":"product_tag-40x50","9":"product_tag-50x70","10":"product_tag-70x100","11":"product_tag-canvas","12":"product_tag-city-map","13":"product_tag-europe","14":"product_tag-germany","15":"product_tag-lubeck","16":"product_tag-schleswig-holstein","17":"desktop-align-left","18":"tablet-align-left","19":"mobile-align-left","21":"first","22":"instock","23":"shipping-taxable","24":"purchasable","25":"product-type-variable"},"aioseo_notices":[],"uagb_featured_image_src":{"full":["https:\/\/mapospheres.eu\/wp-content\/uploads\/2026\/01\/CANVAS_15_REDROUND_5-28.jpg",1000,1000,false],"thumbnail":["https:\/\/mapospheres.eu\/wp-content\/uploads\/2026\/01\/CANVAS_15_REDROUND_5-28-150x150.jpg",150,150,true],"medium":["https:\/\/mapospheres.eu\/wp-content\/uploads\/2026\/01\/CANVAS_15_REDROUND_5-28-300x300.jpg",300,300,true],"medium_large":["https:\/\/mapospheres.eu\/wp-content\/uploads\/2026\/01\/CANVAS_15_REDROUND_5-28-768x768.jpg",768,768,true],"large":["https:\/\/mapospheres.eu\/wp-content\/uploads\/2026\/01\/CANVAS_15_REDROUND_5-28.jpg",1000,1000,false],"1536x1536":["https:\/\/mapospheres.eu\/wp-content\/uploads\/2026\/01\/CANVAS_15_REDROUND_5-28.jpg",1000,1000,false],"2048x2048":["https:\/\/mapospheres.eu\/wp-content\/uploads\/2026\/01\/CANVAS_15_REDROUND_5-28.jpg",1000,1000,false],"woocommerce_thumbnail":["https:\/\/mapospheres.eu\/wp-content\/uploads\/2026\/01\/CANVAS_15_REDROUND_5-28-300x300.jpg",300,300,true],"woocommerce_single":["https:\/\/mapospheres.eu\/wp-content\/uploads\/2026\/01\/CANVAS_15_REDROUND_5-28-600x600.jpg",600,600,true],"woocommerce_gallery_thumbnail":["https:\/\/mapospheres.eu\/wp-content\/uploads\/2026\/01\/CANVAS_15_REDROUND_5-28-100x100.jpg",100,100,true]},"uagb_author_info":{"display_name":"sgainot04@gmail.com","author_link":"https:\/\/mapospheres.eu\/es\/author\/"},"uagb_comment_info":0,"uagb_excerpt":"Consigue un City Map (mapa mural de ciudad) impreso de L\u00fcbeck, Alemania. \u00a1Elige el tama\u00f1o, el color y el dise\u00f1o de tu mapa a continuaci\u00f3n!","_links":{"self":[{"href":"https:\/\/mapospheres.eu\/es\/wp-json\/wp\/v2\/product\/7440","targetHints":{"allow":["GET"]}}],"collection":[{"href":"https:\/\/mapospheres.eu\/es\/wp-json\/wp\/v2\/product"}],"about":[{"href":"https:\/\/mapospheres.eu\/es\/wp-json\/wp\/v2\/types\/product"}],"wp:featuredmedia":[{"embeddable":true,"href":"https:\/\/mapospheres.eu\/es\/wp-json\/wp\/v2\/media\/8538"}],"wp:attachment":[{"href":"https:\/\/mapospheres.eu\/es\/wp-json\/wp\/v2\/media?parent=7440"}],"wp:term":[{"taxonomy":"product_brand","embeddable":true,"href":"https:\/\/mapospheres.eu\/es\/wp-json\/wp\/v2\/product_brand?post=7440"},{"taxonomy":"product_cat","embeddable":true,"href":"https:\/\/mapospheres.eu\/es\/wp-json\/wp\/v2\/product_cat?post=7440"},{"taxonomy":"product_tag","embeddable":true,"href":"https:\/\/mapospheres.eu\/es\/wp-json\/wp\/v2\/product_tag?post=7440"}],"curies":[{"name":"wp","href":"https:\/\/api.w.org\/{rel}","templated":true}]}}