{"id":7441,"date":"2026-01-23T15:58:39","date_gmt":"2026-01-23T15:58:39","guid":{"rendered":"https:\/\/mapospheres.eu\/?post_type=product&#038;p=7441"},"modified":"2026-01-27T16:31:35","modified_gmt":"2026-01-27T16:31:35","slug":"poster-of-magdeburg-germany","status":"publish","type":"product","link":"https:\/\/mapospheres.eu\/es\/product\/poster-de-magdeburgo-alemania\/","title":{"rendered":"Poster de Magdeburgo | Alemania"},"content":{"rendered":"<p><strong>City Map Poster de Magdeburgo, Sajonia-Anhalt: sum\u00e9rjase en el legado hist\u00f3rico de esta ciudad, que ha moldeado su identidad y cautivado a los visitantes durante siglos.<\/strong><\/p>\n<p>Las altas torres de la Catedral de Magdeburgo (Dom zu Magdeburg St. Mauritius und Katharina) dominan el paisaje urbano, mostrando una exquisita arquitectura g\u00f3tica y sirviendo como un faro espiritual para residentes y peregrinos por igual. Cerca, la imponente silueta del Puente Acu\u00e1tico de Magdeburgo (Kanalbr\u00fccke Magdeburg) se extiende sobre el r\u00edo Elba, un testimonio de la ingeniosidad en ingenier\u00eda y un s\u00edmbolo de modernidad en una ciudad impregnada de historia. Mientras tanto, el hist\u00f3rico casco antiguo, con sus encantadoras calles empedradas y edificios medievales bien conservados, invita a la exploraci\u00f3n y al descubrimiento, ofreciendo un vistazo al rico patrimonio cultural de Magdeburgo.<\/p>\n<p>Desde el bullicioso puerto hasta los pintorescos paseos ribere\u00f1os, el r\u00edo Elba sirve como una v\u00eda vital para Magdeburgo, moldeando su paisaje y proporcionando un tel\u00f3n de fondo pintoresco para paseos relajantes y cruceros en barco. Alrededor de la ciudad, frondosos espacios verdes y parques ofrecen retiros tranquilos, como el id\u00edlico Elbauenpark, donde los paisajes verdes y las flores vibrantes crean un remanso de tranquilidad.<\/p>\n<p>Lo que distingue a Magdeburgo es su singular mezcla de historia, cultura e innovaci\u00f3n. Como una de las ciudades m\u00e1s antiguas de Alemania, Magdeburgo est\u00e1 impregnada de historia, con monumentos y hitos que cuentan la historia de su ilustre pasado. Sin embargo, tambi\u00e9n es una ciudad moderna, con una econom\u00eda floreciente, instituciones de investigaci\u00f3n de clase mundial y una vibrante escena cultural que celebra la innovaci\u00f3n y la creatividad. Las Hemisferas de Magdeburgo, un monumento dedicado al residente m\u00e1s famoso de la ciudad, Otto von Guericke, ejemplifican esta fusi\u00f3n de tradici\u00f3n y progreso, mostrando el legado del descubrimiento cient\u00edfico y el avance tecnol\u00f3gico que sigue definiendo a Magdeburgo hasta hoy.<\/p>\n","protected":false},"excerpt":{"rendered":"<p>Consigue un City Map (mapa mural de ciudad) impreso de Magdeburgo, Alemania. \u00a1Elige el tama\u00f1o, el color y el dise\u00f1o de tu mapa a continuaci\u00f3n!<\/p>\n","protected":false},"featured_media":8486,"template":"","meta":{"_uag_custom_page_level_css":"","_monsterinsights_skip_tracking":false,"_monsterinsights_sitenote_active":false,"_monsterinsights_sitenote_note":"","_monsterinsights_sitenote_category":0,"site-sidebar-layout":"default","site-content-layout":"","ast-site-content-layout":"default","site-content-style":"default","site-sidebar-style":"default","ast-global-header-display":"","ast-banner-title-visibility":"","ast-main-header-display":"","ast-hfb-above-header-display":"","ast-hfb-below-header-display":"","ast-hfb-mobile-header-display":"","site-post-title":"","ast-breadcrumbs-content":"","ast-featured-img":"","footer-sml-layout":"","ast-disable-related-posts":"","theme-transparent-header-meta":"default","adv-header-id-meta":"","stick-header-meta":"","header-above-stick-meta":"","header-main-stick-meta":"","header-below-stick-meta":"","astra-migrate-meta-layouts":"set","ast-page-background-enabled":"default","ast-page-background-meta":{"desktop":{"background-color":"","background-image":"","background-repeat":"repeat","background-position":"center center","background-size":"auto","background-attachment":"scroll","background-type":"","background-media":"","overlay-type":"","overlay-color":"","overlay-opacity":"","overlay-gradient":""},"tablet":{"background-color":"","background-image":"","background-repeat":"repeat","background-position":"center center","background-size":"auto","background-attachment":"scroll","background-type":"","background-media":"","overlay-type":"","overlay-color":"","overlay-opacity":"","overlay-gradient":""},"mobile":{"background-color":"","background-image":"","background-repeat":"repeat","background-position":"center center","background-size":"auto","background-attachment":"scroll","background-type":"","background-media":"","overlay-type":"","overlay-color":"","overlay-opacity":"","overlay-gradient":""}},"ast-content-background-meta":{"desktop":{"background-color":"var(--ast-global-color-5)","background-image":"","background-repeat":"repeat","background-position":"center center","background-size":"auto","background-attachment":"scroll","background-type":"","background-media":"","overlay-type":"","overlay-color":"","overlay-opacity":"","overlay-gradient":""},"tablet":{"background-color":"var(--ast-global-color-5)","background-image":"","background-repeat":"repeat","background-position":"center center","background-size":"auto","background-attachment":"scroll","background-type":"","background-media":"","overlay-type":"","overlay-color":"","overlay-opacity":"","overlay-gradient":""},"mobile":{"background-color":"var(--ast-global-color-5)","background-image":"","background-repeat":"repeat","background-position":"center center","background-size":"auto","background-attachment":"scroll","background-type":"","background-media":"","overlay-type":"","overlay-color":"","overlay-opacity":"","overlay-gradient":""}}},"product_brand":[],"product_cat":[18],"product_tag":[34,35,36,37,39,40,93,173,200,201],"class_list":{"0":"post-7441","1":"product","2":"type-product","3":"status-publish","4":"has-post-thumbnail","6":"product_cat-city-maps","7":"product_tag-30x40","8":"product_tag-40x50","9":"product_tag-50x70","10":"product_tag-70x100","11":"product_tag-canvas","12":"product_tag-city-map","13":"product_tag-europe","14":"product_tag-germany","15":"product_tag-magdeburg","16":"product_tag-sachsen-anhalt","17":"desktop-align-left","18":"tablet-align-left","19":"mobile-align-left","21":"first","22":"instock","23":"shipping-taxable","24":"purchasable","25":"product-type-variable"},"aioseo_notices":[],"uagb_featured_image_src":{"full":["https:\/\/mapospheres.eu\/wp-content\/uploads\/2026\/01\/CANVAS_13_BW_MP_3-27.jpg",1000,1000,false],"thumbnail":["https:\/\/mapospheres.eu\/wp-content\/uploads\/2026\/01\/CANVAS_13_BW_MP_3-27-150x150.jpg",150,150,true],"medium":["https:\/\/mapospheres.eu\/wp-content\/uploads\/2026\/01\/CANVAS_13_BW_MP_3-27-300x300.jpg",300,300,true],"medium_large":["https:\/\/mapospheres.eu\/wp-content\/uploads\/2026\/01\/CANVAS_13_BW_MP_3-27-768x768.jpg",768,768,true],"large":["https:\/\/mapospheres.eu\/wp-content\/uploads\/2026\/01\/CANVAS_13_BW_MP_3-27.jpg",1000,1000,false],"1536x1536":["https:\/\/mapospheres.eu\/wp-content\/uploads\/2026\/01\/CANVAS_13_BW_MP_3-27.jpg",1000,1000,false],"2048x2048":["https:\/\/mapospheres.eu\/wp-content\/uploads\/2026\/01\/CANVAS_13_BW_MP_3-27.jpg",1000,1000,false],"woocommerce_thumbnail":["https:\/\/mapospheres.eu\/wp-content\/uploads\/2026\/01\/CANVAS_13_BW_MP_3-27-300x300.jpg",300,300,true],"woocommerce_single":["https:\/\/mapospheres.eu\/wp-content\/uploads\/2026\/01\/CANVAS_13_BW_MP_3-27-600x600.jpg",600,600,true],"woocommerce_gallery_thumbnail":["https:\/\/mapospheres.eu\/wp-content\/uploads\/2026\/01\/CANVAS_13_BW_MP_3-27-100x100.jpg",100,100,true]},"uagb_author_info":{"display_name":"sgainot04@gmail.com","author_link":"https:\/\/mapospheres.eu\/es\/author\/"},"uagb_comment_info":0,"uagb_excerpt":"Consigue un City Map (mapa mural de ciudad) impreso de Magdeburgo, Alemania. \u00a1Elige el tama\u00f1o, el color y el dise\u00f1o de tu mapa a continuaci\u00f3n!","_links":{"self":[{"href":"https:\/\/mapospheres.eu\/es\/wp-json\/wp\/v2\/product\/7441","targetHints":{"allow":["GET"]}}],"collection":[{"href":"https:\/\/mapospheres.eu\/es\/wp-json\/wp\/v2\/product"}],"about":[{"href":"https:\/\/mapospheres.eu\/es\/wp-json\/wp\/v2\/types\/product"}],"wp:featuredmedia":[{"embeddable":true,"href":"https:\/\/mapospheres.eu\/es\/wp-json\/wp\/v2\/media\/8486"}],"wp:attachment":[{"href":"https:\/\/mapospheres.eu\/es\/wp-json\/wp\/v2\/media?parent=7441"}],"wp:term":[{"taxonomy":"product_brand","embeddable":true,"href":"https:\/\/mapospheres.eu\/es\/wp-json\/wp\/v2\/product_brand?post=7441"},{"taxonomy":"product_cat","embeddable":true,"href":"https:\/\/mapospheres.eu\/es\/wp-json\/wp\/v2\/product_cat?post=7441"},{"taxonomy":"product_tag","embeddable":true,"href":"https:\/\/mapospheres.eu\/es\/wp-json\/wp\/v2\/product_tag?post=7441"}],"curies":[{"name":"wp","href":"https:\/\/api.w.org\/{rel}","templated":true}]}}